{"id":65929,"date":"2026-02-27T06:05:31","date_gmt":"2026-02-27T04:05:31","guid":{"rendered":"https:\/\/www.duuri.fi\/eritasolista-40mm-pronssi-anodisoitu-tasoero-0-12mm-silea-2000mm\/"},"modified":"2026-03-03T06:25:27","modified_gmt":"2026-03-03T04:25:27","slug":"nivalist-med-skruv-40mm-brons-anodiserad-for-nivaskillnad-0-12mm-slat-2000mm","status":"publish","type":"product","link":"https:\/\/www.duuri.fi\/sv\/nivalist-med-skruv-40mm-brons-anodiserad-for-nivaskillnad-0-12mm-slat-2000mm\/","title":{"rendered":"NIV\u00c5LIST MED SKRUV 40MM BRONS ANODISERAD F\u00d6R NIV\u00c5SKILLNAD 0-12MM SL\u00c4T 2000MM"},"content":{"rendered":"<p>Dione niv\u00e5list med skruvmontering. Multifunktionella Dione niv\u00e5list \u00e4r l\u00e4mplig f\u00f6r sammanfogning av golvmaterial i samma plan och f\u00f6r efterbehandling av expansionsfogar n\u00e4r materialen ligger p\u00e5 olika niv\u00e5er. niv\u00e5listen i metall \u00e4r bronsanodiserad. niv\u00e5listen \u00e4r enkel att installera p\u00e5 golv med skruvar och tillbeh\u00f6r som ing\u00e5r i f\u00f6rpackningen. Den slitstarka metallisten \u00e4r \u00e4ven l\u00e4mplig som tr\u00f6skel. Tack vare de olika material- och f\u00e4rgalternativen kompletterar Dione-niv\u00e5listen interi\u00f6ren och sammanbinder golvytorna p\u00e5 ett elegant s\u00e4tt.<\/p>\n","protected":false},"excerpt":{"rendered":"<p>Dione niv\u00e5list med skruvmontering. Sl\u00e4t yta. Bredd 40 mm. H\u00f6jd 0\u201312 mm. Bronsanodiserad aluminium. L\u00e4ngd 2\u00a0000 mm.<\/p>\n","protected":false},"featured_media":65921,"comment_status":"closed","ping_status":"closed","template":"","meta":{"_acf_changed":false},"product_brand":[],"product_cat":[5604,5609],"product_tag":[],"class_list":{"0":"post-65929","1":"product","2":"type-product","3":"status-publish","4":"has-post-thumbnail","6":"product_cat-golvlister","7":"product_cat-nivalister","9":"first","10":"instock","11":"shipping-taxable","12":"product-type-simple"},"acf":[],"yoast_head":"<!-- This site is optimized with the Yoast SEO plugin v25.5 - https:\/\/yoast.com\/wordpress\/plugins\/seo\/ -->\n<title>NIV\u00c5LIST MED SKRUV 40MM BRONS ANODISERAD F\u00d6R NIV\u00c5SKILLNAD 0-12MM SL\u00c4T 2000MM - Duuri Oy<\/title>\n<meta name=\"robots\" content=\"index, follow, max-snippet:-1, max-image-preview:large, max-video-preview:-1\" \/>\n<link rel=\"canonical\" href=\"https:\/\/www.duuri.fi\/eritasolista-40mm-pronssi-anodisoitu-tasoero-0-12mm-silea-2000mm\/\" \/>\n<meta property=\"og:locale\" content=\"sv_SE\" \/>\n<meta property=\"og:type\" content=\"article\" \/>\n<meta property=\"og:title\" content=\"NIV\u00c5LIST MED SKRUV 40MM BRONS ANODISERAD F\u00d6R NIV\u00c5SKILLNAD 0-12MM SL\u00c4T 2000MM - Duuri Oy\" \/>\n<meta property=\"og:description\" content=\"Dione niv\u00e5list med skruvmontering. Sl\u00e4t yta. Bredd 40 mm. H\u00f6jd 0\u201312 mm. Bronsanodiserad aluminium. L\u00e4ngd 2\u00a0000 mm.\" \/>\n<meta property=\"og:url\" content=\"https:\/\/www.duuri.fi\/eritasolista-40mm-pronssi-anodisoitu-tasoero-0-12mm-silea-2000mm\/\" \/>\n<meta property=\"og:site_name\" content=\"Duuri Oy\" \/>\n<meta property=\"article:modified_time\" content=\"2026-03-03T04:25:27+00:00\" \/>\n<meta property=\"og:image\" content=\"https:\/\/www.duuri.fi\/wp-content\/uploads\/2026\/02\/T1_C4S-PE2-scaled.jpg\" \/>\n\t<meta property=\"og:image:width\" content=\"2560\" \/>\n\t<meta property=\"og:image:height\" content=\"1835\" \/>\n\t<meta property=\"og:image:type\" content=\"image\/jpeg\" \/>\n<meta name=\"twitter:card\" content=\"summary_large_image\" \/>\n<script type=\"application\/ld+json\" class=\"yoast-schema-graph\">{\"@context\":\"https:\/\/schema.org\",\"@graph\":[{\"@type\":\"WebPage\",\"@id\":\"https:\/\/www.duuri.fi\/eritasolista-40mm-pronssi-anodisoitu-tasoero-0-12mm-silea-2000mm\/\",\"url\":\"https:\/\/www.duuri.fi\/eritasolista-40mm-pronssi-anodisoitu-tasoero-0-12mm-silea-2000mm\/\",\"name\":\"NIV\u00c5LIST MED SKRUV 40MM BRONS ANODISERAD F\u00d6R NIV\u00c5SKILLNAD 0-12MM SL\u00c4T 2000MM - Duuri Oy\",\"isPartOf\":{\"@id\":\"https:\/\/www.duuri.fi\/sv\/#website\"},\"primaryImageOfPage\":{\"@id\":\"https:\/\/www.duuri.fi\/eritasolista-40mm-pronssi-anodisoitu-tasoero-0-12mm-silea-2000mm\/#primaryimage\"},\"image\":{\"@id\":\"https:\/\/www.duuri.fi\/eritasolista-40mm-pronssi-anodisoitu-tasoero-0-12mm-silea-2000mm\/#primaryimage\"},\"thumbnailUrl\":\"https:\/\/www.duuri.fi\/wp-content\/uploads\/2026\/02\/T1_C4S-PE2-scaled.jpg\",\"datePublished\":\"2026-02-27T04:05:31+00:00\",\"dateModified\":\"2026-03-03T04:25:27+00:00\",\"breadcrumb\":{\"@id\":\"https:\/\/www.duuri.fi\/eritasolista-40mm-pronssi-anodisoitu-tasoero-0-12mm-silea-2000mm\/#breadcrumb\"},\"inLanguage\":\"sv-SE\",\"potentialAction\":[{\"@type\":\"ReadAction\",\"target\":[\"https:\/\/www.duuri.fi\/eritasolista-40mm-pronssi-anodisoitu-tasoero-0-12mm-silea-2000mm\/\"]}]},{\"@type\":\"ImageObject\",\"inLanguage\":\"sv-SE\",\"@id\":\"https:\/\/www.duuri.fi\/eritasolista-40mm-pronssi-anodisoitu-tasoero-0-12mm-silea-2000mm\/#primaryimage\",\"url\":\"https:\/\/www.duuri.fi\/wp-content\/uploads\/2026\/02\/T1_C4S-PE2-scaled.jpg\",\"contentUrl\":\"https:\/\/www.duuri.fi\/wp-content\/uploads\/2026\/02\/T1_C4S-PE2-scaled.jpg\",\"width\":2560,\"height\":1835},{\"@type\":\"BreadcrumbList\",\"@id\":\"https:\/\/www.duuri.fi\/eritasolista-40mm-pronssi-anodisoitu-tasoero-0-12mm-silea-2000mm\/#breadcrumb\",\"itemListElement\":[{\"@type\":\"ListItem\",\"position\":1,\"name\":\"Home\",\"item\":\"https:\/\/www.duuri.fi\/sv\/\"},{\"@type\":\"ListItem\",\"position\":2,\"name\":\"Produkter\",\"item\":\"https:\/\/www.duuri.fi\/sv\/produkter\/\"},{\"@type\":\"ListItem\",\"position\":3,\"name\":\"NIV\u00c5LIST MED SKRUV 40MM BRONS ANODISERAD F\u00d6R NIV\u00c5SKILLNAD 0-12MM SL\u00c4T 2000MM\"}]},{\"@type\":\"WebSite\",\"@id\":\"https:\/\/www.duuri.fi\/sv\/#website\",\"url\":\"https:\/\/www.duuri.fi\/sv\/\",\"name\":\"Duuri Oy\",\"description\":\"Tuotteet ja asiantuntijapalvelut kodin sisustuksen ja julkisten tilojen viimeistelyyn\",\"publisher\":{\"@id\":\"https:\/\/www.duuri.fi\/sv\/#organization\"},\"potentialAction\":[{\"@type\":\"SearchAction\",\"target\":{\"@type\":\"EntryPoint\",\"urlTemplate\":\"https:\/\/www.duuri.fi\/sv\/?s={search_term_string}\"},\"query-input\":{\"@type\":\"PropertyValueSpecification\",\"valueRequired\":true,\"valueName\":\"search_term_string\"}}],\"inLanguage\":\"sv-SE\"},{\"@type\":\"Organization\",\"@id\":\"https:\/\/www.duuri.fi\/sv\/#organization\",\"name\":\"Duuri Oy\",\"url\":\"https:\/\/www.duuri.fi\/sv\/\",\"logo\":{\"@type\":\"ImageObject\",\"inLanguage\":\"sv-SE\",\"@id\":\"https:\/\/www.duuri.fi\/sv\/#\/schema\/logo\/image\/\",\"url\":\"https:\/\/www.duuri.fi\/wp-content\/uploads\/2020\/08\/Duuri_uusi-logo.png\",\"contentUrl\":\"https:\/\/www.duuri.fi\/wp-content\/uploads\/2020\/08\/Duuri_uusi-logo.png\",\"width\":242,\"height\":91,\"caption\":\"Duuri Oy\"},\"image\":{\"@id\":\"https:\/\/www.duuri.fi\/sv\/#\/schema\/logo\/image\/\"}}]}<\/script>\n<!-- \/ Yoast SEO plugin. -->","yoast_head_json":{"title":"NIV\u00c5LIST MED SKRUV 40MM BRONS ANODISERAD F\u00d6R NIV\u00c5SKILLNAD 0-12MM SL\u00c4T 2000MM - Duuri Oy","robots":{"index":"index","follow":"follow","max-snippet":"max-snippet:-1","max-image-preview":"max-image-preview:large","max-video-preview":"max-video-preview:-1"},"canonical":"https:\/\/www.duuri.fi\/eritasolista-40mm-pronssi-anodisoitu-tasoero-0-12mm-silea-2000mm\/","og_locale":"sv_SE","og_type":"article","og_title":"NIV\u00c5LIST MED SKRUV 40MM BRONS ANODISERAD F\u00d6R NIV\u00c5SKILLNAD 0-12MM SL\u00c4T 2000MM - Duuri Oy","og_description":"Dione niv\u00e5list med skruvmontering. Sl\u00e4t yta. Bredd 40 mm. H\u00f6jd 0\u201312 mm. Bronsanodiserad aluminium. L\u00e4ngd 2\u00a0000 mm.","og_url":"https:\/\/www.duuri.fi\/eritasolista-40mm-pronssi-anodisoitu-tasoero-0-12mm-silea-2000mm\/","og_site_name":"Duuri Oy","article_modified_time":"2026-03-03T04:25:27+00:00","og_image":[{"width":2560,"height":1835,"url":"https:\/\/www.duuri.fi\/wp-content\/uploads\/2026\/02\/T1_C4S-PE2-scaled.jpg","type":"image\/jpeg"}],"twitter_card":"summary_large_image","schema":{"@context":"https:\/\/schema.org","@graph":[{"@type":"WebPage","@id":"https:\/\/www.duuri.fi\/eritasolista-40mm-pronssi-anodisoitu-tasoero-0-12mm-silea-2000mm\/","url":"https:\/\/www.duuri.fi\/eritasolista-40mm-pronssi-anodisoitu-tasoero-0-12mm-silea-2000mm\/","name":"NIV\u00c5LIST MED SKRUV 40MM BRONS ANODISERAD F\u00d6R NIV\u00c5SKILLNAD 0-12MM SL\u00c4T 2000MM - Duuri Oy","isPartOf":{"@id":"https:\/\/www.duuri.fi\/sv\/#website"},"primaryImageOfPage":{"@id":"https:\/\/www.duuri.fi\/eritasolista-40mm-pronssi-anodisoitu-tasoero-0-12mm-silea-2000mm\/#primaryimage"},"image":{"@id":"https:\/\/www.duuri.fi\/eritasolista-40mm-pronssi-anodisoitu-tasoero-0-12mm-silea-2000mm\/#primaryimage"},"thumbnailUrl":"https:\/\/www.duuri.fi\/wp-content\/uploads\/2026\/02\/T1_C4S-PE2-scaled.jpg","datePublished":"2026-02-27T04:05:31+00:00","dateModified":"2026-03-03T04:25:27+00:00","breadcrumb":{"@id":"https:\/\/www.duuri.fi\/eritasolista-40mm-pronssi-anodisoitu-tasoero-0-12mm-silea-2000mm\/#breadcrumb"},"inLanguage":"sv-SE","potentialAction":[{"@type":"ReadAction","target":["https:\/\/www.duuri.fi\/eritasolista-40mm-pronssi-anodisoitu-tasoero-0-12mm-silea-2000mm\/"]}]},{"@type":"ImageObject","inLanguage":"sv-SE","@id":"https:\/\/www.duuri.fi\/eritasolista-40mm-pronssi-anodisoitu-tasoero-0-12mm-silea-2000mm\/#primaryimage","url":"https:\/\/www.duuri.fi\/wp-content\/uploads\/2026\/02\/T1_C4S-PE2-scaled.jpg","contentUrl":"https:\/\/www.duuri.fi\/wp-content\/uploads\/2026\/02\/T1_C4S-PE2-scaled.jpg","width":2560,"height":1835},{"@type":"BreadcrumbList","@id":"https:\/\/www.duuri.fi\/eritasolista-40mm-pronssi-anodisoitu-tasoero-0-12mm-silea-2000mm\/#breadcrumb","itemListElement":[{"@type":"ListItem","position":1,"name":"Home","item":"https:\/\/www.duuri.fi\/sv\/"},{"@type":"ListItem","position":2,"name":"Produkter","item":"https:\/\/www.duuri.fi\/sv\/produkter\/"},{"@type":"ListItem","position":3,"name":"NIV\u00c5LIST MED SKRUV 40MM BRONS ANODISERAD F\u00d6R NIV\u00c5SKILLNAD 0-12MM SL\u00c4T 2000MM"}]},{"@type":"WebSite","@id":"https:\/\/www.duuri.fi\/sv\/#website","url":"https:\/\/www.duuri.fi\/sv\/","name":"Duuri Oy","description":"Tuotteet ja asiantuntijapalvelut kodin sisustuksen ja julkisten tilojen viimeistelyyn","publisher":{"@id":"https:\/\/www.duuri.fi\/sv\/#organization"},"potentialAction":[{"@type":"SearchAction","target":{"@type":"EntryPoint","urlTemplate":"https:\/\/www.duuri.fi\/sv\/?s={search_term_string}"},"query-input":{"@type":"PropertyValueSpecification","valueRequired":true,"valueName":"search_term_string"}}],"inLanguage":"sv-SE"},{"@type":"Organization","@id":"https:\/\/www.duuri.fi\/sv\/#organization","name":"Duuri Oy","url":"https:\/\/www.duuri.fi\/sv\/","logo":{"@type":"ImageObject","inLanguage":"sv-SE","@id":"https:\/\/www.duuri.fi\/sv\/#\/schema\/logo\/image\/","url":"https:\/\/www.duuri.fi\/wp-content\/uploads\/2020\/08\/Duuri_uusi-logo.png","contentUrl":"https:\/\/www.duuri.fi\/wp-content\/uploads\/2020\/08\/Duuri_uusi-logo.png","width":242,"height":91,"caption":"Duuri Oy"},"image":{"@id":"https:\/\/www.duuri.fi\/sv\/#\/schema\/logo\/image\/"}}]}},"_links":{"self":[{"href":"https:\/\/www.duuri.fi\/sv\/wp-json\/wp\/v2\/product\/65929","targetHints":{"allow":["GET"]}}],"collection":[{"href":"https:\/\/www.duuri.fi\/sv\/wp-json\/wp\/v2\/product"}],"about":[{"href":"https:\/\/www.duuri.fi\/sv\/wp-json\/wp\/v2\/types\/product"}],"replies":[{"embeddable":true,"href":"https:\/\/www.duuri.fi\/sv\/wp-json\/wp\/v2\/comments?post=65929"}],"wp:featuredmedia":[{"embeddable":true,"href":"https:\/\/www.duuri.fi\/sv\/wp-json\/wp\/v2\/media\/65921"}],"wp:attachment":[{"href":"https:\/\/www.duuri.fi\/sv\/wp-json\/wp\/v2\/media?parent=65929"}],"wp:term":[{"taxonomy":"product_brand","embeddable":true,"href":"https:\/\/www.duuri.fi\/sv\/wp-json\/wp\/v2\/product_brand?post=65929"},{"taxonomy":"product_cat","embeddable":true,"href":"https:\/\/www.duuri.fi\/sv\/wp-json\/wp\/v2\/product_cat?post=65929"},{"taxonomy":"product_tag","embeddable":true,"href":"https:\/\/www.duuri.fi\/sv\/wp-json\/wp\/v2\/product_tag?post=65929"}],"curies":[{"name":"wp","href":"https:\/\/api.w.org\/{rel}","templated":true}]}}