{"id":65211,"date":"2025-07-23T07:04:59","date_gmt":"2025-07-23T04:04:59","guid":{"rendered":"https:\/\/www.duuri.fi\/lattialuukku-400x400mm-ruostumaton-teras\/"},"modified":"2026-03-06T06:46:27","modified_gmt":"2026-03-06T04:46:27","slug":"golvlucka-rostfritt-stal-400x400mm-for-trabjalklag","status":"publish","type":"product","link":"https:\/\/www.duuri.fi\/sv\/golvlucka-rostfritt-stal-400x400mm-for-trabjalklag\/","title":{"rendered":"GOLVLUCKA ROSTFRITT ST\u00c5L 400X400MM F\u00d6R TR\u00c4BJ\u00c4LKLAG"},"content":{"rendered":"<p>Lucka, rostfritt st\u00e5l, kvalitet 304. Ramen \u00e4r tillverkad i 2 mm rostfritt st\u00e5l. Luckan \u00e4r tillverkad i 3 mm rostfritt st\u00e5l. Med t\u00e4tning, men inte helt gas- och vattent\u00e4t. \u00d6ppnas med ett separat lyfthandtag och levereras utan f\u00e4stskruvar. Om en lucka som \u00e4r utrustad med lyfthandtag bel\u00e4ggs m\u00e5ste lyfthandtaget f\u00f6rs\u00e4nkas i bel\u00e4ggningen. Passar f\u00f6r inomhus- och utomhusinstallationer d\u00e4r man beh\u00f6ver en rostfri lucka med pl\u00e5tyta, eller en yta som ska bel\u00e4ggas. Ramen passas in i h\u00e5let och f\u00e4sts genom att skruva fast nedre delens perforering i \u00f6ppningens vertikala kant. Vid behov kan ramen monteras i golvet med lim eller bruk. Belastningsh\u00e5llbarhet 15 kN.<\/p>\n","protected":false},"excerpt":{"rendered":"<p>Lucka, rostfritt st\u00e5l, kvalitet 304. Ramen \u00e4r tillverkad i 2 mm rostfritt st\u00e5l. Luckan \u00e4r tillverkad i 3 mm rostfritt st\u00e5l. Med t\u00e4tning, men inte helt gas- och vattent\u00e4t. \u00d6ppnas med ett separat lyfthandtag och levereras utan f\u00e4stskruvar. Om en lucka som \u00e4r utrustad med lyfthandtag bel\u00e4ggs m\u00e5ste lyfthandtaget f\u00f6rs\u00e4nkas i bel\u00e4ggningen. Passar f\u00f6r inomhus-&#8230;<\/p>\n","protected":false},"featured_media":63454,"comment_status":"closed","ping_status":"closed","template":"","meta":{"_acf_changed":false},"product_brand":[],"product_cat":[5631,6210],"product_tag":[],"class_list":{"0":"post-65211","1":"product","2":"type-product","3":"status-publish","4":"has-post-thumbnail","6":"product_cat-golvluckor","7":"product_cat-golvluckor-sv","9":"first","10":"instock","11":"shipping-taxable","12":"product-type-simple"},"acf":[],"yoast_head":"<!-- This site is optimized with the Yoast SEO plugin v25.5 - https:\/\/yoast.com\/wordpress\/plugins\/seo\/ -->\n<title>GOLVLUCKA ROSTFRITT ST\u00c5L 400X400MM F\u00d6R TR\u00c4BJ\u00c4LKLAG - Duuri Oy<\/title>\n<meta name=\"robots\" content=\"index, follow, max-snippet:-1, max-image-preview:large, max-video-preview:-1\" \/>\n<link rel=\"canonical\" href=\"https:\/\/www.duuri.fi\/lattialuukku-400x400mm-ruostumaton-teras\/\" \/>\n<meta property=\"og:locale\" content=\"sv_SE\" \/>\n<meta property=\"og:type\" content=\"article\" \/>\n<meta property=\"og:title\" content=\"GOLVLUCKA ROSTFRITT ST\u00c5L 400X400MM F\u00d6R TR\u00c4BJ\u00c4LKLAG - Duuri Oy\" \/>\n<meta property=\"og:description\" content=\"Lucka, rostfritt st\u00e5l, kvalitet 304. Ramen \u00e4r tillverkad i 2 mm rostfritt st\u00e5l. Luckan \u00e4r tillverkad i 3 mm rostfritt st\u00e5l. Med t\u00e4tning, men inte helt gas- och vattent\u00e4t. \u00d6ppnas med ett separat lyfthandtag och levereras utan f\u00e4stskruvar. Om en lucka som \u00e4r utrustad med lyfthandtag bel\u00e4ggs m\u00e5ste lyfthandtaget f\u00f6rs\u00e4nkas i bel\u00e4ggningen. Passar f\u00f6r inomhus-...\" \/>\n<meta property=\"og:url\" content=\"https:\/\/www.duuri.fi\/lattialuukku-400x400mm-ruostumaton-teras\/\" \/>\n<meta property=\"og:site_name\" content=\"Duuri Oy\" \/>\n<meta property=\"article:modified_time\" content=\"2026-03-06T04:46:27+00:00\" \/>\n<meta property=\"og:image\" content=\"https:\/\/www.duuri.fi\/wp-content\/uploads\/2025\/07\/T1_HL-RST-44-scaled.jpg\" \/>\n\t<meta property=\"og:image:width\" content=\"2560\" \/>\n\t<meta property=\"og:image:height\" content=\"1920\" \/>\n\t<meta property=\"og:image:type\" content=\"image\/jpeg\" \/>\n<meta name=\"twitter:card\" content=\"summary_large_image\" \/>\n<meta name=\"twitter:label1\" content=\"Ber\u00e4knad l\u00e4stid\" \/>\n\t<meta name=\"twitter:data1\" content=\"1 minut\" \/>\n<script type=\"application\/ld+json\" class=\"yoast-schema-graph\">{\"@context\":\"https:\/\/schema.org\",\"@graph\":[{\"@type\":\"WebPage\",\"@id\":\"https:\/\/www.duuri.fi\/lattialuukku-400x400mm-ruostumaton-teras\/\",\"url\":\"https:\/\/www.duuri.fi\/lattialuukku-400x400mm-ruostumaton-teras\/\",\"name\":\"GOLVLUCKA ROSTFRITT ST\u00c5L 400X400MM F\u00d6R TR\u00c4BJ\u00c4LKLAG - Duuri Oy\",\"isPartOf\":{\"@id\":\"https:\/\/www.duuri.fi\/sv\/#website\"},\"primaryImageOfPage\":{\"@id\":\"https:\/\/www.duuri.fi\/lattialuukku-400x400mm-ruostumaton-teras\/#primaryimage\"},\"image\":{\"@id\":\"https:\/\/www.duuri.fi\/lattialuukku-400x400mm-ruostumaton-teras\/#primaryimage\"},\"thumbnailUrl\":\"https:\/\/www.duuri.fi\/wp-content\/uploads\/2025\/07\/T1_HL-RST-44-scaled.jpg\",\"datePublished\":\"2025-07-23T04:04:59+00:00\",\"dateModified\":\"2026-03-06T04:46:27+00:00\",\"breadcrumb\":{\"@id\":\"https:\/\/www.duuri.fi\/lattialuukku-400x400mm-ruostumaton-teras\/#breadcrumb\"},\"inLanguage\":\"sv-SE\",\"potentialAction\":[{\"@type\":\"ReadAction\",\"target\":[\"https:\/\/www.duuri.fi\/lattialuukku-400x400mm-ruostumaton-teras\/\"]}]},{\"@type\":\"ImageObject\",\"inLanguage\":\"sv-SE\",\"@id\":\"https:\/\/www.duuri.fi\/lattialuukku-400x400mm-ruostumaton-teras\/#primaryimage\",\"url\":\"https:\/\/www.duuri.fi\/wp-content\/uploads\/2025\/07\/T1_HL-RST-44-scaled.jpg\",\"contentUrl\":\"https:\/\/www.duuri.fi\/wp-content\/uploads\/2025\/07\/T1_HL-RST-44-scaled.jpg\",\"width\":2560,\"height\":1920},{\"@type\":\"BreadcrumbList\",\"@id\":\"https:\/\/www.duuri.fi\/lattialuukku-400x400mm-ruostumaton-teras\/#breadcrumb\",\"itemListElement\":[{\"@type\":\"ListItem\",\"position\":1,\"name\":\"Home\",\"item\":\"https:\/\/www.duuri.fi\/sv\/\"},{\"@type\":\"ListItem\",\"position\":2,\"name\":\"Produkter\",\"item\":\"https:\/\/www.duuri.fi\/sv\/produkter\/\"},{\"@type\":\"ListItem\",\"position\":3,\"name\":\"GOLVLUCKA ROSTFRITT ST\u00c5L 400X400MM F\u00d6R TR\u00c4BJ\u00c4LKLAG\"}]},{\"@type\":\"WebSite\",\"@id\":\"https:\/\/www.duuri.fi\/sv\/#website\",\"url\":\"https:\/\/www.duuri.fi\/sv\/\",\"name\":\"Duuri Oy\",\"description\":\"Tuotteet ja asiantuntijapalvelut kodin sisustuksen ja julkisten tilojen viimeistelyyn\",\"publisher\":{\"@id\":\"https:\/\/www.duuri.fi\/sv\/#organization\"},\"potentialAction\":[{\"@type\":\"SearchAction\",\"target\":{\"@type\":\"EntryPoint\",\"urlTemplate\":\"https:\/\/www.duuri.fi\/sv\/?s={search_term_string}\"},\"query-input\":{\"@type\":\"PropertyValueSpecification\",\"valueRequired\":true,\"valueName\":\"search_term_string\"}}],\"inLanguage\":\"sv-SE\"},{\"@type\":\"Organization\",\"@id\":\"https:\/\/www.duuri.fi\/sv\/#organization\",\"name\":\"Duuri Oy\",\"url\":\"https:\/\/www.duuri.fi\/sv\/\",\"logo\":{\"@type\":\"ImageObject\",\"inLanguage\":\"sv-SE\",\"@id\":\"https:\/\/www.duuri.fi\/sv\/#\/schema\/logo\/image\/\",\"url\":\"https:\/\/www.duuri.fi\/wp-content\/uploads\/2020\/08\/Duuri_uusi-logo.png\",\"contentUrl\":\"https:\/\/www.duuri.fi\/wp-content\/uploads\/2020\/08\/Duuri_uusi-logo.png\",\"width\":242,\"height\":91,\"caption\":\"Duuri Oy\"},\"image\":{\"@id\":\"https:\/\/www.duuri.fi\/sv\/#\/schema\/logo\/image\/\"}}]}<\/script>\n<!-- \/ Yoast SEO plugin. -->","yoast_head_json":{"title":"GOLVLUCKA ROSTFRITT ST\u00c5L 400X400MM F\u00d6R TR\u00c4BJ\u00c4LKLAG - Duuri Oy","robots":{"index":"index","follow":"follow","max-snippet":"max-snippet:-1","max-image-preview":"max-image-preview:large","max-video-preview":"max-video-preview:-1"},"canonical":"https:\/\/www.duuri.fi\/lattialuukku-400x400mm-ruostumaton-teras\/","og_locale":"sv_SE","og_type":"article","og_title":"GOLVLUCKA ROSTFRITT ST\u00c5L 400X400MM F\u00d6R TR\u00c4BJ\u00c4LKLAG - Duuri Oy","og_description":"Lucka, rostfritt st\u00e5l, kvalitet 304. Ramen \u00e4r tillverkad i 2 mm rostfritt st\u00e5l. Luckan \u00e4r tillverkad i 3 mm rostfritt st\u00e5l. Med t\u00e4tning, men inte helt gas- och vattent\u00e4t. \u00d6ppnas med ett separat lyfthandtag och levereras utan f\u00e4stskruvar. Om en lucka som \u00e4r utrustad med lyfthandtag bel\u00e4ggs m\u00e5ste lyfthandtaget f\u00f6rs\u00e4nkas i bel\u00e4ggningen. Passar f\u00f6r inomhus-...","og_url":"https:\/\/www.duuri.fi\/lattialuukku-400x400mm-ruostumaton-teras\/","og_site_name":"Duuri Oy","article_modified_time":"2026-03-06T04:46:27+00:00","og_image":[{"width":2560,"height":1920,"url":"https:\/\/www.duuri.fi\/wp-content\/uploads\/2025\/07\/T1_HL-RST-44-scaled.jpg","type":"image\/jpeg"}],"twitter_card":"summary_large_image","twitter_misc":{"Ber\u00e4knad l\u00e4stid":"1 minut"},"schema":{"@context":"https:\/\/schema.org","@graph":[{"@type":"WebPage","@id":"https:\/\/www.duuri.fi\/lattialuukku-400x400mm-ruostumaton-teras\/","url":"https:\/\/www.duuri.fi\/lattialuukku-400x400mm-ruostumaton-teras\/","name":"GOLVLUCKA ROSTFRITT ST\u00c5L 400X400MM F\u00d6R TR\u00c4BJ\u00c4LKLAG - Duuri Oy","isPartOf":{"@id":"https:\/\/www.duuri.fi\/sv\/#website"},"primaryImageOfPage":{"@id":"https:\/\/www.duuri.fi\/lattialuukku-400x400mm-ruostumaton-teras\/#primaryimage"},"image":{"@id":"https:\/\/www.duuri.fi\/lattialuukku-400x400mm-ruostumaton-teras\/#primaryimage"},"thumbnailUrl":"https:\/\/www.duuri.fi\/wp-content\/uploads\/2025\/07\/T1_HL-RST-44-scaled.jpg","datePublished":"2025-07-23T04:04:59+00:00","dateModified":"2026-03-06T04:46:27+00:00","breadcrumb":{"@id":"https:\/\/www.duuri.fi\/lattialuukku-400x400mm-ruostumaton-teras\/#breadcrumb"},"inLanguage":"sv-SE","potentialAction":[{"@type":"ReadAction","target":["https:\/\/www.duuri.fi\/lattialuukku-400x400mm-ruostumaton-teras\/"]}]},{"@type":"ImageObject","inLanguage":"sv-SE","@id":"https:\/\/www.duuri.fi\/lattialuukku-400x400mm-ruostumaton-teras\/#primaryimage","url":"https:\/\/www.duuri.fi\/wp-content\/uploads\/2025\/07\/T1_HL-RST-44-scaled.jpg","contentUrl":"https:\/\/www.duuri.fi\/wp-content\/uploads\/2025\/07\/T1_HL-RST-44-scaled.jpg","width":2560,"height":1920},{"@type":"BreadcrumbList","@id":"https:\/\/www.duuri.fi\/lattialuukku-400x400mm-ruostumaton-teras\/#breadcrumb","itemListElement":[{"@type":"ListItem","position":1,"name":"Home","item":"https:\/\/www.duuri.fi\/sv\/"},{"@type":"ListItem","position":2,"name":"Produkter","item":"https:\/\/www.duuri.fi\/sv\/produkter\/"},{"@type":"ListItem","position":3,"name":"GOLVLUCKA ROSTFRITT ST\u00c5L 400X400MM F\u00d6R TR\u00c4BJ\u00c4LKLAG"}]},{"@type":"WebSite","@id":"https:\/\/www.duuri.fi\/sv\/#website","url":"https:\/\/www.duuri.fi\/sv\/","name":"Duuri Oy","description":"Tuotteet ja asiantuntijapalvelut kodin sisustuksen ja julkisten tilojen viimeistelyyn","publisher":{"@id":"https:\/\/www.duuri.fi\/sv\/#organization"},"potentialAction":[{"@type":"SearchAction","target":{"@type":"EntryPoint","urlTemplate":"https:\/\/www.duuri.fi\/sv\/?s={search_term_string}"},"query-input":{"@type":"PropertyValueSpecification","valueRequired":true,"valueName":"search_term_string"}}],"inLanguage":"sv-SE"},{"@type":"Organization","@id":"https:\/\/www.duuri.fi\/sv\/#organization","name":"Duuri Oy","url":"https:\/\/www.duuri.fi\/sv\/","logo":{"@type":"ImageObject","inLanguage":"sv-SE","@id":"https:\/\/www.duuri.fi\/sv\/#\/schema\/logo\/image\/","url":"https:\/\/www.duuri.fi\/wp-content\/uploads\/2020\/08\/Duuri_uusi-logo.png","contentUrl":"https:\/\/www.duuri.fi\/wp-content\/uploads\/2020\/08\/Duuri_uusi-logo.png","width":242,"height":91,"caption":"Duuri Oy"},"image":{"@id":"https:\/\/www.duuri.fi\/sv\/#\/schema\/logo\/image\/"}}]}},"_links":{"self":[{"href":"https:\/\/www.duuri.fi\/sv\/wp-json\/wp\/v2\/product\/65211","targetHints":{"allow":["GET"]}}],"collection":[{"href":"https:\/\/www.duuri.fi\/sv\/wp-json\/wp\/v2\/product"}],"about":[{"href":"https:\/\/www.duuri.fi\/sv\/wp-json\/wp\/v2\/types\/product"}],"replies":[{"embeddable":true,"href":"https:\/\/www.duuri.fi\/sv\/wp-json\/wp\/v2\/comments?post=65211"}],"wp:featuredmedia":[{"embeddable":true,"href":"https:\/\/www.duuri.fi\/sv\/wp-json\/wp\/v2\/media\/63454"}],"wp:attachment":[{"href":"https:\/\/www.duuri.fi\/sv\/wp-json\/wp\/v2\/media?parent=65211"}],"wp:term":[{"taxonomy":"product_brand","embeddable":true,"href":"https:\/\/www.duuri.fi\/sv\/wp-json\/wp\/v2\/product_brand?post=65211"},{"taxonomy":"product_cat","embeddable":true,"href":"https:\/\/www.duuri.fi\/sv\/wp-json\/wp\/v2\/product_cat?post=65211"},{"taxonomy":"product_tag","embeddable":true,"href":"https:\/\/www.duuri.fi\/sv\/wp-json\/wp\/v2\/product_tag?post=65211"}],"curies":[{"name":"wp","href":"https:\/\/api.w.org\/{rel}","templated":true}]}}