{"id":64381,"date":"2025-09-20T07:04:38","date_gmt":"2025-09-20T04:04:38","guid":{"rendered":"https:\/\/www.duuri.fi\/lattialuukku-sinkitty-teras-400x400mm\/"},"modified":"2026-03-06T06:30:22","modified_gmt":"2026-03-06T04:30:22","slug":"golvlucka-galvaniserad-stal-400x400mm-for-trabjalklag","status":"publish","type":"product","link":"https:\/\/www.duuri.fi\/sv\/golvlucka-galvaniserad-stal-400x400mm-for-trabjalklag\/","title":{"rendered":"GOLVLUCKA GALVANISERAD ST\u00c5L 400X400MM F\u00d6R TR\u00c4BJ\u00c4LKLAG"},"content":{"rendered":"<p>Lucka tillverkad av galvaniserat st\u00e5l. Med t\u00e4tning, men inte helt gas- och vattent\u00e4t. Locket \u00e4r f\u00f6rsett med f\u00e4stskruvar och det \u00f6ppnas ocks\u00e5 genom att lossa och lyfta via dessa skruvar. L\u00e4mplig f\u00f6r inomhus- och utomhusinstallation n\u00e4r ett prisv\u00e4rt pl\u00e5tbelagt eller t\u00e4ckt lock beh\u00f6vs. Ramen passas in i h\u00e5let och f\u00e4sts genom att skruva fast nedre delens perforering i \u00f6ppningens vertikala kant. Vid behov kan ramen monteras i golvet med lim eller bruk. Belastningsh\u00e5llbarhet 15 kN<\/p>\n","protected":false},"excerpt":{"rendered":"<p>Lucka, f\u00f6rzinkat st\u00e5l. Med t\u00e4tning, men inte helt gas- och vattent\u00e4t. F\u00f6r inomhusbruk. Belastningsh\u00e5llbarhet 15 kN.<\/p>\n","protected":false},"featured_media":64373,"comment_status":"closed","ping_status":"closed","template":"","meta":{"_acf_changed":false},"product_brand":[],"product_cat":[5631,6210],"product_tag":[],"class_list":{"0":"post-64381","1":"product","2":"type-product","3":"status-publish","4":"has-post-thumbnail","6":"product_cat-golvluckor","7":"product_cat-golvluckor-sv","9":"first","10":"instock","11":"shipping-taxable","12":"product-type-simple"},"acf":[],"yoast_head":"<!-- This site is optimized with the Yoast SEO plugin v25.5 - https:\/\/yoast.com\/wordpress\/plugins\/seo\/ -->\n<title>GOLVLUCKA GALVANISERAD ST\u00c5L 400X400MM F\u00d6R TR\u00c4BJ\u00c4LKLAG - Duuri Oy<\/title>\n<meta name=\"robots\" content=\"index, follow, max-snippet:-1, max-image-preview:large, max-video-preview:-1\" \/>\n<link rel=\"canonical\" href=\"https:\/\/www.duuri.fi\/lattialuukku-sinkitty-teras-400x400mm\/\" \/>\n<meta property=\"og:locale\" content=\"sv_SE\" \/>\n<meta property=\"og:type\" content=\"article\" \/>\n<meta property=\"og:title\" content=\"GOLVLUCKA GALVANISERAD ST\u00c5L 400X400MM F\u00d6R TR\u00c4BJ\u00c4LKLAG - Duuri Oy\" \/>\n<meta property=\"og:description\" content=\"Lucka, f\u00f6rzinkat st\u00e5l. Med t\u00e4tning, men inte helt gas- och vattent\u00e4t. F\u00f6r inomhusbruk. Belastningsh\u00e5llbarhet 15 kN.\" \/>\n<meta property=\"og:url\" content=\"https:\/\/www.duuri.fi\/lattialuukku-sinkitty-teras-400x400mm\/\" \/>\n<meta property=\"og:site_name\" content=\"Duuri Oy\" \/>\n<meta property=\"article:modified_time\" content=\"2026-03-06T04:30:22+00:00\" \/>\n<meta property=\"og:image\" content=\"https:\/\/www.duuri.fi\/wp-content\/uploads\/2025\/09\/T1_HL-SI-44-scaled.jpg\" \/>\n\t<meta property=\"og:image:width\" content=\"2560\" \/>\n\t<meta property=\"og:image:height\" content=\"1707\" \/>\n\t<meta property=\"og:image:type\" content=\"image\/jpeg\" \/>\n<meta name=\"twitter:card\" content=\"summary_large_image\" \/>\n<script type=\"application\/ld+json\" class=\"yoast-schema-graph\">{\"@context\":\"https:\/\/schema.org\",\"@graph\":[{\"@type\":\"WebPage\",\"@id\":\"https:\/\/www.duuri.fi\/lattialuukku-sinkitty-teras-400x400mm\/\",\"url\":\"https:\/\/www.duuri.fi\/lattialuukku-sinkitty-teras-400x400mm\/\",\"name\":\"GOLVLUCKA GALVANISERAD ST\u00c5L 400X400MM F\u00d6R TR\u00c4BJ\u00c4LKLAG - Duuri Oy\",\"isPartOf\":{\"@id\":\"https:\/\/www.duuri.fi\/sv\/#website\"},\"primaryImageOfPage\":{\"@id\":\"https:\/\/www.duuri.fi\/lattialuukku-sinkitty-teras-400x400mm\/#primaryimage\"},\"image\":{\"@id\":\"https:\/\/www.duuri.fi\/lattialuukku-sinkitty-teras-400x400mm\/#primaryimage\"},\"thumbnailUrl\":\"https:\/\/www.duuri.fi\/wp-content\/uploads\/2025\/09\/T1_HL-SI-44-scaled.jpg\",\"datePublished\":\"2025-09-20T04:04:38+00:00\",\"dateModified\":\"2026-03-06T04:30:22+00:00\",\"breadcrumb\":{\"@id\":\"https:\/\/www.duuri.fi\/lattialuukku-sinkitty-teras-400x400mm\/#breadcrumb\"},\"inLanguage\":\"sv-SE\",\"potentialAction\":[{\"@type\":\"ReadAction\",\"target\":[\"https:\/\/www.duuri.fi\/lattialuukku-sinkitty-teras-400x400mm\/\"]}]},{\"@type\":\"ImageObject\",\"inLanguage\":\"sv-SE\",\"@id\":\"https:\/\/www.duuri.fi\/lattialuukku-sinkitty-teras-400x400mm\/#primaryimage\",\"url\":\"https:\/\/www.duuri.fi\/wp-content\/uploads\/2025\/09\/T1_HL-SI-44-scaled.jpg\",\"contentUrl\":\"https:\/\/www.duuri.fi\/wp-content\/uploads\/2025\/09\/T1_HL-SI-44-scaled.jpg\",\"width\":2560,\"height\":1707},{\"@type\":\"BreadcrumbList\",\"@id\":\"https:\/\/www.duuri.fi\/lattialuukku-sinkitty-teras-400x400mm\/#breadcrumb\",\"itemListElement\":[{\"@type\":\"ListItem\",\"position\":1,\"name\":\"Home\",\"item\":\"https:\/\/www.duuri.fi\/sv\/\"},{\"@type\":\"ListItem\",\"position\":2,\"name\":\"Produkter\",\"item\":\"https:\/\/www.duuri.fi\/sv\/produkter\/\"},{\"@type\":\"ListItem\",\"position\":3,\"name\":\"GOLVLUCKA GALVANISERAD ST\u00c5L 400X400MM F\u00d6R TR\u00c4BJ\u00c4LKLAG\"}]},{\"@type\":\"WebSite\",\"@id\":\"https:\/\/www.duuri.fi\/sv\/#website\",\"url\":\"https:\/\/www.duuri.fi\/sv\/\",\"name\":\"Duuri Oy\",\"description\":\"Tuotteet ja asiantuntijapalvelut kodin sisustuksen ja julkisten tilojen viimeistelyyn\",\"publisher\":{\"@id\":\"https:\/\/www.duuri.fi\/sv\/#organization\"},\"potentialAction\":[{\"@type\":\"SearchAction\",\"target\":{\"@type\":\"EntryPoint\",\"urlTemplate\":\"https:\/\/www.duuri.fi\/sv\/?s={search_term_string}\"},\"query-input\":{\"@type\":\"PropertyValueSpecification\",\"valueRequired\":true,\"valueName\":\"search_term_string\"}}],\"inLanguage\":\"sv-SE\"},{\"@type\":\"Organization\",\"@id\":\"https:\/\/www.duuri.fi\/sv\/#organization\",\"name\":\"Duuri Oy\",\"url\":\"https:\/\/www.duuri.fi\/sv\/\",\"logo\":{\"@type\":\"ImageObject\",\"inLanguage\":\"sv-SE\",\"@id\":\"https:\/\/www.duuri.fi\/sv\/#\/schema\/logo\/image\/\",\"url\":\"https:\/\/www.duuri.fi\/wp-content\/uploads\/2020\/08\/Duuri_uusi-logo.png\",\"contentUrl\":\"https:\/\/www.duuri.fi\/wp-content\/uploads\/2020\/08\/Duuri_uusi-logo.png\",\"width\":242,\"height\":91,\"caption\":\"Duuri Oy\"},\"image\":{\"@id\":\"https:\/\/www.duuri.fi\/sv\/#\/schema\/logo\/image\/\"}}]}<\/script>\n<!-- \/ Yoast SEO plugin. -->","yoast_head_json":{"title":"GOLVLUCKA GALVANISERAD ST\u00c5L 400X400MM F\u00d6R TR\u00c4BJ\u00c4LKLAG - Duuri Oy","robots":{"index":"index","follow":"follow","max-snippet":"max-snippet:-1","max-image-preview":"max-image-preview:large","max-video-preview":"max-video-preview:-1"},"canonical":"https:\/\/www.duuri.fi\/lattialuukku-sinkitty-teras-400x400mm\/","og_locale":"sv_SE","og_type":"article","og_title":"GOLVLUCKA GALVANISERAD ST\u00c5L 400X400MM F\u00d6R TR\u00c4BJ\u00c4LKLAG - Duuri Oy","og_description":"Lucka, f\u00f6rzinkat st\u00e5l. Med t\u00e4tning, men inte helt gas- och vattent\u00e4t. F\u00f6r inomhusbruk. Belastningsh\u00e5llbarhet 15 kN.","og_url":"https:\/\/www.duuri.fi\/lattialuukku-sinkitty-teras-400x400mm\/","og_site_name":"Duuri Oy","article_modified_time":"2026-03-06T04:30:22+00:00","og_image":[{"width":2560,"height":1707,"url":"https:\/\/www.duuri.fi\/wp-content\/uploads\/2025\/09\/T1_HL-SI-44-scaled.jpg","type":"image\/jpeg"}],"twitter_card":"summary_large_image","schema":{"@context":"https:\/\/schema.org","@graph":[{"@type":"WebPage","@id":"https:\/\/www.duuri.fi\/lattialuukku-sinkitty-teras-400x400mm\/","url":"https:\/\/www.duuri.fi\/lattialuukku-sinkitty-teras-400x400mm\/","name":"GOLVLUCKA GALVANISERAD ST\u00c5L 400X400MM F\u00d6R TR\u00c4BJ\u00c4LKLAG - Duuri Oy","isPartOf":{"@id":"https:\/\/www.duuri.fi\/sv\/#website"},"primaryImageOfPage":{"@id":"https:\/\/www.duuri.fi\/lattialuukku-sinkitty-teras-400x400mm\/#primaryimage"},"image":{"@id":"https:\/\/www.duuri.fi\/lattialuukku-sinkitty-teras-400x400mm\/#primaryimage"},"thumbnailUrl":"https:\/\/www.duuri.fi\/wp-content\/uploads\/2025\/09\/T1_HL-SI-44-scaled.jpg","datePublished":"2025-09-20T04:04:38+00:00","dateModified":"2026-03-06T04:30:22+00:00","breadcrumb":{"@id":"https:\/\/www.duuri.fi\/lattialuukku-sinkitty-teras-400x400mm\/#breadcrumb"},"inLanguage":"sv-SE","potentialAction":[{"@type":"ReadAction","target":["https:\/\/www.duuri.fi\/lattialuukku-sinkitty-teras-400x400mm\/"]}]},{"@type":"ImageObject","inLanguage":"sv-SE","@id":"https:\/\/www.duuri.fi\/lattialuukku-sinkitty-teras-400x400mm\/#primaryimage","url":"https:\/\/www.duuri.fi\/wp-content\/uploads\/2025\/09\/T1_HL-SI-44-scaled.jpg","contentUrl":"https:\/\/www.duuri.fi\/wp-content\/uploads\/2025\/09\/T1_HL-SI-44-scaled.jpg","width":2560,"height":1707},{"@type":"BreadcrumbList","@id":"https:\/\/www.duuri.fi\/lattialuukku-sinkitty-teras-400x400mm\/#breadcrumb","itemListElement":[{"@type":"ListItem","position":1,"name":"Home","item":"https:\/\/www.duuri.fi\/sv\/"},{"@type":"ListItem","position":2,"name":"Produkter","item":"https:\/\/www.duuri.fi\/sv\/produkter\/"},{"@type":"ListItem","position":3,"name":"GOLVLUCKA GALVANISERAD ST\u00c5L 400X400MM F\u00d6R TR\u00c4BJ\u00c4LKLAG"}]},{"@type":"WebSite","@id":"https:\/\/www.duuri.fi\/sv\/#website","url":"https:\/\/www.duuri.fi\/sv\/","name":"Duuri Oy","description":"Tuotteet ja asiantuntijapalvelut kodin sisustuksen ja julkisten tilojen viimeistelyyn","publisher":{"@id":"https:\/\/www.duuri.fi\/sv\/#organization"},"potentialAction":[{"@type":"SearchAction","target":{"@type":"EntryPoint","urlTemplate":"https:\/\/www.duuri.fi\/sv\/?s={search_term_string}"},"query-input":{"@type":"PropertyValueSpecification","valueRequired":true,"valueName":"search_term_string"}}],"inLanguage":"sv-SE"},{"@type":"Organization","@id":"https:\/\/www.duuri.fi\/sv\/#organization","name":"Duuri Oy","url":"https:\/\/www.duuri.fi\/sv\/","logo":{"@type":"ImageObject","inLanguage":"sv-SE","@id":"https:\/\/www.duuri.fi\/sv\/#\/schema\/logo\/image\/","url":"https:\/\/www.duuri.fi\/wp-content\/uploads\/2020\/08\/Duuri_uusi-logo.png","contentUrl":"https:\/\/www.duuri.fi\/wp-content\/uploads\/2020\/08\/Duuri_uusi-logo.png","width":242,"height":91,"caption":"Duuri Oy"},"image":{"@id":"https:\/\/www.duuri.fi\/sv\/#\/schema\/logo\/image\/"}}]}},"_links":{"self":[{"href":"https:\/\/www.duuri.fi\/sv\/wp-json\/wp\/v2\/product\/64381","targetHints":{"allow":["GET"]}}],"collection":[{"href":"https:\/\/www.duuri.fi\/sv\/wp-json\/wp\/v2\/product"}],"about":[{"href":"https:\/\/www.duuri.fi\/sv\/wp-json\/wp\/v2\/types\/product"}],"replies":[{"embeddable":true,"href":"https:\/\/www.duuri.fi\/sv\/wp-json\/wp\/v2\/comments?post=64381"}],"wp:featuredmedia":[{"embeddable":true,"href":"https:\/\/www.duuri.fi\/sv\/wp-json\/wp\/v2\/media\/64373"}],"wp:attachment":[{"href":"https:\/\/www.duuri.fi\/sv\/wp-json\/wp\/v2\/media?parent=64381"}],"wp:term":[{"taxonomy":"product_brand","embeddable":true,"href":"https:\/\/www.duuri.fi\/sv\/wp-json\/wp\/v2\/product_brand?post=64381"},{"taxonomy":"product_cat","embeddable":true,"href":"https:\/\/www.duuri.fi\/sv\/wp-json\/wp\/v2\/product_cat?post=64381"},{"taxonomy":"product_tag","embeddable":true,"href":"https:\/\/www.duuri.fi\/sv\/wp-json\/wp\/v2\/product_tag?post=64381"}],"curies":[{"name":"wp","href":"https:\/\/api.w.org\/{rel}","templated":true}]}}