{"id":38912,"date":"2022-01-21T14:47:59","date_gmt":"2022-01-21T12:47:59","guid":{"rendered":"https:\/\/www.duuri.fi\/jalkivalaiseva-lattiatunniste-35mm-rst-silea-ilman-ankkuria\/"},"modified":"2026-03-07T06:32:40","modified_gmt":"2026-03-07T04:32:40","slug":"efterlysande-golvmarkering-35-mm-rostfritt-stal-slat-utan-stift","status":"publish","type":"product","link":"https:\/\/www.duuri.fi\/sv\/efterlysande-golvmarkering-35-mm-rostfritt-stal-slat-utan-stift\/","title":{"rendered":"Efterlysande golvmarkering, 35 mm, rostfritt st\u00e5l, sl\u00e4t utan stift"},"content":{"rendered":"<p>DionePRO efterlysande golvmarkering utan stift. Taktilens diameter \u00e4r 35 mm. H\u00f6jd 4,5 mm. Materialet \u00e4r rostfritt st\u00e5l 316. Ytan \u00e4r sl\u00e4t och efterlysande. F\u00e4rgen p\u00e5 den efterlysande ytan \u00e4r gulgr\u00f6n.  Taktila ledstr\u00e5k anv\u00e4nds f\u00f6r att hj\u00e4lpa och v\u00e4gleda synskadade att hitta fram i olika lokaler. Med olika fastst\u00e4llda kombinationer markerar du huvudlederna i lokalen, anger riktning och varnar f\u00f6r eventuella faror, som trappsteg, ramper eller rulltrappor.<\/p>\n","protected":false},"excerpt":{"rendered":"<p>Efterlysande golvmarkering utan stift, rund. Diameter 35 mm. Rostfritt st\u00e5l 316. Ytan \u00e4r gulgr\u00f6n. Profilh\u00f6jden \u00e4r 4,5 mm.<\/p>\n","protected":false},"featured_media":51432,"comment_status":"closed","ping_status":"closed","template":"","meta":{"_acf_changed":false},"product_brand":[],"product_cat":[607],"product_tag":[],"class_list":{"0":"post-38912","1":"product","2":"type-product","3":"status-publish","4":"has-post-thumbnail","6":"product_cat-uncategorized","8":"first","9":"instock","10":"shipping-taxable","11":"product-type-simple"},"acf":[],"yoast_head":"<!-- This site is optimized with the Yoast SEO plugin v25.5 - https:\/\/yoast.com\/wordpress\/plugins\/seo\/ -->\n<title>Efterlysande golvmarkering, 35 mm, rostfritt st\u00e5l, sl\u00e4t utan stift - Duuri Oy<\/title>\n<meta name=\"robots\" content=\"index, follow, max-snippet:-1, max-image-preview:large, max-video-preview:-1\" \/>\n<link rel=\"canonical\" href=\"https:\/\/www.duuri.fi\/sv\/efterlysande-golvmarkering-35-mm-rostfritt-stal-slat-utan-stift\/\" \/>\n<meta property=\"og:locale\" content=\"sv_SE\" \/>\n<meta property=\"og:type\" content=\"article\" \/>\n<meta property=\"og:title\" content=\"Efterlysande golvmarkering, 35 mm, rostfritt st\u00e5l, sl\u00e4t utan stift - Duuri Oy\" \/>\n<meta property=\"og:description\" content=\"Efterlysande golvmarkering utan stift, rund. Diameter 35 mm. Rostfritt st\u00e5l 316. Ytan \u00e4r gulgr\u00f6n. Profilh\u00f6jden \u00e4r 4,5 mm.\" \/>\n<meta property=\"og:url\" content=\"https:\/\/www.duuri.fi\/sv\/efterlysande-golvmarkering-35-mm-rostfritt-stal-slat-utan-stift\/\" \/>\n<meta property=\"og:site_name\" content=\"Duuri Oy\" \/>\n<meta property=\"article:modified_time\" content=\"2026-03-07T04:32:40+00:00\" \/>\n<meta name=\"twitter:card\" content=\"summary_large_image\" \/>\n<script type=\"application\/ld+json\" class=\"yoast-schema-graph\">{\"@context\":\"https:\/\/schema.org\",\"@graph\":[{\"@type\":\"WebPage\",\"@id\":\"https:\/\/www.duuri.fi\/sv\/efterlysande-golvmarkering-35-mm-rostfritt-stal-slat-utan-stift\/\",\"url\":\"https:\/\/www.duuri.fi\/sv\/efterlysande-golvmarkering-35-mm-rostfritt-stal-slat-utan-stift\/\",\"name\":\"Efterlysande golvmarkering, 35 mm, rostfritt st\u00e5l, sl\u00e4t utan stift - Duuri Oy\",\"isPartOf\":{\"@id\":\"https:\/\/www.duuri.fi\/sv\/#website\"},\"primaryImageOfPage\":{\"@id\":\"https:\/\/www.duuri.fi\/sv\/efterlysande-golvmarkering-35-mm-rostfritt-stal-slat-utan-stift\/#primaryimage\"},\"image\":{\"@id\":\"https:\/\/www.duuri.fi\/sv\/efterlysande-golvmarkering-35-mm-rostfritt-stal-slat-utan-stift\/#primaryimage\"},\"thumbnailUrl\":\"https:\/\/www.duuri.fi\/wp-content\/uploads\/2022\/11\/T1_35-316-6-ST-scaled.jpg\",\"datePublished\":\"2022-01-21T12:47:59+00:00\",\"dateModified\":\"2026-03-07T04:32:40+00:00\",\"breadcrumb\":{\"@id\":\"https:\/\/www.duuri.fi\/sv\/efterlysande-golvmarkering-35-mm-rostfritt-stal-slat-utan-stift\/#breadcrumb\"},\"inLanguage\":\"sv-SE\",\"potentialAction\":[{\"@type\":\"ReadAction\",\"target\":[\"https:\/\/www.duuri.fi\/sv\/efterlysande-golvmarkering-35-mm-rostfritt-stal-slat-utan-stift\/\"]}]},{\"@type\":\"ImageObject\",\"inLanguage\":\"sv-SE\",\"@id\":\"https:\/\/www.duuri.fi\/sv\/efterlysande-golvmarkering-35-mm-rostfritt-stal-slat-utan-stift\/#primaryimage\",\"url\":\"https:\/\/www.duuri.fi\/wp-content\/uploads\/2022\/11\/T1_35-316-6-ST-scaled.jpg\",\"contentUrl\":\"https:\/\/www.duuri.fi\/wp-content\/uploads\/2022\/11\/T1_35-316-6-ST-scaled.jpg\",\"width\":2560,\"height\":1707},{\"@type\":\"BreadcrumbList\",\"@id\":\"https:\/\/www.duuri.fi\/sv\/efterlysande-golvmarkering-35-mm-rostfritt-stal-slat-utan-stift\/#breadcrumb\",\"itemListElement\":[{\"@type\":\"ListItem\",\"position\":1,\"name\":\"Home\",\"item\":\"https:\/\/www.duuri.fi\/sv\/\"},{\"@type\":\"ListItem\",\"position\":2,\"name\":\"Produkter\",\"item\":\"https:\/\/www.duuri.fi\/sv\/produkter\/\"},{\"@type\":\"ListItem\",\"position\":3,\"name\":\"Efterlysande golvmarkering, 35 mm, rostfritt st\u00e5l, sl\u00e4t utan stift\"}]},{\"@type\":\"WebSite\",\"@id\":\"https:\/\/www.duuri.fi\/sv\/#website\",\"url\":\"https:\/\/www.duuri.fi\/sv\/\",\"name\":\"Duuri Oy\",\"description\":\"Tuotteet ja asiantuntijapalvelut kodin sisustuksen ja julkisten tilojen viimeistelyyn\",\"publisher\":{\"@id\":\"https:\/\/www.duuri.fi\/sv\/#organization\"},\"potentialAction\":[{\"@type\":\"SearchAction\",\"target\":{\"@type\":\"EntryPoint\",\"urlTemplate\":\"https:\/\/www.duuri.fi\/sv\/?s={search_term_string}\"},\"query-input\":{\"@type\":\"PropertyValueSpecification\",\"valueRequired\":true,\"valueName\":\"search_term_string\"}}],\"inLanguage\":\"sv-SE\"},{\"@type\":\"Organization\",\"@id\":\"https:\/\/www.duuri.fi\/sv\/#organization\",\"name\":\"Duuri Oy\",\"url\":\"https:\/\/www.duuri.fi\/sv\/\",\"logo\":{\"@type\":\"ImageObject\",\"inLanguage\":\"sv-SE\",\"@id\":\"https:\/\/www.duuri.fi\/sv\/#\/schema\/logo\/image\/\",\"url\":\"https:\/\/www.duuri.fi\/wp-content\/uploads\/2020\/08\/Duuri_uusi-logo.png\",\"contentUrl\":\"https:\/\/www.duuri.fi\/wp-content\/uploads\/2020\/08\/Duuri_uusi-logo.png\",\"width\":242,\"height\":91,\"caption\":\"Duuri Oy\"},\"image\":{\"@id\":\"https:\/\/www.duuri.fi\/sv\/#\/schema\/logo\/image\/\"}}]}<\/script>\n<!-- \/ Yoast SEO plugin. -->","yoast_head_json":{"title":"Efterlysande golvmarkering, 35 mm, rostfritt st\u00e5l, sl\u00e4t utan stift - Duuri Oy","robots":{"index":"index","follow":"follow","max-snippet":"max-snippet:-1","max-image-preview":"max-image-preview:large","max-video-preview":"max-video-preview:-1"},"canonical":"https:\/\/www.duuri.fi\/sv\/efterlysande-golvmarkering-35-mm-rostfritt-stal-slat-utan-stift\/","og_locale":"sv_SE","og_type":"article","og_title":"Efterlysande golvmarkering, 35 mm, rostfritt st\u00e5l, sl\u00e4t utan stift - Duuri Oy","og_description":"Efterlysande golvmarkering utan stift, rund. Diameter 35 mm. Rostfritt st\u00e5l 316. Ytan \u00e4r gulgr\u00f6n. Profilh\u00f6jden \u00e4r 4,5 mm.","og_url":"https:\/\/www.duuri.fi\/sv\/efterlysande-golvmarkering-35-mm-rostfritt-stal-slat-utan-stift\/","og_site_name":"Duuri Oy","article_modified_time":"2026-03-07T04:32:40+00:00","twitter_card":"summary_large_image","schema":{"@context":"https:\/\/schema.org","@graph":[{"@type":"WebPage","@id":"https:\/\/www.duuri.fi\/sv\/efterlysande-golvmarkering-35-mm-rostfritt-stal-slat-utan-stift\/","url":"https:\/\/www.duuri.fi\/sv\/efterlysande-golvmarkering-35-mm-rostfritt-stal-slat-utan-stift\/","name":"Efterlysande golvmarkering, 35 mm, rostfritt st\u00e5l, sl\u00e4t utan stift - Duuri Oy","isPartOf":{"@id":"https:\/\/www.duuri.fi\/sv\/#website"},"primaryImageOfPage":{"@id":"https:\/\/www.duuri.fi\/sv\/efterlysande-golvmarkering-35-mm-rostfritt-stal-slat-utan-stift\/#primaryimage"},"image":{"@id":"https:\/\/www.duuri.fi\/sv\/efterlysande-golvmarkering-35-mm-rostfritt-stal-slat-utan-stift\/#primaryimage"},"thumbnailUrl":"https:\/\/www.duuri.fi\/wp-content\/uploads\/2022\/11\/T1_35-316-6-ST-scaled.jpg","datePublished":"2022-01-21T12:47:59+00:00","dateModified":"2026-03-07T04:32:40+00:00","breadcrumb":{"@id":"https:\/\/www.duuri.fi\/sv\/efterlysande-golvmarkering-35-mm-rostfritt-stal-slat-utan-stift\/#breadcrumb"},"inLanguage":"sv-SE","potentialAction":[{"@type":"ReadAction","target":["https:\/\/www.duuri.fi\/sv\/efterlysande-golvmarkering-35-mm-rostfritt-stal-slat-utan-stift\/"]}]},{"@type":"ImageObject","inLanguage":"sv-SE","@id":"https:\/\/www.duuri.fi\/sv\/efterlysande-golvmarkering-35-mm-rostfritt-stal-slat-utan-stift\/#primaryimage","url":"https:\/\/www.duuri.fi\/wp-content\/uploads\/2022\/11\/T1_35-316-6-ST-scaled.jpg","contentUrl":"https:\/\/www.duuri.fi\/wp-content\/uploads\/2022\/11\/T1_35-316-6-ST-scaled.jpg","width":2560,"height":1707},{"@type":"BreadcrumbList","@id":"https:\/\/www.duuri.fi\/sv\/efterlysande-golvmarkering-35-mm-rostfritt-stal-slat-utan-stift\/#breadcrumb","itemListElement":[{"@type":"ListItem","position":1,"name":"Home","item":"https:\/\/www.duuri.fi\/sv\/"},{"@type":"ListItem","position":2,"name":"Produkter","item":"https:\/\/www.duuri.fi\/sv\/produkter\/"},{"@type":"ListItem","position":3,"name":"Efterlysande golvmarkering, 35 mm, rostfritt st\u00e5l, sl\u00e4t utan stift"}]},{"@type":"WebSite","@id":"https:\/\/www.duuri.fi\/sv\/#website","url":"https:\/\/www.duuri.fi\/sv\/","name":"Duuri Oy","description":"Tuotteet ja asiantuntijapalvelut kodin sisustuksen ja julkisten tilojen viimeistelyyn","publisher":{"@id":"https:\/\/www.duuri.fi\/sv\/#organization"},"potentialAction":[{"@type":"SearchAction","target":{"@type":"EntryPoint","urlTemplate":"https:\/\/www.duuri.fi\/sv\/?s={search_term_string}"},"query-input":{"@type":"PropertyValueSpecification","valueRequired":true,"valueName":"search_term_string"}}],"inLanguage":"sv-SE"},{"@type":"Organization","@id":"https:\/\/www.duuri.fi\/sv\/#organization","name":"Duuri Oy","url":"https:\/\/www.duuri.fi\/sv\/","logo":{"@type":"ImageObject","inLanguage":"sv-SE","@id":"https:\/\/www.duuri.fi\/sv\/#\/schema\/logo\/image\/","url":"https:\/\/www.duuri.fi\/wp-content\/uploads\/2020\/08\/Duuri_uusi-logo.png","contentUrl":"https:\/\/www.duuri.fi\/wp-content\/uploads\/2020\/08\/Duuri_uusi-logo.png","width":242,"height":91,"caption":"Duuri Oy"},"image":{"@id":"https:\/\/www.duuri.fi\/sv\/#\/schema\/logo\/image\/"}}]}},"_links":{"self":[{"href":"https:\/\/www.duuri.fi\/sv\/wp-json\/wp\/v2\/product\/38912","targetHints":{"allow":["GET"]}}],"collection":[{"href":"https:\/\/www.duuri.fi\/sv\/wp-json\/wp\/v2\/product"}],"about":[{"href":"https:\/\/www.duuri.fi\/sv\/wp-json\/wp\/v2\/types\/product"}],"replies":[{"embeddable":true,"href":"https:\/\/www.duuri.fi\/sv\/wp-json\/wp\/v2\/comments?post=38912"}],"wp:featuredmedia":[{"embeddable":true,"href":"https:\/\/www.duuri.fi\/sv\/wp-json\/wp\/v2\/media\/51432"}],"wp:attachment":[{"href":"https:\/\/www.duuri.fi\/sv\/wp-json\/wp\/v2\/media?parent=38912"}],"wp:term":[{"taxonomy":"product_brand","embeddable":true,"href":"https:\/\/www.duuri.fi\/sv\/wp-json\/wp\/v2\/product_brand?post=38912"},{"taxonomy":"product_cat","embeddable":true,"href":"https:\/\/www.duuri.fi\/sv\/wp-json\/wp\/v2\/product_cat?post=38912"},{"taxonomy":"product_tag","embeddable":true,"href":"https:\/\/www.duuri.fi\/sv\/wp-json\/wp\/v2\/product_tag?post=38912"}],"curies":[{"name":"wp","href":"https:\/\/api.w.org\/{rel}","templated":true}]}}