{"id":35030,"date":"2020-09-04T07:10:19","date_gmt":"2020-09-04T04:10:19","guid":{"rendered":"https:\/\/www.duuri.fi\/ohjauslistan-paatykappale-30mm-rst-300mm\/"},"modified":"2026-03-07T06:34:45","modified_gmt":"2026-03-07T04:34:45","slug":"avslutningsprofil-for-ledstrakslist-30-mm-rostfritt-stal-300-mm","status":"publish","type":"product","link":"https:\/\/www.duuri.fi\/sv\/avslutningsprofil-for-ledstrakslist-30-mm-rostfritt-stal-300-mm\/","title":{"rendered":"Avslutningsprofil f\u00f6r ledstr\u00e5kslist, 30 mm rostfritt st\u00e5l, 300 mm"},"content":{"rendered":"<p>DionePRO avslutningsprofil f\u00f6r ledstr\u00e5kslist, limf\u00e4ste. Bredd 30 mm, l\u00e4ngd 300 mm. Materialet \u00e4r rostfritt st\u00e5l 304. Avslutningsprofilen f\u00f6r ledstr\u00e5kslisten \u00e4r bockad till formen. Av tv\u00e5 avslutningsprofiler kan man g\u00f6ra b\u00e5de inner- och ytterh\u00f6rn.<\/p>\n","protected":false},"excerpt":{"rendered":"<p>Avslutningsprofil f\u00f6r ledstr\u00e5kslist, bredd 30 mm. Slipat rostfritt st\u00e5l, bockad \u00e4nda. L\u00e4ngd 300 mm<\/p>\n","protected":false},"featured_media":21061,"comment_status":"closed","ping_status":"closed","template":"","meta":{"_acf_changed":false},"product_brand":[],"product_cat":[5604,5655],"product_tag":[],"class_list":{"0":"post-35030","1":"product","2":"type-product","3":"status-publish","4":"has-post-thumbnail","6":"product_cat-golvlister","7":"product_cat-ledstraklister","9":"first","10":"instock","11":"shipping-taxable","12":"product-type-simple"},"acf":[],"yoast_head":"<!-- This site is optimized with the Yoast SEO plugin v25.5 - https:\/\/yoast.com\/wordpress\/plugins\/seo\/ -->\n<title>Avslutningsprofil f\u00f6r ledstr\u00e5kslist, 30 mm rostfritt st\u00e5l, 300 mm - Duuri Oy<\/title>\n<meta name=\"robots\" content=\"index, follow, max-snippet:-1, max-image-preview:large, max-video-preview:-1\" \/>\n<link rel=\"canonical\" href=\"https:\/\/www.duuri.fi\/sv\/avslutningsprofil-for-ledstrakslist-30-mm-rostfritt-stal-300-mm\/\" \/>\n<meta property=\"og:locale\" content=\"sv_SE\" \/>\n<meta property=\"og:type\" content=\"article\" \/>\n<meta property=\"og:title\" content=\"Avslutningsprofil f\u00f6r ledstr\u00e5kslist, 30 mm rostfritt st\u00e5l, 300 mm - Duuri Oy\" \/>\n<meta property=\"og:description\" content=\"Avslutningsprofil f\u00f6r ledstr\u00e5kslist, bredd 30 mm. Slipat rostfritt st\u00e5l, bockad \u00e4nda. L\u00e4ngd 300 mm\" \/>\n<meta property=\"og:url\" content=\"https:\/\/www.duuri.fi\/sv\/avslutningsprofil-for-ledstrakslist-30-mm-rostfritt-stal-300-mm\/\" \/>\n<meta property=\"og:site_name\" content=\"Duuri Oy\" \/>\n<meta property=\"article:modified_time\" content=\"2026-03-07T04:34:45+00:00\" \/>\n<meta property=\"og:image\" content=\"https:\/\/www.duuri.fi\/wp-content\/uploads\/2020\/10\/T1_7094605-EC-scaled.jpg\" \/>\n\t<meta property=\"og:image:width\" content=\"2560\" \/>\n\t<meta property=\"og:image:height\" content=\"1920\" \/>\n\t<meta property=\"og:image:type\" content=\"image\/jpeg\" \/>\n<meta name=\"twitter:card\" content=\"summary_large_image\" \/>\n<script type=\"application\/ld+json\" class=\"yoast-schema-graph\">{\"@context\":\"https:\/\/schema.org\",\"@graph\":[{\"@type\":\"WebPage\",\"@id\":\"https:\/\/www.duuri.fi\/sv\/avslutningsprofil-for-ledstrakslist-30-mm-rostfritt-stal-300-mm\/\",\"url\":\"https:\/\/www.duuri.fi\/sv\/avslutningsprofil-for-ledstrakslist-30-mm-rostfritt-stal-300-mm\/\",\"name\":\"Avslutningsprofil f\u00f6r ledstr\u00e5kslist, 30 mm rostfritt st\u00e5l, 300 mm - Duuri Oy\",\"isPartOf\":{\"@id\":\"https:\/\/www.duuri.fi\/sv\/#website\"},\"primaryImageOfPage\":{\"@id\":\"https:\/\/www.duuri.fi\/sv\/avslutningsprofil-for-ledstrakslist-30-mm-rostfritt-stal-300-mm\/#primaryimage\"},\"image\":{\"@id\":\"https:\/\/www.duuri.fi\/sv\/avslutningsprofil-for-ledstrakslist-30-mm-rostfritt-stal-300-mm\/#primaryimage\"},\"thumbnailUrl\":\"https:\/\/www.duuri.fi\/wp-content\/uploads\/2020\/10\/T1_7094605-EC-scaled.jpg\",\"datePublished\":\"2020-09-04T04:10:19+00:00\",\"dateModified\":\"2026-03-07T04:34:45+00:00\",\"breadcrumb\":{\"@id\":\"https:\/\/www.duuri.fi\/sv\/avslutningsprofil-for-ledstrakslist-30-mm-rostfritt-stal-300-mm\/#breadcrumb\"},\"inLanguage\":\"sv-SE\",\"potentialAction\":[{\"@type\":\"ReadAction\",\"target\":[\"https:\/\/www.duuri.fi\/sv\/avslutningsprofil-for-ledstrakslist-30-mm-rostfritt-stal-300-mm\/\"]}]},{\"@type\":\"ImageObject\",\"inLanguage\":\"sv-SE\",\"@id\":\"https:\/\/www.duuri.fi\/sv\/avslutningsprofil-for-ledstrakslist-30-mm-rostfritt-stal-300-mm\/#primaryimage\",\"url\":\"https:\/\/www.duuri.fi\/wp-content\/uploads\/2020\/10\/T1_7094605-EC-scaled.jpg\",\"contentUrl\":\"https:\/\/www.duuri.fi\/wp-content\/uploads\/2020\/10\/T1_7094605-EC-scaled.jpg\",\"width\":2560,\"height\":1920},{\"@type\":\"BreadcrumbList\",\"@id\":\"https:\/\/www.duuri.fi\/sv\/avslutningsprofil-for-ledstrakslist-30-mm-rostfritt-stal-300-mm\/#breadcrumb\",\"itemListElement\":[{\"@type\":\"ListItem\",\"position\":1,\"name\":\"Home\",\"item\":\"https:\/\/www.duuri.fi\/sv\/\"},{\"@type\":\"ListItem\",\"position\":2,\"name\":\"Produkter\",\"item\":\"https:\/\/www.duuri.fi\/sv\/produkter\/\"},{\"@type\":\"ListItem\",\"position\":3,\"name\":\"Avslutningsprofil f\u00f6r ledstr\u00e5kslist, 30 mm rostfritt st\u00e5l, 300 mm\"}]},{\"@type\":\"WebSite\",\"@id\":\"https:\/\/www.duuri.fi\/sv\/#website\",\"url\":\"https:\/\/www.duuri.fi\/sv\/\",\"name\":\"Duuri Oy\",\"description\":\"Tuotteet ja asiantuntijapalvelut kodin sisustuksen ja julkisten tilojen viimeistelyyn\",\"publisher\":{\"@id\":\"https:\/\/www.duuri.fi\/sv\/#organization\"},\"potentialAction\":[{\"@type\":\"SearchAction\",\"target\":{\"@type\":\"EntryPoint\",\"urlTemplate\":\"https:\/\/www.duuri.fi\/sv\/?s={search_term_string}\"},\"query-input\":{\"@type\":\"PropertyValueSpecification\",\"valueRequired\":true,\"valueName\":\"search_term_string\"}}],\"inLanguage\":\"sv-SE\"},{\"@type\":\"Organization\",\"@id\":\"https:\/\/www.duuri.fi\/sv\/#organization\",\"name\":\"Duuri Oy\",\"url\":\"https:\/\/www.duuri.fi\/sv\/\",\"logo\":{\"@type\":\"ImageObject\",\"inLanguage\":\"sv-SE\",\"@id\":\"https:\/\/www.duuri.fi\/sv\/#\/schema\/logo\/image\/\",\"url\":\"https:\/\/www.duuri.fi\/wp-content\/uploads\/2020\/08\/Duuri_uusi-logo.png\",\"contentUrl\":\"https:\/\/www.duuri.fi\/wp-content\/uploads\/2020\/08\/Duuri_uusi-logo.png\",\"width\":242,\"height\":91,\"caption\":\"Duuri Oy\"},\"image\":{\"@id\":\"https:\/\/www.duuri.fi\/sv\/#\/schema\/logo\/image\/\"}}]}<\/script>\n<!-- \/ Yoast SEO plugin. -->","yoast_head_json":{"title":"Avslutningsprofil f\u00f6r ledstr\u00e5kslist, 30 mm rostfritt st\u00e5l, 300 mm - Duuri Oy","robots":{"index":"index","follow":"follow","max-snippet":"max-snippet:-1","max-image-preview":"max-image-preview:large","max-video-preview":"max-video-preview:-1"},"canonical":"https:\/\/www.duuri.fi\/sv\/avslutningsprofil-for-ledstrakslist-30-mm-rostfritt-stal-300-mm\/","og_locale":"sv_SE","og_type":"article","og_title":"Avslutningsprofil f\u00f6r ledstr\u00e5kslist, 30 mm rostfritt st\u00e5l, 300 mm - Duuri Oy","og_description":"Avslutningsprofil f\u00f6r ledstr\u00e5kslist, bredd 30 mm. Slipat rostfritt st\u00e5l, bockad \u00e4nda. L\u00e4ngd 300 mm","og_url":"https:\/\/www.duuri.fi\/sv\/avslutningsprofil-for-ledstrakslist-30-mm-rostfritt-stal-300-mm\/","og_site_name":"Duuri Oy","article_modified_time":"2026-03-07T04:34:45+00:00","og_image":[{"width":2560,"height":1920,"url":"https:\/\/www.duuri.fi\/wp-content\/uploads\/2020\/10\/T1_7094605-EC-scaled.jpg","type":"image\/jpeg"}],"twitter_card":"summary_large_image","schema":{"@context":"https:\/\/schema.org","@graph":[{"@type":"WebPage","@id":"https:\/\/www.duuri.fi\/sv\/avslutningsprofil-for-ledstrakslist-30-mm-rostfritt-stal-300-mm\/","url":"https:\/\/www.duuri.fi\/sv\/avslutningsprofil-for-ledstrakslist-30-mm-rostfritt-stal-300-mm\/","name":"Avslutningsprofil f\u00f6r ledstr\u00e5kslist, 30 mm rostfritt st\u00e5l, 300 mm - Duuri Oy","isPartOf":{"@id":"https:\/\/www.duuri.fi\/sv\/#website"},"primaryImageOfPage":{"@id":"https:\/\/www.duuri.fi\/sv\/avslutningsprofil-for-ledstrakslist-30-mm-rostfritt-stal-300-mm\/#primaryimage"},"image":{"@id":"https:\/\/www.duuri.fi\/sv\/avslutningsprofil-for-ledstrakslist-30-mm-rostfritt-stal-300-mm\/#primaryimage"},"thumbnailUrl":"https:\/\/www.duuri.fi\/wp-content\/uploads\/2020\/10\/T1_7094605-EC-scaled.jpg","datePublished":"2020-09-04T04:10:19+00:00","dateModified":"2026-03-07T04:34:45+00:00","breadcrumb":{"@id":"https:\/\/www.duuri.fi\/sv\/avslutningsprofil-for-ledstrakslist-30-mm-rostfritt-stal-300-mm\/#breadcrumb"},"inLanguage":"sv-SE","potentialAction":[{"@type":"ReadAction","target":["https:\/\/www.duuri.fi\/sv\/avslutningsprofil-for-ledstrakslist-30-mm-rostfritt-stal-300-mm\/"]}]},{"@type":"ImageObject","inLanguage":"sv-SE","@id":"https:\/\/www.duuri.fi\/sv\/avslutningsprofil-for-ledstrakslist-30-mm-rostfritt-stal-300-mm\/#primaryimage","url":"https:\/\/www.duuri.fi\/wp-content\/uploads\/2020\/10\/T1_7094605-EC-scaled.jpg","contentUrl":"https:\/\/www.duuri.fi\/wp-content\/uploads\/2020\/10\/T1_7094605-EC-scaled.jpg","width":2560,"height":1920},{"@type":"BreadcrumbList","@id":"https:\/\/www.duuri.fi\/sv\/avslutningsprofil-for-ledstrakslist-30-mm-rostfritt-stal-300-mm\/#breadcrumb","itemListElement":[{"@type":"ListItem","position":1,"name":"Home","item":"https:\/\/www.duuri.fi\/sv\/"},{"@type":"ListItem","position":2,"name":"Produkter","item":"https:\/\/www.duuri.fi\/sv\/produkter\/"},{"@type":"ListItem","position":3,"name":"Avslutningsprofil f\u00f6r ledstr\u00e5kslist, 30 mm rostfritt st\u00e5l, 300 mm"}]},{"@type":"WebSite","@id":"https:\/\/www.duuri.fi\/sv\/#website","url":"https:\/\/www.duuri.fi\/sv\/","name":"Duuri Oy","description":"Tuotteet ja asiantuntijapalvelut kodin sisustuksen ja julkisten tilojen viimeistelyyn","publisher":{"@id":"https:\/\/www.duuri.fi\/sv\/#organization"},"potentialAction":[{"@type":"SearchAction","target":{"@type":"EntryPoint","urlTemplate":"https:\/\/www.duuri.fi\/sv\/?s={search_term_string}"},"query-input":{"@type":"PropertyValueSpecification","valueRequired":true,"valueName":"search_term_string"}}],"inLanguage":"sv-SE"},{"@type":"Organization","@id":"https:\/\/www.duuri.fi\/sv\/#organization","name":"Duuri Oy","url":"https:\/\/www.duuri.fi\/sv\/","logo":{"@type":"ImageObject","inLanguage":"sv-SE","@id":"https:\/\/www.duuri.fi\/sv\/#\/schema\/logo\/image\/","url":"https:\/\/www.duuri.fi\/wp-content\/uploads\/2020\/08\/Duuri_uusi-logo.png","contentUrl":"https:\/\/www.duuri.fi\/wp-content\/uploads\/2020\/08\/Duuri_uusi-logo.png","width":242,"height":91,"caption":"Duuri Oy"},"image":{"@id":"https:\/\/www.duuri.fi\/sv\/#\/schema\/logo\/image\/"}}]}},"_links":{"self":[{"href":"https:\/\/www.duuri.fi\/sv\/wp-json\/wp\/v2\/product\/35030","targetHints":{"allow":["GET"]}}],"collection":[{"href":"https:\/\/www.duuri.fi\/sv\/wp-json\/wp\/v2\/product"}],"about":[{"href":"https:\/\/www.duuri.fi\/sv\/wp-json\/wp\/v2\/types\/product"}],"replies":[{"embeddable":true,"href":"https:\/\/www.duuri.fi\/sv\/wp-json\/wp\/v2\/comments?post=35030"}],"wp:featuredmedia":[{"embeddable":true,"href":"https:\/\/www.duuri.fi\/sv\/wp-json\/wp\/v2\/media\/21061"}],"wp:attachment":[{"href":"https:\/\/www.duuri.fi\/sv\/wp-json\/wp\/v2\/media?parent=35030"}],"wp:term":[{"taxonomy":"product_brand","embeddable":true,"href":"https:\/\/www.duuri.fi\/sv\/wp-json\/wp\/v2\/product_brand?post=35030"},{"taxonomy":"product_cat","embeddable":true,"href":"https:\/\/www.duuri.fi\/sv\/wp-json\/wp\/v2\/product_cat?post=35030"},{"taxonomy":"product_tag","embeddable":true,"href":"https:\/\/www.duuri.fi\/sv\/wp-json\/wp\/v2\/product_tag?post=35030"}],"curies":[{"name":"wp","href":"https:\/\/api.w.org\/{rel}","templated":true}]}}