{"id":34919,"date":"2020-09-04T07:07:04","date_gmt":"2020-09-04T04:07:04","guid":{"rendered":"https:\/\/www.duuri.fi\/hsa2-hiussaumaluukku-300x300mm-ilma-polytiivis-33db\/"},"modified":"2026-03-06T07:00:45","modified_gmt":"2026-03-06T05:00:45","slug":"hsa2-vagglucka-med-2x125mm-gips-300x300mm-luft-och-dammtat-33db","status":"publish","type":"product","link":"https:\/\/www.duuri.fi\/sv\/hsa2-vagglucka-med-2x125mm-gips-300x300mm-luft-och-dammtat-33db\/","title":{"rendered":"HSA2-V\u00c4GGLUCKA MED 2X12,5MM GIPS 300X300MM LUFT OCH DAMMT\u00c4T 33DB"},"content":{"rendered":"","protected":false},"excerpt":{"rendered":"<p>Lucka med aluminiumram och inl\u00e4gg av gipsskiva. Inl\u00e4gg med tv\u00e5 gipsskivor, inga synliga skruvhuvuden. Luft- och dammt\u00e4t. Ljudisolerad. F\u00f6r v\u00e4gg- och takinstallationer. Tryckl\u00e5sning. L\u00e4mplig f\u00f6r v\u00e5trum.<\/p>\n","protected":false},"featured_media":0,"comment_status":"closed","ping_status":"closed","template":"","meta":{"_acf_changed":false},"product_brand":[],"product_cat":[5640,6211,5639],"product_tag":[],"class_list":{"0":"post-34919","1":"product","2":"type-product","3":"status-publish","5":"product_cat-inspektionsluckor","6":"product_cat-inspektionsluckor-sv","7":"product_cat-takluckor","9":"first","10":"instock","11":"shipping-taxable","12":"product-type-simple"},"acf":[],"yoast_head":"<!-- This site is optimized with the Yoast SEO plugin v25.5 - https:\/\/yoast.com\/wordpress\/plugins\/seo\/ -->\n<title>HSA2-V\u00c4GGLUCKA MED 2X12,5MM GIPS 300X300MM LUFT OCH DAMMT\u00c4T 33DB - Duuri Oy<\/title>\n<meta name=\"robots\" content=\"index, follow, max-snippet:-1, max-image-preview:large, max-video-preview:-1\" \/>\n<link rel=\"canonical\" href=\"https:\/\/www.duuri.fi\/hsa2-hiussaumaluukku-300x300mm-ilma-polytiivis-33db\/\" \/>\n<meta property=\"og:locale\" content=\"sv_SE\" \/>\n<meta property=\"og:type\" content=\"article\" \/>\n<meta property=\"og:title\" content=\"HSA2-V\u00c4GGLUCKA MED 2X12,5MM GIPS 300X300MM LUFT OCH DAMMT\u00c4T 33DB - Duuri Oy\" \/>\n<meta property=\"og:description\" content=\"Lucka med aluminiumram och inl\u00e4gg av gipsskiva. Inl\u00e4gg med tv\u00e5 gipsskivor, inga synliga skruvhuvuden. Luft- och dammt\u00e4t. Ljudisolerad. F\u00f6r v\u00e4gg- och takinstallationer. Tryckl\u00e5sning. L\u00e4mplig f\u00f6r v\u00e5trum.\" \/>\n<meta property=\"og:url\" content=\"https:\/\/www.duuri.fi\/hsa2-hiussaumaluukku-300x300mm-ilma-polytiivis-33db\/\" \/>\n<meta property=\"og:site_name\" content=\"Duuri Oy\" \/>\n<meta property=\"article:modified_time\" content=\"2026-03-06T05:00:45+00:00\" \/>\n<meta name=\"twitter:card\" content=\"summary_large_image\" \/>\n<script type=\"application\/ld+json\" class=\"yoast-schema-graph\">{\"@context\":\"https:\/\/schema.org\",\"@graph\":[{\"@type\":\"WebPage\",\"@id\":\"https:\/\/www.duuri.fi\/hsa2-hiussaumaluukku-300x300mm-ilma-polytiivis-33db\/\",\"url\":\"https:\/\/www.duuri.fi\/hsa2-hiussaumaluukku-300x300mm-ilma-polytiivis-33db\/\",\"name\":\"HSA2-V\u00c4GGLUCKA MED 2X12,5MM GIPS 300X300MM LUFT OCH DAMMT\u00c4T 33DB - Duuri Oy\",\"isPartOf\":{\"@id\":\"https:\/\/www.duuri.fi\/sv\/#website\"},\"datePublished\":\"2020-09-04T04:07:04+00:00\",\"dateModified\":\"2026-03-06T05:00:45+00:00\",\"breadcrumb\":{\"@id\":\"https:\/\/www.duuri.fi\/hsa2-hiussaumaluukku-300x300mm-ilma-polytiivis-33db\/#breadcrumb\"},\"inLanguage\":\"sv-SE\",\"potentialAction\":[{\"@type\":\"ReadAction\",\"target\":[\"https:\/\/www.duuri.fi\/hsa2-hiussaumaluukku-300x300mm-ilma-polytiivis-33db\/\"]}]},{\"@type\":\"BreadcrumbList\",\"@id\":\"https:\/\/www.duuri.fi\/hsa2-hiussaumaluukku-300x300mm-ilma-polytiivis-33db\/#breadcrumb\",\"itemListElement\":[{\"@type\":\"ListItem\",\"position\":1,\"name\":\"Home\",\"item\":\"https:\/\/www.duuri.fi\/sv\/\"},{\"@type\":\"ListItem\",\"position\":2,\"name\":\"Produkter\",\"item\":\"https:\/\/www.duuri.fi\/sv\/produkter\/\"},{\"@type\":\"ListItem\",\"position\":3,\"name\":\"HSA2-V\u00c4GGLUCKA MED 2X12,5MM GIPS 300X300MM LUFT OCH DAMMT\u00c4T 33DB\"}]},{\"@type\":\"WebSite\",\"@id\":\"https:\/\/www.duuri.fi\/sv\/#website\",\"url\":\"https:\/\/www.duuri.fi\/sv\/\",\"name\":\"Duuri Oy\",\"description\":\"Tuotteet ja asiantuntijapalvelut kodin sisustuksen ja julkisten tilojen viimeistelyyn\",\"publisher\":{\"@id\":\"https:\/\/www.duuri.fi\/sv\/#organization\"},\"potentialAction\":[{\"@type\":\"SearchAction\",\"target\":{\"@type\":\"EntryPoint\",\"urlTemplate\":\"https:\/\/www.duuri.fi\/sv\/?s={search_term_string}\"},\"query-input\":{\"@type\":\"PropertyValueSpecification\",\"valueRequired\":true,\"valueName\":\"search_term_string\"}}],\"inLanguage\":\"sv-SE\"},{\"@type\":\"Organization\",\"@id\":\"https:\/\/www.duuri.fi\/sv\/#organization\",\"name\":\"Duuri Oy\",\"url\":\"https:\/\/www.duuri.fi\/sv\/\",\"logo\":{\"@type\":\"ImageObject\",\"inLanguage\":\"sv-SE\",\"@id\":\"https:\/\/www.duuri.fi\/sv\/#\/schema\/logo\/image\/\",\"url\":\"https:\/\/www.duuri.fi\/wp-content\/uploads\/2020\/08\/Duuri_uusi-logo.png\",\"contentUrl\":\"https:\/\/www.duuri.fi\/wp-content\/uploads\/2020\/08\/Duuri_uusi-logo.png\",\"width\":242,\"height\":91,\"caption\":\"Duuri Oy\"},\"image\":{\"@id\":\"https:\/\/www.duuri.fi\/sv\/#\/schema\/logo\/image\/\"}}]}<\/script>\n<!-- \/ Yoast SEO plugin. -->","yoast_head_json":{"title":"HSA2-V\u00c4GGLUCKA MED 2X12,5MM GIPS 300X300MM LUFT OCH DAMMT\u00c4T 33DB - Duuri Oy","robots":{"index":"index","follow":"follow","max-snippet":"max-snippet:-1","max-image-preview":"max-image-preview:large","max-video-preview":"max-video-preview:-1"},"canonical":"https:\/\/www.duuri.fi\/hsa2-hiussaumaluukku-300x300mm-ilma-polytiivis-33db\/","og_locale":"sv_SE","og_type":"article","og_title":"HSA2-V\u00c4GGLUCKA MED 2X12,5MM GIPS 300X300MM LUFT OCH DAMMT\u00c4T 33DB - Duuri Oy","og_description":"Lucka med aluminiumram och inl\u00e4gg av gipsskiva. Inl\u00e4gg med tv\u00e5 gipsskivor, inga synliga skruvhuvuden. Luft- och dammt\u00e4t. Ljudisolerad. F\u00f6r v\u00e4gg- och takinstallationer. Tryckl\u00e5sning. L\u00e4mplig f\u00f6r v\u00e5trum.","og_url":"https:\/\/www.duuri.fi\/hsa2-hiussaumaluukku-300x300mm-ilma-polytiivis-33db\/","og_site_name":"Duuri Oy","article_modified_time":"2026-03-06T05:00:45+00:00","twitter_card":"summary_large_image","schema":{"@context":"https:\/\/schema.org","@graph":[{"@type":"WebPage","@id":"https:\/\/www.duuri.fi\/hsa2-hiussaumaluukku-300x300mm-ilma-polytiivis-33db\/","url":"https:\/\/www.duuri.fi\/hsa2-hiussaumaluukku-300x300mm-ilma-polytiivis-33db\/","name":"HSA2-V\u00c4GGLUCKA MED 2X12,5MM GIPS 300X300MM LUFT OCH DAMMT\u00c4T 33DB - Duuri Oy","isPartOf":{"@id":"https:\/\/www.duuri.fi\/sv\/#website"},"datePublished":"2020-09-04T04:07:04+00:00","dateModified":"2026-03-06T05:00:45+00:00","breadcrumb":{"@id":"https:\/\/www.duuri.fi\/hsa2-hiussaumaluukku-300x300mm-ilma-polytiivis-33db\/#breadcrumb"},"inLanguage":"sv-SE","potentialAction":[{"@type":"ReadAction","target":["https:\/\/www.duuri.fi\/hsa2-hiussaumaluukku-300x300mm-ilma-polytiivis-33db\/"]}]},{"@type":"BreadcrumbList","@id":"https:\/\/www.duuri.fi\/hsa2-hiussaumaluukku-300x300mm-ilma-polytiivis-33db\/#breadcrumb","itemListElement":[{"@type":"ListItem","position":1,"name":"Home","item":"https:\/\/www.duuri.fi\/sv\/"},{"@type":"ListItem","position":2,"name":"Produkter","item":"https:\/\/www.duuri.fi\/sv\/produkter\/"},{"@type":"ListItem","position":3,"name":"HSA2-V\u00c4GGLUCKA MED 2X12,5MM GIPS 300X300MM LUFT OCH DAMMT\u00c4T 33DB"}]},{"@type":"WebSite","@id":"https:\/\/www.duuri.fi\/sv\/#website","url":"https:\/\/www.duuri.fi\/sv\/","name":"Duuri Oy","description":"Tuotteet ja asiantuntijapalvelut kodin sisustuksen ja julkisten tilojen viimeistelyyn","publisher":{"@id":"https:\/\/www.duuri.fi\/sv\/#organization"},"potentialAction":[{"@type":"SearchAction","target":{"@type":"EntryPoint","urlTemplate":"https:\/\/www.duuri.fi\/sv\/?s={search_term_string}"},"query-input":{"@type":"PropertyValueSpecification","valueRequired":true,"valueName":"search_term_string"}}],"inLanguage":"sv-SE"},{"@type":"Organization","@id":"https:\/\/www.duuri.fi\/sv\/#organization","name":"Duuri Oy","url":"https:\/\/www.duuri.fi\/sv\/","logo":{"@type":"ImageObject","inLanguage":"sv-SE","@id":"https:\/\/www.duuri.fi\/sv\/#\/schema\/logo\/image\/","url":"https:\/\/www.duuri.fi\/wp-content\/uploads\/2020\/08\/Duuri_uusi-logo.png","contentUrl":"https:\/\/www.duuri.fi\/wp-content\/uploads\/2020\/08\/Duuri_uusi-logo.png","width":242,"height":91,"caption":"Duuri Oy"},"image":{"@id":"https:\/\/www.duuri.fi\/sv\/#\/schema\/logo\/image\/"}}]}},"_links":{"self":[{"href":"https:\/\/www.duuri.fi\/sv\/wp-json\/wp\/v2\/product\/34919","targetHints":{"allow":["GET"]}}],"collection":[{"href":"https:\/\/www.duuri.fi\/sv\/wp-json\/wp\/v2\/product"}],"about":[{"href":"https:\/\/www.duuri.fi\/sv\/wp-json\/wp\/v2\/types\/product"}],"replies":[{"embeddable":true,"href":"https:\/\/www.duuri.fi\/sv\/wp-json\/wp\/v2\/comments?post=34919"}],"wp:attachment":[{"href":"https:\/\/www.duuri.fi\/sv\/wp-json\/wp\/v2\/media?parent=34919"}],"wp:term":[{"taxonomy":"product_brand","embeddable":true,"href":"https:\/\/www.duuri.fi\/sv\/wp-json\/wp\/v2\/product_brand?post=34919"},{"taxonomy":"product_cat","embeddable":true,"href":"https:\/\/www.duuri.fi\/sv\/wp-json\/wp\/v2\/product_cat?post=34919"},{"taxonomy":"product_tag","embeddable":true,"href":"https:\/\/www.duuri.fi\/sv\/wp-json\/wp\/v2\/product_tag?post=34919"}],"curies":[{"name":"wp","href":"https:\/\/api.w.org\/{rel}","templated":true}]}}