{"id":34890,"date":"2020-09-04T07:06:49","date_gmt":"2020-09-04T04:06:49","guid":{"rendered":"https:\/\/www.duuri.fi\/lattialuukku-sinkitty-teras-500x500mm-kyynelkuvioitu-kansi\/"},"modified":"2026-03-06T06:37:25","modified_gmt":"2026-03-06T04:37:25","slug":"golvlucka-galvaniserad-stal-500x500mm-med-durkplats-lock-for-trabjalklag","status":"publish","type":"product","link":"https:\/\/www.duuri.fi\/sv\/golvlucka-galvaniserad-stal-500x500mm-med-durkplats-lock-for-trabjalklag\/","title":{"rendered":"GOLVLUCKA GALVANISERAD ST\u00c5L 500X500MM MED DURKPL\u00c5TS LOCK F\u00d6R TR\u00c4BJ\u00c4LKLAG"},"content":{"rendered":"<p>Lucka tillverkad av galvaniserat st\u00e5l. Ramen \u00e4r tillverkad av 2 mm galvaniserat st\u00e5l och luckan \u00e4r tillverkad av 3 mm rutm\u00f6nstrad aluminium. Med t\u00e4tning, men inte helt gas- och vattent\u00e4t. Locket \u00e4r f\u00f6rsett med f\u00e4stskruvar och det \u00f6ppnas ocks\u00e5 genom att lossa och lyfta via dessa skruvar. Passar f\u00f6r inomhus- och utomhusinstallationer d\u00e4r man beh\u00f6ver en rostfri lucka med pl\u00e5tyta, eller en yta som ska bel\u00e4ggas. Ramen passas in i h\u00e5let och f\u00e4sts genom att skruva fast nedre delens perforering i \u00f6ppningens vertikala kant. Vid behov kan ramen monteras i golvet med lim eller bruk. Belastningsh\u00e5llbarhet 15 kN<\/p>\n","protected":false},"excerpt":{"rendered":"<p>Lucka, f\u00f6rzinkat st\u00e5l. T\u00e4ckplattan har rutm\u00f6nster f\u00f6r minskad halkrisk. Med t\u00e4tning, men inte helt gas- och vattent\u00e4t. F\u00f6r inomhusbruk. Belastningsh\u00e5llbarhet 15 kN.<\/p>\n","protected":false},"featured_media":51269,"comment_status":"closed","ping_status":"closed","template":"","meta":{"_acf_changed":false},"product_brand":[5406],"product_cat":[5631,6210],"product_tag":[],"class_list":{"0":"post-34890","1":"product","2":"type-product","3":"status-publish","4":"has-post-thumbnail","6":"product_brand-duuripro","7":"product_cat-golvluckor","8":"product_cat-golvluckor-sv","10":"first","11":"instock","12":"shipping-taxable","13":"product-type-simple"},"acf":[],"yoast_head":"<!-- This site is optimized with the Yoast SEO plugin v25.5 - https:\/\/yoast.com\/wordpress\/plugins\/seo\/ -->\n<title>GOLVLUCKA GALVANISERAD ST\u00c5L 500X500MM MED DURKPL\u00c5TS LOCK F\u00d6R TR\u00c4BJ\u00c4LKLAG - Duuri Oy<\/title>\n<meta name=\"robots\" content=\"index, follow, max-snippet:-1, max-image-preview:large, max-video-preview:-1\" \/>\n<link rel=\"canonical\" href=\"https:\/\/www.duuri.fi\/sv\/golvlucka-galvaniserad-stal-500x500mm-med-durkplats-lock-for-trabjalklag\/\" \/>\n<meta property=\"og:locale\" content=\"sv_SE\" \/>\n<meta property=\"og:type\" content=\"article\" \/>\n<meta property=\"og:title\" content=\"GOLVLUCKA GALVANISERAD ST\u00c5L 500X500MM MED DURKPL\u00c5TS LOCK F\u00d6R TR\u00c4BJ\u00c4LKLAG - Duuri Oy\" \/>\n<meta property=\"og:description\" content=\"Lucka, f\u00f6rzinkat st\u00e5l. T\u00e4ckplattan har rutm\u00f6nster f\u00f6r minskad halkrisk. Med t\u00e4tning, men inte helt gas- och vattent\u00e4t. F\u00f6r inomhusbruk. Belastningsh\u00e5llbarhet 15 kN.\" \/>\n<meta property=\"og:url\" content=\"https:\/\/www.duuri.fi\/sv\/golvlucka-galvaniserad-stal-500x500mm-med-durkplats-lock-for-trabjalklag\/\" \/>\n<meta property=\"og:site_name\" content=\"Duuri Oy\" \/>\n<meta property=\"article:modified_time\" content=\"2026-03-06T04:37:25+00:00\" \/>\n<meta property=\"og:image\" content=\"https:\/\/www.duuri.fi\/wp-content\/uploads\/2020\/08\/T1_HL-TL-55.jpg\" \/>\n\t<meta property=\"og:image:width\" content=\"1432\" \/>\n\t<meta property=\"og:image:height\" content=\"1036\" \/>\n\t<meta property=\"og:image:type\" content=\"image\/jpeg\" \/>\n<meta name=\"twitter:card\" content=\"summary_large_image\" \/>\n<meta name=\"twitter:label1\" content=\"Ber\u00e4knad l\u00e4stid\" \/>\n\t<meta name=\"twitter:data1\" content=\"1 minut\" \/>\n<script type=\"application\/ld+json\" class=\"yoast-schema-graph\">{\"@context\":\"https:\/\/schema.org\",\"@graph\":[{\"@type\":\"WebPage\",\"@id\":\"https:\/\/www.duuri.fi\/sv\/golvlucka-galvaniserad-stal-500x500mm-med-durkplats-lock-for-trabjalklag\/\",\"url\":\"https:\/\/www.duuri.fi\/sv\/golvlucka-galvaniserad-stal-500x500mm-med-durkplats-lock-for-trabjalklag\/\",\"name\":\"GOLVLUCKA GALVANISERAD ST\u00c5L 500X500MM MED DURKPL\u00c5TS LOCK F\u00d6R TR\u00c4BJ\u00c4LKLAG - Duuri Oy\",\"isPartOf\":{\"@id\":\"https:\/\/www.duuri.fi\/sv\/#website\"},\"primaryImageOfPage\":{\"@id\":\"https:\/\/www.duuri.fi\/sv\/golvlucka-galvaniserad-stal-500x500mm-med-durkplats-lock-for-trabjalklag\/#primaryimage\"},\"image\":{\"@id\":\"https:\/\/www.duuri.fi\/sv\/golvlucka-galvaniserad-stal-500x500mm-med-durkplats-lock-for-trabjalklag\/#primaryimage\"},\"thumbnailUrl\":\"https:\/\/www.duuri.fi\/wp-content\/uploads\/2022\/10\/T1_HL-TL-55.jpg\",\"datePublished\":\"2020-09-04T04:06:49+00:00\",\"dateModified\":\"2026-03-06T04:37:25+00:00\",\"breadcrumb\":{\"@id\":\"https:\/\/www.duuri.fi\/sv\/golvlucka-galvaniserad-stal-500x500mm-med-durkplats-lock-for-trabjalklag\/#breadcrumb\"},\"inLanguage\":\"sv-SE\",\"potentialAction\":[{\"@type\":\"ReadAction\",\"target\":[\"https:\/\/www.duuri.fi\/sv\/golvlucka-galvaniserad-stal-500x500mm-med-durkplats-lock-for-trabjalklag\/\"]}]},{\"@type\":\"ImageObject\",\"inLanguage\":\"sv-SE\",\"@id\":\"https:\/\/www.duuri.fi\/sv\/golvlucka-galvaniserad-stal-500x500mm-med-durkplats-lock-for-trabjalklag\/#primaryimage\",\"url\":\"https:\/\/www.duuri.fi\/wp-content\/uploads\/2022\/10\/T1_HL-TL-55.jpg\",\"contentUrl\":\"https:\/\/www.duuri.fi\/wp-content\/uploads\/2022\/10\/T1_HL-TL-55.jpg\",\"width\":1432,\"height\":1036},{\"@type\":\"BreadcrumbList\",\"@id\":\"https:\/\/www.duuri.fi\/sv\/golvlucka-galvaniserad-stal-500x500mm-med-durkplats-lock-for-trabjalklag\/#breadcrumb\",\"itemListElement\":[{\"@type\":\"ListItem\",\"position\":1,\"name\":\"Home\",\"item\":\"https:\/\/www.duuri.fi\/sv\/\"},{\"@type\":\"ListItem\",\"position\":2,\"name\":\"Produkter\",\"item\":\"https:\/\/www.duuri.fi\/sv\/produkter\/\"},{\"@type\":\"ListItem\",\"position\":3,\"name\":\"GOLVLUCKA GALVANISERAD ST\u00c5L 500X500MM MED DURKPL\u00c5TS LOCK F\u00d6R TR\u00c4BJ\u00c4LKLAG\"}]},{\"@type\":\"WebSite\",\"@id\":\"https:\/\/www.duuri.fi\/sv\/#website\",\"url\":\"https:\/\/www.duuri.fi\/sv\/\",\"name\":\"Duuri Oy\",\"description\":\"Tuotteet ja asiantuntijapalvelut kodin sisustuksen ja julkisten tilojen viimeistelyyn\",\"publisher\":{\"@id\":\"https:\/\/www.duuri.fi\/sv\/#organization\"},\"potentialAction\":[{\"@type\":\"SearchAction\",\"target\":{\"@type\":\"EntryPoint\",\"urlTemplate\":\"https:\/\/www.duuri.fi\/sv\/?s={search_term_string}\"},\"query-input\":{\"@type\":\"PropertyValueSpecification\",\"valueRequired\":true,\"valueName\":\"search_term_string\"}}],\"inLanguage\":\"sv-SE\"},{\"@type\":\"Organization\",\"@id\":\"https:\/\/www.duuri.fi\/sv\/#organization\",\"name\":\"Duuri Oy\",\"url\":\"https:\/\/www.duuri.fi\/sv\/\",\"logo\":{\"@type\":\"ImageObject\",\"inLanguage\":\"sv-SE\",\"@id\":\"https:\/\/www.duuri.fi\/sv\/#\/schema\/logo\/image\/\",\"url\":\"https:\/\/www.duuri.fi\/wp-content\/uploads\/2020\/08\/Duuri_uusi-logo.png\",\"contentUrl\":\"https:\/\/www.duuri.fi\/wp-content\/uploads\/2020\/08\/Duuri_uusi-logo.png\",\"width\":242,\"height\":91,\"caption\":\"Duuri Oy\"},\"image\":{\"@id\":\"https:\/\/www.duuri.fi\/sv\/#\/schema\/logo\/image\/\"}}]}<\/script>\n<!-- \/ Yoast SEO plugin. -->","yoast_head_json":{"title":"GOLVLUCKA GALVANISERAD ST\u00c5L 500X500MM MED DURKPL\u00c5TS LOCK F\u00d6R TR\u00c4BJ\u00c4LKLAG - Duuri Oy","robots":{"index":"index","follow":"follow","max-snippet":"max-snippet:-1","max-image-preview":"max-image-preview:large","max-video-preview":"max-video-preview:-1"},"canonical":"https:\/\/www.duuri.fi\/sv\/golvlucka-galvaniserad-stal-500x500mm-med-durkplats-lock-for-trabjalklag\/","og_locale":"sv_SE","og_type":"article","og_title":"GOLVLUCKA GALVANISERAD ST\u00c5L 500X500MM MED DURKPL\u00c5TS LOCK F\u00d6R TR\u00c4BJ\u00c4LKLAG - Duuri Oy","og_description":"Lucka, f\u00f6rzinkat st\u00e5l. T\u00e4ckplattan har rutm\u00f6nster f\u00f6r minskad halkrisk. Med t\u00e4tning, men inte helt gas- och vattent\u00e4t. F\u00f6r inomhusbruk. Belastningsh\u00e5llbarhet 15 kN.","og_url":"https:\/\/www.duuri.fi\/sv\/golvlucka-galvaniserad-stal-500x500mm-med-durkplats-lock-for-trabjalklag\/","og_site_name":"Duuri Oy","article_modified_time":"2026-03-06T04:37:25+00:00","og_image":[{"width":1432,"height":1036,"url":"https:\/\/www.duuri.fi\/wp-content\/uploads\/2020\/08\/T1_HL-TL-55.jpg","type":"image\/jpeg"}],"twitter_card":"summary_large_image","twitter_misc":{"Ber\u00e4knad l\u00e4stid":"1 minut"},"schema":{"@context":"https:\/\/schema.org","@graph":[{"@type":"WebPage","@id":"https:\/\/www.duuri.fi\/sv\/golvlucka-galvaniserad-stal-500x500mm-med-durkplats-lock-for-trabjalklag\/","url":"https:\/\/www.duuri.fi\/sv\/golvlucka-galvaniserad-stal-500x500mm-med-durkplats-lock-for-trabjalklag\/","name":"GOLVLUCKA GALVANISERAD ST\u00c5L 500X500MM MED DURKPL\u00c5TS LOCK F\u00d6R TR\u00c4BJ\u00c4LKLAG - Duuri Oy","isPartOf":{"@id":"https:\/\/www.duuri.fi\/sv\/#website"},"primaryImageOfPage":{"@id":"https:\/\/www.duuri.fi\/sv\/golvlucka-galvaniserad-stal-500x500mm-med-durkplats-lock-for-trabjalklag\/#primaryimage"},"image":{"@id":"https:\/\/www.duuri.fi\/sv\/golvlucka-galvaniserad-stal-500x500mm-med-durkplats-lock-for-trabjalklag\/#primaryimage"},"thumbnailUrl":"https:\/\/www.duuri.fi\/wp-content\/uploads\/2022\/10\/T1_HL-TL-55.jpg","datePublished":"2020-09-04T04:06:49+00:00","dateModified":"2026-03-06T04:37:25+00:00","breadcrumb":{"@id":"https:\/\/www.duuri.fi\/sv\/golvlucka-galvaniserad-stal-500x500mm-med-durkplats-lock-for-trabjalklag\/#breadcrumb"},"inLanguage":"sv-SE","potentialAction":[{"@type":"ReadAction","target":["https:\/\/www.duuri.fi\/sv\/golvlucka-galvaniserad-stal-500x500mm-med-durkplats-lock-for-trabjalklag\/"]}]},{"@type":"ImageObject","inLanguage":"sv-SE","@id":"https:\/\/www.duuri.fi\/sv\/golvlucka-galvaniserad-stal-500x500mm-med-durkplats-lock-for-trabjalklag\/#primaryimage","url":"https:\/\/www.duuri.fi\/wp-content\/uploads\/2022\/10\/T1_HL-TL-55.jpg","contentUrl":"https:\/\/www.duuri.fi\/wp-content\/uploads\/2022\/10\/T1_HL-TL-55.jpg","width":1432,"height":1036},{"@type":"BreadcrumbList","@id":"https:\/\/www.duuri.fi\/sv\/golvlucka-galvaniserad-stal-500x500mm-med-durkplats-lock-for-trabjalklag\/#breadcrumb","itemListElement":[{"@type":"ListItem","position":1,"name":"Home","item":"https:\/\/www.duuri.fi\/sv\/"},{"@type":"ListItem","position":2,"name":"Produkter","item":"https:\/\/www.duuri.fi\/sv\/produkter\/"},{"@type":"ListItem","position":3,"name":"GOLVLUCKA GALVANISERAD ST\u00c5L 500X500MM MED DURKPL\u00c5TS LOCK F\u00d6R TR\u00c4BJ\u00c4LKLAG"}]},{"@type":"WebSite","@id":"https:\/\/www.duuri.fi\/sv\/#website","url":"https:\/\/www.duuri.fi\/sv\/","name":"Duuri Oy","description":"Tuotteet ja asiantuntijapalvelut kodin sisustuksen ja julkisten tilojen viimeistelyyn","publisher":{"@id":"https:\/\/www.duuri.fi\/sv\/#organization"},"potentialAction":[{"@type":"SearchAction","target":{"@type":"EntryPoint","urlTemplate":"https:\/\/www.duuri.fi\/sv\/?s={search_term_string}"},"query-input":{"@type":"PropertyValueSpecification","valueRequired":true,"valueName":"search_term_string"}}],"inLanguage":"sv-SE"},{"@type":"Organization","@id":"https:\/\/www.duuri.fi\/sv\/#organization","name":"Duuri Oy","url":"https:\/\/www.duuri.fi\/sv\/","logo":{"@type":"ImageObject","inLanguage":"sv-SE","@id":"https:\/\/www.duuri.fi\/sv\/#\/schema\/logo\/image\/","url":"https:\/\/www.duuri.fi\/wp-content\/uploads\/2020\/08\/Duuri_uusi-logo.png","contentUrl":"https:\/\/www.duuri.fi\/wp-content\/uploads\/2020\/08\/Duuri_uusi-logo.png","width":242,"height":91,"caption":"Duuri Oy"},"image":{"@id":"https:\/\/www.duuri.fi\/sv\/#\/schema\/logo\/image\/"}}]}},"_links":{"self":[{"href":"https:\/\/www.duuri.fi\/sv\/wp-json\/wp\/v2\/product\/34890","targetHints":{"allow":["GET"]}}],"collection":[{"href":"https:\/\/www.duuri.fi\/sv\/wp-json\/wp\/v2\/product"}],"about":[{"href":"https:\/\/www.duuri.fi\/sv\/wp-json\/wp\/v2\/types\/product"}],"replies":[{"embeddable":true,"href":"https:\/\/www.duuri.fi\/sv\/wp-json\/wp\/v2\/comments?post=34890"}],"wp:featuredmedia":[{"embeddable":true,"href":"https:\/\/www.duuri.fi\/sv\/wp-json\/wp\/v2\/media\/51269"}],"wp:attachment":[{"href":"https:\/\/www.duuri.fi\/sv\/wp-json\/wp\/v2\/media?parent=34890"}],"wp:term":[{"taxonomy":"product_brand","embeddable":true,"href":"https:\/\/www.duuri.fi\/sv\/wp-json\/wp\/v2\/product_brand?post=34890"},{"taxonomy":"product_cat","embeddable":true,"href":"https:\/\/www.duuri.fi\/sv\/wp-json\/wp\/v2\/product_cat?post=34890"},{"taxonomy":"product_tag","embeddable":true,"href":"https:\/\/www.duuri.fi\/sv\/wp-json\/wp\/v2\/product_tag?post=34890"}],"curies":[{"name":"wp","href":"https:\/\/api.w.org\/{rel}","templated":true}]}}