{"id":34806,"date":"2020-09-04T07:06:38","date_gmt":"2020-09-04T04:06:38","guid":{"rendered":"https:\/\/www.duuri.fi\/lattialuukku-sinkitty-teras-570x370mm-kyynelkuvioitu-kansi-valettava\/"},"modified":"2026-03-06T06:30:40","modified_gmt":"2026-03-06T04:30:40","slug":"golvlucka-galvaniserad-stal-570x370mm-med-durkplats-lock-for-ingjutning","status":"publish","type":"product","link":"https:\/\/www.duuri.fi\/sv\/golvlucka-galvaniserad-stal-570x370mm-med-durkplats-lock-for-ingjutning\/","title":{"rendered":"GOLVLUCKA GALVANISERAD ST\u00c5L 570X370MM MED DURKPL\u00c5TS LOCK F\u00d6R INGJUTNING"},"content":{"rendered":"<p>Lucka tillverkad av galvaniserat st\u00e5l. Konstruktionen \u00e4r galvaniserad efter svetsningen. T\u00e4ckplattan har rutm\u00f6nster f\u00f6r minskad halkrisk Platt konstruktion. Leveransen inkluderar ett \u00f6ppningsverktyg. Enklare lock avsett f\u00f6r l\u00e4ttare anv\u00e4ndning. Belastningsh\u00e5llbarhet 15 kN<\/p>\n","protected":false},"excerpt":{"rendered":"<p>Lucka, f\u00f6rzinkat st\u00e5l. T\u00e4ckplattan har rutm\u00f6nster f\u00f6r minskad halkrisk. F\u00f6r inom- och utomhusbruk. Belastningsh\u00e5llbarhet 15 kN.<\/p>\n","protected":false},"featured_media":0,"comment_status":"closed","ping_status":"closed","template":"","meta":{"_acf_changed":false},"product_brand":[5402],"product_cat":[5631,6210],"product_tag":[],"class_list":{"0":"post-34806","1":"product","2":"type-product","3":"status-publish","5":"product_brand-hago","6":"product_cat-golvluckor","7":"product_cat-golvluckor-sv","9":"first","10":"instock","11":"shipping-taxable","12":"product-type-simple"},"acf":[],"yoast_head":"<!-- This site is optimized with the Yoast SEO plugin v25.5 - https:\/\/yoast.com\/wordpress\/plugins\/seo\/ -->\n<title>GOLVLUCKA GALVANISERAD ST\u00c5L 570X370MM MED DURKPL\u00c5TS LOCK F\u00d6R INGJUTNING - Duuri Oy<\/title>\n<meta name=\"robots\" content=\"index, follow, max-snippet:-1, max-image-preview:large, max-video-preview:-1\" \/>\n<link rel=\"canonical\" href=\"https:\/\/www.duuri.fi\/sv\/golvlucka-galvaniserad-stal-570x370mm-med-durkplats-lock-for-ingjutning\/\" \/>\n<meta property=\"og:locale\" content=\"sv_SE\" \/>\n<meta property=\"og:type\" content=\"article\" \/>\n<meta property=\"og:title\" content=\"GOLVLUCKA GALVANISERAD ST\u00c5L 570X370MM MED DURKPL\u00c5TS LOCK F\u00d6R INGJUTNING - Duuri Oy\" \/>\n<meta property=\"og:description\" content=\"Lucka, f\u00f6rzinkat st\u00e5l. T\u00e4ckplattan har rutm\u00f6nster f\u00f6r minskad halkrisk. F\u00f6r inom- och utomhusbruk. Belastningsh\u00e5llbarhet 15 kN.\" \/>\n<meta property=\"og:url\" content=\"https:\/\/www.duuri.fi\/sv\/golvlucka-galvaniserad-stal-570x370mm-med-durkplats-lock-for-ingjutning\/\" \/>\n<meta property=\"og:site_name\" content=\"Duuri Oy\" \/>\n<meta property=\"article:modified_time\" content=\"2026-03-06T04:30:40+00:00\" \/>\n<meta name=\"twitter:card\" content=\"summary_large_image\" \/>\n<script type=\"application\/ld+json\" class=\"yoast-schema-graph\">{\"@context\":\"https:\/\/schema.org\",\"@graph\":[{\"@type\":\"WebPage\",\"@id\":\"https:\/\/www.duuri.fi\/sv\/golvlucka-galvaniserad-stal-570x370mm-med-durkplats-lock-for-ingjutning\/\",\"url\":\"https:\/\/www.duuri.fi\/sv\/golvlucka-galvaniserad-stal-570x370mm-med-durkplats-lock-for-ingjutning\/\",\"name\":\"GOLVLUCKA GALVANISERAD ST\u00c5L 570X370MM MED DURKPL\u00c5TS LOCK F\u00d6R INGJUTNING - Duuri Oy\",\"isPartOf\":{\"@id\":\"https:\/\/www.duuri.fi\/sv\/#website\"},\"datePublished\":\"2020-09-04T04:06:38+00:00\",\"dateModified\":\"2026-03-06T04:30:40+00:00\",\"breadcrumb\":{\"@id\":\"https:\/\/www.duuri.fi\/sv\/golvlucka-galvaniserad-stal-570x370mm-med-durkplats-lock-for-ingjutning\/#breadcrumb\"},\"inLanguage\":\"sv-SE\",\"potentialAction\":[{\"@type\":\"ReadAction\",\"target\":[\"https:\/\/www.duuri.fi\/sv\/golvlucka-galvaniserad-stal-570x370mm-med-durkplats-lock-for-ingjutning\/\"]}]},{\"@type\":\"BreadcrumbList\",\"@id\":\"https:\/\/www.duuri.fi\/sv\/golvlucka-galvaniserad-stal-570x370mm-med-durkplats-lock-for-ingjutning\/#breadcrumb\",\"itemListElement\":[{\"@type\":\"ListItem\",\"position\":1,\"name\":\"Home\",\"item\":\"https:\/\/www.duuri.fi\/sv\/\"},{\"@type\":\"ListItem\",\"position\":2,\"name\":\"Produkter\",\"item\":\"https:\/\/www.duuri.fi\/sv\/produkter\/\"},{\"@type\":\"ListItem\",\"position\":3,\"name\":\"GOLVLUCKA GALVANISERAD ST\u00c5L 570X370MM MED DURKPL\u00c5TS LOCK F\u00d6R INGJUTNING\"}]},{\"@type\":\"WebSite\",\"@id\":\"https:\/\/www.duuri.fi\/sv\/#website\",\"url\":\"https:\/\/www.duuri.fi\/sv\/\",\"name\":\"Duuri Oy\",\"description\":\"Tuotteet ja asiantuntijapalvelut kodin sisustuksen ja julkisten tilojen viimeistelyyn\",\"publisher\":{\"@id\":\"https:\/\/www.duuri.fi\/sv\/#organization\"},\"potentialAction\":[{\"@type\":\"SearchAction\",\"target\":{\"@type\":\"EntryPoint\",\"urlTemplate\":\"https:\/\/www.duuri.fi\/sv\/?s={search_term_string}\"},\"query-input\":{\"@type\":\"PropertyValueSpecification\",\"valueRequired\":true,\"valueName\":\"search_term_string\"}}],\"inLanguage\":\"sv-SE\"},{\"@type\":\"Organization\",\"@id\":\"https:\/\/www.duuri.fi\/sv\/#organization\",\"name\":\"Duuri Oy\",\"url\":\"https:\/\/www.duuri.fi\/sv\/\",\"logo\":{\"@type\":\"ImageObject\",\"inLanguage\":\"sv-SE\",\"@id\":\"https:\/\/www.duuri.fi\/sv\/#\/schema\/logo\/image\/\",\"url\":\"https:\/\/www.duuri.fi\/wp-content\/uploads\/2020\/08\/Duuri_uusi-logo.png\",\"contentUrl\":\"https:\/\/www.duuri.fi\/wp-content\/uploads\/2020\/08\/Duuri_uusi-logo.png\",\"width\":242,\"height\":91,\"caption\":\"Duuri Oy\"},\"image\":{\"@id\":\"https:\/\/www.duuri.fi\/sv\/#\/schema\/logo\/image\/\"}}]}<\/script>\n<!-- \/ Yoast SEO plugin. -->","yoast_head_json":{"title":"GOLVLUCKA GALVANISERAD ST\u00c5L 570X370MM MED DURKPL\u00c5TS LOCK F\u00d6R INGJUTNING - Duuri Oy","robots":{"index":"index","follow":"follow","max-snippet":"max-snippet:-1","max-image-preview":"max-image-preview:large","max-video-preview":"max-video-preview:-1"},"canonical":"https:\/\/www.duuri.fi\/sv\/golvlucka-galvaniserad-stal-570x370mm-med-durkplats-lock-for-ingjutning\/","og_locale":"sv_SE","og_type":"article","og_title":"GOLVLUCKA GALVANISERAD ST\u00c5L 570X370MM MED DURKPL\u00c5TS LOCK F\u00d6R INGJUTNING - Duuri Oy","og_description":"Lucka, f\u00f6rzinkat st\u00e5l. T\u00e4ckplattan har rutm\u00f6nster f\u00f6r minskad halkrisk. F\u00f6r inom- och utomhusbruk. Belastningsh\u00e5llbarhet 15 kN.","og_url":"https:\/\/www.duuri.fi\/sv\/golvlucka-galvaniserad-stal-570x370mm-med-durkplats-lock-for-ingjutning\/","og_site_name":"Duuri Oy","article_modified_time":"2026-03-06T04:30:40+00:00","twitter_card":"summary_large_image","schema":{"@context":"https:\/\/schema.org","@graph":[{"@type":"WebPage","@id":"https:\/\/www.duuri.fi\/sv\/golvlucka-galvaniserad-stal-570x370mm-med-durkplats-lock-for-ingjutning\/","url":"https:\/\/www.duuri.fi\/sv\/golvlucka-galvaniserad-stal-570x370mm-med-durkplats-lock-for-ingjutning\/","name":"GOLVLUCKA GALVANISERAD ST\u00c5L 570X370MM MED DURKPL\u00c5TS LOCK F\u00d6R INGJUTNING - Duuri Oy","isPartOf":{"@id":"https:\/\/www.duuri.fi\/sv\/#website"},"datePublished":"2020-09-04T04:06:38+00:00","dateModified":"2026-03-06T04:30:40+00:00","breadcrumb":{"@id":"https:\/\/www.duuri.fi\/sv\/golvlucka-galvaniserad-stal-570x370mm-med-durkplats-lock-for-ingjutning\/#breadcrumb"},"inLanguage":"sv-SE","potentialAction":[{"@type":"ReadAction","target":["https:\/\/www.duuri.fi\/sv\/golvlucka-galvaniserad-stal-570x370mm-med-durkplats-lock-for-ingjutning\/"]}]},{"@type":"BreadcrumbList","@id":"https:\/\/www.duuri.fi\/sv\/golvlucka-galvaniserad-stal-570x370mm-med-durkplats-lock-for-ingjutning\/#breadcrumb","itemListElement":[{"@type":"ListItem","position":1,"name":"Home","item":"https:\/\/www.duuri.fi\/sv\/"},{"@type":"ListItem","position":2,"name":"Produkter","item":"https:\/\/www.duuri.fi\/sv\/produkter\/"},{"@type":"ListItem","position":3,"name":"GOLVLUCKA GALVANISERAD ST\u00c5L 570X370MM MED DURKPL\u00c5TS LOCK F\u00d6R INGJUTNING"}]},{"@type":"WebSite","@id":"https:\/\/www.duuri.fi\/sv\/#website","url":"https:\/\/www.duuri.fi\/sv\/","name":"Duuri Oy","description":"Tuotteet ja asiantuntijapalvelut kodin sisustuksen ja julkisten tilojen viimeistelyyn","publisher":{"@id":"https:\/\/www.duuri.fi\/sv\/#organization"},"potentialAction":[{"@type":"SearchAction","target":{"@type":"EntryPoint","urlTemplate":"https:\/\/www.duuri.fi\/sv\/?s={search_term_string}"},"query-input":{"@type":"PropertyValueSpecification","valueRequired":true,"valueName":"search_term_string"}}],"inLanguage":"sv-SE"},{"@type":"Organization","@id":"https:\/\/www.duuri.fi\/sv\/#organization","name":"Duuri Oy","url":"https:\/\/www.duuri.fi\/sv\/","logo":{"@type":"ImageObject","inLanguage":"sv-SE","@id":"https:\/\/www.duuri.fi\/sv\/#\/schema\/logo\/image\/","url":"https:\/\/www.duuri.fi\/wp-content\/uploads\/2020\/08\/Duuri_uusi-logo.png","contentUrl":"https:\/\/www.duuri.fi\/wp-content\/uploads\/2020\/08\/Duuri_uusi-logo.png","width":242,"height":91,"caption":"Duuri Oy"},"image":{"@id":"https:\/\/www.duuri.fi\/sv\/#\/schema\/logo\/image\/"}}]}},"_links":{"self":[{"href":"https:\/\/www.duuri.fi\/sv\/wp-json\/wp\/v2\/product\/34806","targetHints":{"allow":["GET"]}}],"collection":[{"href":"https:\/\/www.duuri.fi\/sv\/wp-json\/wp\/v2\/product"}],"about":[{"href":"https:\/\/www.duuri.fi\/sv\/wp-json\/wp\/v2\/types\/product"}],"replies":[{"embeddable":true,"href":"https:\/\/www.duuri.fi\/sv\/wp-json\/wp\/v2\/comments?post=34806"}],"wp:attachment":[{"href":"https:\/\/www.duuri.fi\/sv\/wp-json\/wp\/v2\/media?parent=34806"}],"wp:term":[{"taxonomy":"product_brand","embeddable":true,"href":"https:\/\/www.duuri.fi\/sv\/wp-json\/wp\/v2\/product_brand?post=34806"},{"taxonomy":"product_cat","embeddable":true,"href":"https:\/\/www.duuri.fi\/sv\/wp-json\/wp\/v2\/product_cat?post=34806"},{"taxonomy":"product_tag","embeddable":true,"href":"https:\/\/www.duuri.fi\/sv\/wp-json\/wp\/v2\/product_tag?post=34806"}],"curies":[{"name":"wp","href":"https:\/\/api.w.org\/{rel}","templated":true}]}}