{"id":34787,"date":"2020-09-04T07:06:29","date_gmt":"2020-09-04T04:06:29","guid":{"rendered":"https:\/\/www.duuri.fi\/lattialuukku-vahvikkeilla-sinkitty-teras-600x600mm-valettava-2\/"},"modified":"2026-03-06T06:27:23","modified_gmt":"2026-03-06T04:27:23","slug":"golvlucka-galvaniserad-stal-600x600mm-max-belastning-400kn-for-ingjutning","status":"publish","type":"product","link":"https:\/\/www.duuri.fi\/sv\/golvlucka-galvaniserad-stal-600x600mm-max-belastning-400kn-for-ingjutning\/","title":{"rendered":"GOLVLUCKA GALVANISERAD ST\u00c5L 600X600MM MAX BELASTNING 400KN F\u00d6R INGJUTNING"},"content":{"rendered":"<p>Lucka tillverkad av galvaniserat st\u00e5l. Konstruktionen \u00e4r galvaniserad efter svetsningen. Luckan \u00e4r f\u00f6rst\u00e4rkt med I-balkar som t\u00e5l extra tung anv\u00e4ndning. Luckan \u00e4r gas- och vattent\u00e4t. Den speciella t\u00e4tningen t\u00e5l kemikalier v\u00e4l. Konisk design och lyftnyckel g\u00f6r det l\u00e4ttare att \u00f6ppna luckan. Tack vare de sm\u00e5 h\u00f6rnen och den m\u00e5ttnoggranna kantkonstruktionen \u00e4r luckan n\u00e4stan om\u00e4rkbar i underlaget efter installationen. Luckan \u00e4r f\u00f6rsedd med inre f\u00f6rst\u00e4rkningar som f\u00f6rb\u00e4ttrar dess belastningsh\u00e5llbarhet. L\u00e4mplig f\u00f6r projekt i lager och lastbryggor d\u00e4r gaffeltruckar anv\u00e4nds. Belastningsh\u00e5llbarhet 400 kN.<\/p>\n","protected":false},"excerpt":{"rendered":"<p>Lucka, f\u00f6rzinkat st\u00e5l. F\u00f6r extra h\u00f6ga belastningar. Gas- och vattent\u00e4t. F\u00f6r inom- och utomhusbruk. Belastningsh\u00e5llbarhet 400 kN. EI30<\/p>\n","protected":false},"featured_media":14867,"comment_status":"closed","ping_status":"closed","template":"","meta":{"_acf_changed":false},"product_brand":[5402],"product_cat":[5631,6210],"product_tag":[],"class_list":{"0":"post-34787","1":"product","2":"type-product","3":"status-publish","4":"has-post-thumbnail","6":"product_brand-hago","7":"product_cat-golvluckor","8":"product_cat-golvluckor-sv","10":"first","11":"instock","12":"shipping-taxable","13":"product-type-simple"},"acf":[],"yoast_head":"<!-- This site is optimized with the Yoast SEO plugin v25.5 - https:\/\/yoast.com\/wordpress\/plugins\/seo\/ -->\n<title>GOLVLUCKA GALVANISERAD ST\u00c5L 600X600MM MAX BELASTNING 400KN F\u00d6R INGJUTNING - Duuri Oy<\/title>\n<meta name=\"robots\" content=\"index, follow, max-snippet:-1, max-image-preview:large, max-video-preview:-1\" \/>\n<link rel=\"canonical\" href=\"https:\/\/www.duuri.fi\/sv\/golvlucka-galvaniserad-stal-600x600mm-max-belastning-400kn-for-ingjutning\/\" \/>\n<meta property=\"og:locale\" content=\"sv_SE\" \/>\n<meta property=\"og:type\" content=\"article\" \/>\n<meta property=\"og:title\" content=\"GOLVLUCKA GALVANISERAD ST\u00c5L 600X600MM MAX BELASTNING 400KN F\u00d6R INGJUTNING - Duuri Oy\" \/>\n<meta property=\"og:description\" content=\"Lucka, f\u00f6rzinkat st\u00e5l. F\u00f6r extra h\u00f6ga belastningar. Gas- och vattent\u00e4t. F\u00f6r inom- och utomhusbruk. Belastningsh\u00e5llbarhet 400 kN. EI30\" \/>\n<meta property=\"og:url\" content=\"https:\/\/www.duuri.fi\/sv\/golvlucka-galvaniserad-stal-600x600mm-max-belastning-400kn-for-ingjutning\/\" \/>\n<meta property=\"og:site_name\" content=\"Duuri Oy\" \/>\n<meta property=\"article:modified_time\" content=\"2026-03-06T04:27:23+00:00\" \/>\n<meta property=\"og:image\" content=\"https:\/\/www.duuri.fi\/wp-content\/uploads\/2020\/08\/T1_BVS-400-66.jpg\" \/>\n\t<meta property=\"og:image:width\" content=\"1432\" \/>\n\t<meta property=\"og:image:height\" content=\"1013\" \/>\n\t<meta property=\"og:image:type\" content=\"image\/jpeg\" \/>\n<meta name=\"twitter:card\" content=\"summary_large_image\" \/>\n<meta name=\"twitter:label1\" content=\"Ber\u00e4knad l\u00e4stid\" \/>\n\t<meta name=\"twitter:data1\" content=\"1 minut\" \/>\n<script type=\"application\/ld+json\" class=\"yoast-schema-graph\">{\"@context\":\"https:\/\/schema.org\",\"@graph\":[{\"@type\":\"WebPage\",\"@id\":\"https:\/\/www.duuri.fi\/sv\/golvlucka-galvaniserad-stal-600x600mm-max-belastning-400kn-for-ingjutning\/\",\"url\":\"https:\/\/www.duuri.fi\/sv\/golvlucka-galvaniserad-stal-600x600mm-max-belastning-400kn-for-ingjutning\/\",\"name\":\"GOLVLUCKA GALVANISERAD ST\u00c5L 600X600MM MAX BELASTNING 400KN F\u00d6R INGJUTNING - Duuri Oy\",\"isPartOf\":{\"@id\":\"https:\/\/www.duuri.fi\/sv\/#website\"},\"primaryImageOfPage\":{\"@id\":\"https:\/\/www.duuri.fi\/sv\/golvlucka-galvaniserad-stal-600x600mm-max-belastning-400kn-for-ingjutning\/#primaryimage\"},\"image\":{\"@id\":\"https:\/\/www.duuri.fi\/sv\/golvlucka-galvaniserad-stal-600x600mm-max-belastning-400kn-for-ingjutning\/#primaryimage\"},\"thumbnailUrl\":\"https:\/\/www.duuri.fi\/wp-content\/uploads\/2020\/08\/T1_BVS-400-66.jpg\",\"datePublished\":\"2020-09-04T04:06:29+00:00\",\"dateModified\":\"2026-03-06T04:27:23+00:00\",\"breadcrumb\":{\"@id\":\"https:\/\/www.duuri.fi\/sv\/golvlucka-galvaniserad-stal-600x600mm-max-belastning-400kn-for-ingjutning\/#breadcrumb\"},\"inLanguage\":\"sv-SE\",\"potentialAction\":[{\"@type\":\"ReadAction\",\"target\":[\"https:\/\/www.duuri.fi\/sv\/golvlucka-galvaniserad-stal-600x600mm-max-belastning-400kn-for-ingjutning\/\"]}]},{\"@type\":\"ImageObject\",\"inLanguage\":\"sv-SE\",\"@id\":\"https:\/\/www.duuri.fi\/sv\/golvlucka-galvaniserad-stal-600x600mm-max-belastning-400kn-for-ingjutning\/#primaryimage\",\"url\":\"https:\/\/www.duuri.fi\/wp-content\/uploads\/2020\/08\/T1_BVS-400-66.jpg\",\"contentUrl\":\"https:\/\/www.duuri.fi\/wp-content\/uploads\/2020\/08\/T1_BVS-400-66.jpg\",\"width\":1432,\"height\":1013},{\"@type\":\"BreadcrumbList\",\"@id\":\"https:\/\/www.duuri.fi\/sv\/golvlucka-galvaniserad-stal-600x600mm-max-belastning-400kn-for-ingjutning\/#breadcrumb\",\"itemListElement\":[{\"@type\":\"ListItem\",\"position\":1,\"name\":\"Home\",\"item\":\"https:\/\/www.duuri.fi\/sv\/\"},{\"@type\":\"ListItem\",\"position\":2,\"name\":\"Produkter\",\"item\":\"https:\/\/www.duuri.fi\/sv\/produkter\/\"},{\"@type\":\"ListItem\",\"position\":3,\"name\":\"GOLVLUCKA GALVANISERAD ST\u00c5L 600X600MM MAX BELASTNING 400KN F\u00d6R INGJUTNING\"}]},{\"@type\":\"WebSite\",\"@id\":\"https:\/\/www.duuri.fi\/sv\/#website\",\"url\":\"https:\/\/www.duuri.fi\/sv\/\",\"name\":\"Duuri Oy\",\"description\":\"Tuotteet ja asiantuntijapalvelut kodin sisustuksen ja julkisten tilojen viimeistelyyn\",\"publisher\":{\"@id\":\"https:\/\/www.duuri.fi\/sv\/#organization\"},\"potentialAction\":[{\"@type\":\"SearchAction\",\"target\":{\"@type\":\"EntryPoint\",\"urlTemplate\":\"https:\/\/www.duuri.fi\/sv\/?s={search_term_string}\"},\"query-input\":{\"@type\":\"PropertyValueSpecification\",\"valueRequired\":true,\"valueName\":\"search_term_string\"}}],\"inLanguage\":\"sv-SE\"},{\"@type\":\"Organization\",\"@id\":\"https:\/\/www.duuri.fi\/sv\/#organization\",\"name\":\"Duuri Oy\",\"url\":\"https:\/\/www.duuri.fi\/sv\/\",\"logo\":{\"@type\":\"ImageObject\",\"inLanguage\":\"sv-SE\",\"@id\":\"https:\/\/www.duuri.fi\/sv\/#\/schema\/logo\/image\/\",\"url\":\"https:\/\/www.duuri.fi\/wp-content\/uploads\/2020\/08\/Duuri_uusi-logo.png\",\"contentUrl\":\"https:\/\/www.duuri.fi\/wp-content\/uploads\/2020\/08\/Duuri_uusi-logo.png\",\"width\":242,\"height\":91,\"caption\":\"Duuri Oy\"},\"image\":{\"@id\":\"https:\/\/www.duuri.fi\/sv\/#\/schema\/logo\/image\/\"}}]}<\/script>\n<!-- \/ Yoast SEO plugin. -->","yoast_head_json":{"title":"GOLVLUCKA GALVANISERAD ST\u00c5L 600X600MM MAX BELASTNING 400KN F\u00d6R INGJUTNING - Duuri Oy","robots":{"index":"index","follow":"follow","max-snippet":"max-snippet:-1","max-image-preview":"max-image-preview:large","max-video-preview":"max-video-preview:-1"},"canonical":"https:\/\/www.duuri.fi\/sv\/golvlucka-galvaniserad-stal-600x600mm-max-belastning-400kn-for-ingjutning\/","og_locale":"sv_SE","og_type":"article","og_title":"GOLVLUCKA GALVANISERAD ST\u00c5L 600X600MM MAX BELASTNING 400KN F\u00d6R INGJUTNING - Duuri Oy","og_description":"Lucka, f\u00f6rzinkat st\u00e5l. F\u00f6r extra h\u00f6ga belastningar. Gas- och vattent\u00e4t. F\u00f6r inom- och utomhusbruk. Belastningsh\u00e5llbarhet 400 kN. EI30","og_url":"https:\/\/www.duuri.fi\/sv\/golvlucka-galvaniserad-stal-600x600mm-max-belastning-400kn-for-ingjutning\/","og_site_name":"Duuri Oy","article_modified_time":"2026-03-06T04:27:23+00:00","og_image":[{"width":1432,"height":1013,"url":"https:\/\/www.duuri.fi\/wp-content\/uploads\/2020\/08\/T1_BVS-400-66.jpg","type":"image\/jpeg"}],"twitter_card":"summary_large_image","twitter_misc":{"Ber\u00e4knad l\u00e4stid":"1 minut"},"schema":{"@context":"https:\/\/schema.org","@graph":[{"@type":"WebPage","@id":"https:\/\/www.duuri.fi\/sv\/golvlucka-galvaniserad-stal-600x600mm-max-belastning-400kn-for-ingjutning\/","url":"https:\/\/www.duuri.fi\/sv\/golvlucka-galvaniserad-stal-600x600mm-max-belastning-400kn-for-ingjutning\/","name":"GOLVLUCKA GALVANISERAD ST\u00c5L 600X600MM MAX BELASTNING 400KN F\u00d6R INGJUTNING - Duuri Oy","isPartOf":{"@id":"https:\/\/www.duuri.fi\/sv\/#website"},"primaryImageOfPage":{"@id":"https:\/\/www.duuri.fi\/sv\/golvlucka-galvaniserad-stal-600x600mm-max-belastning-400kn-for-ingjutning\/#primaryimage"},"image":{"@id":"https:\/\/www.duuri.fi\/sv\/golvlucka-galvaniserad-stal-600x600mm-max-belastning-400kn-for-ingjutning\/#primaryimage"},"thumbnailUrl":"https:\/\/www.duuri.fi\/wp-content\/uploads\/2020\/08\/T1_BVS-400-66.jpg","datePublished":"2020-09-04T04:06:29+00:00","dateModified":"2026-03-06T04:27:23+00:00","breadcrumb":{"@id":"https:\/\/www.duuri.fi\/sv\/golvlucka-galvaniserad-stal-600x600mm-max-belastning-400kn-for-ingjutning\/#breadcrumb"},"inLanguage":"sv-SE","potentialAction":[{"@type":"ReadAction","target":["https:\/\/www.duuri.fi\/sv\/golvlucka-galvaniserad-stal-600x600mm-max-belastning-400kn-for-ingjutning\/"]}]},{"@type":"ImageObject","inLanguage":"sv-SE","@id":"https:\/\/www.duuri.fi\/sv\/golvlucka-galvaniserad-stal-600x600mm-max-belastning-400kn-for-ingjutning\/#primaryimage","url":"https:\/\/www.duuri.fi\/wp-content\/uploads\/2020\/08\/T1_BVS-400-66.jpg","contentUrl":"https:\/\/www.duuri.fi\/wp-content\/uploads\/2020\/08\/T1_BVS-400-66.jpg","width":1432,"height":1013},{"@type":"BreadcrumbList","@id":"https:\/\/www.duuri.fi\/sv\/golvlucka-galvaniserad-stal-600x600mm-max-belastning-400kn-for-ingjutning\/#breadcrumb","itemListElement":[{"@type":"ListItem","position":1,"name":"Home","item":"https:\/\/www.duuri.fi\/sv\/"},{"@type":"ListItem","position":2,"name":"Produkter","item":"https:\/\/www.duuri.fi\/sv\/produkter\/"},{"@type":"ListItem","position":3,"name":"GOLVLUCKA GALVANISERAD ST\u00c5L 600X600MM MAX BELASTNING 400KN F\u00d6R INGJUTNING"}]},{"@type":"WebSite","@id":"https:\/\/www.duuri.fi\/sv\/#website","url":"https:\/\/www.duuri.fi\/sv\/","name":"Duuri Oy","description":"Tuotteet ja asiantuntijapalvelut kodin sisustuksen ja julkisten tilojen viimeistelyyn","publisher":{"@id":"https:\/\/www.duuri.fi\/sv\/#organization"},"potentialAction":[{"@type":"SearchAction","target":{"@type":"EntryPoint","urlTemplate":"https:\/\/www.duuri.fi\/sv\/?s={search_term_string}"},"query-input":{"@type":"PropertyValueSpecification","valueRequired":true,"valueName":"search_term_string"}}],"inLanguage":"sv-SE"},{"@type":"Organization","@id":"https:\/\/www.duuri.fi\/sv\/#organization","name":"Duuri Oy","url":"https:\/\/www.duuri.fi\/sv\/","logo":{"@type":"ImageObject","inLanguage":"sv-SE","@id":"https:\/\/www.duuri.fi\/sv\/#\/schema\/logo\/image\/","url":"https:\/\/www.duuri.fi\/wp-content\/uploads\/2020\/08\/Duuri_uusi-logo.png","contentUrl":"https:\/\/www.duuri.fi\/wp-content\/uploads\/2020\/08\/Duuri_uusi-logo.png","width":242,"height":91,"caption":"Duuri Oy"},"image":{"@id":"https:\/\/www.duuri.fi\/sv\/#\/schema\/logo\/image\/"}}]}},"_links":{"self":[{"href":"https:\/\/www.duuri.fi\/sv\/wp-json\/wp\/v2\/product\/34787","targetHints":{"allow":["GET"]}}],"collection":[{"href":"https:\/\/www.duuri.fi\/sv\/wp-json\/wp\/v2\/product"}],"about":[{"href":"https:\/\/www.duuri.fi\/sv\/wp-json\/wp\/v2\/types\/product"}],"replies":[{"embeddable":true,"href":"https:\/\/www.duuri.fi\/sv\/wp-json\/wp\/v2\/comments?post=34787"}],"wp:featuredmedia":[{"embeddable":true,"href":"https:\/\/www.duuri.fi\/sv\/wp-json\/wp\/v2\/media\/14867"}],"wp:attachment":[{"href":"https:\/\/www.duuri.fi\/sv\/wp-json\/wp\/v2\/media?parent=34787"}],"wp:term":[{"taxonomy":"product_brand","embeddable":true,"href":"https:\/\/www.duuri.fi\/sv\/wp-json\/wp\/v2\/product_brand?post=34787"},{"taxonomy":"product_cat","embeddable":true,"href":"https:\/\/www.duuri.fi\/sv\/wp-json\/wp\/v2\/product_cat?post=34787"},{"taxonomy":"product_tag","embeddable":true,"href":"https:\/\/www.duuri.fi\/sv\/wp-json\/wp\/v2\/product_tag?post=34787"}],"curies":[{"name":"wp","href":"https:\/\/api.w.org\/{rel}","templated":true}]}}