{"id":31227,"date":"2020-08-04T16:57:05","date_gmt":"2020-08-04T13:57:05","guid":{"rendered":"https:\/\/www.duuri.fi\/tarra-saumalista-30mm-rst-hiottu-silea-3000mm\/"},"modified":"2025-12-15T11:24:02","modified_gmt":"2025-12-15T09:24:02","slug":"sjalvhaftande-skarvlist-30mm-borstat-rostfritt-stal-slat-3000mm","status":"publish","type":"product","link":"https:\/\/www.duuri.fi\/sv\/sjalvhaftande-skarvlist-30mm-borstat-rostfritt-stal-slat-3000mm\/","title":{"rendered":"SJ\u00c4LVH\u00c4FTANDE SKARVLIST 30MM BORSTAT ROSTFRITT ST\u00c5L SL\u00c4T 3000MM"},"content":{"rendered":"","protected":false},"excerpt":{"rendered":"<p>Skarvlist med sj\u00e4lvh\u00e4ftande Elasticfix-montering. Borstat rostfritt st\u00e5l. Sl\u00e4t yta. 1,5 mm tjockt material. Bredd 30 mm. L\u00e4ngd 3\u00a0000 mm.<\/p>\n","protected":false},"featured_media":50581,"comment_status":"closed","ping_status":"closed","template":"","meta":{"_acf_changed":false},"product_brand":[5403],"product_cat":[5604,5608],"product_tag":[],"class_list":{"0":"post-31227","1":"product","2":"type-product","3":"status-publish","4":"has-post-thumbnail","6":"product_brand-dione","7":"product_cat-golvlister","8":"product_cat-skarvlister","10":"first","11":"instock","12":"shipping-taxable","13":"product-type-simple"},"acf":[],"yoast_head":"<!-- This site is optimized with the Yoast SEO plugin v25.5 - https:\/\/yoast.com\/wordpress\/plugins\/seo\/ -->\n<title>SJ\u00c4LVH\u00c4FTANDE SKARVLIST 30MM BORSTAT ROSTFRITT ST\u00c5L SL\u00c4T 3000MM - Duuri Oy<\/title>\n<meta name=\"robots\" content=\"index, follow, max-snippet:-1, max-image-preview:large, max-video-preview:-1\" \/>\n<link rel=\"canonical\" href=\"https:\/\/www.duuri.fi\/tarra-saumalista-30mm-rst-hiottu-silea-3000mm\/\" \/>\n<meta property=\"og:locale\" content=\"sv_SE\" \/>\n<meta property=\"og:type\" content=\"article\" \/>\n<meta property=\"og:title\" content=\"SJ\u00c4LVH\u00c4FTANDE SKARVLIST 30MM BORSTAT ROSTFRITT ST\u00c5L SL\u00c4T 3000MM - Duuri Oy\" \/>\n<meta property=\"og:description\" content=\"Skarvlist med sj\u00e4lvh\u00e4ftande Elasticfix-montering. Borstat rostfritt st\u00e5l. Sl\u00e4t yta. 1,5 mm tjockt material. Bredd 30 mm. L\u00e4ngd 3\u00a0000 mm.\" \/>\n<meta property=\"og:url\" content=\"https:\/\/www.duuri.fi\/tarra-saumalista-30mm-rst-hiottu-silea-3000mm\/\" \/>\n<meta property=\"og:site_name\" content=\"Duuri Oy\" \/>\n<meta property=\"article:modified_time\" content=\"2025-12-15T09:24:02+00:00\" \/>\n<meta property=\"og:image\" content=\"https:\/\/www.duuri.fi\/wp-content\/uploads\/2022\/06\/T1_7002235-scaled.jpg\" \/>\n\t<meta property=\"og:image:width\" content=\"2560\" \/>\n\t<meta property=\"og:image:height\" content=\"1793\" \/>\n\t<meta property=\"og:image:type\" content=\"image\/jpeg\" \/>\n<meta name=\"twitter:card\" content=\"summary_large_image\" \/>\n<script type=\"application\/ld+json\" class=\"yoast-schema-graph\">{\"@context\":\"https:\/\/schema.org\",\"@graph\":[{\"@type\":\"WebPage\",\"@id\":\"https:\/\/www.duuri.fi\/tarra-saumalista-30mm-rst-hiottu-silea-3000mm\/\",\"url\":\"https:\/\/www.duuri.fi\/tarra-saumalista-30mm-rst-hiottu-silea-3000mm\/\",\"name\":\"SJ\u00c4LVH\u00c4FTANDE SKARVLIST 30MM BORSTAT ROSTFRITT ST\u00c5L SL\u00c4T 3000MM - Duuri Oy\",\"isPartOf\":{\"@id\":\"https:\/\/www.duuri.fi\/sv\/#website\"},\"primaryImageOfPage\":{\"@id\":\"https:\/\/www.duuri.fi\/tarra-saumalista-30mm-rst-hiottu-silea-3000mm\/#primaryimage\"},\"image\":{\"@id\":\"https:\/\/www.duuri.fi\/tarra-saumalista-30mm-rst-hiottu-silea-3000mm\/#primaryimage\"},\"thumbnailUrl\":\"https:\/\/www.duuri.fi\/wp-content\/uploads\/2022\/06\/T1_7002235-scaled.jpg\",\"datePublished\":\"2020-08-04T13:57:05+00:00\",\"dateModified\":\"2025-12-15T09:24:02+00:00\",\"breadcrumb\":{\"@id\":\"https:\/\/www.duuri.fi\/tarra-saumalista-30mm-rst-hiottu-silea-3000mm\/#breadcrumb\"},\"inLanguage\":\"sv-SE\",\"potentialAction\":[{\"@type\":\"ReadAction\",\"target\":[\"https:\/\/www.duuri.fi\/tarra-saumalista-30mm-rst-hiottu-silea-3000mm\/\"]}]},{\"@type\":\"ImageObject\",\"inLanguage\":\"sv-SE\",\"@id\":\"https:\/\/www.duuri.fi\/tarra-saumalista-30mm-rst-hiottu-silea-3000mm\/#primaryimage\",\"url\":\"https:\/\/www.duuri.fi\/wp-content\/uploads\/2022\/06\/T1_7002235-scaled.jpg\",\"contentUrl\":\"https:\/\/www.duuri.fi\/wp-content\/uploads\/2022\/06\/T1_7002235-scaled.jpg\",\"width\":2560,\"height\":1793},{\"@type\":\"BreadcrumbList\",\"@id\":\"https:\/\/www.duuri.fi\/tarra-saumalista-30mm-rst-hiottu-silea-3000mm\/#breadcrumb\",\"itemListElement\":[{\"@type\":\"ListItem\",\"position\":1,\"name\":\"Home\",\"item\":\"https:\/\/www.duuri.fi\/sv\/\"},{\"@type\":\"ListItem\",\"position\":2,\"name\":\"Produkter\",\"item\":\"https:\/\/www.duuri.fi\/sv\/produkter\/\"},{\"@type\":\"ListItem\",\"position\":3,\"name\":\"SJ\u00c4LVH\u00c4FTANDE SKARVLIST 30MM BORSTAT ROSTFRITT ST\u00c5L SL\u00c4T 3000MM\"}]},{\"@type\":\"WebSite\",\"@id\":\"https:\/\/www.duuri.fi\/sv\/#website\",\"url\":\"https:\/\/www.duuri.fi\/sv\/\",\"name\":\"Duuri Oy\",\"description\":\"Tuotteet ja asiantuntijapalvelut kodin sisustuksen ja julkisten tilojen viimeistelyyn\",\"publisher\":{\"@id\":\"https:\/\/www.duuri.fi\/sv\/#organization\"},\"potentialAction\":[{\"@type\":\"SearchAction\",\"target\":{\"@type\":\"EntryPoint\",\"urlTemplate\":\"https:\/\/www.duuri.fi\/sv\/?s={search_term_string}\"},\"query-input\":{\"@type\":\"PropertyValueSpecification\",\"valueRequired\":true,\"valueName\":\"search_term_string\"}}],\"inLanguage\":\"sv-SE\"},{\"@type\":\"Organization\",\"@id\":\"https:\/\/www.duuri.fi\/sv\/#organization\",\"name\":\"Duuri Oy\",\"url\":\"https:\/\/www.duuri.fi\/sv\/\",\"logo\":{\"@type\":\"ImageObject\",\"inLanguage\":\"sv-SE\",\"@id\":\"https:\/\/www.duuri.fi\/sv\/#\/schema\/logo\/image\/\",\"url\":\"https:\/\/www.duuri.fi\/wp-content\/uploads\/2020\/08\/Duuri_uusi-logo.png\",\"contentUrl\":\"https:\/\/www.duuri.fi\/wp-content\/uploads\/2020\/08\/Duuri_uusi-logo.png\",\"width\":242,\"height\":91,\"caption\":\"Duuri Oy\"},\"image\":{\"@id\":\"https:\/\/www.duuri.fi\/sv\/#\/schema\/logo\/image\/\"}}]}<\/script>\n<!-- \/ Yoast SEO plugin. -->","yoast_head_json":{"title":"SJ\u00c4LVH\u00c4FTANDE SKARVLIST 30MM BORSTAT ROSTFRITT ST\u00c5L SL\u00c4T 3000MM - Duuri Oy","robots":{"index":"index","follow":"follow","max-snippet":"max-snippet:-1","max-image-preview":"max-image-preview:large","max-video-preview":"max-video-preview:-1"},"canonical":"https:\/\/www.duuri.fi\/tarra-saumalista-30mm-rst-hiottu-silea-3000mm\/","og_locale":"sv_SE","og_type":"article","og_title":"SJ\u00c4LVH\u00c4FTANDE SKARVLIST 30MM BORSTAT ROSTFRITT ST\u00c5L SL\u00c4T 3000MM - Duuri Oy","og_description":"Skarvlist med sj\u00e4lvh\u00e4ftande Elasticfix-montering. Borstat rostfritt st\u00e5l. Sl\u00e4t yta. 1,5 mm tjockt material. Bredd 30 mm. L\u00e4ngd 3\u00a0000 mm.","og_url":"https:\/\/www.duuri.fi\/tarra-saumalista-30mm-rst-hiottu-silea-3000mm\/","og_site_name":"Duuri Oy","article_modified_time":"2025-12-15T09:24:02+00:00","og_image":[{"width":2560,"height":1793,"url":"https:\/\/www.duuri.fi\/wp-content\/uploads\/2022\/06\/T1_7002235-scaled.jpg","type":"image\/jpeg"}],"twitter_card":"summary_large_image","schema":{"@context":"https:\/\/schema.org","@graph":[{"@type":"WebPage","@id":"https:\/\/www.duuri.fi\/tarra-saumalista-30mm-rst-hiottu-silea-3000mm\/","url":"https:\/\/www.duuri.fi\/tarra-saumalista-30mm-rst-hiottu-silea-3000mm\/","name":"SJ\u00c4LVH\u00c4FTANDE SKARVLIST 30MM BORSTAT ROSTFRITT ST\u00c5L SL\u00c4T 3000MM - Duuri Oy","isPartOf":{"@id":"https:\/\/www.duuri.fi\/sv\/#website"},"primaryImageOfPage":{"@id":"https:\/\/www.duuri.fi\/tarra-saumalista-30mm-rst-hiottu-silea-3000mm\/#primaryimage"},"image":{"@id":"https:\/\/www.duuri.fi\/tarra-saumalista-30mm-rst-hiottu-silea-3000mm\/#primaryimage"},"thumbnailUrl":"https:\/\/www.duuri.fi\/wp-content\/uploads\/2022\/06\/T1_7002235-scaled.jpg","datePublished":"2020-08-04T13:57:05+00:00","dateModified":"2025-12-15T09:24:02+00:00","breadcrumb":{"@id":"https:\/\/www.duuri.fi\/tarra-saumalista-30mm-rst-hiottu-silea-3000mm\/#breadcrumb"},"inLanguage":"sv-SE","potentialAction":[{"@type":"ReadAction","target":["https:\/\/www.duuri.fi\/tarra-saumalista-30mm-rst-hiottu-silea-3000mm\/"]}]},{"@type":"ImageObject","inLanguage":"sv-SE","@id":"https:\/\/www.duuri.fi\/tarra-saumalista-30mm-rst-hiottu-silea-3000mm\/#primaryimage","url":"https:\/\/www.duuri.fi\/wp-content\/uploads\/2022\/06\/T1_7002235-scaled.jpg","contentUrl":"https:\/\/www.duuri.fi\/wp-content\/uploads\/2022\/06\/T1_7002235-scaled.jpg","width":2560,"height":1793},{"@type":"BreadcrumbList","@id":"https:\/\/www.duuri.fi\/tarra-saumalista-30mm-rst-hiottu-silea-3000mm\/#breadcrumb","itemListElement":[{"@type":"ListItem","position":1,"name":"Home","item":"https:\/\/www.duuri.fi\/sv\/"},{"@type":"ListItem","position":2,"name":"Produkter","item":"https:\/\/www.duuri.fi\/sv\/produkter\/"},{"@type":"ListItem","position":3,"name":"SJ\u00c4LVH\u00c4FTANDE SKARVLIST 30MM BORSTAT ROSTFRITT ST\u00c5L SL\u00c4T 3000MM"}]},{"@type":"WebSite","@id":"https:\/\/www.duuri.fi\/sv\/#website","url":"https:\/\/www.duuri.fi\/sv\/","name":"Duuri Oy","description":"Tuotteet ja asiantuntijapalvelut kodin sisustuksen ja julkisten tilojen viimeistelyyn","publisher":{"@id":"https:\/\/www.duuri.fi\/sv\/#organization"},"potentialAction":[{"@type":"SearchAction","target":{"@type":"EntryPoint","urlTemplate":"https:\/\/www.duuri.fi\/sv\/?s={search_term_string}"},"query-input":{"@type":"PropertyValueSpecification","valueRequired":true,"valueName":"search_term_string"}}],"inLanguage":"sv-SE"},{"@type":"Organization","@id":"https:\/\/www.duuri.fi\/sv\/#organization","name":"Duuri Oy","url":"https:\/\/www.duuri.fi\/sv\/","logo":{"@type":"ImageObject","inLanguage":"sv-SE","@id":"https:\/\/www.duuri.fi\/sv\/#\/schema\/logo\/image\/","url":"https:\/\/www.duuri.fi\/wp-content\/uploads\/2020\/08\/Duuri_uusi-logo.png","contentUrl":"https:\/\/www.duuri.fi\/wp-content\/uploads\/2020\/08\/Duuri_uusi-logo.png","width":242,"height":91,"caption":"Duuri Oy"},"image":{"@id":"https:\/\/www.duuri.fi\/sv\/#\/schema\/logo\/image\/"}}]}},"_links":{"self":[{"href":"https:\/\/www.duuri.fi\/sv\/wp-json\/wp\/v2\/product\/31227","targetHints":{"allow":["GET"]}}],"collection":[{"href":"https:\/\/www.duuri.fi\/sv\/wp-json\/wp\/v2\/product"}],"about":[{"href":"https:\/\/www.duuri.fi\/sv\/wp-json\/wp\/v2\/types\/product"}],"replies":[{"embeddable":true,"href":"https:\/\/www.duuri.fi\/sv\/wp-json\/wp\/v2\/comments?post=31227"}],"wp:featuredmedia":[{"embeddable":true,"href":"https:\/\/www.duuri.fi\/sv\/wp-json\/wp\/v2\/media\/50581"}],"wp:attachment":[{"href":"https:\/\/www.duuri.fi\/sv\/wp-json\/wp\/v2\/media?parent=31227"}],"wp:term":[{"taxonomy":"product_brand","embeddable":true,"href":"https:\/\/www.duuri.fi\/sv\/wp-json\/wp\/v2\/product_brand?post=31227"},{"taxonomy":"product_cat","embeddable":true,"href":"https:\/\/www.duuri.fi\/sv\/wp-json\/wp\/v2\/product_cat?post=31227"},{"taxonomy":"product_tag","embeddable":true,"href":"https:\/\/www.duuri.fi\/sv\/wp-json\/wp\/v2\/product_tag?post=31227"}],"curies":[{"name":"wp","href":"https:\/\/api.w.org\/{rel}","templated":true}]}}