{"id":16042,"date":"2020-09-02T15:39:12","date_gmt":"2020-09-02T12:39:12","guid":{"rendered":"https:\/\/www.duuri.fi\/?page_id=16042"},"modified":"2025-05-16T09:03:54","modified_gmt":"2025-05-16T06:03:54","slug":"produktkataloger","status":"publish","type":"page","link":"https:\/\/www.duuri.fi\/sv\/materialbank\/produktkataloger\/","title":{"rendered":"Produktkataloger"},"content":{"rendered":"<div class=\"row\"  id=\"row-792252125\">\n\n\t<div id=\"col-1995721867\" class=\"col small-12 large-12\"  >\n\t\t\t\t<div class=\"col-inner\"  >\n\t\t\t\n\t\t\t\n<h2><strong>Kataloger och broschyrer<\/strong><\/h2>\n<p>Bekanta dig med v\u00e5ra olika kataloger och broschyrer!<br \/>\nGenom l\u00e4nkarna nedan kan du bl\u00e4ddra i v\u00e5ra kataloger och broschyrer eller skriva ut kopior av dessa.<\/p>\n<p>Alla publikationer kan best\u00e4llas fr\u00e5n oss kostnadsfritt p\u00e5 info@d-profile.se eller ring 036-18 63 63<\/p>\n\t\t<\/div>\n\t\t\t\t\t<\/div>\n\n\t\n\n\t<div id=\"col-541446216\" class=\"col small-12 large-12\"  >\n\t\t\t\t<div class=\"col-inner\"  >\n\t\t\t\n\t\t\t\r\n<div class=\"row\" id=\"row-737741057-custom\">\r\n        <div class=\"col medium-6 small-12 large-3\">\r\n        <div class=\"col-inner text-left\">\r\n\r\n\r\n            <div class=\"box has-hover   has-hover box-text-bottom\">\r\n\r\n                <div class=\"box-image\">\r\n                    <div class=\"image-cover\" style=\"padding-top:125%;\">\r\n                                                <img loading=\"lazy\" decoding=\"async\" width=\"744\" height=\"1088\" src=\"https:\/\/www.duuri.fi\/wp-content\/uploads\/2023\/07\/Nayttokuva-2023-7-3-kello-17.34.52.png\" sizes=\"auto, (max-width: 744px) 100vw, 744px\">\r\n                                            <\/div>\r\n                <\/div>\r\n\r\n                <div class=\"box-text text-left\" style=\"background-color:rgb(242, 242, 242);padding:10px 10px 10px 10px;\">\r\n                    <div class=\"box-text-inner\">\r\n                                                <h3>Nyhetsbroschyr 2021 (in English)<\/h3>\r\n                        \r\n                        \r\n                                                <a href=\"#lightbox-reader-0\" target=\"_self\" class=\"button primary is-outline\">\r\n                            <span>L\u00e4s<\/span>\r\n                        <\/a>\r\n                        \r\n                                                <a href=\"https:\/\/www.duuri.fi\/wp-content\/uploads\/2021\/04\/UUTUUSESITE_2021_web.pdf\" download=\"\" class=\"button primary is-outline\">\r\n                            <span>Ladda ner<\/span>\r\n                        <\/a>\r\n                        \r\n                                                <div id=\"lightbox-reader-0\" class=\"lightbox-by-id lightbox-content mfp-hide lightbox-white \" style=\"max-width:1200px ;padding:20px\">\r\n                            <iframe style=\"border: none; width: 100%; height: 640px;\" src=\"\/\/e.issuu.com\/embed.html?d=uutuusesite_2021_web&amp;hideIssuuLogo=true&amp;hideShareButton=true&amp;u=duuri0\r\n\"allowfullscreen=\"allowfullscreen\"><\/iframe>                        <\/div>\r\n                                            <\/div>\r\n                <\/div>\r\n            <\/div>\r\n        <\/div>\r\n    <\/div>\r\n        <div class=\"col medium-6 small-12 large-3\">\r\n        <div class=\"col-inner text-left\">\r\n\r\n\r\n            <div class=\"box has-hover   has-hover box-text-bottom\">\r\n\r\n                <div class=\"box-image\">\r\n                    <div class=\"image-cover\" style=\"padding-top:125%;\">\r\n                                                <img loading=\"lazy\" decoding=\"async\" width=\"744\" height=\"1088\" src=\"https:\/\/www.duuri.fi\/wp-content\/uploads\/2025\/05\/Dione_plasticbrochure_cover.jpg\" sizes=\"auto, (max-width: 744px) 100vw, 744px\">\r\n                                            <\/div>\r\n                <\/div>\r\n\r\n                <div class=\"box-text text-left\" style=\"background-color:rgb(242, 242, 242);padding:10px 10px 10px 10px;\">\r\n                    <div class=\"box-text-inner\">\r\n                                                <h3>Dione Plastprofiler-broschyr<\/h3>\r\n                        \r\n                        \r\n                                                <a href=\"#lightbox-reader-1\" target=\"_self\" class=\"button primary is-outline\">\r\n                            <span>L\u00e4s<\/span>\r\n                        <\/a>\r\n                        \r\n                                                <a href=\"https:\/\/www.duuri.fi\/wp-content\/uploads\/2025\/05\/Dione_Muovilistat_Plastic_5_2025.pdf\" download=\"\" class=\"button primary is-outline\">\r\n                            <span>Ladda ner<\/span>\r\n                        <\/a>\r\n                        \r\n                                                <div id=\"lightbox-reader-1\" class=\"lightbox-by-id lightbox-content mfp-hide lightbox-white \" style=\"max-width:1200px ;padding:20px\">\r\n                            <div style=\"position:relative;padding-top:max(60%,326px);height:0;width:100%\"><iframe allow=\"clipboard-write\" sandbox=\"allow-top-navigation allow-top-navigation-by-user-activation allow-downloads allow-scripts allow-same-origin allow-popups allow-modals allow-popups-to-escape-sandbox allow-forms\" allowfullscreen=\"true\" style=\"position:absolute;border:none;width:100%;height:100%;left:0;right:0;top:0;bottom:0;\" src=\"https:\/\/e.issuu.com\/embed.html?d=dione_muovilistat_5_2025&u=duuri0\"><\/iframe><\/div>                        <\/div>\r\n                                            <\/div>\r\n                <\/div>\r\n            <\/div>\r\n        <\/div>\r\n    <\/div>\r\n        <div class=\"col medium-6 small-12 large-3\">\r\n        <div class=\"col-inner text-left\">\r\n\r\n\r\n            <div class=\"box has-hover   has-hover box-text-bottom\">\r\n\r\n                <div class=\"box-image\">\r\n                    <div class=\"image-cover\" style=\"padding-top:125%;\">\r\n                                                <img loading=\"lazy\" decoding=\"async\" width=\"744\" height=\"1088\" src=\"https:\/\/www.duuri.fi\/wp-content\/uploads\/2025\/04\/Laattalistaesite_kansi_web.jpg\" sizes=\"auto, (max-width: 744px) 100vw, 744px\">\r\n                                            <\/div>\r\n                <\/div>\r\n\r\n                <div class=\"box-text text-left\" style=\"background-color:rgb(242, 242, 242);padding:10px 10px 10px 10px;\">\r\n                    <div class=\"box-text-inner\">\r\n                                                <h3>Dione Kakellister-broschyr<\/h3>\r\n                        \r\n                        \r\n                                                <a href=\"#lightbox-reader-2\" target=\"_self\" class=\"button primary is-outline\">\r\n                            <span>L\u00e4s<\/span>\r\n                        <\/a>\r\n                        \r\n                                                <a href=\"https:\/\/www.duuri.fi\/wp-content\/uploads\/2025\/04\/Dione_Laattalistaesite_4_2025_web.pdf\" download=\"\" class=\"button primary is-outline\">\r\n                            <span>Ladda ner<\/span>\r\n                        <\/a>\r\n                        \r\n                                                <div id=\"lightbox-reader-2\" class=\"lightbox-by-id lightbox-content mfp-hide lightbox-white \" style=\"max-width:1200px ;padding:20px\">\r\n                            <div style=\"position:relative;padding-top:max(60%,326px);height:0;width:100%\"><iframe allow=\"clipboard-write\" sandbox=\"allow-top-navigation allow-top-navigation-by-user-activation allow-downloads allow-scripts allow-same-origin allow-popups allow-modals allow-popups-to-escape-sandbox allow-forms\" allowfullscreen=\"true\" style=\"position:absolute;border:none;width:100%;height:100%;left:0;right:0;top:0;bottom:0;\" src=\"https:\/\/e.issuu.com\/embed.html?d=dione_laattalistat_4_2025&u=duuri0\"><\/iframe><\/div>                        <\/div>\r\n                                            <\/div>\r\n                <\/div>\r\n            <\/div>\r\n        <\/div>\r\n    <\/div>\r\n        <div class=\"col medium-6 small-12 large-3\">\r\n        <div class=\"col-inner text-left\">\r\n\r\n\r\n            <div class=\"box has-hover   has-hover box-text-bottom\">\r\n\r\n                <div class=\"box-image\">\r\n                    <div class=\"image-cover\" style=\"padding-top:125%;\">\r\n                                                <img loading=\"lazy\" decoding=\"async\" width=\"744\" height=\"1088\" src=\"https:\/\/www.duuri.fi\/wp-content\/uploads\/2021\/02\/Yeoman-Shield-Katalogi-KANSI-scaled.jpg\" sizes=\"auto, (max-width: 744px) 100vw, 744px\">\r\n                                            <\/div>\r\n                <\/div>\r\n\r\n                <div class=\"box-text text-left\" style=\"background-color:rgb(242, 242, 242);padding:10px 10px 10px 10px;\">\r\n                    <div class=\"box-text-inner\">\r\n                                                <h3>Yeoman Shield Katalog<\/h3>\r\n                        \r\n                        \r\n                                                <a href=\"#lightbox-reader-3\" target=\"_self\" class=\"button primary is-outline\">\r\n                            <span>L\u00e4s<\/span>\r\n                        <\/a>\r\n                        \r\n                                                <a href=\"https:\/\/www.duuri.fi\/wp-content\/uploads\/2021\/02\/Yeoman-Shield-Katalogi.pdf\" download=\"\" class=\"button primary is-outline\">\r\n                            <span>Ladda ner<\/span>\r\n                        <\/a>\r\n                        \r\n                                                <div id=\"lightbox-reader-3\" class=\"lightbox-by-id lightbox-content mfp-hide lightbox-white \" style=\"max-width:1200px ;padding:20px\">\r\n                            <div style=\"position:relative;padding-top:max(60%,326px);height:0;width:100%\"><iframe allow=\"clipboard-write\" sandbox=\"allow-top-navigation allow-top-navigation-by-user-activation allow-downloads allow-scripts allow-same-origin allow-popups allow-modals allow-popups-to-escape-sandbox allow-forms\" allowfullscreen=\"true\" style=\"position:absolute;border:none;width:100%;height:100%;left:0;right:0;top:0;bottom:0;\" src=\"https:\/\/e.issuu.com\/embed.html?d=yeoman_shield_katalogi&u=duuri0\"><\/iframe><\/div>                        <\/div>\r\n                                            <\/div>\r\n                <\/div>\r\n            <\/div>\r\n        <\/div>\r\n    <\/div>\r\n        <div class=\"col medium-6 small-12 large-3\">\r\n        <div class=\"col-inner text-left\">\r\n\r\n\r\n            <div class=\"box has-hover   has-hover box-text-bottom\">\r\n\r\n                <div class=\"box-image\">\r\n                    <div class=\"image-cover\" style=\"padding-top:125%;\">\r\n                                                <img loading=\"lazy\" decoding=\"async\" width=\"744\" height=\"1088\" src=\"https:\/\/www.duuri.fi\/wp-content\/uploads\/2020\/12\/Ponte-Giulio-Catalog_20.jpg\" sizes=\"auto, (max-width: 744px) 100vw, 744px\">\r\n                                            <\/div>\r\n                <\/div>\r\n\r\n                <div class=\"box-text text-left\" style=\"background-color:rgb(242, 242, 242);padding:10px 10px 10px 10px;\">\r\n                    <div class=\"box-text-inner\">\r\n                                                <h3>Ponte Giulio - Allm\u00e4n Katalog<\/h3>\r\n                        \r\n                        \r\n                                                <a href=\"#lightbox-reader-4\" target=\"_self\" class=\"button primary is-outline\">\r\n                            <span>L\u00e4s<\/span>\r\n                        <\/a>\r\n                        \r\n                                                <a href=\"https:\/\/www.duuri.fi\/wp-content\/uploads\/2020\/12\/Ponte-Giulio-Catalogo_2020.pdf\" download=\"\" class=\"button primary is-outline\">\r\n                            <span>Ladda ner<\/span>\r\n                        <\/a>\r\n                        \r\n                                                <div id=\"lightbox-reader-4\" class=\"lightbox-by-id lightbox-content mfp-hide lightbox-white \" style=\"max-width:1200px ;padding:20px\">\r\n                            <div style=\"position:relative;padding-top:max(60%,326px);height:0;width:100%\"><iframe allow=\"clipboard-write\" sandbox=\"allow-top-navigation allow-top-navigation-by-user-activation allow-downloads allow-scripts allow-same-origin allow-popups allow-modals allow-popups-to-escape-sandbox allow-forms\" allowfullscreen=\"true\" style=\"position:absolute;border:none;width:100%;height:100%;left:0;right:0;top:0;bottom:0;\" src=\"https:\/\/e.issuu.com\/embed.html?d=ponte_giulio_catalogo_2020&u=duuri0\"><\/iframe><\/div>                        <\/div>\r\n                                            <\/div>\r\n                <\/div>\r\n            <\/div>\r\n        <\/div>\r\n    <\/div>\r\n        <div class=\"col medium-6 small-12 large-3\">\r\n        <div class=\"col-inner text-left\">\r\n\r\n\r\n            <div class=\"box has-hover   has-hover box-text-bottom\">\r\n\r\n                <div class=\"box-image\">\r\n                    <div class=\"image-cover\" style=\"padding-top:125%;\">\r\n                                                <img loading=\"lazy\" decoding=\"async\" width=\"744\" height=\"1088\" src=\"https:\/\/www.duuri.fi\/wp-content\/uploads\/2022\/04\/DIone_listat_profiilit_kansi.jpg\" sizes=\"auto, (max-width: 744px) 100vw, 744px\">\r\n                                            <\/div>\r\n                <\/div>\r\n\r\n                <div class=\"box-text text-left\" style=\"background-color:rgb(242, 242, 242);padding:10px 10px 10px 10px;\">\r\n                    <div class=\"box-text-inner\">\r\n                                                <h3>Dione Katalog<\/h3>\r\n                        \r\n                        \r\n                                                <a href=\"#lightbox-reader-5\" target=\"_self\" class=\"button primary is-outline\">\r\n                            <span>L\u00e4s<\/span>\r\n                        <\/a>\r\n                        \r\n                                                <a href=\"https:\/\/www.duuri.fi\/wp-content\/uploads\/2022\/04\/Dione_Trims_Profiles_Catalogue_2022_web.pdf\" download=\"\" class=\"button primary is-outline\">\r\n                            <span>Ladda ner<\/span>\r\n                        <\/a>\r\n                        \r\n                                                <div id=\"lightbox-reader-5\" class=\"lightbox-by-id lightbox-content mfp-hide lightbox-white \" style=\"max-width:1200px ;padding:20px\">\r\n                            <div style=\"position:relative;padding-top:max(60%,326px);height:0;width:100%\"><iframe allow=\"clipboard-write\" sandbox=\"allow-top-navigation allow-top-navigation-by-user-activation allow-downloads allow-scripts allow-same-origin allow-popups allow-modals allow-popups-to-escape-sandbox allow-forms\" allowfullscreen=\"true\" style=\"position:absolute;border:none;width:100%;height:100%;left:0;right:0;top:0;bottom:0;\" src=\"https:\/\/e.issuu.com\/embed.html?d=dione_trims_profiles_catalogue_2022&u=duuri0\"><\/iframe><\/div>                        <\/div>\r\n                                            <\/div>\r\n                <\/div>\r\n            <\/div>\r\n        <\/div>\r\n    <\/div>\r\n    <\/div>\n\n\t\t<\/div>\n\t\t\t\t\t<\/div>\n\n\t\n<\/div>\n","protected":false},"excerpt":{"rendered":"","protected":false},"author":12,"featured_media":0,"parent":15992,"menu_order":0,"comment_status":"closed","ping_status":"closed","template":"","meta":{"_acf_changed":false,"footnotes":""},"class_list":["post-16042","page","type-page","status-publish","hentry"],"acf":[],"yoast_head":"<!-- This site is optimized with the Yoast SEO plugin v25.5 - https:\/\/yoast.com\/wordpress\/plugins\/seo\/ -->\n<title>Produktkataloger - Duuri Oy<\/title>\n<meta name=\"robots\" content=\"index, follow, max-snippet:-1, max-image-preview:large, max-video-preview:-1\" \/>\n<link rel=\"canonical\" href=\"https:\/\/www.duuri.fi\/sv\/materialbank\/produktkataloger\/\" \/>\n<meta property=\"og:locale\" content=\"sv_SE\" \/>\n<meta property=\"og:type\" content=\"article\" \/>\n<meta property=\"og:title\" content=\"Produktkataloger - Duuri Oy\" \/>\n<meta property=\"og:url\" content=\"https:\/\/www.duuri.fi\/sv\/materialbank\/produktkataloger\/\" \/>\n<meta property=\"og:site_name\" content=\"Duuri Oy\" \/>\n<meta property=\"article:modified_time\" content=\"2025-05-16T06:03:54+00:00\" \/>\n<meta property=\"og:image\" content=\"https:\/\/www.duuri.fi\/wp-content\/uploads\/2022\/05\/putkikalusteet_some_1920x1080px-1024x576.jpg\" \/>\n<meta name=\"twitter:card\" content=\"summary_large_image\" \/>\n<meta name=\"twitter:label1\" content=\"Ber\u00e4knad l\u00e4stid\" \/>\n\t<meta name=\"twitter:data1\" content=\"1 minut\" \/>\n<script type=\"application\/ld+json\" class=\"yoast-schema-graph\">{\"@context\":\"https:\/\/schema.org\",\"@graph\":[{\"@type\":\"WebPage\",\"@id\":\"https:\/\/www.duuri.fi\/sv\/materialbank\/produktkataloger\/\",\"url\":\"https:\/\/www.duuri.fi\/sv\/materialbank\/produktkataloger\/\",\"name\":\"Produktkataloger - Duuri Oy\",\"isPartOf\":{\"@id\":\"https:\/\/www.duuri.fi\/sv\/#website\"},\"datePublished\":\"2020-09-02T12:39:12+00:00\",\"dateModified\":\"2025-05-16T06:03:54+00:00\",\"breadcrumb\":{\"@id\":\"https:\/\/www.duuri.fi\/sv\/materialbank\/produktkataloger\/#breadcrumb\"},\"inLanguage\":\"sv-SE\",\"potentialAction\":[{\"@type\":\"ReadAction\",\"target\":[\"https:\/\/www.duuri.fi\/sv\/materialbank\/produktkataloger\/\"]}]},{\"@type\":\"BreadcrumbList\",\"@id\":\"https:\/\/www.duuri.fi\/sv\/materialbank\/produktkataloger\/#breadcrumb\",\"itemListElement\":[{\"@type\":\"ListItem\",\"position\":1,\"name\":\"Home\",\"item\":\"https:\/\/www.duuri.fi\/sv\/\"},{\"@type\":\"ListItem\",\"position\":2,\"name\":\"Materialbank\",\"item\":\"https:\/\/www.duuri.fi\/sv\/materialbank\/\"},{\"@type\":\"ListItem\",\"position\":3,\"name\":\"Produktkataloger\"}]},{\"@type\":\"WebSite\",\"@id\":\"https:\/\/www.duuri.fi\/sv\/#website\",\"url\":\"https:\/\/www.duuri.fi\/sv\/\",\"name\":\"Duuri Oy\",\"description\":\"Tuotteet ja asiantuntijapalvelut kodin sisustuksen ja julkisten tilojen viimeistelyyn\",\"publisher\":{\"@id\":\"https:\/\/www.duuri.fi\/sv\/#organization\"},\"potentialAction\":[{\"@type\":\"SearchAction\",\"target\":{\"@type\":\"EntryPoint\",\"urlTemplate\":\"https:\/\/www.duuri.fi\/sv\/?s={search_term_string}\"},\"query-input\":{\"@type\":\"PropertyValueSpecification\",\"valueRequired\":true,\"valueName\":\"search_term_string\"}}],\"inLanguage\":\"sv-SE\"},{\"@type\":\"Organization\",\"@id\":\"https:\/\/www.duuri.fi\/sv\/#organization\",\"name\":\"Duuri Oy\",\"url\":\"https:\/\/www.duuri.fi\/sv\/\",\"logo\":{\"@type\":\"ImageObject\",\"inLanguage\":\"sv-SE\",\"@id\":\"https:\/\/www.duuri.fi\/sv\/#\/schema\/logo\/image\/\",\"url\":\"https:\/\/www.duuri.fi\/wp-content\/uploads\/2020\/08\/Duuri_uusi-logo.png\",\"contentUrl\":\"https:\/\/www.duuri.fi\/wp-content\/uploads\/2020\/08\/Duuri_uusi-logo.png\",\"width\":242,\"height\":91,\"caption\":\"Duuri Oy\"},\"image\":{\"@id\":\"https:\/\/www.duuri.fi\/sv\/#\/schema\/logo\/image\/\"}}]}<\/script>\n<!-- \/ Yoast SEO plugin. -->","yoast_head_json":{"title":"Produktkataloger - Duuri Oy","robots":{"index":"index","follow":"follow","max-snippet":"max-snippet:-1","max-image-preview":"max-image-preview:large","max-video-preview":"max-video-preview:-1"},"canonical":"https:\/\/www.duuri.fi\/sv\/materialbank\/produktkataloger\/","og_locale":"sv_SE","og_type":"article","og_title":"Produktkataloger - Duuri Oy","og_url":"https:\/\/www.duuri.fi\/sv\/materialbank\/produktkataloger\/","og_site_name":"Duuri Oy","article_modified_time":"2025-05-16T06:03:54+00:00","og_image":[{"url":"https:\/\/www.duuri.fi\/wp-content\/uploads\/2022\/05\/putkikalusteet_some_1920x1080px-1024x576.jpg","type":"","width":"","height":""}],"twitter_card":"summary_large_image","twitter_misc":{"Ber\u00e4knad l\u00e4stid":"1 minut"},"schema":{"@context":"https:\/\/schema.org","@graph":[{"@type":"WebPage","@id":"https:\/\/www.duuri.fi\/sv\/materialbank\/produktkataloger\/","url":"https:\/\/www.duuri.fi\/sv\/materialbank\/produktkataloger\/","name":"Produktkataloger - Duuri Oy","isPartOf":{"@id":"https:\/\/www.duuri.fi\/sv\/#website"},"datePublished":"2020-09-02T12:39:12+00:00","dateModified":"2025-05-16T06:03:54+00:00","breadcrumb":{"@id":"https:\/\/www.duuri.fi\/sv\/materialbank\/produktkataloger\/#breadcrumb"},"inLanguage":"sv-SE","potentialAction":[{"@type":"ReadAction","target":["https:\/\/www.duuri.fi\/sv\/materialbank\/produktkataloger\/"]}]},{"@type":"BreadcrumbList","@id":"https:\/\/www.duuri.fi\/sv\/materialbank\/produktkataloger\/#breadcrumb","itemListElement":[{"@type":"ListItem","position":1,"name":"Home","item":"https:\/\/www.duuri.fi\/sv\/"},{"@type":"ListItem","position":2,"name":"Materialbank","item":"https:\/\/www.duuri.fi\/sv\/materialbank\/"},{"@type":"ListItem","position":3,"name":"Produktkataloger"}]},{"@type":"WebSite","@id":"https:\/\/www.duuri.fi\/sv\/#website","url":"https:\/\/www.duuri.fi\/sv\/","name":"Duuri Oy","description":"Tuotteet ja asiantuntijapalvelut kodin sisustuksen ja julkisten tilojen viimeistelyyn","publisher":{"@id":"https:\/\/www.duuri.fi\/sv\/#organization"},"potentialAction":[{"@type":"SearchAction","target":{"@type":"EntryPoint","urlTemplate":"https:\/\/www.duuri.fi\/sv\/?s={search_term_string}"},"query-input":{"@type":"PropertyValueSpecification","valueRequired":true,"valueName":"search_term_string"}}],"inLanguage":"sv-SE"},{"@type":"Organization","@id":"https:\/\/www.duuri.fi\/sv\/#organization","name":"Duuri Oy","url":"https:\/\/www.duuri.fi\/sv\/","logo":{"@type":"ImageObject","inLanguage":"sv-SE","@id":"https:\/\/www.duuri.fi\/sv\/#\/schema\/logo\/image\/","url":"https:\/\/www.duuri.fi\/wp-content\/uploads\/2020\/08\/Duuri_uusi-logo.png","contentUrl":"https:\/\/www.duuri.fi\/wp-content\/uploads\/2020\/08\/Duuri_uusi-logo.png","width":242,"height":91,"caption":"Duuri Oy"},"image":{"@id":"https:\/\/www.duuri.fi\/sv\/#\/schema\/logo\/image\/"}}]}},"_links":{"self":[{"href":"https:\/\/www.duuri.fi\/sv\/wp-json\/wp\/v2\/pages\/16042","targetHints":{"allow":["GET"]}}],"collection":[{"href":"https:\/\/www.duuri.fi\/sv\/wp-json\/wp\/v2\/pages"}],"about":[{"href":"https:\/\/www.duuri.fi\/sv\/wp-json\/wp\/v2\/types\/page"}],"author":[{"embeddable":true,"href":"https:\/\/www.duuri.fi\/sv\/wp-json\/wp\/v2\/users\/12"}],"replies":[{"embeddable":true,"href":"https:\/\/www.duuri.fi\/sv\/wp-json\/wp\/v2\/comments?post=16042"}],"version-history":[{"count":34,"href":"https:\/\/www.duuri.fi\/sv\/wp-json\/wp\/v2\/pages\/16042\/revisions"}],"predecessor-version":[{"id":62284,"href":"https:\/\/www.duuri.fi\/sv\/wp-json\/wp\/v2\/pages\/16042\/revisions\/62284"}],"up":[{"embeddable":true,"href":"https:\/\/www.duuri.fi\/sv\/wp-json\/wp\/v2\/pages\/15992"}],"wp:attachment":[{"href":"https:\/\/www.duuri.fi\/sv\/wp-json\/wp\/v2\/media?parent=16042"}],"curies":[{"name":"wp","href":"https:\/\/api.w.org\/{rel}","templated":true}]}}