{"id":15996,"date":"2020-09-01T13:51:29","date_gmt":"2020-09-01T10:51:29","guid":{"rendered":"https:\/\/www.duuri.fi\/?page_id=15996"},"modified":"2024-03-28T10:16:31","modified_gmt":"2024-03-28T08:16:31","slug":"kontaktinformation","status":"publish","type":"page","link":"https:\/\/www.duuri.fi\/sv\/kontaktinformation\/","title":{"rendered":"Kontaktinformation"},"content":{"rendered":"\t<div id=\"gap-2013031404\" class=\"gap-element clearfix\" style=\"display:block; height:auto;\">\n\t\t\n<style>\n#gap-2013031404 {\n  padding-top: 30px;\n}\n<\/style>\n\t<\/div>\n\t\n<div class=\"row\"  id=\"row-1711039312\">\n\n\t<div id=\"col-435646221\" class=\"col small-12 large-12\"  >\n\t\t\t\t<div class=\"col-inner\"  >\n\t\t\t\n\t\t\t\n<h1>Kontakta oss<\/h1>\n\t\t<\/div>\n\t\t\t\t\t<\/div>\n\n\t\n\n\t<div id=\"col-459714695\" class=\"col medium-3 small-12 large-3\"  >\n\t\t\t\t<div class=\"col-inner\"  >\n\t\t\t\n\t\t\t\n<p><b>F\u00f6rs\u00e4ljning och r\u00e5dgivning<\/b><\/p>\n<p>Tel. 036 \u2013 18 63 63<br \/>\n<a href=\"mailto:info@d-profile.se\">info@d-profile.se<\/a><\/p>\n\t\t<\/div>\n\t\t\t\t\t<\/div>\n\n\t\n\n\t<div id=\"col-380495531\" class=\"col medium-3 small-12 large-3\"  >\n\t\t\t\t<div class=\"col-inner\"  >\n\t\t\t\n\t\t\t\n<p><strong><b>Ekonomi<\/b><\/strong><\/p>\n<p>Tel. 036 \u2013 18 63 70<br \/>\n<a href=\"mailto:stefan.granstrom@d-profile.se\">stefan.granstrom@d-profile.se<\/a><\/p>\n\t\t<\/div>\n\t\t\t\t\t<\/div>\n\n\t\n\n\t<div id=\"col-1336731178\" class=\"col medium-3 small-12 large-3\"  >\n\t\t\t\t<div class=\"col-inner\"  >\n\t\t\t\n\t\t\t\n<p><b>Logistik och leveransfr\u00e5gor<\/b><\/p>\n<p>Tel. 036 \u2013 18 63 72<br \/>\n<a href=\"mailto:mikael.nordstrom@d-profile.se\">mikael.nordstrom@d-profile.se<\/a><\/p>\n\t\t<\/div>\n\t\t\t\t\t<\/div>\n\n\t\n\n\t<div id=\"col-1208278981\" class=\"col medium-3 small-12 large-3\"  >\n\t\t\t\t<div class=\"col-inner\"  >\n\t\t\t\n\t\t\t\n\t\t<\/div>\n\t\t\t\t\t<\/div>\n\n\t\n<\/div>\n<div class=\"row\"  id=\"row-599164089\">\n\n\t<div id=\"col-226178794\" class=\"col medium-3 small-12 large-3\"  >\n\t\t\t\t<div class=\"col-inner\"  >\n\t\t\t\n\t\t\t\n<h2>\u00d6ppettider<\/h2>\n<p><strong>Kontor<\/strong><br \/>\nM\u00e5ndag \u2013 Fredag 8.00 \u2013 16.30<\/p>\n<p><strong>Lager<\/strong><br \/>\nM\u00e5ndag \u2013 Fredag 8.00-16.30<\/p>\n\t\t<\/div>\n\t\t\t\t\t<\/div>\n\n\t\n\n\t<div id=\"col-104173527\" class=\"col medium-3 small-12 large-3\"  >\n\t\t\t\t<div class=\"col-inner\"  >\n\t\t\t\n\t\t\t\n<h2>Adress<\/h2>\n<p><strong>D-Profile AB<br \/><\/strong><span style=\"font-size: 14.4px;\">Kabelv\u00e4gen 10 B<br \/><\/span>SE-553 02 J\u00f6nk\u00f6ping<br \/>Sverige<\/p>\n\t\t<\/div>\n\t\t\t\t\t<\/div>\n\n\t\n\n\t<div id=\"col-1916616306\" class=\"col medium-6 small-12 large-6\"  >\n\t\t\t\t<div class=\"col-inner\"  >\n\t\t\t\n\t\t\t\n<p><iframe loading=\"lazy\" style=\"border: 0;\" tabindex=\"0\" src=\"https:\/\/www.google.com\/maps\/embed?pb=!1m18!1m12!1m3!1d2128.7394027467603!2d14.164737451971837!3d57.7548488431921!2m3!1f0!2f0!3f0!3m2!1i1024!2i768!4f13.1!3m3!1m2!1s0x465a727148689651%3A0x1e08a0f230697ed8!2sD-Profile%20AB!5e0!3m2!1sfi!2sfi!4v1602154882246!5m2!1sfi!2sfi\" width=\"600\" height=\"450\" frameborder=\"0\" allowfullscreen=\"allowfullscreen\" aria-hidden=\"false\"><\/iframe><\/p>\n\t\t<\/div>\n\t\t\t\t\t<\/div>\n\n\t\n<\/div>\n\n\t<section class=\"section\" id=\"section_1623533270\">\n\t\t<div class=\"section-bg fill\" >\n\t\t\t\t\t\t\t\t\t\n\t\t\t\n\n\t\t<\/div>\n\n\t\t\n\n\t\t<div class=\"section-content relative\">\n\t\t\t\n<div class=\"row\"  id=\"row-1022303233\">\n\n\t<div id=\"col-438879989\" class=\"col small-12 large-12\"  >\n\t\t\t\t<div class=\"col-inner\"  >\n\t\t\t\n\t\t\t\n\n\t\t<div class=\"tabbed-content\">\n\t\t\t\n\t\t\t<ul class=\"nav nav-line-bottom nav-normal nav-size-normal nav-left\" role=\"tablist\"><li id=\"tab-v\u00e5ra-representanter\" class=\"tab active has-icon\" role=\"presentation\"><a href=\"#tab_v\u00e5ra-representanter\" role=\"tab\" aria-selected=\"true\" aria-controls=\"tab_v\u00e5ra-representanter\"><span>V\u00e5ra representanter<\/span><\/a><\/li>\n<li id=\"tab-f\u00f6rs\u00e4ljningskontakter-i-finland\" class=\"tab has-icon\" role=\"presentation\"><a href=\"#tab_f\u00f6rs\u00e4ljningskontakter-i-finland\" tabindex=\"-1\" role=\"tab\" aria-selected=\"false\" aria-controls=\"tab_f\u00f6rs\u00e4ljningskontakter-i-finland\"><span>F\u00f6rs\u00e4ljningskontakter i Finland<\/span><\/a><\/li>\n<li id=\"tab-duuri-oy-administration\" class=\"tab has-icon\" role=\"presentation\"><a href=\"#tab_duuri-oy-administration\" tabindex=\"-1\" role=\"tab\" aria-selected=\"false\" aria-controls=\"tab_duuri-oy-administration\"><span>Duuri Oy administration<\/span><\/a><\/li>\n<li id=\"tab-duuri-group-oy-administration\" class=\"tab has-icon\" role=\"presentation\"><a href=\"#tab_duuri-group-oy-administration\" tabindex=\"-1\" role=\"tab\" aria-selected=\"false\" aria-controls=\"tab_duuri-group-oy-administration\"><span>Duuri Group Oy administration<\/span><\/a><\/li>\n<li id=\"tab-duuri-group-oy-dotterbolag-i-finland\" class=\"tab has-icon\" role=\"presentation\"><a href=\"#tab_duuri-group-oy-dotterbolag-i-finland\" tabindex=\"-1\" role=\"tab\" aria-selected=\"false\" aria-controls=\"tab_duuri-group-oy-dotterbolag-i-finland\"><span>Duuri Group Oy dotterbolag i Finland<\/span><\/a><\/li>\n<li id=\"tab-internationella-dotterbolag\" class=\"tab has-icon\" role=\"presentation\"><a href=\"#tab_internationella-dotterbolag\" tabindex=\"-1\" role=\"tab\" aria-selected=\"false\" aria-controls=\"tab_internationella-dotterbolag\"><span>Internationella dotterbolag<\/span><\/a><\/li><\/ul><div class=\"tab-panels\"><div id=\"tab_v\u00e5ra-representanter\" class=\"panel active entry-content\" role=\"tabpanel\" aria-labelledby=\"tab-v\u00e5ra-representanter\">\n<div class=\"row\"  id=\"row-1101095426\">\n\n\t<div id=\"col-1858584515\" class=\"col medium-3 small-12 large-3\"  >\n\t\t\t\t<div class=\"col-inner\"  >\n\t\t\t\n\t\t\t\n<p>Patrik Bengtsson<br \/>\n<strong>General Manager, VD<br \/>\n<\/strong>Tel. 0705 \u2013 13\u00a014 34<br \/>\n<a href=\"mailto:patrik.bengtsson@d-profile.se\">patrik.bengtsson@d-profile.se<\/a><\/p>\n\t\t<\/div>\n\t\t\t\t\t<\/div>\n\n\t\n\n\t<div id=\"col-1748259561\" class=\"col medium-3 small-6 large-3\"  >\n\t\t\t\t<div class=\"col-inner\"  >\n\t\t\t\n\t\t\t\n<p>Anders Korp<br \/>\n<strong>F\u00f6rs\u00e4ljningsansvarig, M\u00e4lardalen och Norra Sverige<br \/>\n<\/strong>Tel. 0708 \u2013 73 73 01<br \/>\n<a href=\"mailto:anders.korp@d-profile.se\">anders.korp@d-profile.se<\/a><\/p>\n\t\t<\/div>\n\t\t\t\t\t<\/div>\n\n\t\n\n\t<div id=\"col-240440065\" class=\"col medium-3 small-6 large-3\"  >\n\t\t\t\t<div class=\"col-inner\"  >\n\t\t\t\n\t\t\t\n<p>Jesper Leise<br \/>\n<strong>F\u00f6rs\u00e4ljningsansvarig, Distrikt Mellersta och S\u00f6dra Sverige<br \/>\n<\/strong>Tel. 0702 \u2013 09 85 80<br \/>\n<a href=\"mailto:jesper.leise@d-profile.se\">jesper.leise@d-profile.se<\/a><\/p>\n\t\t<\/div>\n\t\t\t\t\t<\/div>\n\n\t\n\n\t<div id=\"col-1896306879\" class=\"col medium-3 small-6 large-3\"  >\n\t\t\t\t<div class=\"col-inner\"  >\n\t\t\t\n\t\t\t\n\t\t<\/div>\n\t\t\t\t\t<\/div>\n\n\t\n<\/div>\n<\/div>\n<div id=\"tab_f\u00f6rs\u00e4ljningskontakter-i-finland\" class=\"panel entry-content\" role=\"tabpanel\" aria-labelledby=\"tab-f\u00f6rs\u00e4ljningskontakter-i-finland\">\n<div class=\"row\"  id=\"row-1577801224\">\n\n\t<div id=\"col-1262591593\" class=\"col medium-2 small-6 large-2\"  >\n\t\t\t\t<div class=\"col-inner\"  >\n\t\t\t\n\t\t\t\n<p>Antti Isola<br \/><strong>Norra Finland, Norra Karelen, Norra Savolax<\/strong><br \/>Tel. +358 40 587 1694<br \/><a href=\"mailto:antti.isola@duuri.fi\">antti.isola@duuri.fi<\/a><\/p>\n<p>Marko Laine<br \/><strong>F\u00f6rs\u00e4ljnings- och teknisk r\u00e5dgivning<\/strong><br \/>Tel. <a class=\"linkki puhelinlinkki\" href=\"tel:0406846266\" target=\"_top\" rel=\"noopener noreferrer\">+358 40 684 6266<\/a><br \/><a class=\"linkki emaillinkki\" href=\"mailto:marko.laine@duuri.fi\" target=\"_blank\" rel=\"noopener noreferrer\">marko.laine@duuri.fi<\/a><\/p>\n\t\t<\/div>\n\t\t\t\t\t<\/div>\n\n\t\n\n\t<div id=\"col-734632097\" class=\"col medium-2 small-12 large-2\"  >\n\t\t\t\t<div class=\"col-inner\"  >\n\t\t\t\n\t\t\t\n<p>Ville Veromaa<br \/><strong>V\u00e4stra Finland och Karleby<\/strong><br \/>Tel. <a class=\"linkki puhelinlinkki\" href=\"tel:0404510335\" target=\"_top\" rel=\"noopener noreferrer\">+358 40 451 0335<\/a><br \/><a class=\"linkki emaillinkki\" href=\"mailto:ville.veromaa@duuri.fi\" target=\"_top\" rel=\"noopener noreferrer\">ville.veromaa@duuri.fi<\/a><\/p>\n<p>Anssi Hast<br \/><strong>F\u00f6rs\u00e4ljning och produktinformationshantering<\/strong><br \/>Tel. <a class=\"linkki puhelinlinkki\" href=\"tel:0406855380\" target=\"_top\" rel=\"noopener noreferrer\">+358 40 685 5380<\/a><br \/><a class=\"linkki emaillinkki\" href=\"mailto:anssi.hast@duuri.fi\" target=\"_blank\" rel=\"noopener noreferrer\">anssi.hast@duuri.fi<\/a><\/p>\n\t\t<\/div>\n\t\t\t\t\t<\/div>\n\n\t\n\n\t<div id=\"col-2096872419\" class=\"col medium-2 small-12 large-2\"  >\n\t\t\t\t<div class=\"col-inner\"  >\n\t\t\t\n\t\t\t\n<p>Janne Lyly<br \/><strong>Mellersta och \u00d6stra Finland, Pirkanmaa\u00a0<\/strong><br \/>Tel. <a class=\"linkki puhelinlinkki\" href=\"tel:0505169120\" target=\"_blank\" rel=\"noopener noreferrer\">+358 50 516 9120<\/a><br \/><a class=\"linkki emaillinkki\" href=\"mailto:janne.lyly@duuri.fi\" target=\"_top\" rel=\"noopener noreferrer\">janne.lyly@duuri.fi<\/a><\/p>\n\t\t<\/div>\n\t\t\t\t\t<\/div>\n\n\t\n\n\t<div id=\"col-671152695\" class=\"col medium-2 small-12 large-2\"  >\n\t\t\t\t<div class=\"col-inner\"  >\n\t\t\t\n\t\t\t\n<p>Roy Lindqvist<br \/>\n<strong>S\u00f6dra Finland<\/strong><br \/>\nTel. <a class=\"linkki puhelinlinkki\" href=\"tel:0407439046\" target=\"_top\" rel=\"noopener noreferrer\">+358 40 743 9046<\/a><br \/>\n<a class=\"linkki emaillinkki\" href=\"mailto:roy.lindqvist@duuri.fi\" target=\"_top\" rel=\"noopener noreferrer\">roy.lindqvist@duuri.fi<\/a><\/p>\n\t\t<\/div>\n\t\t\t\t\t<\/div>\n\n\t\n\n\t<div id=\"col-12729454\" class=\"col medium-2 small-12 large-2\"  >\n\t\t\t\t<div class=\"col-inner\"  >\n\t\t\t\n\t\t\t\n<p>Niko Ikonen<br \/>\n<strong>S\u00f6dra Finland, projekter<\/strong><br \/>\nTel. <a href=\"tel:+358405707323\">+358 40 570 7323<\/a><br \/>\n<a href=\"mailto:niko.ikonen@duuri.fi\">niko.ikonen@duuri.fi<\/a><\/p>\n\t\t<\/div>\n\t\t\t\t\t<\/div>\n\n\t\n\n\t<div id=\"col-867403145\" class=\"col medium-2 small-12 large-2\"  >\n\t\t\t\t<div class=\"col-inner\"  >\n\t\t\t\n\t\t\t\n\t\t<\/div>\n\t\t\t\t\t<\/div>\n\n\t\n<\/div>\n<\/div>\n<div id=\"tab_duuri-oy-administration\" class=\"panel entry-content\" role=\"tabpanel\" aria-labelledby=\"tab-duuri-oy-administration\">\n<div class=\"row\"  id=\"row-1584011636\">\n\n\t<div id=\"col-648489797\" class=\"col medium-3 small-12 large-3\"  >\n\t\t\t\t<div class=\"col-inner\"  >\n\t\t\t\n\t\t\t\n<p>Leena Wulff<br \/>\n<strong><span lang=\"sv\">Verkst\u00e4llande direkt\u00f6r<br \/>\n<\/span><\/strong>Tel. <a class=\"linkki puhelinlinkki\" href=\"tel:0503390310\" target=\"_top\" rel=\"noopener noreferrer\">+358 50 339 0310<\/a><br \/>\n<a class=\"linkki emaillinkki\" href=\"mailto:leena.wulff@duuri.fi\" target=\"_top\" rel=\"noopener noreferrer\">leena.wulff@duuri.fi<\/a><\/p>\n\t\t<\/div>\n\t\t\t\t\t<\/div>\n\n\t\n\n\t<div id=\"col-303871411\" class=\"col medium-3 small-12 large-3\"  >\n\t\t\t\t<div class=\"col-inner\"  >\n\t\t\t\n\t\t\t\n<p>Katja Aho<br \/><strong><span lang=\"sv\">Ekonomichef<\/span><\/strong><br \/>Tel. <a href=\"tel:0407422578\">+358 40 742 2578<\/a><br \/><a class=\"linkki emaillinkki\" href=\"mailto:sorana.nagy@duurigroup.com\" target=\"_top\" rel=\"noopener noreferrer\">sorana.nagy@duurigroup.com<\/a><\/p>\n<p>\u00a0<\/p>\n\t\t<\/div>\n\t\t\t\t\t<\/div>\n\n\t\n\n\t<div id=\"col-494329017\" class=\"col medium-3 small-12 large-3\"  >\n\t\t\t\t<div class=\"col-inner\"  >\n\t\t\t\n\t\t\t\n<p>Jari Plattonen<br \/>\n<strong>Ink\u00f6ps- och logistikchef<\/strong><br \/>\nTel. <a class=\"linkki puhelinlinkki\" href=\"tel:0500923271\" target=\"_top\" rel=\"noopener noreferrer\">+358 500 923 271<\/a><br \/>\n<a class=\"linkki emaillinkki\" href=\"mailto:jari.plattonen@duuri.fi\" target=\"_top\" rel=\"noopener noreferrer\">jari.plattonen@duuri.fi<\/a><\/p>\n\t\t<\/div>\n\t\t\t\t\t<\/div>\n\n\t\n\n\t<div id=\"col-983815966\" class=\"col medium-3 small-12 large-3\"  >\n\t\t\t\t<div class=\"col-inner\"  >\n\t\t\t\n\t\t\t\n<p>Joni Riihisaari<br \/>\n<strong>Kvalitets- och ink\u00f6pschef<\/strong><br \/>\nTel. <a href=\"http:\/\/045\u00a0644 1242\">+358 45\u00a0644 1242<\/a><br \/>\n<a href=\"mailto:joni.riihisaari@duuri.fi\">joni.riihisaari@duuri.fi<\/a><\/p>\n\t\t<\/div>\n\t\t\t\t\t<\/div>\n\n\t\n\n\t<div id=\"col-1911164533\" class=\"col medium-3 small-12 large-3\"  >\n\t\t\t\t<div class=\"col-inner\"  >\n\t\t\t\n\t\t\t\n<p>Jurij Kaunisto<br \/>\n<strong>ICT-expert<br \/>\n<\/strong>Tel. <a href=\"tel:+358505580533\">050 558 0533<\/a><br \/>\n<a href=\"mailto:jurij.kaunisto@duurigroup.com\">jurij.kaunisto@duurigroup.com<\/a><\/p>\n\t\t<\/div>\n\t\t\t\t\t<\/div>\n\n\t\n\n\t<div id=\"col-1331518850\" class=\"col medium-3 small-12 large-3\"  >\n\t\t\t\t<div class=\"col-inner\"  >\n\t\t\t\n\t\t\t\n<p>Antti Oksanen<br \/><strong>Marknadsf\u00f6ringsplanerare<\/strong><br \/>Tel. <a href=\"tel: +358406806010\">+358 40 680 6010<\/a><br \/><a href=\"mailto:antti.oksanen@duuri.fi\">antti.oksanen@duuri.fi<\/a><\/p>\n\t\t<\/div>\n\t\t\t\t\t<\/div>\n\n\t\n\n\t<div id=\"col-317023439\" class=\"col medium-3 small-12 large-3\"  >\n\t\t\t\t<div class=\"col-inner\"  >\n\t\t\t\n\t\t\t\n<p>P\u00e4ivi Hakala<br \/>\n<strong>Ekonomif\u00f6rvaltning<br \/>\n<\/strong>Tel. <a href=\"tel:+35864291600\">+358 (0)6 4291 600<\/a><br \/>\n<a href=\"mailto:paivi.hakala@prp.fi\">paivi.hakala@prp.fi<\/a><\/p>\n\t\t<\/div>\n\t\t\t\t\t<\/div>\n\n\t\n\n\t<div id=\"col-961613505\" class=\"col medium-3 small-12 large-3\"  >\n\t\t\t\t<div class=\"col-inner\"  >\n\t\t\t\n\t\t\t\n<p>Pasi Muhonen<br \/>\n<strong>Lagerchef<br \/>\n<\/strong>Tel. <a href=\"tel:+358406287848\">+358 40 628 7848<\/a><br \/>\n<a href=\"mailto:pasi.muhonen@duuri.fi\">pasi.muhonen@duuri.fi<\/a><\/p>\n\t\t<\/div>\n\t\t\t\t\t<\/div>\n\n\t\n<\/div>\n<\/div>\n<div id=\"tab_duuri-group-oy-administration\" class=\"panel entry-content\" role=\"tabpanel\" aria-labelledby=\"tab-duuri-group-oy-administration\">\n<div class=\"row\"  id=\"row-419981873\">\n\n\t<div id=\"col-1670450554\" class=\"col medium-3 small-12 large-3\"  >\n\t\t\t\t<div class=\"col-inner\"  >\n\t\t\t\n\t\t\t\n<p>Tomi Erkkil\u00e4<br \/>\n<strong><span lang=\"sv\">Verkst\u00e4llande direkt\u00f6r<\/span><\/strong><br \/>\nTel. <a class=\"linkki puhelinlinkki\" href=\"tel:0405443010\" target=\"_top\" rel=\"noopener noreferrer\">+358 40 544 3010<\/a><br \/>\n<a class=\"linkki emaillinkki\" href=\"mailto:tomi.erkkila@duurigroup.com\" target=\"_top\" rel=\"noopener noreferrer\">tomi.erkkila@duurigroup.com<\/a><\/p>\n<p>\u00a0<\/p>\n\t\t<\/div>\n\t\t\t\t\t<\/div>\n\n\t\n\n\t<div id=\"col-183648340\" class=\"col medium-3 small-12 large-3\"  >\n\t\t\t\t<div class=\"col-inner\"  >\n\t\t\t\n\t\t\t\n<p>Katja Aho<br \/><strong><span lang=\"sv\">Chief Financial Officer<\/span><\/strong><br \/>Tel. <a href=\"tel:0407422578\">+358 40 742 2578<\/a><br \/><a class=\"linkki emaillinkki\" href=\"mailto:katja.aho@duurigroup.com\" target=\"_top\" rel=\"noopener noreferrer\">katja.aho@duurigroup.com<\/a><\/p>\n<p>\u00a0<\/p>\n\t\t<\/div>\n\t\t\t\t\t<\/div>\n\n\t\n\n\t<div id=\"col-288019167\" class=\"col medium-3 small-12 large-3\"  >\n\t\t\t\t<div class=\"col-inner\"  >\n\t\t\t\n\t\t\t\n\t\t<\/div>\n\t\t\t\t\t<\/div>\n\n\t\n<\/div>\n<\/div>\n<div id=\"tab_duuri-group-oy-dotterbolag-i-finland\" class=\"panel entry-content\" role=\"tabpanel\" aria-labelledby=\"tab-duuri-group-oy-dotterbolag-i-finland\">\n<div class=\"row\"  id=\"row-1376408971\">\n\n\t<div id=\"col-279412885\" class=\"col medium-3 small-6 large-3\"  >\n\t\t\t\t<div class=\"col-inner\"  >\n\t\t\t\n\t\t\t\n<p><strong>Pohjanmaan Rakennuspelti Oy (PRP)<br \/>\n<\/strong>PRP | Sein\u00e4joki<strong><br \/>\n<\/strong>Kis\u00e4llintie 8, 60100 Sein\u00e4joki<br \/>\nTel.<a class=\"linkki puhelinlinkki\" href=\"tel:064291600\" target=\"_top\" rel=\"noopener noreferrer\"> +358 6 429 1600<\/a><br \/>\n<a class=\"linkki emaillinkki\" href=\"mailto:myynti@prp.fi\" target=\"_top\" rel=\"noopener noreferrer\">myynti@prp.fi<\/a><br \/>\n<a class=\"linkki\" href=\"http:\/\/www.prp.fi\/\" target=\"_blank\" rel=\"noopener noreferrer\">www.prp.fi<\/a><\/p>\n\t\t<\/div>\n\t\t\t\t\t<\/div>\n\n\t\n\n\t<div id=\"col-515057510\" class=\"col medium-3 small-6 large-3\"  >\n\t\t\t\t<div class=\"col-inner\"  >\n\t\t\t\n\t\t\t\n<p><strong>Scanmikael Oy<\/strong><\/p>\n<p>Kartanontie 53, 28430 Pori<br \/>Tel. +358 2 8377 9000<br \/><a class=\"linkki emaillinkki\" href=\"mailto:info@scanmikael.com\" target=\"_top\" rel=\"noopener noreferrer\">info@scanmikael.com<\/a><br \/><a class=\"linkki\" href=\"http:\/\/www.scanmikael.com\/\" target=\"_blank\" rel=\"noopener noreferrer\">www.scanmikael.com<\/a><\/p>\n\t\t<\/div>\n\t\t\t\t\t<\/div>\n\n\t\n\n\t<div id=\"col-1885916957\" class=\"col medium-3 small-6 large-3\"  >\n\t\t\t\t<div class=\"col-inner\"  >\n\t\t\t\n\t\t\t\n\t\t<\/div>\n\t\t\t\t\t<\/div>\n\n\t\n\n\t<div id=\"col-1683191673\" class=\"col medium-3 small-6 large-3\"  >\n\t\t\t\t<div class=\"col-inner\"  >\n\t\t\t\n\t\t\t\n\t\t<\/div>\n\t\t\t\t\t<\/div>\n\n\t\n<\/div>\n<\/div>\n<div id=\"tab_internationella-dotterbolag\" class=\"panel entry-content\" role=\"tabpanel\" aria-labelledby=\"tab-internationella-dotterbolag\">\n<div class=\"row\"  id=\"row-708722842\">\n\n\t<div id=\"col-435256967\" class=\"col medium-3 small-6 large-3\"  >\n\t\t\t\t<div class=\"col-inner\"  >\n\t\t\t\n\t\t\t\n<p><strong>D-Profile AB<br \/>\n<\/strong><span style=\"font-size: 14.4px;\">Kabelv\u00e4gen 10 B<br \/>\n<\/span>SE-553 02 J\u00f6nk\u00f6ping<br \/>\nSweden<br \/>\nTel. +46 (0)36 \u2013 18 63 63<br \/>\n<span style=\"font-size: 14.4px;\">Fax. +46 (0)36 \u2013 18 63 66<br \/>\n<\/span><a href=\"mailto:info@d-profile.se\">info@d-profile.se<\/a><\/p>\n\t\t<\/div>\n\t\t\t\t\t<\/div>\n\n\t\n\n\t<div id=\"col-163449807\" class=\"col medium-3 small-6 large-3\"  >\n\t\t\t\t<div class=\"col-inner\"  >\n\t\t\t\n\t\t\t\n<p><strong>D-Profile AS<br \/>\n<\/strong>Gl\u00e5mveien 3<br \/>\nNO-2500 Tynset<br \/>\nNorway<br \/>\nTel. +46 (0)70 \u2013 13 14 34<br \/>\n<a href=\"mailto:info@d-profile.se\">info@d-profile.se<\/a><\/p>\n\t\t<\/div>\n\t\t\t\t\t<\/div>\n\n\t\n\n\t<div id=\"col-1692097505\" class=\"col medium-3 small-6 large-3\"  >\n\t\t\t\t<div class=\"col-inner\"  >\n\t\t\t\n\t\t\t\n<p><strong>SIA D-profile<\/strong><br \/>\nRigas iela 6<br \/>\nLV-2114 Olaine, Latvia<br \/>\npuh.\u00a0<a class=\"linkki puhelinlinkki\" href=\"tel:+3717783506\" target=\"_top\" rel=\"noopener noreferrer\">+371 7783 506<\/a><br \/>\nfax +371 7783 508<br \/>\n<a class=\"linkki emaillinkki\" href=\"mailto:info@d-profile.lv\" target=\"_top\" rel=\"noopener noreferrer\">info@d-profile.lv\u00a0<\/a><\/p>\n\t\t<\/div>\n\t\t\t\t\t<\/div>\n\n\t\n<\/div>\n<\/div><\/div><\/div>\n\t\t<\/div>\n\t\t\t\t\t<\/div>\n\n\t\n<\/div>\n\t\t<\/div>\n\n\t\t\n<style>\n#section_1623533270 {\n  padding-top: 30px;\n  padding-bottom: 30px;\n  background-color: #f2f2f2;\n}\n<\/style>\n\t<\/section>\n\t\n","protected":false},"excerpt":{"rendered":"","protected":false},"author":12,"featured_media":0,"parent":0,"menu_order":0,"comment_status":"closed","ping_status":"closed","template":"page-blank.php","meta":{"_acf_changed":false,"footnotes":""},"class_list":["post-15996","page","type-page","status-publish","hentry"],"acf":[],"yoast_head":"<!-- This site is optimized with the Yoast SEO plugin v25.5 - https:\/\/yoast.com\/wordpress\/plugins\/seo\/ -->\n<title>Kontaktinformation - Duuri Oy<\/title>\n<meta name=\"robots\" content=\"index, follow, max-snippet:-1, max-image-preview:large, max-video-preview:-1\" \/>\n<link rel=\"canonical\" href=\"https:\/\/www.duuri.fi\/sv\/kontaktinformation\/\" \/>\n<meta property=\"og:locale\" content=\"sv_SE\" \/>\n<meta property=\"og:type\" content=\"article\" \/>\n<meta property=\"og:title\" content=\"Kontaktinformation - Duuri Oy\" \/>\n<meta property=\"og:url\" content=\"https:\/\/www.duuri.fi\/sv\/kontaktinformation\/\" \/>\n<meta property=\"og:site_name\" content=\"Duuri Oy\" \/>\n<meta property=\"article:modified_time\" content=\"2024-03-28T08:16:31+00:00\" \/>\n<meta name=\"twitter:card\" content=\"summary_large_image\" \/>\n<meta name=\"twitter:label1\" content=\"Ber\u00e4knad l\u00e4stid\" \/>\n\t<meta name=\"twitter:data1\" content=\"4 minuter\" \/>\n<script type=\"application\/ld+json\" class=\"yoast-schema-graph\">{\"@context\":\"https:\/\/schema.org\",\"@graph\":[{\"@type\":\"WebPage\",\"@id\":\"https:\/\/www.duuri.fi\/sv\/kontaktinformation\/\",\"url\":\"https:\/\/www.duuri.fi\/sv\/kontaktinformation\/\",\"name\":\"Kontaktinformation - Duuri Oy\",\"isPartOf\":{\"@id\":\"https:\/\/www.duuri.fi\/sv\/#website\"},\"datePublished\":\"2020-09-01T10:51:29+00:00\",\"dateModified\":\"2024-03-28T08:16:31+00:00\",\"breadcrumb\":{\"@id\":\"https:\/\/www.duuri.fi\/sv\/kontaktinformation\/#breadcrumb\"},\"inLanguage\":\"sv-SE\",\"potentialAction\":[{\"@type\":\"ReadAction\",\"target\":[\"https:\/\/www.duuri.fi\/sv\/kontaktinformation\/\"]}]},{\"@type\":\"BreadcrumbList\",\"@id\":\"https:\/\/www.duuri.fi\/sv\/kontaktinformation\/#breadcrumb\",\"itemListElement\":[{\"@type\":\"ListItem\",\"position\":1,\"name\":\"Home\",\"item\":\"https:\/\/www.duuri.fi\/sv\/\"},{\"@type\":\"ListItem\",\"position\":2,\"name\":\"Kontaktinformation\"}]},{\"@type\":\"WebSite\",\"@id\":\"https:\/\/www.duuri.fi\/sv\/#website\",\"url\":\"https:\/\/www.duuri.fi\/sv\/\",\"name\":\"Duuri Oy\",\"description\":\"Tuotteet ja asiantuntijapalvelut kodin sisustuksen ja julkisten tilojen viimeistelyyn\",\"publisher\":{\"@id\":\"https:\/\/www.duuri.fi\/sv\/#organization\"},\"potentialAction\":[{\"@type\":\"SearchAction\",\"target\":{\"@type\":\"EntryPoint\",\"urlTemplate\":\"https:\/\/www.duuri.fi\/sv\/?s={search_term_string}\"},\"query-input\":{\"@type\":\"PropertyValueSpecification\",\"valueRequired\":true,\"valueName\":\"search_term_string\"}}],\"inLanguage\":\"sv-SE\"},{\"@type\":\"Organization\",\"@id\":\"https:\/\/www.duuri.fi\/sv\/#organization\",\"name\":\"Duuri Oy\",\"url\":\"https:\/\/www.duuri.fi\/sv\/\",\"logo\":{\"@type\":\"ImageObject\",\"inLanguage\":\"sv-SE\",\"@id\":\"https:\/\/www.duuri.fi\/sv\/#\/schema\/logo\/image\/\",\"url\":\"https:\/\/www.duuri.fi\/wp-content\/uploads\/2020\/08\/Duuri_uusi-logo.png\",\"contentUrl\":\"https:\/\/www.duuri.fi\/wp-content\/uploads\/2020\/08\/Duuri_uusi-logo.png\",\"width\":242,\"height\":91,\"caption\":\"Duuri Oy\"},\"image\":{\"@id\":\"https:\/\/www.duuri.fi\/sv\/#\/schema\/logo\/image\/\"}}]}<\/script>\n<!-- \/ Yoast SEO plugin. -->","yoast_head_json":{"title":"Kontaktinformation - Duuri Oy","robots":{"index":"index","follow":"follow","max-snippet":"max-snippet:-1","max-image-preview":"max-image-preview:large","max-video-preview":"max-video-preview:-1"},"canonical":"https:\/\/www.duuri.fi\/sv\/kontaktinformation\/","og_locale":"sv_SE","og_type":"article","og_title":"Kontaktinformation - Duuri Oy","og_url":"https:\/\/www.duuri.fi\/sv\/kontaktinformation\/","og_site_name":"Duuri Oy","article_modified_time":"2024-03-28T08:16:31+00:00","twitter_card":"summary_large_image","twitter_misc":{"Ber\u00e4knad l\u00e4stid":"4 minuter"},"schema":{"@context":"https:\/\/schema.org","@graph":[{"@type":"WebPage","@id":"https:\/\/www.duuri.fi\/sv\/kontaktinformation\/","url":"https:\/\/www.duuri.fi\/sv\/kontaktinformation\/","name":"Kontaktinformation - Duuri Oy","isPartOf":{"@id":"https:\/\/www.duuri.fi\/sv\/#website"},"datePublished":"2020-09-01T10:51:29+00:00","dateModified":"2024-03-28T08:16:31+00:00","breadcrumb":{"@id":"https:\/\/www.duuri.fi\/sv\/kontaktinformation\/#breadcrumb"},"inLanguage":"sv-SE","potentialAction":[{"@type":"ReadAction","target":["https:\/\/www.duuri.fi\/sv\/kontaktinformation\/"]}]},{"@type":"BreadcrumbList","@id":"https:\/\/www.duuri.fi\/sv\/kontaktinformation\/#breadcrumb","itemListElement":[{"@type":"ListItem","position":1,"name":"Home","item":"https:\/\/www.duuri.fi\/sv\/"},{"@type":"ListItem","position":2,"name":"Kontaktinformation"}]},{"@type":"WebSite","@id":"https:\/\/www.duuri.fi\/sv\/#website","url":"https:\/\/www.duuri.fi\/sv\/","name":"Duuri Oy","description":"Tuotteet ja asiantuntijapalvelut kodin sisustuksen ja julkisten tilojen viimeistelyyn","publisher":{"@id":"https:\/\/www.duuri.fi\/sv\/#organization"},"potentialAction":[{"@type":"SearchAction","target":{"@type":"EntryPoint","urlTemplate":"https:\/\/www.duuri.fi\/sv\/?s={search_term_string}"},"query-input":{"@type":"PropertyValueSpecification","valueRequired":true,"valueName":"search_term_string"}}],"inLanguage":"sv-SE"},{"@type":"Organization","@id":"https:\/\/www.duuri.fi\/sv\/#organization","name":"Duuri Oy","url":"https:\/\/www.duuri.fi\/sv\/","logo":{"@type":"ImageObject","inLanguage":"sv-SE","@id":"https:\/\/www.duuri.fi\/sv\/#\/schema\/logo\/image\/","url":"https:\/\/www.duuri.fi\/wp-content\/uploads\/2020\/08\/Duuri_uusi-logo.png","contentUrl":"https:\/\/www.duuri.fi\/wp-content\/uploads\/2020\/08\/Duuri_uusi-logo.png","width":242,"height":91,"caption":"Duuri Oy"},"image":{"@id":"https:\/\/www.duuri.fi\/sv\/#\/schema\/logo\/image\/"}}]}},"_links":{"self":[{"href":"https:\/\/www.duuri.fi\/sv\/wp-json\/wp\/v2\/pages\/15996","targetHints":{"allow":["GET"]}}],"collection":[{"href":"https:\/\/www.duuri.fi\/sv\/wp-json\/wp\/v2\/pages"}],"about":[{"href":"https:\/\/www.duuri.fi\/sv\/wp-json\/wp\/v2\/types\/page"}],"author":[{"embeddable":true,"href":"https:\/\/www.duuri.fi\/sv\/wp-json\/wp\/v2\/users\/12"}],"replies":[{"embeddable":true,"href":"https:\/\/www.duuri.fi\/sv\/wp-json\/wp\/v2\/comments?post=15996"}],"version-history":[{"count":141,"href":"https:\/\/www.duuri.fi\/sv\/wp-json\/wp\/v2\/pages\/15996\/revisions"}],"predecessor-version":[{"id":56571,"href":"https:\/\/www.duuri.fi\/sv\/wp-json\/wp\/v2\/pages\/15996\/revisions\/56571"}],"wp:attachment":[{"href":"https:\/\/www.duuri.fi\/sv\/wp-json\/wp\/v2\/media?parent=15996"}],"curies":[{"name":"wp","href":"https:\/\/api.w.org\/{rel}","templated":true}]}}