{"id":15992,"date":"2020-09-01T13:32:58","date_gmt":"2020-09-01T10:32:58","guid":{"rendered":"https:\/\/www.duuri.fi\/?page_id=15992"},"modified":"2024-03-27T17:28:02","modified_gmt":"2024-03-27T15:28:02","slug":"materialbank","status":"publish","type":"page","link":"https:\/\/www.duuri.fi\/sv\/materialbank\/","title":{"rendered":"Materialbank"},"content":{"rendered":"<div class=\"row\"  id=\"row-1756125850\">\n\n\t<div id=\"col-2036533162\" class=\"col medium-9 small-12 large-9\"  >\n\t\t\t\t<div class=\"col-inner\"  >\n\t\t\t\n\t\t\t\n<h1>Kataloger och broschyrer<\/h1>\n<p><span lang=\"FI\">Bekanta dig med v\u00e5ra olika kataloger och broschyrer.<br \/>\nH\u00e4r nedan kan du bl\u00e4ddra i v\u00e5ra kataloger eller ladda ner dessa.<\/span><\/p>\n<p>Alla publikationer kan <span lang=\"FI\">\u00e4ven <\/span>best\u00e4llas fr\u00e5n oss kostnadsfritt p\u00e5 <a href=\"mailto:info@d-profile.se\">info@d-profile.se<\/a><br \/>\neller <span lang=\"FI\">genom att ringa<\/span> 036-18 63 63<\/p>\n\t\t<\/div>\n\t\t\t\t\t<\/div>\n\n\t\n<\/div>\n","protected":false},"excerpt":{"rendered":"","protected":false},"author":12,"featured_media":0,"parent":0,"menu_order":0,"comment_status":"closed","ping_status":"closed","template":"","meta":{"_acf_changed":false,"footnotes":""},"class_list":["post-15992","page","type-page","status-publish","hentry"],"acf":[],"yoast_head":"<!-- This site is optimized with the Yoast SEO plugin v25.5 - https:\/\/yoast.com\/wordpress\/plugins\/seo\/ -->\n<title>Materialbank - Duuri Oy<\/title>\n<meta name=\"description\" content=\"Bekanta dig med v\u00e5ra olika kataloger och broschyrer. Alla publikationer kan \u00e4ven best\u00e4llas fr\u00e5n oss kostnadsfritt p\u00e5 info@d-profile.se\" \/>\n<meta name=\"robots\" content=\"index, follow, max-snippet:-1, max-image-preview:large, max-video-preview:-1\" \/>\n<link rel=\"canonical\" href=\"https:\/\/www.duuri.fi\/sv\/materialbank\/\" \/>\n<meta property=\"og:locale\" content=\"sv_SE\" \/>\n<meta property=\"og:type\" content=\"article\" \/>\n<meta property=\"og:title\" content=\"Materialbank - Duuri Oy\" \/>\n<meta property=\"og:description\" content=\"Bekanta dig med v\u00e5ra olika kataloger och broschyrer. Alla publikationer kan \u00e4ven best\u00e4llas fr\u00e5n oss kostnadsfritt p\u00e5 info@d-profile.se\" \/>\n<meta property=\"og:url\" content=\"https:\/\/www.duuri.fi\/sv\/materialbank\/\" \/>\n<meta property=\"og:site_name\" content=\"Duuri Oy\" \/>\n<meta property=\"article:modified_time\" content=\"2024-03-27T15:28:02+00:00\" \/>\n<meta property=\"og:image\" content=\"https:\/\/www.duuri.fi\/wp-content\/uploads\/2022\/05\/putkikalusteet_some_1920x1080px-1024x576.jpg\" \/>\n<meta name=\"twitter:card\" content=\"summary_large_image\" \/>\n<meta name=\"twitter:label1\" content=\"Ber\u00e4knad l\u00e4stid\" \/>\n\t<meta name=\"twitter:data1\" content=\"1 minut\" \/>\n<script type=\"application\/ld+json\" class=\"yoast-schema-graph\">{\"@context\":\"https:\/\/schema.org\",\"@graph\":[{\"@type\":\"WebPage\",\"@id\":\"https:\/\/www.duuri.fi\/sv\/materialbank\/\",\"url\":\"https:\/\/www.duuri.fi\/sv\/materialbank\/\",\"name\":\"Materialbank - Duuri Oy\",\"isPartOf\":{\"@id\":\"https:\/\/www.duuri.fi\/sv\/#website\"},\"datePublished\":\"2020-09-01T10:32:58+00:00\",\"dateModified\":\"2024-03-27T15:28:02+00:00\",\"description\":\"Bekanta dig med v\u00e5ra olika kataloger och broschyrer. Alla publikationer kan \u00e4ven best\u00e4llas fr\u00e5n oss kostnadsfritt p\u00e5 info@d-profile.se\",\"breadcrumb\":{\"@id\":\"https:\/\/www.duuri.fi\/sv\/materialbank\/#breadcrumb\"},\"inLanguage\":\"sv-SE\",\"potentialAction\":[{\"@type\":\"ReadAction\",\"target\":[\"https:\/\/www.duuri.fi\/sv\/materialbank\/\"]}]},{\"@type\":\"BreadcrumbList\",\"@id\":\"https:\/\/www.duuri.fi\/sv\/materialbank\/#breadcrumb\",\"itemListElement\":[{\"@type\":\"ListItem\",\"position\":1,\"name\":\"Home\",\"item\":\"https:\/\/www.duuri.fi\/sv\/\"},{\"@type\":\"ListItem\",\"position\":2,\"name\":\"Materialbank\"}]},{\"@type\":\"WebSite\",\"@id\":\"https:\/\/www.duuri.fi\/sv\/#website\",\"url\":\"https:\/\/www.duuri.fi\/sv\/\",\"name\":\"Duuri Oy\",\"description\":\"Tuotteet ja asiantuntijapalvelut kodin sisustuksen ja julkisten tilojen viimeistelyyn\",\"publisher\":{\"@id\":\"https:\/\/www.duuri.fi\/sv\/#organization\"},\"potentialAction\":[{\"@type\":\"SearchAction\",\"target\":{\"@type\":\"EntryPoint\",\"urlTemplate\":\"https:\/\/www.duuri.fi\/sv\/?s={search_term_string}\"},\"query-input\":{\"@type\":\"PropertyValueSpecification\",\"valueRequired\":true,\"valueName\":\"search_term_string\"}}],\"inLanguage\":\"sv-SE\"},{\"@type\":\"Organization\",\"@id\":\"https:\/\/www.duuri.fi\/sv\/#organization\",\"name\":\"Duuri Oy\",\"url\":\"https:\/\/www.duuri.fi\/sv\/\",\"logo\":{\"@type\":\"ImageObject\",\"inLanguage\":\"sv-SE\",\"@id\":\"https:\/\/www.duuri.fi\/sv\/#\/schema\/logo\/image\/\",\"url\":\"https:\/\/www.duuri.fi\/wp-content\/uploads\/2020\/08\/Duuri_uusi-logo.png\",\"contentUrl\":\"https:\/\/www.duuri.fi\/wp-content\/uploads\/2020\/08\/Duuri_uusi-logo.png\",\"width\":242,\"height\":91,\"caption\":\"Duuri Oy\"},\"image\":{\"@id\":\"https:\/\/www.duuri.fi\/sv\/#\/schema\/logo\/image\/\"}}]}<\/script>\n<!-- \/ Yoast SEO plugin. -->","yoast_head_json":{"title":"Materialbank - Duuri Oy","description":"Bekanta dig med v\u00e5ra olika kataloger och broschyrer. Alla publikationer kan \u00e4ven best\u00e4llas fr\u00e5n oss kostnadsfritt p\u00e5 info@d-profile.se","robots":{"index":"index","follow":"follow","max-snippet":"max-snippet:-1","max-image-preview":"max-image-preview:large","max-video-preview":"max-video-preview:-1"},"canonical":"https:\/\/www.duuri.fi\/sv\/materialbank\/","og_locale":"sv_SE","og_type":"article","og_title":"Materialbank - Duuri Oy","og_description":"Bekanta dig med v\u00e5ra olika kataloger och broschyrer. Alla publikationer kan \u00e4ven best\u00e4llas fr\u00e5n oss kostnadsfritt p\u00e5 info@d-profile.se","og_url":"https:\/\/www.duuri.fi\/sv\/materialbank\/","og_site_name":"Duuri Oy","article_modified_time":"2024-03-27T15:28:02+00:00","og_image":[{"url":"https:\/\/www.duuri.fi\/wp-content\/uploads\/2022\/05\/putkikalusteet_some_1920x1080px-1024x576.jpg","type":"","width":"","height":""}],"twitter_card":"summary_large_image","twitter_misc":{"Ber\u00e4knad l\u00e4stid":"1 minut"},"schema":{"@context":"https:\/\/schema.org","@graph":[{"@type":"WebPage","@id":"https:\/\/www.duuri.fi\/sv\/materialbank\/","url":"https:\/\/www.duuri.fi\/sv\/materialbank\/","name":"Materialbank - Duuri Oy","isPartOf":{"@id":"https:\/\/www.duuri.fi\/sv\/#website"},"datePublished":"2020-09-01T10:32:58+00:00","dateModified":"2024-03-27T15:28:02+00:00","description":"Bekanta dig med v\u00e5ra olika kataloger och broschyrer. Alla publikationer kan \u00e4ven best\u00e4llas fr\u00e5n oss kostnadsfritt p\u00e5 info@d-profile.se","breadcrumb":{"@id":"https:\/\/www.duuri.fi\/sv\/materialbank\/#breadcrumb"},"inLanguage":"sv-SE","potentialAction":[{"@type":"ReadAction","target":["https:\/\/www.duuri.fi\/sv\/materialbank\/"]}]},{"@type":"BreadcrumbList","@id":"https:\/\/www.duuri.fi\/sv\/materialbank\/#breadcrumb","itemListElement":[{"@type":"ListItem","position":1,"name":"Home","item":"https:\/\/www.duuri.fi\/sv\/"},{"@type":"ListItem","position":2,"name":"Materialbank"}]},{"@type":"WebSite","@id":"https:\/\/www.duuri.fi\/sv\/#website","url":"https:\/\/www.duuri.fi\/sv\/","name":"Duuri Oy","description":"Tuotteet ja asiantuntijapalvelut kodin sisustuksen ja julkisten tilojen viimeistelyyn","publisher":{"@id":"https:\/\/www.duuri.fi\/sv\/#organization"},"potentialAction":[{"@type":"SearchAction","target":{"@type":"EntryPoint","urlTemplate":"https:\/\/www.duuri.fi\/sv\/?s={search_term_string}"},"query-input":{"@type":"PropertyValueSpecification","valueRequired":true,"valueName":"search_term_string"}}],"inLanguage":"sv-SE"},{"@type":"Organization","@id":"https:\/\/www.duuri.fi\/sv\/#organization","name":"Duuri Oy","url":"https:\/\/www.duuri.fi\/sv\/","logo":{"@type":"ImageObject","inLanguage":"sv-SE","@id":"https:\/\/www.duuri.fi\/sv\/#\/schema\/logo\/image\/","url":"https:\/\/www.duuri.fi\/wp-content\/uploads\/2020\/08\/Duuri_uusi-logo.png","contentUrl":"https:\/\/www.duuri.fi\/wp-content\/uploads\/2020\/08\/Duuri_uusi-logo.png","width":242,"height":91,"caption":"Duuri Oy"},"image":{"@id":"https:\/\/www.duuri.fi\/sv\/#\/schema\/logo\/image\/"}}]}},"_links":{"self":[{"href":"https:\/\/www.duuri.fi\/sv\/wp-json\/wp\/v2\/pages\/15992","targetHints":{"allow":["GET"]}}],"collection":[{"href":"https:\/\/www.duuri.fi\/sv\/wp-json\/wp\/v2\/pages"}],"about":[{"href":"https:\/\/www.duuri.fi\/sv\/wp-json\/wp\/v2\/types\/page"}],"author":[{"embeddable":true,"href":"https:\/\/www.duuri.fi\/sv\/wp-json\/wp\/v2\/users\/12"}],"replies":[{"embeddable":true,"href":"https:\/\/www.duuri.fi\/sv\/wp-json\/wp\/v2\/comments?post=15992"}],"version-history":[{"count":4,"href":"https:\/\/www.duuri.fi\/sv\/wp-json\/wp\/v2\/pages\/15992\/revisions"}],"predecessor-version":[{"id":56562,"href":"https:\/\/www.duuri.fi\/sv\/wp-json\/wp\/v2\/pages\/15992\/revisions\/56562"}],"wp:attachment":[{"href":"https:\/\/www.duuri.fi\/sv\/wp-json\/wp\/v2\/media?parent=15992"}],"curies":[{"name":"wp","href":"https:\/\/api.w.org\/{rel}","templated":true}]}}