{"id":15968,"date":"2020-08-31T14:20:21","date_gmt":"2020-08-31T11:20:21","guid":{"rendered":"https:\/\/www.duuri.fi\/?page_id=15968"},"modified":"2022-03-03T09:43:08","modified_gmt":"2022-03-03T07:43:08","slug":"d-profile-ab","status":"publish","type":"page","link":"https:\/\/www.duuri.fi\/sv\/d-profile-ab\/","title":{"rendered":"D-Profile AB"},"content":{"rendered":"\n\t<section class=\"section\" id=\"section_1356387229\">\n\t\t<div class=\"section-bg fill\" >\n\t\t\t\t\t\t\t\t\t\n\t\t\t\n\n\t\t<\/div>\n\n\t\t\n\n\t\t<div class=\"section-content relative\">\n\t\t\t\n<div class=\"row align-center\"  id=\"row-151570365\">\n\n\t<div id=\"col-45372158\" class=\"col small-12 large-12\"  >\n\t\t\t\t<div class=\"col-inner text-center\"  >\n\t\t\t\n\t\t\t\n<h1>D-Profile AB<\/h1>\n\t\t<\/div>\n\t\t\t\t\t<\/div>\n\n\t\n<\/div>\n\t\t<\/div>\n\n\t\t\n<style>\n#section_1356387229 {\n  padding-top: 30px;\n  padding-bottom: 30px;\n  margin-bottom: 160px;\n}\n<\/style>\n\t<\/section>\n\t\n\n\t<section class=\"section\" id=\"section_198424581\">\n\t\t<div class=\"section-bg fill\" >\n\t\t\t\t\t\t\t\t\t\n\t\t\t\n\n\t\t<\/div>\n\n\t\t\n\n\t\t<div class=\"section-content relative\">\n\t\t\t\n<div class=\"row align-center\"  id=\"row-449677290\">\n\n\t<div id=\"col-1165704393\" class=\"col medium-8 small-12 large-8\"  >\n\t\t\t\t<div class=\"col-inner text-center\"  >\n\t\t\t\n\t\t\t\n\t<div class=\"img has-hover x md-x lg-x y md-y lg-y\" id=\"image_197179292\">\n\t\t\t\t\t\t\t\t<div class=\"img-inner image-cover dark\" style=\"padding-top:50%;\">\n\t\t\t<img loading=\"lazy\" decoding=\"async\" width=\"899\" height=\"462\" src=\"https:\/\/www.duuri.fi\/wp-content\/uploads\/2020\/06\/12a102_092_1.jpg\" class=\"attachment-large size-large\" alt=\"duuri toimipiste\" srcset=\"https:\/\/www.duuri.fi\/wp-content\/uploads\/2020\/06\/12a102_092_1.jpg 899w, https:\/\/www.duuri.fi\/wp-content\/uploads\/2020\/06\/12a102_092_1-300x154.jpg 300w, https:\/\/www.duuri.fi\/wp-content\/uploads\/2020\/06\/12a102_092_1-768x395.jpg 768w, https:\/\/www.duuri.fi\/wp-content\/uploads\/2020\/06\/12a102_092_1-60x31.jpg 60w, https:\/\/www.duuri.fi\/wp-content\/uploads\/2020\/06\/12a102_092_1-600x308.jpg 600w\" sizes=\"auto, (max-width: 899px) 100vw, 899px\" \/>\t\t\t\t\t\t\n\t\t\t\t\t<\/div>\n\t\t\t\t\t\t\t\t\n<style>\n#image_197179292 {\n  width: 100%;\n}\n<\/style>\n\t<\/div>\n\t\n<h2><b><span lang=\"EN-US\">Internationell expertis<\/span><\/b><\/h2>\n<p>D-profile AB \u00e4r ett hel\u00e4gt dotterbolag till det internationella familjef\u00f6retaget Duuri Oy. \u00d6ver fyra decenniers specialisterfarenhet g\u00f6r oss till pionj\u00e4rer inom lister f\u00f6r heminredning och offentliga milj\u00f6er. <br \/>Vi utvecklar hela tiden v\u00e5rt breda sortiment, s\u00e5 att vi kan erbjuda v\u00e5ra kunder nyskapande och inspirerande l\u00f6ningar f\u00f6r b\u00e5de hemmet och offentliga milj\u00f6er.<\/p>\n\t\t<\/div>\n\t\t\t\t\n<style>\n#col-1165704393 > .col-inner {\n  margin: -200px 0px 0px 0px;\n}\n<\/style>\n\t<\/div>\n\n\t\n<\/div>\n\t\t<\/div>\n\n\t\t\n<style>\n#section_198424581 {\n  padding-top: 0px;\n  padding-bottom: 0px;\n  margin-bottom: 0px;\n  background-color: #f2f2f2;\n}\n<\/style>\n\t<\/section>\n\t\n\n\t<section class=\"section\" id=\"section_96626863\">\n\t\t<div class=\"section-bg fill\" >\n\t\t\t\t\t\t\t\t\t\n\t\t\t\n\n\t\t<\/div>\n\n\t\t\n\n\t\t<div class=\"section-content relative\">\n\t\t\t\n<div class=\"row\"  id=\"row-440817748\">\n\n\t<div id=\"col-2011014642\" class=\"col medium-6 small-12 large-6\"  >\n\t\t\t\t<div class=\"col-inner\"  >\n\t\t\t\n\t\t\t\n\t<div class=\"img has-hover x md-x lg-x y md-y lg-y\" id=\"image_1334776766\">\n\t\t\t\t\t\t\t\t<div class=\"img-inner dark\" >\n\t\t\t<img loading=\"lazy\" decoding=\"async\" width=\"400\" height=\"230\" src=\"https:\/\/www.duuri.fi\/wp-content\/uploads\/2020\/06\/duuri_2.jpg\" class=\"attachment-large size-large\" alt=\"\" srcset=\"https:\/\/www.duuri.fi\/wp-content\/uploads\/2020\/06\/duuri_2.jpg 400w, https:\/\/www.duuri.fi\/wp-content\/uploads\/2020\/06\/duuri_2-300x173.jpg 300w, https:\/\/www.duuri.fi\/wp-content\/uploads\/2020\/06\/duuri_2-60x35.jpg 60w\" sizes=\"auto, (max-width: 400px) 100vw, 400px\" \/>\t\t\t\t\t\t\n\t\t\t\t\t<\/div>\n\t\t\t\t\t\t\t\t\n<style>\n#image_1334776766 {\n  width: 100%;\n}\n<\/style>\n\t<\/div>\n\t\n<h2><b><span lang=\"FI\">Kvalitet till hem och offentliga milj\u00f6er<\/span><\/b><\/h2>\n<p><span lang=\"FI\">V\u00e5rt omfattande utbud best\u00e5r av \u00f6ver tusen olika Dione-dekorlistprodukter, som levereras fr\u00e5n v\u00e5rt lager i J\u00f6nk\u00f6ping till \u00e5terf\u00f6rs\u00e4ljare och projekt \u00f6ver hela Sverige. <\/span><span lang=\"EN-US\">I v\u00e5rt sortiment finns dessutom DionePro med produkter f\u00f6r byggbranschen och f\u00f6reskrivande led inom offentliga milj\u00f6er. I DionePro sortimentet finns h\u00f6gkvalitativa produkter s\u00e5 som inspektionsluckor, skyddsprodukter, samt specialprofiler i rostfritt st\u00e5l f\u00f6r bla sjukhus, k\u00f6pcenter och kontorslokaler.<\/span><\/p>\n\t\t<\/div>\n\t\t\t\t\t<\/div>\n\n\t\n\n\t<div id=\"col-1726201555\" class=\"col medium-6 small-12 large-6\"  >\n\t\t\t\t<div class=\"col-inner\"  >\n\t\t\t\n\t\t\t\n\t<div class=\"img has-hover x md-x lg-x y md-y lg-y\" id=\"image_545564611\">\n\t\t\t\t\t\t\t\t<div class=\"img-inner dark\" >\n\t\t\t<img loading=\"lazy\" decoding=\"async\" width=\"400\" height=\"230\" src=\"https:\/\/www.duuri.fi\/wp-content\/uploads\/2020\/06\/duuri_3.jpg\" class=\"attachment-large size-large\" alt=\"\" srcset=\"https:\/\/www.duuri.fi\/wp-content\/uploads\/2020\/06\/duuri_3.jpg 400w, https:\/\/www.duuri.fi\/wp-content\/uploads\/2020\/06\/duuri_3-300x173.jpg 300w, https:\/\/www.duuri.fi\/wp-content\/uploads\/2020\/06\/duuri_3-60x35.jpg 60w\" sizes=\"auto, (max-width: 400px) 100vw, 400px\" \/>\t\t\t\t\t\t\n\t\t\t\t\t<\/div>\n\t\t\t\t\t\t\t\t\n<style>\n#image_545564611 {\n  width: 100%;\n}\n<\/style>\n\t<\/div>\n\t\n<h2><b><span lang=\"EN-US\">Innovativa<br \/>distributionstj\u00e4nster<\/span><\/b><\/h2>\n<p><span lang=\"EN-US\">Ut\u00f6ver l\u00f6pande produktutveckling \u00e4r v\u00e5r leveransservice en central del av D-Profile AB:s verksamhet, vilket inneb\u00e4r att vi \u00e4r en solid partner till v\u00e5ra \u00e5terf\u00f6rs\u00e4ljare. I Sverige s\u00e4ljs v\u00e5ra h\u00f6gkvalitativa Dione-dekorlister till ledande j\u00e4rn-, kakel-, f\u00e4rg- och bygghandlare \u00f6ver hela landet.<\/span><\/p>\n\t\t<\/div>\n\t\t\t\t\t<\/div>\n\n\t\n<\/div>\n\t\t<\/div>\n\n\t\t\n<style>\n#section_96626863 {\n  padding-top: 30px;\n  padding-bottom: 30px;\n}\n<\/style>\n\t<\/section>\n\t\n\n\t<section class=\"section\" id=\"section_1373706288\">\n\t\t<div class=\"section-bg fill\" >\n\t\t\t\t\t\t\t\t\t\n\t\t\t\n\n\t\t<\/div>\n\n\t\t\n\n\t\t<div class=\"section-content relative\">\n\t\t\t\n<div class=\"row align-middle align-center\"  id=\"row-1490590428\">\n\n\t<div id=\"col-1398616923\" class=\"col medium-5 small-12 large-5\"  >\n\t\t\t\t<div class=\"col-inner\"  >\n\t\t\t\n\t\t\t\n\t<div class=\"img has-hover x md-x lg-x y md-y lg-y\" id=\"image_9313646\">\n\t\t\t\t\t\t\t\t<div class=\"img-inner dark\" >\n\t\t\t<img loading=\"lazy\" decoding=\"async\" width=\"847\" height=\"1024\" src=\"https:\/\/www.duuri.fi\/wp-content\/uploads\/2022\/03\/Duuri_kartta_SWE-847x1024.jpg\" class=\"attachment-large size-large\" alt=\"D-Profile marknaden\" srcset=\"https:\/\/www.duuri.fi\/wp-content\/uploads\/2022\/03\/Duuri_kartta_SWE-847x1024.jpg 847w, https:\/\/www.duuri.fi\/wp-content\/uploads\/2022\/03\/Duuri_kartta_SWE-248x300.jpg 248w, https:\/\/www.duuri.fi\/wp-content\/uploads\/2022\/03\/Duuri_kartta_SWE-768x928.jpg 768w, https:\/\/www.duuri.fi\/wp-content\/uploads\/2022\/03\/Duuri_kartta_SWE-50x60.jpg 50w, https:\/\/www.duuri.fi\/wp-content\/uploads\/2022\/03\/Duuri_kartta_SWE-600x725.jpg 600w, https:\/\/www.duuri.fi\/wp-content\/uploads\/2022\/03\/Duuri_kartta_SWE.jpg 1241w\" sizes=\"auto, (max-width: 847px) 100vw, 847px\" \/>\t\t\t\t\t\t\n\t\t\t\t\t<\/div>\n\t\t\t\t\t\t\t\t\n<style>\n#image_9313646 {\n  width: 100%;\n}\n<\/style>\n\t<\/div>\n\t\n\t\t<\/div>\n\t\t\t\t\t<\/div>\n\n\t\n\n\t<div id=\"col-2055569598\" class=\"col medium-5 small-12 large-5\"  >\n\t\t\t\t<div class=\"col-inner\"  >\n\t\t\t\n\t\t\t\n<h2><b><span lang=\"EN-US\">Duuri internationellt<\/span><\/b><\/h2>\n<p>Duuri Oy:s f\u00f6rs\u00e4ljningsomr\u00e5de t\u00e4cker Norden och Baltikum. Ut\u00f6ver huvudkontoret i Helsingfors har f\u00f6retaget kontor i Sverige, Norge och Lettland.<\/p>\n<a href=\"https:\/\/duurigroup.com\/\" class=\"button primary is-outline\"  style=\"border-radius:99px;\">\n\t\t<span>Duuri Group<\/span>\n\t<i class=\"icon-angle-right\" aria-hidden=\"true\" ><\/i><\/a>\n\n\t\t<\/div>\n\t\t\t\t\t<\/div>\n\n\t\n<\/div>\n\t\t<\/div>\n\n\t\t\n<style>\n#section_1373706288 {\n  padding-top: 30px;\n  padding-bottom: 30px;\n  background-color: rgb(242, 242, 242);\n}\n<\/style>\n\t<\/section>\n\t\n\n\t<section class=\"section\" id=\"section_178846674\">\n\t\t<div class=\"section-bg fill\" >\n\t\t\t\t\t\t\t\t\t\n\t\t\t\n\n\t\t<\/div>\n\n\t\t\n\n\t\t<div class=\"section-content relative\">\n\t\t\t\n<div class=\"row\"  id=\"row-536725050\">\n\n\t<div id=\"col-1836745101\" class=\"col medium-6 small-12 large-6\"  >\n\t\t\t\t<div class=\"col-inner\"  >\n\t\t\t\n\t\t\t\n<h2 class=\"p1\">Allt b\u00f6rjade h\u00e4r<\/h2>\n<p class=\"p1\">\u00c5r 1978 inledde Kalervo Erkkil\u00e4, grundare av Duuri Oy som d\u00e5 hette Duri Oy, f\u00f6retagsverksamhet med sin svenska kollega.<\/p>\n<p class=\"p1\">1980 \u00f6vergick den svenska andelen av f\u00f6retaget i Erkkil\u00e4s och andra nyckelpersoners \u00e4go, varvid f\u00f6retagets namn \u00e4ndrades till Duuri Oy. Verksamheten inleddes med verktyg, maskiner och lister f\u00f6r golvbel\u00e4ggning. Dessa ing\u00e5r fortfarande idag i produktsortimentet.<\/p>\n<p class=\"p1\">Duuri Oy har alltsedan starten legat i framkanten av branschens utveckling. Kalervo Erkkil\u00e4 deltog i grundandet av den europeiska branschorganisationen EFAG (European Floor Covering Accessory Group), vilket gjorde det m\u00f6jligt att f\u00f6lja utvecklingen p\u00e5 n\u00e4ra h\u00e5ll och ocks\u00e5 delta i utvecklingsarbetet. Duuri Oy b\u00f6rjade redan i startskedet dra nytta av f\u00f6rdelarna med globaliseringen och inledde samarbete med m\u00e5nga europeiska och senare bland annat asiatiska akt\u00f6rer. Samtidigt b\u00f6rjade Duuri Oy l\u00e5ta tillverka inredningslister, vilket fortfarande idag h\u00f6r till verksamheten. Duuri Oy har tiotals \u00e5r av erfarenhet inom logistiska processers styrning. Denna verksamhetsid\u00e9 har f\u00f6retaget f\u00f6r\u00e4dlat under \u00e5rens lopp.<\/p>\n<p class=\"p1\">Under \u00e5ren 1998\u20132000 skedde en generationsv\u00e4xling i f\u00f6retaget, vilket ledde till att Tomi Erkkil\u00e4 blev verkst\u00e4llande direkt\u00f6r f\u00f6r Duuri Oy \u00e5r 2000. Efter detta har Duuri Oy vidgat sitt kompetensomr\u00e5de ytterligare. Nu ing\u00e5r \u00e4ven kunnande inom glas- och metallbranschen, eftersom Duuri Oy i januari f\u00f6rv\u00e4rvade 2015 Pohjanmaan Rakennuspelti Oy (PRP) och Scanmikael Oy.<\/p>\n<p class=\"p1\">Duuri Oy har g\u00e5tt en l\u00e5ng v\u00e4g i sin egen bransch och har efter 40 \u00e5rs erfarenhet erh\u00e5llit ett f\u00f6rdjupat kunnande. Duuri Oy \u00e4r idag en f\u00f6reg\u00e5ngare inom inredningsprodukter. Denna framg\u00e5ng har \u00e4nd\u00e5 inte uppst\u00e5tt av sig sj\u00e4lv utan har kr\u00e4vt mycket arbete, uth\u00e5llighet och tro p\u00e5 det egna arbetet.<\/p>\n\t\t<\/div>\n\t\t\t\t\t<\/div>\n\n\t\n\n\t<div id=\"col-1985267677\" class=\"col medium-6 small-12 large-6\"  >\n\t\t\t\t<div class=\"col-inner\"  >\n\t\t\t\n\t\t\t\n\t<div class=\"img has-hover x md-x lg-x y md-y lg-y\" id=\"image_403657429\">\n\t\t\t\t\t\t\t\t<div class=\"img-inner dark\" >\n\t\t\t<img loading=\"lazy\" decoding=\"async\" width=\"674\" height=\"675\" src=\"https:\/\/www.duuri.fi\/wp-content\/uploads\/2020\/06\/duuri_40v.jpg\" class=\"attachment-large size-large\" alt=\"Duuri 40 juhlavuoden logo\" srcset=\"https:\/\/www.duuri.fi\/wp-content\/uploads\/2020\/06\/duuri_40v.jpg 674w, https:\/\/www.duuri.fi\/wp-content\/uploads\/2020\/06\/duuri_40v-300x300.jpg 300w, https:\/\/www.duuri.fi\/wp-content\/uploads\/2020\/06\/duuri_40v-150x150.jpg 150w, https:\/\/www.duuri.fi\/wp-content\/uploads\/2020\/06\/duuri_40v-32x32.jpg 32w, https:\/\/www.duuri.fi\/wp-content\/uploads\/2020\/06\/duuri_40v-60x60.jpg 60w, https:\/\/www.duuri.fi\/wp-content\/uploads\/2020\/06\/duuri_40v-600x601.jpg 600w, https:\/\/www.duuri.fi\/wp-content\/uploads\/2020\/06\/duuri_40v-100x100.jpg 100w\" sizes=\"auto, (max-width: 674px) 100vw, 674px\" \/>\t\t\t\t\t\t\n\t\t\t\t\t<\/div>\n\t\t\t\t\t\t\t\t\n<style>\n#image_403657429 {\n  width: 100%;\n}\n<\/style>\n\t<\/div>\n\t\n\t\t<\/div>\n\t\t\t\t\t<\/div>\n\n\t\n<\/div>\n\t\t<\/div>\n\n\t\t\n<style>\n#section_178846674 {\n  padding-top: 30px;\n  padding-bottom: 30px;\n}\n<\/style>\n\t<\/section>\n\t\n","protected":false},"excerpt":{"rendered":"","protected":false},"author":12,"featured_media":0,"parent":0,"menu_order":0,"comment_status":"closed","ping_status":"closed","template":"page-blank-title-center.php","meta":{"_acf_changed":false,"footnotes":""},"class_list":["post-15968","page","type-page","status-publish","hentry"],"acf":[],"yoast_head":"<!-- This site is optimized with the Yoast SEO plugin v25.5 - https:\/\/yoast.com\/wordpress\/plugins\/seo\/ -->\n<title>D-Profile AB - Duuri Oy<\/title>\n<meta name=\"robots\" content=\"index, follow, max-snippet:-1, max-image-preview:large, max-video-preview:-1\" \/>\n<link rel=\"canonical\" href=\"https:\/\/www.duuri.fi\/sv\/d-profile-ab\/\" \/>\n<meta property=\"og:locale\" content=\"sv_SE\" \/>\n<meta property=\"og:type\" content=\"article\" \/>\n<meta property=\"og:title\" content=\"D-Profile AB - Duuri Oy\" \/>\n<meta property=\"og:url\" content=\"https:\/\/www.duuri.fi\/sv\/d-profile-ab\/\" \/>\n<meta property=\"og:site_name\" content=\"Duuri Oy\" \/>\n<meta property=\"article:modified_time\" content=\"2022-03-03T07:43:08+00:00\" \/>\n<meta name=\"twitter:card\" content=\"summary_large_image\" \/>\n<meta name=\"twitter:label1\" content=\"Ber\u00e4knad l\u00e4stid\" \/>\n\t<meta name=\"twitter:data1\" content=\"3 minuter\" \/>\n<script type=\"application\/ld+json\" class=\"yoast-schema-graph\">{\"@context\":\"https:\/\/schema.org\",\"@graph\":[{\"@type\":\"WebPage\",\"@id\":\"https:\/\/www.duuri.fi\/sv\/d-profile-ab\/\",\"url\":\"https:\/\/www.duuri.fi\/sv\/d-profile-ab\/\",\"name\":\"D-Profile AB - Duuri Oy\",\"isPartOf\":{\"@id\":\"https:\/\/www.duuri.fi\/sv\/#website\"},\"datePublished\":\"2020-08-31T11:20:21+00:00\",\"dateModified\":\"2022-03-03T07:43:08+00:00\",\"breadcrumb\":{\"@id\":\"https:\/\/www.duuri.fi\/sv\/d-profile-ab\/#breadcrumb\"},\"inLanguage\":\"sv-SE\",\"potentialAction\":[{\"@type\":\"ReadAction\",\"target\":[\"https:\/\/www.duuri.fi\/sv\/d-profile-ab\/\"]}]},{\"@type\":\"BreadcrumbList\",\"@id\":\"https:\/\/www.duuri.fi\/sv\/d-profile-ab\/#breadcrumb\",\"itemListElement\":[{\"@type\":\"ListItem\",\"position\":1,\"name\":\"Home\",\"item\":\"https:\/\/www.duuri.fi\/sv\/\"},{\"@type\":\"ListItem\",\"position\":2,\"name\":\"D-Profile AB\"}]},{\"@type\":\"WebSite\",\"@id\":\"https:\/\/www.duuri.fi\/sv\/#website\",\"url\":\"https:\/\/www.duuri.fi\/sv\/\",\"name\":\"Duuri Oy\",\"description\":\"Tuotteet ja asiantuntijapalvelut kodin sisustuksen ja julkisten tilojen viimeistelyyn\",\"publisher\":{\"@id\":\"https:\/\/www.duuri.fi\/sv\/#organization\"},\"potentialAction\":[{\"@type\":\"SearchAction\",\"target\":{\"@type\":\"EntryPoint\",\"urlTemplate\":\"https:\/\/www.duuri.fi\/sv\/?s={search_term_string}\"},\"query-input\":{\"@type\":\"PropertyValueSpecification\",\"valueRequired\":true,\"valueName\":\"search_term_string\"}}],\"inLanguage\":\"sv-SE\"},{\"@type\":\"Organization\",\"@id\":\"https:\/\/www.duuri.fi\/sv\/#organization\",\"name\":\"Duuri Oy\",\"url\":\"https:\/\/www.duuri.fi\/sv\/\",\"logo\":{\"@type\":\"ImageObject\",\"inLanguage\":\"sv-SE\",\"@id\":\"https:\/\/www.duuri.fi\/sv\/#\/schema\/logo\/image\/\",\"url\":\"https:\/\/www.duuri.fi\/wp-content\/uploads\/2020\/08\/Duuri_uusi-logo.png\",\"contentUrl\":\"https:\/\/www.duuri.fi\/wp-content\/uploads\/2020\/08\/Duuri_uusi-logo.png\",\"width\":242,\"height\":91,\"caption\":\"Duuri Oy\"},\"image\":{\"@id\":\"https:\/\/www.duuri.fi\/sv\/#\/schema\/logo\/image\/\"}}]}<\/script>\n<!-- \/ Yoast SEO plugin. -->","yoast_head_json":{"title":"D-Profile AB - Duuri Oy","robots":{"index":"index","follow":"follow","max-snippet":"max-snippet:-1","max-image-preview":"max-image-preview:large","max-video-preview":"max-video-preview:-1"},"canonical":"https:\/\/www.duuri.fi\/sv\/d-profile-ab\/","og_locale":"sv_SE","og_type":"article","og_title":"D-Profile AB - Duuri Oy","og_url":"https:\/\/www.duuri.fi\/sv\/d-profile-ab\/","og_site_name":"Duuri Oy","article_modified_time":"2022-03-03T07:43:08+00:00","twitter_card":"summary_large_image","twitter_misc":{"Ber\u00e4knad l\u00e4stid":"3 minuter"},"schema":{"@context":"https:\/\/schema.org","@graph":[{"@type":"WebPage","@id":"https:\/\/www.duuri.fi\/sv\/d-profile-ab\/","url":"https:\/\/www.duuri.fi\/sv\/d-profile-ab\/","name":"D-Profile AB - Duuri Oy","isPartOf":{"@id":"https:\/\/www.duuri.fi\/sv\/#website"},"datePublished":"2020-08-31T11:20:21+00:00","dateModified":"2022-03-03T07:43:08+00:00","breadcrumb":{"@id":"https:\/\/www.duuri.fi\/sv\/d-profile-ab\/#breadcrumb"},"inLanguage":"sv-SE","potentialAction":[{"@type":"ReadAction","target":["https:\/\/www.duuri.fi\/sv\/d-profile-ab\/"]}]},{"@type":"BreadcrumbList","@id":"https:\/\/www.duuri.fi\/sv\/d-profile-ab\/#breadcrumb","itemListElement":[{"@type":"ListItem","position":1,"name":"Home","item":"https:\/\/www.duuri.fi\/sv\/"},{"@type":"ListItem","position":2,"name":"D-Profile AB"}]},{"@type":"WebSite","@id":"https:\/\/www.duuri.fi\/sv\/#website","url":"https:\/\/www.duuri.fi\/sv\/","name":"Duuri Oy","description":"Tuotteet ja asiantuntijapalvelut kodin sisustuksen ja julkisten tilojen viimeistelyyn","publisher":{"@id":"https:\/\/www.duuri.fi\/sv\/#organization"},"potentialAction":[{"@type":"SearchAction","target":{"@type":"EntryPoint","urlTemplate":"https:\/\/www.duuri.fi\/sv\/?s={search_term_string}"},"query-input":{"@type":"PropertyValueSpecification","valueRequired":true,"valueName":"search_term_string"}}],"inLanguage":"sv-SE"},{"@type":"Organization","@id":"https:\/\/www.duuri.fi\/sv\/#organization","name":"Duuri Oy","url":"https:\/\/www.duuri.fi\/sv\/","logo":{"@type":"ImageObject","inLanguage":"sv-SE","@id":"https:\/\/www.duuri.fi\/sv\/#\/schema\/logo\/image\/","url":"https:\/\/www.duuri.fi\/wp-content\/uploads\/2020\/08\/Duuri_uusi-logo.png","contentUrl":"https:\/\/www.duuri.fi\/wp-content\/uploads\/2020\/08\/Duuri_uusi-logo.png","width":242,"height":91,"caption":"Duuri Oy"},"image":{"@id":"https:\/\/www.duuri.fi\/sv\/#\/schema\/logo\/image\/"}}]}},"_links":{"self":[{"href":"https:\/\/www.duuri.fi\/sv\/wp-json\/wp\/v2\/pages\/15968","targetHints":{"allow":["GET"]}}],"collection":[{"href":"https:\/\/www.duuri.fi\/sv\/wp-json\/wp\/v2\/pages"}],"about":[{"href":"https:\/\/www.duuri.fi\/sv\/wp-json\/wp\/v2\/types\/page"}],"author":[{"embeddable":true,"href":"https:\/\/www.duuri.fi\/sv\/wp-json\/wp\/v2\/users\/12"}],"replies":[{"embeddable":true,"href":"https:\/\/www.duuri.fi\/sv\/wp-json\/wp\/v2\/comments?post=15968"}],"version-history":[{"count":22,"href":"https:\/\/www.duuri.fi\/sv\/wp-json\/wp\/v2\/pages\/15968\/revisions"}],"predecessor-version":[{"id":42555,"href":"https:\/\/www.duuri.fi\/sv\/wp-json\/wp\/v2\/pages\/15968\/revisions\/42555"}],"wp:attachment":[{"href":"https:\/\/www.duuri.fi\/sv\/wp-json\/wp\/v2\/media?parent=15968"}],"curies":[{"name":"wp","href":"https:\/\/api.w.org\/{rel}","templated":true}]}}