{"id":66086,"date":"2024-01-29T10:05:40","date_gmt":"2024-01-29T08:05:40","guid":{"rendered":"https:\/\/www.duuri.fi\/saumalista-40mm-nordic-graphite-silea-2000mm\/"},"modified":"2026-04-28T07:04:31","modified_gmt":"2026-04-28T04:04:31","slug":"nosegliste-40mm-nordic-grafits-2000mm","status":"publish","type":"product","link":"https:\/\/www.duuri.fi\/lv\/nosegliste-40mm-nordic-grafits-2000mm\/","title":{"rendered":"NOSEGL\u012aSTE 40MM NORDIC GRAFITS 2000MM"},"content":{"rendered":"<p>Met\u0101la nosegl\u012bste ar l\u012bmes stiprin\u0101jumu. Univers\u0101li lietojam\u0101 nosegl\u012bste Dione ir piem\u0113rota gr\u012bdas materi\u0101lu savieno\u0161anai vien\u0101 plakn\u0113 un kompens\u0101cijas \u0161uvju apdarei. Anod\u0113t\u0101 met\u0101la nosegl\u012bste ir Nordic graf\u012bta kr\u0101s\u0101. Iztur\u012bg\u0101 met\u0101la l\u012bste ir piem\u0113rota ar\u012b k\u0101 slieksnis. Da\u017e\u0101do materi\u0101lu un kr\u0101su izv\u0113\u013cu d\u0113\u013c nosegl\u012bstes Dione papildina interjera dizainu un gaum\u012bgi savieno gr\u012bdas virsmas.<\/p>\n","protected":false},"excerpt":{"rendered":"<p>Nosegl\u012bste Dione ar l\u012bmes stiprin\u0101jumu. Nordic graf\u012bta kr\u0101s\u0101, no anod\u0113ta alum\u012bnija. Platums: 40\u00a0mm. Garums: 2000\u00a0mm.<\/p>\n","protected":false},"featured_media":55355,"comment_status":"closed","ping_status":"closed","template":"","meta":{"_acf_changed":false},"product_brand":[],"product_cat":[15064,4327,4341],"product_tag":[],"class_list":{"0":"post-66086","1":"product","2":"type-product","3":"status-publish","4":"has-post-thumbnail","6":"product_cat-liimakiinnitys-saumalistat-lattialistat-listat-01-6-lv","7":"product_cat-lattialistat-lv","8":"product_cat-saumalistat-lv","10":"first","11":"instock","12":"shipping-taxable","13":"product-type-simple"},"acf":[],"yoast_head":"<!-- This site is optimized with the Yoast SEO plugin v25.5 - https:\/\/yoast.com\/wordpress\/plugins\/seo\/ -->\n<title>NOSEGL\u012aSTE 40MM NORDIC GRAFITS 2000MM - Duuri Oy<\/title>\n<meta name=\"robots\" content=\"index, follow, max-snippet:-1, max-image-preview:large, max-video-preview:-1\" \/>\n<link rel=\"canonical\" href=\"https:\/\/www.duuri.fi\/saumalista-40mm-nordic-graphite-silea-2000mm\/\" \/>\n<meta property=\"og:locale\" content=\"lv_LV\" \/>\n<meta property=\"og:type\" content=\"article\" \/>\n<meta property=\"og:title\" content=\"NOSEGL\u012aSTE 40MM NORDIC GRAFITS 2000MM - Duuri Oy\" \/>\n<meta property=\"og:description\" content=\"Nosegl\u012bste Dione ar l\u012bmes stiprin\u0101jumu. Nordic graf\u012bta kr\u0101s\u0101, no anod\u0113ta alum\u012bnija. Platums: 40\u00a0mm. Garums: 2000\u00a0mm.\" \/>\n<meta property=\"og:url\" content=\"https:\/\/www.duuri.fi\/saumalista-40mm-nordic-graphite-silea-2000mm\/\" \/>\n<meta property=\"og:site_name\" content=\"Duuri Oy\" \/>\n<meta property=\"article:modified_time\" content=\"2026-04-28T04:04:31+00:00\" \/>\n<meta property=\"og:image\" content=\"https:\/\/www.duuri.fi\/wp-content\/uploads\/2024\/01\/T1_A4-NG2-R-scaled.jpg\" \/>\n\t<meta property=\"og:image:width\" content=\"2560\" \/>\n\t<meta property=\"og:image:height\" content=\"1641\" \/>\n\t<meta property=\"og:image:type\" content=\"image\/jpeg\" \/>\n<meta name=\"twitter:card\" content=\"summary_large_image\" \/>\n<script type=\"application\/ld+json\" class=\"yoast-schema-graph\">{\"@context\":\"https:\/\/schema.org\",\"@graph\":[{\"@type\":\"WebPage\",\"@id\":\"https:\/\/www.duuri.fi\/saumalista-40mm-nordic-graphite-silea-2000mm\/\",\"url\":\"https:\/\/www.duuri.fi\/saumalista-40mm-nordic-graphite-silea-2000mm\/\",\"name\":\"NOSEGL\u012aSTE 40MM NORDIC GRAFITS 2000MM - Duuri Oy\",\"isPartOf\":{\"@id\":\"https:\/\/www.duuri.fi\/sv\/#website\"},\"primaryImageOfPage\":{\"@id\":\"https:\/\/www.duuri.fi\/saumalista-40mm-nordic-graphite-silea-2000mm\/#primaryimage\"},\"image\":{\"@id\":\"https:\/\/www.duuri.fi\/saumalista-40mm-nordic-graphite-silea-2000mm\/#primaryimage\"},\"thumbnailUrl\":\"https:\/\/www.duuri.fi\/wp-content\/uploads\/2024\/01\/T1_A4-NG2-R-scaled.jpg\",\"datePublished\":\"2024-01-29T08:05:40+00:00\",\"dateModified\":\"2026-04-28T04:04:31+00:00\",\"breadcrumb\":{\"@id\":\"https:\/\/www.duuri.fi\/saumalista-40mm-nordic-graphite-silea-2000mm\/#breadcrumb\"},\"inLanguage\":\"lv-LV\",\"potentialAction\":[{\"@type\":\"ReadAction\",\"target\":[\"https:\/\/www.duuri.fi\/saumalista-40mm-nordic-graphite-silea-2000mm\/\"]}]},{\"@type\":\"ImageObject\",\"inLanguage\":\"lv-LV\",\"@id\":\"https:\/\/www.duuri.fi\/saumalista-40mm-nordic-graphite-silea-2000mm\/#primaryimage\",\"url\":\"https:\/\/www.duuri.fi\/wp-content\/uploads\/2024\/01\/T1_A4-NG2-R-scaled.jpg\",\"contentUrl\":\"https:\/\/www.duuri.fi\/wp-content\/uploads\/2024\/01\/T1_A4-NG2-R-scaled.jpg\",\"width\":2560,\"height\":1641},{\"@type\":\"BreadcrumbList\",\"@id\":\"https:\/\/www.duuri.fi\/saumalista-40mm-nordic-graphite-silea-2000mm\/#breadcrumb\",\"itemListElement\":[{\"@type\":\"ListItem\",\"position\":1,\"name\":\"Home\",\"item\":\"https:\/\/www.duuri.fi\/lv\/\"},{\"@type\":\"ListItem\",\"position\":2,\"name\":\"Produkter\",\"item\":\"https:\/\/www.duuri.fi\/sv\/produkter\/\"},{\"@type\":\"ListItem\",\"position\":3,\"name\":\"NOSEGL\u012aSTE 40MM NORDIC GRAFITS 2000MM\"}]},{\"@type\":\"WebSite\",\"@id\":\"https:\/\/www.duuri.fi\/sv\/#website\",\"url\":\"https:\/\/www.duuri.fi\/sv\/\",\"name\":\"Duuri Oy\",\"description\":\"Tuotteet ja asiantuntijapalvelut kodin sisustuksen ja julkisten tilojen viimeistelyyn\",\"publisher\":{\"@id\":\"https:\/\/www.duuri.fi\/sv\/#organization\"},\"potentialAction\":[{\"@type\":\"SearchAction\",\"target\":{\"@type\":\"EntryPoint\",\"urlTemplate\":\"https:\/\/www.duuri.fi\/sv\/?s={search_term_string}\"},\"query-input\":{\"@type\":\"PropertyValueSpecification\",\"valueRequired\":true,\"valueName\":\"search_term_string\"}}],\"inLanguage\":\"lv-LV\"},{\"@type\":\"Organization\",\"@id\":\"https:\/\/www.duuri.fi\/sv\/#organization\",\"name\":\"Duuri Oy\",\"url\":\"https:\/\/www.duuri.fi\/sv\/\",\"logo\":{\"@type\":\"ImageObject\",\"inLanguage\":\"lv-LV\",\"@id\":\"https:\/\/www.duuri.fi\/sv\/#\/schema\/logo\/image\/\",\"url\":\"https:\/\/www.duuri.fi\/wp-content\/uploads\/2020\/08\/Duuri_uusi-logo.png\",\"contentUrl\":\"https:\/\/www.duuri.fi\/wp-content\/uploads\/2020\/08\/Duuri_uusi-logo.png\",\"width\":242,\"height\":91,\"caption\":\"Duuri Oy\"},\"image\":{\"@id\":\"https:\/\/www.duuri.fi\/sv\/#\/schema\/logo\/image\/\"}}]}<\/script>\n<!-- \/ Yoast SEO plugin. -->","yoast_head_json":{"title":"NOSEGL\u012aSTE 40MM NORDIC GRAFITS 2000MM - Duuri Oy","robots":{"index":"index","follow":"follow","max-snippet":"max-snippet:-1","max-image-preview":"max-image-preview:large","max-video-preview":"max-video-preview:-1"},"canonical":"https:\/\/www.duuri.fi\/saumalista-40mm-nordic-graphite-silea-2000mm\/","og_locale":"lv_LV","og_type":"article","og_title":"NOSEGL\u012aSTE 40MM NORDIC GRAFITS 2000MM - Duuri Oy","og_description":"Nosegl\u012bste Dione ar l\u012bmes stiprin\u0101jumu. Nordic graf\u012bta kr\u0101s\u0101, no anod\u0113ta alum\u012bnija. Platums: 40\u00a0mm. Garums: 2000\u00a0mm.","og_url":"https:\/\/www.duuri.fi\/saumalista-40mm-nordic-graphite-silea-2000mm\/","og_site_name":"Duuri Oy","article_modified_time":"2026-04-28T04:04:31+00:00","og_image":[{"width":2560,"height":1641,"url":"https:\/\/www.duuri.fi\/wp-content\/uploads\/2024\/01\/T1_A4-NG2-R-scaled.jpg","type":"image\/jpeg"}],"twitter_card":"summary_large_image","schema":{"@context":"https:\/\/schema.org","@graph":[{"@type":"WebPage","@id":"https:\/\/www.duuri.fi\/saumalista-40mm-nordic-graphite-silea-2000mm\/","url":"https:\/\/www.duuri.fi\/saumalista-40mm-nordic-graphite-silea-2000mm\/","name":"NOSEGL\u012aSTE 40MM NORDIC GRAFITS 2000MM - Duuri Oy","isPartOf":{"@id":"https:\/\/www.duuri.fi\/sv\/#website"},"primaryImageOfPage":{"@id":"https:\/\/www.duuri.fi\/saumalista-40mm-nordic-graphite-silea-2000mm\/#primaryimage"},"image":{"@id":"https:\/\/www.duuri.fi\/saumalista-40mm-nordic-graphite-silea-2000mm\/#primaryimage"},"thumbnailUrl":"https:\/\/www.duuri.fi\/wp-content\/uploads\/2024\/01\/T1_A4-NG2-R-scaled.jpg","datePublished":"2024-01-29T08:05:40+00:00","dateModified":"2026-04-28T04:04:31+00:00","breadcrumb":{"@id":"https:\/\/www.duuri.fi\/saumalista-40mm-nordic-graphite-silea-2000mm\/#breadcrumb"},"inLanguage":"lv-LV","potentialAction":[{"@type":"ReadAction","target":["https:\/\/www.duuri.fi\/saumalista-40mm-nordic-graphite-silea-2000mm\/"]}]},{"@type":"ImageObject","inLanguage":"lv-LV","@id":"https:\/\/www.duuri.fi\/saumalista-40mm-nordic-graphite-silea-2000mm\/#primaryimage","url":"https:\/\/www.duuri.fi\/wp-content\/uploads\/2024\/01\/T1_A4-NG2-R-scaled.jpg","contentUrl":"https:\/\/www.duuri.fi\/wp-content\/uploads\/2024\/01\/T1_A4-NG2-R-scaled.jpg","width":2560,"height":1641},{"@type":"BreadcrumbList","@id":"https:\/\/www.duuri.fi\/saumalista-40mm-nordic-graphite-silea-2000mm\/#breadcrumb","itemListElement":[{"@type":"ListItem","position":1,"name":"Home","item":"https:\/\/www.duuri.fi\/lv\/"},{"@type":"ListItem","position":2,"name":"Produkter","item":"https:\/\/www.duuri.fi\/sv\/produkter\/"},{"@type":"ListItem","position":3,"name":"NOSEGL\u012aSTE 40MM NORDIC GRAFITS 2000MM"}]},{"@type":"WebSite","@id":"https:\/\/www.duuri.fi\/sv\/#website","url":"https:\/\/www.duuri.fi\/sv\/","name":"Duuri Oy","description":"Tuotteet ja asiantuntijapalvelut kodin sisustuksen ja julkisten tilojen viimeistelyyn","publisher":{"@id":"https:\/\/www.duuri.fi\/sv\/#organization"},"potentialAction":[{"@type":"SearchAction","target":{"@type":"EntryPoint","urlTemplate":"https:\/\/www.duuri.fi\/sv\/?s={search_term_string}"},"query-input":{"@type":"PropertyValueSpecification","valueRequired":true,"valueName":"search_term_string"}}],"inLanguage":"lv-LV"},{"@type":"Organization","@id":"https:\/\/www.duuri.fi\/sv\/#organization","name":"Duuri Oy","url":"https:\/\/www.duuri.fi\/sv\/","logo":{"@type":"ImageObject","inLanguage":"lv-LV","@id":"https:\/\/www.duuri.fi\/sv\/#\/schema\/logo\/image\/","url":"https:\/\/www.duuri.fi\/wp-content\/uploads\/2020\/08\/Duuri_uusi-logo.png","contentUrl":"https:\/\/www.duuri.fi\/wp-content\/uploads\/2020\/08\/Duuri_uusi-logo.png","width":242,"height":91,"caption":"Duuri Oy"},"image":{"@id":"https:\/\/www.duuri.fi\/sv\/#\/schema\/logo\/image\/"}}]}},"_links":{"self":[{"href":"https:\/\/www.duuri.fi\/lv\/wp-json\/wp\/v2\/product\/66086","targetHints":{"allow":["GET"]}}],"collection":[{"href":"https:\/\/www.duuri.fi\/lv\/wp-json\/wp\/v2\/product"}],"about":[{"href":"https:\/\/www.duuri.fi\/lv\/wp-json\/wp\/v2\/types\/product"}],"replies":[{"embeddable":true,"href":"https:\/\/www.duuri.fi\/lv\/wp-json\/wp\/v2\/comments?post=66086"}],"wp:featuredmedia":[{"embeddable":true,"href":"https:\/\/www.duuri.fi\/lv\/wp-json\/wp\/v2\/media\/55355"}],"wp:attachment":[{"href":"https:\/\/www.duuri.fi\/lv\/wp-json\/wp\/v2\/media?parent=66086"}],"wp:term":[{"taxonomy":"product_brand","embeddable":true,"href":"https:\/\/www.duuri.fi\/lv\/wp-json\/wp\/v2\/product_brand?post=66086"},{"taxonomy":"product_cat","embeddable":true,"href":"https:\/\/www.duuri.fi\/lv\/wp-json\/wp\/v2\/product_cat?post=66086"},{"taxonomy":"product_tag","embeddable":true,"href":"https:\/\/www.duuri.fi\/lv\/wp-json\/wp\/v2\/product_tag?post=66086"}],"curies":[{"name":"wp","href":"https:\/\/api.w.org\/{rel}","templated":true}]}}