{"id":65914,"date":"2026-02-27T06:04:27","date_gmt":"2026-02-27T04:04:27","guid":{"rendered":"https:\/\/www.duuri.fi\/eritasolista-40mm-pronssi-anodisoitu-tasoero-0-12mm-silea-1000mm\/"},"modified":"2026-03-03T06:24:54","modified_gmt":"2026-03-03T04:24:54","slug":"parejas-liste-40mm-bronza-h0-12mm-1000mm","status":"publish","type":"product","link":"https:\/\/www.duuri.fi\/lv\/parejas-liste-40mm-bronza-h0-12mm-1000mm\/","title":{"rendered":"P\u0100REJAS L\u012aSTE 40MM BRONZA H=0-12MM 1000MM"},"content":{"rendered":"<p>P\u0101rejas l\u012bste Dione ar skr\u016bvju stiprin\u0101jumu. Univers\u0101li lietojam\u0101 P\u0101rejas l\u012bste Dione ir piem\u0113rota gr\u012bdas materi\u0101lu savieno\u0161anai vien\u0101 plakn\u0113 un kompens\u0101cijas \u0161uvju apdarei, ja materi\u0101li atrodas da\u017e\u0101dos l\u012bme\u0146os. Met\u0101la P\u0101rejas l\u012bste ir anod\u0113t\u0101 bronzas kr\u0101s\u0101. P\u0101rejas l\u012bsti var viegli piestiprin\u0101t gr\u012bdai, izmantojot komplekt\u0101 iek\u013caut\u0101s skr\u016bves un pamatnes. Iztur\u012bg\u0101 met\u0101la l\u012bste ir piem\u0113rota ar\u012b k\u0101 slieksnis. Da\u017e\u0101do materi\u0101lu un kr\u0101su izv\u0113\u013cu d\u0113\u013c P\u0101rejas l\u012bstes Dione papildina interjera dizainu un gaum\u012bgi savieno gr\u012bdas virsmas.<\/p>\n","protected":false},"excerpt":{"rendered":"<p>P\u0101rejas l\u012bste Dione ar skr\u016bvju stiprin\u0101jumu. Ar gludu virsmu. Bronzas kr\u0101s\u0101 anod\u0113ta alum\u012bnija. Platums: 40\u00a0mm. Augstums: 0\u201312\u00a0mm. Garums: 1000\u00a0mm.<\/p>\n","protected":false},"featured_media":65906,"comment_status":"closed","ping_status":"closed","template":"","meta":{"_acf_changed":false},"product_brand":[],"product_cat":[4327,4417],"product_tag":[],"class_list":{"0":"post-65914","1":"product","2":"type-product","3":"status-publish","4":"has-post-thumbnail","6":"product_cat-lattialistat-lv","7":"product_cat-eritasolistat-lv","9":"first","10":"instock","11":"shipping-taxable","12":"product-type-simple"},"acf":[],"yoast_head":"<!-- This site is optimized with the Yoast SEO plugin v25.5 - https:\/\/yoast.com\/wordpress\/plugins\/seo\/ -->\n<title>P\u0100REJAS L\u012aSTE 40MM BRONZA H=0-12MM 1000MM - Duuri Oy<\/title>\n<meta name=\"robots\" content=\"index, follow, max-snippet:-1, max-image-preview:large, max-video-preview:-1\" \/>\n<link rel=\"canonical\" href=\"https:\/\/www.duuri.fi\/eritasolista-40mm-pronssi-anodisoitu-tasoero-0-12mm-silea-1000mm\/\" \/>\n<meta property=\"og:locale\" content=\"lv_LV\" \/>\n<meta property=\"og:type\" content=\"article\" \/>\n<meta property=\"og:title\" content=\"P\u0100REJAS L\u012aSTE 40MM BRONZA H=0-12MM 1000MM - Duuri Oy\" \/>\n<meta property=\"og:description\" content=\"P\u0101rejas l\u012bste Dione ar skr\u016bvju stiprin\u0101jumu. Ar gludu virsmu. Bronzas kr\u0101s\u0101 anod\u0113ta alum\u012bnija. Platums: 40\u00a0mm. Augstums: 0\u201312\u00a0mm. Garums: 1000\u00a0mm.\" \/>\n<meta property=\"og:url\" content=\"https:\/\/www.duuri.fi\/eritasolista-40mm-pronssi-anodisoitu-tasoero-0-12mm-silea-1000mm\/\" \/>\n<meta property=\"og:site_name\" content=\"Duuri Oy\" \/>\n<meta property=\"article:modified_time\" content=\"2026-03-03T04:24:54+00:00\" \/>\n<meta property=\"og:image\" content=\"https:\/\/www.duuri.fi\/wp-content\/uploads\/2026\/02\/T1_C4S-PE1-scaled.jpg\" \/>\n\t<meta property=\"og:image:width\" content=\"2560\" \/>\n\t<meta property=\"og:image:height\" content=\"1835\" \/>\n\t<meta property=\"og:image:type\" content=\"image\/jpeg\" \/>\n<meta name=\"twitter:card\" content=\"summary_large_image\" \/>\n<meta name=\"twitter:label1\" content=\"Est. reading time\" \/>\n\t<meta name=\"twitter:data1\" content=\"1 minute\" \/>\n<script type=\"application\/ld+json\" class=\"yoast-schema-graph\">{\"@context\":\"https:\/\/schema.org\",\"@graph\":[{\"@type\":\"WebPage\",\"@id\":\"https:\/\/www.duuri.fi\/eritasolista-40mm-pronssi-anodisoitu-tasoero-0-12mm-silea-1000mm\/\",\"url\":\"https:\/\/www.duuri.fi\/eritasolista-40mm-pronssi-anodisoitu-tasoero-0-12mm-silea-1000mm\/\",\"name\":\"P\u0100REJAS L\u012aSTE 40MM BRONZA H=0-12MM 1000MM - Duuri Oy\",\"isPartOf\":{\"@id\":\"https:\/\/www.duuri.fi\/sv\/#website\"},\"primaryImageOfPage\":{\"@id\":\"https:\/\/www.duuri.fi\/eritasolista-40mm-pronssi-anodisoitu-tasoero-0-12mm-silea-1000mm\/#primaryimage\"},\"image\":{\"@id\":\"https:\/\/www.duuri.fi\/eritasolista-40mm-pronssi-anodisoitu-tasoero-0-12mm-silea-1000mm\/#primaryimage\"},\"thumbnailUrl\":\"https:\/\/www.duuri.fi\/wp-content\/uploads\/2026\/02\/T1_C4S-PE1-scaled.jpg\",\"datePublished\":\"2026-02-27T04:04:27+00:00\",\"dateModified\":\"2026-03-03T04:24:54+00:00\",\"breadcrumb\":{\"@id\":\"https:\/\/www.duuri.fi\/eritasolista-40mm-pronssi-anodisoitu-tasoero-0-12mm-silea-1000mm\/#breadcrumb\"},\"inLanguage\":\"lv-LV\",\"potentialAction\":[{\"@type\":\"ReadAction\",\"target\":[\"https:\/\/www.duuri.fi\/eritasolista-40mm-pronssi-anodisoitu-tasoero-0-12mm-silea-1000mm\/\"]}]},{\"@type\":\"ImageObject\",\"inLanguage\":\"lv-LV\",\"@id\":\"https:\/\/www.duuri.fi\/eritasolista-40mm-pronssi-anodisoitu-tasoero-0-12mm-silea-1000mm\/#primaryimage\",\"url\":\"https:\/\/www.duuri.fi\/wp-content\/uploads\/2026\/02\/T1_C4S-PE1-scaled.jpg\",\"contentUrl\":\"https:\/\/www.duuri.fi\/wp-content\/uploads\/2026\/02\/T1_C4S-PE1-scaled.jpg\",\"width\":2560,\"height\":1835},{\"@type\":\"BreadcrumbList\",\"@id\":\"https:\/\/www.duuri.fi\/eritasolista-40mm-pronssi-anodisoitu-tasoero-0-12mm-silea-1000mm\/#breadcrumb\",\"itemListElement\":[{\"@type\":\"ListItem\",\"position\":1,\"name\":\"Home\",\"item\":\"https:\/\/www.duuri.fi\/lv\/\"},{\"@type\":\"ListItem\",\"position\":2,\"name\":\"Produkter\",\"item\":\"https:\/\/www.duuri.fi\/sv\/produkter\/\"},{\"@type\":\"ListItem\",\"position\":3,\"name\":\"P\u0100REJAS L\u012aSTE 40MM BRONZA H=0-12MM 1000MM\"}]},{\"@type\":\"WebSite\",\"@id\":\"https:\/\/www.duuri.fi\/sv\/#website\",\"url\":\"https:\/\/www.duuri.fi\/sv\/\",\"name\":\"Duuri Oy\",\"description\":\"Tuotteet ja asiantuntijapalvelut kodin sisustuksen ja julkisten tilojen viimeistelyyn\",\"publisher\":{\"@id\":\"https:\/\/www.duuri.fi\/sv\/#organization\"},\"potentialAction\":[{\"@type\":\"SearchAction\",\"target\":{\"@type\":\"EntryPoint\",\"urlTemplate\":\"https:\/\/www.duuri.fi\/sv\/?s={search_term_string}\"},\"query-input\":{\"@type\":\"PropertyValueSpecification\",\"valueRequired\":true,\"valueName\":\"search_term_string\"}}],\"inLanguage\":\"lv-LV\"},{\"@type\":\"Organization\",\"@id\":\"https:\/\/www.duuri.fi\/sv\/#organization\",\"name\":\"Duuri Oy\",\"url\":\"https:\/\/www.duuri.fi\/sv\/\",\"logo\":{\"@type\":\"ImageObject\",\"inLanguage\":\"lv-LV\",\"@id\":\"https:\/\/www.duuri.fi\/sv\/#\/schema\/logo\/image\/\",\"url\":\"https:\/\/www.duuri.fi\/wp-content\/uploads\/2020\/08\/Duuri_uusi-logo.png\",\"contentUrl\":\"https:\/\/www.duuri.fi\/wp-content\/uploads\/2020\/08\/Duuri_uusi-logo.png\",\"width\":242,\"height\":91,\"caption\":\"Duuri Oy\"},\"image\":{\"@id\":\"https:\/\/www.duuri.fi\/sv\/#\/schema\/logo\/image\/\"}}]}<\/script>\n<!-- \/ Yoast SEO plugin. -->","yoast_head_json":{"title":"P\u0100REJAS L\u012aSTE 40MM BRONZA H=0-12MM 1000MM - Duuri Oy","robots":{"index":"index","follow":"follow","max-snippet":"max-snippet:-1","max-image-preview":"max-image-preview:large","max-video-preview":"max-video-preview:-1"},"canonical":"https:\/\/www.duuri.fi\/eritasolista-40mm-pronssi-anodisoitu-tasoero-0-12mm-silea-1000mm\/","og_locale":"lv_LV","og_type":"article","og_title":"P\u0100REJAS L\u012aSTE 40MM BRONZA H=0-12MM 1000MM - Duuri Oy","og_description":"P\u0101rejas l\u012bste Dione ar skr\u016bvju stiprin\u0101jumu. Ar gludu virsmu. Bronzas kr\u0101s\u0101 anod\u0113ta alum\u012bnija. Platums: 40\u00a0mm. Augstums: 0\u201312\u00a0mm. Garums: 1000\u00a0mm.","og_url":"https:\/\/www.duuri.fi\/eritasolista-40mm-pronssi-anodisoitu-tasoero-0-12mm-silea-1000mm\/","og_site_name":"Duuri Oy","article_modified_time":"2026-03-03T04:24:54+00:00","og_image":[{"width":2560,"height":1835,"url":"https:\/\/www.duuri.fi\/wp-content\/uploads\/2026\/02\/T1_C4S-PE1-scaled.jpg","type":"image\/jpeg"}],"twitter_card":"summary_large_image","twitter_misc":{"Est. reading time":"1 minute"},"schema":{"@context":"https:\/\/schema.org","@graph":[{"@type":"WebPage","@id":"https:\/\/www.duuri.fi\/eritasolista-40mm-pronssi-anodisoitu-tasoero-0-12mm-silea-1000mm\/","url":"https:\/\/www.duuri.fi\/eritasolista-40mm-pronssi-anodisoitu-tasoero-0-12mm-silea-1000mm\/","name":"P\u0100REJAS L\u012aSTE 40MM BRONZA H=0-12MM 1000MM - Duuri Oy","isPartOf":{"@id":"https:\/\/www.duuri.fi\/sv\/#website"},"primaryImageOfPage":{"@id":"https:\/\/www.duuri.fi\/eritasolista-40mm-pronssi-anodisoitu-tasoero-0-12mm-silea-1000mm\/#primaryimage"},"image":{"@id":"https:\/\/www.duuri.fi\/eritasolista-40mm-pronssi-anodisoitu-tasoero-0-12mm-silea-1000mm\/#primaryimage"},"thumbnailUrl":"https:\/\/www.duuri.fi\/wp-content\/uploads\/2026\/02\/T1_C4S-PE1-scaled.jpg","datePublished":"2026-02-27T04:04:27+00:00","dateModified":"2026-03-03T04:24:54+00:00","breadcrumb":{"@id":"https:\/\/www.duuri.fi\/eritasolista-40mm-pronssi-anodisoitu-tasoero-0-12mm-silea-1000mm\/#breadcrumb"},"inLanguage":"lv-LV","potentialAction":[{"@type":"ReadAction","target":["https:\/\/www.duuri.fi\/eritasolista-40mm-pronssi-anodisoitu-tasoero-0-12mm-silea-1000mm\/"]}]},{"@type":"ImageObject","inLanguage":"lv-LV","@id":"https:\/\/www.duuri.fi\/eritasolista-40mm-pronssi-anodisoitu-tasoero-0-12mm-silea-1000mm\/#primaryimage","url":"https:\/\/www.duuri.fi\/wp-content\/uploads\/2026\/02\/T1_C4S-PE1-scaled.jpg","contentUrl":"https:\/\/www.duuri.fi\/wp-content\/uploads\/2026\/02\/T1_C4S-PE1-scaled.jpg","width":2560,"height":1835},{"@type":"BreadcrumbList","@id":"https:\/\/www.duuri.fi\/eritasolista-40mm-pronssi-anodisoitu-tasoero-0-12mm-silea-1000mm\/#breadcrumb","itemListElement":[{"@type":"ListItem","position":1,"name":"Home","item":"https:\/\/www.duuri.fi\/lv\/"},{"@type":"ListItem","position":2,"name":"Produkter","item":"https:\/\/www.duuri.fi\/sv\/produkter\/"},{"@type":"ListItem","position":3,"name":"P\u0100REJAS L\u012aSTE 40MM BRONZA H=0-12MM 1000MM"}]},{"@type":"WebSite","@id":"https:\/\/www.duuri.fi\/sv\/#website","url":"https:\/\/www.duuri.fi\/sv\/","name":"Duuri Oy","description":"Tuotteet ja asiantuntijapalvelut kodin sisustuksen ja julkisten tilojen viimeistelyyn","publisher":{"@id":"https:\/\/www.duuri.fi\/sv\/#organization"},"potentialAction":[{"@type":"SearchAction","target":{"@type":"EntryPoint","urlTemplate":"https:\/\/www.duuri.fi\/sv\/?s={search_term_string}"},"query-input":{"@type":"PropertyValueSpecification","valueRequired":true,"valueName":"search_term_string"}}],"inLanguage":"lv-LV"},{"@type":"Organization","@id":"https:\/\/www.duuri.fi\/sv\/#organization","name":"Duuri Oy","url":"https:\/\/www.duuri.fi\/sv\/","logo":{"@type":"ImageObject","inLanguage":"lv-LV","@id":"https:\/\/www.duuri.fi\/sv\/#\/schema\/logo\/image\/","url":"https:\/\/www.duuri.fi\/wp-content\/uploads\/2020\/08\/Duuri_uusi-logo.png","contentUrl":"https:\/\/www.duuri.fi\/wp-content\/uploads\/2020\/08\/Duuri_uusi-logo.png","width":242,"height":91,"caption":"Duuri Oy"},"image":{"@id":"https:\/\/www.duuri.fi\/sv\/#\/schema\/logo\/image\/"}}]}},"_links":{"self":[{"href":"https:\/\/www.duuri.fi\/lv\/wp-json\/wp\/v2\/product\/65914","targetHints":{"allow":["GET"]}}],"collection":[{"href":"https:\/\/www.duuri.fi\/lv\/wp-json\/wp\/v2\/product"}],"about":[{"href":"https:\/\/www.duuri.fi\/lv\/wp-json\/wp\/v2\/types\/product"}],"replies":[{"embeddable":true,"href":"https:\/\/www.duuri.fi\/lv\/wp-json\/wp\/v2\/comments?post=65914"}],"wp:featuredmedia":[{"embeddable":true,"href":"https:\/\/www.duuri.fi\/lv\/wp-json\/wp\/v2\/media\/65906"}],"wp:attachment":[{"href":"https:\/\/www.duuri.fi\/lv\/wp-json\/wp\/v2\/media?parent=65914"}],"wp:term":[{"taxonomy":"product_brand","embeddable":true,"href":"https:\/\/www.duuri.fi\/lv\/wp-json\/wp\/v2\/product_brand?post=65914"},{"taxonomy":"product_cat","embeddable":true,"href":"https:\/\/www.duuri.fi\/lv\/wp-json\/wp\/v2\/product_cat?post=65914"},{"taxonomy":"product_tag","embeddable":true,"href":"https:\/\/www.duuri.fi\/lv\/wp-json\/wp\/v2\/product_tag?post=65914"}],"curies":[{"name":"wp","href":"https:\/\/api.w.org\/{rel}","templated":true}]}}