{"id":65210,"date":"2025-07-23T07:04:59","date_gmt":"2025-07-23T04:04:59","guid":{"rendered":"https:\/\/www.duuri.fi\/lattialuukku-400x400mm-ruostumaton-teras\/"},"modified":"2026-03-06T06:46:26","modified_gmt":"2026-03-06T04:46:26","slug":"gridas-luka-nerusejosais-terauds-400x400mm","status":"publish","type":"product","link":"https:\/\/www.duuri.fi\/lv\/gridas-luka-nerusejosais-terauds-400x400mm\/","title":{"rendered":"GR\u012aDAS L\u016aKA NER\u016aS\u0112JO\u0160AIS T\u0112RAUDS 400X400MM"},"content":{"rendered":"<p>Rev\u012bzijas l\u016bka, izgatavota no ner\u016bs\u0113jo\u0161\u0101 t\u0113rauda, klase 304. R\u0101mis ir izgatavots no 2 mm bieza ner\u016bs\u0113jo\u0161\u0101 t\u0113rauda. L\u016bka ir izgatavota no 3 mm bieza ner\u016bs\u0113jo\u0161\u0101 t\u0113rauda. L\u016bka ir apr\u012bkota ar bl\u012bv\u0113jumu, bet nav piln\u012bb\u0101 g\u0101zu un \u016bdensdro\u0161a. L\u016bkai ir atsevi\u0161\u0137s nocel\u0161anas rokturis, un l\u016bka tiek pieg\u0101d\u0101ta bez fiks\u0101cijas skr\u016bv\u0113m. Ja l\u016bkas v\u0101ks ar nocel\u0161anas rokturi ir ar p\u0101rkl\u0101jumu, nocel\u0161anas rokturis ir j\u0101ievirza p\u0101rkl\u0101jum\u0101 l\u016bkas otr\u0101 pus\u0113. Piem\u0113rota uzst\u0101d\u012b\u0161anai telp\u0101s un \u0101rpus telp\u0101m viet\u0101s, kur nepiecie\u0161ama rev\u012bzijas l\u016bka ar pl\u0101tnes p\u0101rkl\u0101jumu vai p\u0101rkl\u0101ta ner\u016bs\u0113jo\u0161\u0101 t\u0113rauda l\u016bka. L\u016bka tiek uzst\u0101d\u012bta atverei un nostiprin\u0101ta, to pieskr\u016bv\u0113jot caurum\u0101 atveres vertik\u0101l\u0101s malas apak\u0161da\u013c\u0101. Ja nepiecie\u0161ams, l\u016bkas r\u0101mi var piestiprin\u0101t pie gr\u012bdas, izmantojot l\u012bmi vai javu. Celtsp\u0113ja: 15 kN.<\/p>\n","protected":false},"excerpt":{"rendered":"<p>Rev\u012bzijas l\u016bka, izgatavota no ner\u016bs\u0113jo\u0161\u0101 t\u0113rauda, klase 304. R\u0101mis ir izgatavots no 2 mm bieza ner\u016bs\u0113jo\u0161\u0101 t\u0113rauda. L\u016bka ir izgatavota no 3 mm bieza ner\u016bs\u0113jo\u0161\u0101 t\u0113rauda. L\u016bka ir apr\u012bkota ar bl\u012bv\u0113jumu, bet nav piln\u012bb\u0101 g\u0101zu un \u016bdensdro\u0161a. L\u016bkai ir atsevi\u0161\u0137s nocel\u0161anas rokturis, un l\u016bka tiek pieg\u0101d\u0101ta bez fiks\u0101cijas skr\u016bv\u0113m. Ja l\u016bkas v\u0101ks ar nocel\u0161anas rokturi&#8230;<\/p>\n","protected":false},"featured_media":63453,"comment_status":"closed","ping_status":"closed","template":"","meta":{"_acf_changed":false},"product_brand":[],"product_cat":[4472,4473],"product_tag":[],"class_list":{"0":"post-65210","1":"product","2":"type-product","3":"status-publish","4":"has-post-thumbnail","6":"product_cat-lattialuukut-lv","7":"product_cat-mittatilaus-lattialuukut-lv","9":"first","10":"instock","11":"shipping-taxable","12":"product-type-simple"},"acf":[],"yoast_head":"<!-- This site is optimized with the Yoast SEO plugin v25.5 - https:\/\/yoast.com\/wordpress\/plugins\/seo\/ -->\n<title>GR\u012aDAS L\u016aKA NER\u016aS\u0112JO\u0160AIS T\u0112RAUDS 400X400MM - Duuri Oy<\/title>\n<meta name=\"robots\" content=\"index, follow, max-snippet:-1, max-image-preview:large, max-video-preview:-1\" \/>\n<link rel=\"canonical\" href=\"https:\/\/www.duuri.fi\/lattialuukku-400x400mm-ruostumaton-teras\/\" \/>\n<meta property=\"og:locale\" content=\"lv_LV\" \/>\n<meta property=\"og:type\" content=\"article\" \/>\n<meta property=\"og:title\" content=\"GR\u012aDAS L\u016aKA NER\u016aS\u0112JO\u0160AIS T\u0112RAUDS 400X400MM - Duuri Oy\" \/>\n<meta property=\"og:description\" content=\"Rev\u012bzijas l\u016bka, izgatavota no ner\u016bs\u0113jo\u0161\u0101 t\u0113rauda, klase 304. R\u0101mis ir izgatavots no 2 mm bieza ner\u016bs\u0113jo\u0161\u0101 t\u0113rauda. L\u016bka ir izgatavota no 3 mm bieza ner\u016bs\u0113jo\u0161\u0101 t\u0113rauda. L\u016bka ir apr\u012bkota ar bl\u012bv\u0113jumu, bet nav piln\u012bb\u0101 g\u0101zu un \u016bdensdro\u0161a. L\u016bkai ir atsevi\u0161\u0137s nocel\u0161anas rokturis, un l\u016bka tiek pieg\u0101d\u0101ta bez fiks\u0101cijas skr\u016bv\u0113m. Ja l\u016bkas v\u0101ks ar nocel\u0161anas rokturi...\" \/>\n<meta property=\"og:url\" content=\"https:\/\/www.duuri.fi\/lattialuukku-400x400mm-ruostumaton-teras\/\" \/>\n<meta property=\"og:site_name\" content=\"Duuri Oy\" \/>\n<meta property=\"article:modified_time\" content=\"2026-03-06T04:46:26+00:00\" \/>\n<meta property=\"og:image\" content=\"https:\/\/www.duuri.fi\/wp-content\/uploads\/2025\/07\/T1_HL-RST-44-scaled.jpg\" \/>\n\t<meta property=\"og:image:width\" content=\"2560\" \/>\n\t<meta property=\"og:image:height\" content=\"1920\" \/>\n\t<meta property=\"og:image:type\" content=\"image\/jpeg\" \/>\n<meta name=\"twitter:card\" content=\"summary_large_image\" \/>\n<meta name=\"twitter:label1\" content=\"Est. reading time\" \/>\n\t<meta name=\"twitter:data1\" content=\"1 minute\" \/>\n<script type=\"application\/ld+json\" class=\"yoast-schema-graph\">{\"@context\":\"https:\/\/schema.org\",\"@graph\":[{\"@type\":\"WebPage\",\"@id\":\"https:\/\/www.duuri.fi\/lattialuukku-400x400mm-ruostumaton-teras\/\",\"url\":\"https:\/\/www.duuri.fi\/lattialuukku-400x400mm-ruostumaton-teras\/\",\"name\":\"GR\u012aDAS L\u016aKA NER\u016aS\u0112JO\u0160AIS T\u0112RAUDS 400X400MM - Duuri Oy\",\"isPartOf\":{\"@id\":\"https:\/\/www.duuri.fi\/sv\/#website\"},\"primaryImageOfPage\":{\"@id\":\"https:\/\/www.duuri.fi\/lattialuukku-400x400mm-ruostumaton-teras\/#primaryimage\"},\"image\":{\"@id\":\"https:\/\/www.duuri.fi\/lattialuukku-400x400mm-ruostumaton-teras\/#primaryimage\"},\"thumbnailUrl\":\"https:\/\/www.duuri.fi\/wp-content\/uploads\/2025\/07\/T1_HL-RST-44-scaled.jpg\",\"datePublished\":\"2025-07-23T04:04:59+00:00\",\"dateModified\":\"2026-03-06T04:46:26+00:00\",\"breadcrumb\":{\"@id\":\"https:\/\/www.duuri.fi\/lattialuukku-400x400mm-ruostumaton-teras\/#breadcrumb\"},\"inLanguage\":\"lv-LV\",\"potentialAction\":[{\"@type\":\"ReadAction\",\"target\":[\"https:\/\/www.duuri.fi\/lattialuukku-400x400mm-ruostumaton-teras\/\"]}]},{\"@type\":\"ImageObject\",\"inLanguage\":\"lv-LV\",\"@id\":\"https:\/\/www.duuri.fi\/lattialuukku-400x400mm-ruostumaton-teras\/#primaryimage\",\"url\":\"https:\/\/www.duuri.fi\/wp-content\/uploads\/2025\/07\/T1_HL-RST-44-scaled.jpg\",\"contentUrl\":\"https:\/\/www.duuri.fi\/wp-content\/uploads\/2025\/07\/T1_HL-RST-44-scaled.jpg\",\"width\":2560,\"height\":1920},{\"@type\":\"BreadcrumbList\",\"@id\":\"https:\/\/www.duuri.fi\/lattialuukku-400x400mm-ruostumaton-teras\/#breadcrumb\",\"itemListElement\":[{\"@type\":\"ListItem\",\"position\":1,\"name\":\"Home\",\"item\":\"https:\/\/www.duuri.fi\/lv\/\"},{\"@type\":\"ListItem\",\"position\":2,\"name\":\"Produkter\",\"item\":\"https:\/\/www.duuri.fi\/sv\/produkter\/\"},{\"@type\":\"ListItem\",\"position\":3,\"name\":\"GR\u012aDAS L\u016aKA NER\u016aS\u0112JO\u0160AIS T\u0112RAUDS 400X400MM\"}]},{\"@type\":\"WebSite\",\"@id\":\"https:\/\/www.duuri.fi\/sv\/#website\",\"url\":\"https:\/\/www.duuri.fi\/sv\/\",\"name\":\"Duuri Oy\",\"description\":\"Tuotteet ja asiantuntijapalvelut kodin sisustuksen ja julkisten tilojen viimeistelyyn\",\"publisher\":{\"@id\":\"https:\/\/www.duuri.fi\/sv\/#organization\"},\"potentialAction\":[{\"@type\":\"SearchAction\",\"target\":{\"@type\":\"EntryPoint\",\"urlTemplate\":\"https:\/\/www.duuri.fi\/sv\/?s={search_term_string}\"},\"query-input\":{\"@type\":\"PropertyValueSpecification\",\"valueRequired\":true,\"valueName\":\"search_term_string\"}}],\"inLanguage\":\"lv-LV\"},{\"@type\":\"Organization\",\"@id\":\"https:\/\/www.duuri.fi\/sv\/#organization\",\"name\":\"Duuri Oy\",\"url\":\"https:\/\/www.duuri.fi\/sv\/\",\"logo\":{\"@type\":\"ImageObject\",\"inLanguage\":\"lv-LV\",\"@id\":\"https:\/\/www.duuri.fi\/sv\/#\/schema\/logo\/image\/\",\"url\":\"https:\/\/www.duuri.fi\/wp-content\/uploads\/2020\/08\/Duuri_uusi-logo.png\",\"contentUrl\":\"https:\/\/www.duuri.fi\/wp-content\/uploads\/2020\/08\/Duuri_uusi-logo.png\",\"width\":242,\"height\":91,\"caption\":\"Duuri Oy\"},\"image\":{\"@id\":\"https:\/\/www.duuri.fi\/sv\/#\/schema\/logo\/image\/\"}}]}<\/script>\n<!-- \/ Yoast SEO plugin. -->","yoast_head_json":{"title":"GR\u012aDAS L\u016aKA NER\u016aS\u0112JO\u0160AIS T\u0112RAUDS 400X400MM - Duuri Oy","robots":{"index":"index","follow":"follow","max-snippet":"max-snippet:-1","max-image-preview":"max-image-preview:large","max-video-preview":"max-video-preview:-1"},"canonical":"https:\/\/www.duuri.fi\/lattialuukku-400x400mm-ruostumaton-teras\/","og_locale":"lv_LV","og_type":"article","og_title":"GR\u012aDAS L\u016aKA NER\u016aS\u0112JO\u0160AIS T\u0112RAUDS 400X400MM - Duuri Oy","og_description":"Rev\u012bzijas l\u016bka, izgatavota no ner\u016bs\u0113jo\u0161\u0101 t\u0113rauda, klase 304. R\u0101mis ir izgatavots no 2 mm bieza ner\u016bs\u0113jo\u0161\u0101 t\u0113rauda. L\u016bka ir izgatavota no 3 mm bieza ner\u016bs\u0113jo\u0161\u0101 t\u0113rauda. L\u016bka ir apr\u012bkota ar bl\u012bv\u0113jumu, bet nav piln\u012bb\u0101 g\u0101zu un \u016bdensdro\u0161a. L\u016bkai ir atsevi\u0161\u0137s nocel\u0161anas rokturis, un l\u016bka tiek pieg\u0101d\u0101ta bez fiks\u0101cijas skr\u016bv\u0113m. Ja l\u016bkas v\u0101ks ar nocel\u0161anas rokturi...","og_url":"https:\/\/www.duuri.fi\/lattialuukku-400x400mm-ruostumaton-teras\/","og_site_name":"Duuri Oy","article_modified_time":"2026-03-06T04:46:26+00:00","og_image":[{"width":2560,"height":1920,"url":"https:\/\/www.duuri.fi\/wp-content\/uploads\/2025\/07\/T1_HL-RST-44-scaled.jpg","type":"image\/jpeg"}],"twitter_card":"summary_large_image","twitter_misc":{"Est. reading time":"1 minute"},"schema":{"@context":"https:\/\/schema.org","@graph":[{"@type":"WebPage","@id":"https:\/\/www.duuri.fi\/lattialuukku-400x400mm-ruostumaton-teras\/","url":"https:\/\/www.duuri.fi\/lattialuukku-400x400mm-ruostumaton-teras\/","name":"GR\u012aDAS L\u016aKA NER\u016aS\u0112JO\u0160AIS T\u0112RAUDS 400X400MM - Duuri Oy","isPartOf":{"@id":"https:\/\/www.duuri.fi\/sv\/#website"},"primaryImageOfPage":{"@id":"https:\/\/www.duuri.fi\/lattialuukku-400x400mm-ruostumaton-teras\/#primaryimage"},"image":{"@id":"https:\/\/www.duuri.fi\/lattialuukku-400x400mm-ruostumaton-teras\/#primaryimage"},"thumbnailUrl":"https:\/\/www.duuri.fi\/wp-content\/uploads\/2025\/07\/T1_HL-RST-44-scaled.jpg","datePublished":"2025-07-23T04:04:59+00:00","dateModified":"2026-03-06T04:46:26+00:00","breadcrumb":{"@id":"https:\/\/www.duuri.fi\/lattialuukku-400x400mm-ruostumaton-teras\/#breadcrumb"},"inLanguage":"lv-LV","potentialAction":[{"@type":"ReadAction","target":["https:\/\/www.duuri.fi\/lattialuukku-400x400mm-ruostumaton-teras\/"]}]},{"@type":"ImageObject","inLanguage":"lv-LV","@id":"https:\/\/www.duuri.fi\/lattialuukku-400x400mm-ruostumaton-teras\/#primaryimage","url":"https:\/\/www.duuri.fi\/wp-content\/uploads\/2025\/07\/T1_HL-RST-44-scaled.jpg","contentUrl":"https:\/\/www.duuri.fi\/wp-content\/uploads\/2025\/07\/T1_HL-RST-44-scaled.jpg","width":2560,"height":1920},{"@type":"BreadcrumbList","@id":"https:\/\/www.duuri.fi\/lattialuukku-400x400mm-ruostumaton-teras\/#breadcrumb","itemListElement":[{"@type":"ListItem","position":1,"name":"Home","item":"https:\/\/www.duuri.fi\/lv\/"},{"@type":"ListItem","position":2,"name":"Produkter","item":"https:\/\/www.duuri.fi\/sv\/produkter\/"},{"@type":"ListItem","position":3,"name":"GR\u012aDAS L\u016aKA NER\u016aS\u0112JO\u0160AIS T\u0112RAUDS 400X400MM"}]},{"@type":"WebSite","@id":"https:\/\/www.duuri.fi\/sv\/#website","url":"https:\/\/www.duuri.fi\/sv\/","name":"Duuri Oy","description":"Tuotteet ja asiantuntijapalvelut kodin sisustuksen ja julkisten tilojen viimeistelyyn","publisher":{"@id":"https:\/\/www.duuri.fi\/sv\/#organization"},"potentialAction":[{"@type":"SearchAction","target":{"@type":"EntryPoint","urlTemplate":"https:\/\/www.duuri.fi\/sv\/?s={search_term_string}"},"query-input":{"@type":"PropertyValueSpecification","valueRequired":true,"valueName":"search_term_string"}}],"inLanguage":"lv-LV"},{"@type":"Organization","@id":"https:\/\/www.duuri.fi\/sv\/#organization","name":"Duuri Oy","url":"https:\/\/www.duuri.fi\/sv\/","logo":{"@type":"ImageObject","inLanguage":"lv-LV","@id":"https:\/\/www.duuri.fi\/sv\/#\/schema\/logo\/image\/","url":"https:\/\/www.duuri.fi\/wp-content\/uploads\/2020\/08\/Duuri_uusi-logo.png","contentUrl":"https:\/\/www.duuri.fi\/wp-content\/uploads\/2020\/08\/Duuri_uusi-logo.png","width":242,"height":91,"caption":"Duuri Oy"},"image":{"@id":"https:\/\/www.duuri.fi\/sv\/#\/schema\/logo\/image\/"}}]}},"_links":{"self":[{"href":"https:\/\/www.duuri.fi\/lv\/wp-json\/wp\/v2\/product\/65210","targetHints":{"allow":["GET"]}}],"collection":[{"href":"https:\/\/www.duuri.fi\/lv\/wp-json\/wp\/v2\/product"}],"about":[{"href":"https:\/\/www.duuri.fi\/lv\/wp-json\/wp\/v2\/types\/product"}],"replies":[{"embeddable":true,"href":"https:\/\/www.duuri.fi\/lv\/wp-json\/wp\/v2\/comments?post=65210"}],"wp:featuredmedia":[{"embeddable":true,"href":"https:\/\/www.duuri.fi\/lv\/wp-json\/wp\/v2\/media\/63453"}],"wp:attachment":[{"href":"https:\/\/www.duuri.fi\/lv\/wp-json\/wp\/v2\/media?parent=65210"}],"wp:term":[{"taxonomy":"product_brand","embeddable":true,"href":"https:\/\/www.duuri.fi\/lv\/wp-json\/wp\/v2\/product_brand?post=65210"},{"taxonomy":"product_cat","embeddable":true,"href":"https:\/\/www.duuri.fi\/lv\/wp-json\/wp\/v2\/product_cat?post=65210"},{"taxonomy":"product_tag","embeddable":true,"href":"https:\/\/www.duuri.fi\/lv\/wp-json\/wp\/v2\/product_tag?post=65210"}],"curies":[{"name":"wp","href":"https:\/\/api.w.org\/{rel}","templated":true}]}}