{"id":19474,"date":"2020-09-04T07:07:37","date_gmt":"2020-09-04T04:07:37","guid":{"rendered":"https:\/\/www.duuri.fi\/gbs-hiussaumaluukku-500x500mm-savu-ilma-ja-polytiivis-f30-ei30\/"},"modified":"2026-03-07T06:17:53","modified_gmt":"2026-03-07T04:17:53","slug":"gbs-ugunsdrosa-inspekcijas-luka-500x500mm-dumu-necaurlaidiga-f30-ei30","status":"publish","type":"product","link":"https:\/\/www.duuri.fi\/lv\/gbs-ugunsdrosa-inspekcijas-luka-500x500mm-dumu-necaurlaidiga-f30-ei30\/","title":{"rendered":"GBS UGUNSDRO\u0160A INSPEKCIJAS L\u016aKA 500X500MM D\u016aMU NECAURLAID\u012aGA F30\/EI30"},"content":{"rendered":"","protected":false},"excerpt":{"rendered":"<p>Ugunsdro\u0161a alum\u012bnija l\u016bka ar ugunsdro\u0161u apmetuma pl\u0101ksnes ieliktni. Uz v\u0101ka ir redzamas skr\u016bvju galvas. D\u016bmu, gaisa un putek\u013cu necaurlaid\u012bga. Nov\u0113r\u0161 ar\u012b aukstu d\u016bmu iek\u013c\u016b\u0161anu. Ska\u0146as necaurlaid\u012bga l\u012bdz 30\u00a0dB. Uzst\u0101d\u012b\u0161anai sien\u0101 un griestos. Spie\u017eama sl\u0113dzene.<\/p>\n","protected":false},"featured_media":0,"comment_status":"closed","ping_status":"closed","template":"","meta":{"_acf_changed":false},"product_brand":[],"product_cat":[4600,4541],"product_tag":[],"class_list":{"0":"post-19474","1":"product","2":"type-product","3":"status-publish","5":"product_cat-kattoluukut-lv","6":"product_cat-tarkastusluukut-lv","8":"first","9":"instock","10":"shipping-taxable","11":"product-type-simple"},"acf":[],"yoast_head":"<!-- This site is optimized with the Yoast SEO plugin v25.5 - https:\/\/yoast.com\/wordpress\/plugins\/seo\/ -->\n<title>GBS UGUNSDRO\u0160A INSPEKCIJAS L\u016aKA 500X500MM D\u016aMU NECAURLAID\u012aGA F30\/EI30 - Duuri Oy<\/title>\n<meta name=\"robots\" content=\"index, follow, max-snippet:-1, max-image-preview:large, max-video-preview:-1\" \/>\n<link rel=\"canonical\" href=\"https:\/\/www.duuri.fi\/gbs-hiussaumaluukku-500x500mm-savu-ilma-ja-polytiivis-f30-ei30\/\" \/>\n<meta property=\"og:locale\" content=\"lv_LV\" \/>\n<meta property=\"og:type\" content=\"article\" \/>\n<meta property=\"og:title\" content=\"GBS UGUNSDRO\u0160A INSPEKCIJAS L\u016aKA 500X500MM D\u016aMU NECAURLAID\u012aGA F30\/EI30 - Duuri Oy\" \/>\n<meta property=\"og:description\" content=\"Ugunsdro\u0161a alum\u012bnija l\u016bka ar ugunsdro\u0161u apmetuma pl\u0101ksnes ieliktni. Uz v\u0101ka ir redzamas skr\u016bvju galvas. D\u016bmu, gaisa un putek\u013cu necaurlaid\u012bga. Nov\u0113r\u0161 ar\u012b aukstu d\u016bmu iek\u013c\u016b\u0161anu. Ska\u0146as necaurlaid\u012bga l\u012bdz 30\u00a0dB. Uzst\u0101d\u012b\u0161anai sien\u0101 un griestos. Spie\u017eama sl\u0113dzene.\" \/>\n<meta property=\"og:url\" content=\"https:\/\/www.duuri.fi\/gbs-hiussaumaluukku-500x500mm-savu-ilma-ja-polytiivis-f30-ei30\/\" \/>\n<meta property=\"og:site_name\" content=\"Duuri Oy\" \/>\n<meta property=\"article:modified_time\" content=\"2026-03-07T04:17:53+00:00\" \/>\n<meta name=\"twitter:card\" content=\"summary_large_image\" \/>\n<script type=\"application\/ld+json\" class=\"yoast-schema-graph\">{\"@context\":\"https:\/\/schema.org\",\"@graph\":[{\"@type\":\"WebPage\",\"@id\":\"https:\/\/www.duuri.fi\/gbs-hiussaumaluukku-500x500mm-savu-ilma-ja-polytiivis-f30-ei30\/\",\"url\":\"https:\/\/www.duuri.fi\/gbs-hiussaumaluukku-500x500mm-savu-ilma-ja-polytiivis-f30-ei30\/\",\"name\":\"GBS UGUNSDRO\u0160A INSPEKCIJAS L\u016aKA 500X500MM D\u016aMU NECAURLAID\u012aGA F30\/EI30 - Duuri Oy\",\"isPartOf\":{\"@id\":\"https:\/\/www.duuri.fi\/sv\/#website\"},\"datePublished\":\"2020-09-04T04:07:37+00:00\",\"dateModified\":\"2026-03-07T04:17:53+00:00\",\"breadcrumb\":{\"@id\":\"https:\/\/www.duuri.fi\/gbs-hiussaumaluukku-500x500mm-savu-ilma-ja-polytiivis-f30-ei30\/#breadcrumb\"},\"inLanguage\":\"lv-LV\",\"potentialAction\":[{\"@type\":\"ReadAction\",\"target\":[\"https:\/\/www.duuri.fi\/gbs-hiussaumaluukku-500x500mm-savu-ilma-ja-polytiivis-f30-ei30\/\"]}]},{\"@type\":\"BreadcrumbList\",\"@id\":\"https:\/\/www.duuri.fi\/gbs-hiussaumaluukku-500x500mm-savu-ilma-ja-polytiivis-f30-ei30\/#breadcrumb\",\"itemListElement\":[{\"@type\":\"ListItem\",\"position\":1,\"name\":\"Home\",\"item\":\"https:\/\/www.duuri.fi\/lv\/\"},{\"@type\":\"ListItem\",\"position\":2,\"name\":\"Produkter\",\"item\":\"https:\/\/www.duuri.fi\/sv\/produkter\/\"},{\"@type\":\"ListItem\",\"position\":3,\"name\":\"GBS UGUNSDRO\u0160A INSPEKCIJAS L\u016aKA 500X500MM D\u016aMU NECAURLAID\u012aGA F30\/EI30\"}]},{\"@type\":\"WebSite\",\"@id\":\"https:\/\/www.duuri.fi\/sv\/#website\",\"url\":\"https:\/\/www.duuri.fi\/sv\/\",\"name\":\"Duuri Oy\",\"description\":\"Tuotteet ja asiantuntijapalvelut kodin sisustuksen ja julkisten tilojen viimeistelyyn\",\"publisher\":{\"@id\":\"https:\/\/www.duuri.fi\/sv\/#organization\"},\"potentialAction\":[{\"@type\":\"SearchAction\",\"target\":{\"@type\":\"EntryPoint\",\"urlTemplate\":\"https:\/\/www.duuri.fi\/sv\/?s={search_term_string}\"},\"query-input\":{\"@type\":\"PropertyValueSpecification\",\"valueRequired\":true,\"valueName\":\"search_term_string\"}}],\"inLanguage\":\"lv-LV\"},{\"@type\":\"Organization\",\"@id\":\"https:\/\/www.duuri.fi\/sv\/#organization\",\"name\":\"Duuri Oy\",\"url\":\"https:\/\/www.duuri.fi\/sv\/\",\"logo\":{\"@type\":\"ImageObject\",\"inLanguage\":\"lv-LV\",\"@id\":\"https:\/\/www.duuri.fi\/sv\/#\/schema\/logo\/image\/\",\"url\":\"https:\/\/www.duuri.fi\/wp-content\/uploads\/2020\/08\/Duuri_uusi-logo.png\",\"contentUrl\":\"https:\/\/www.duuri.fi\/wp-content\/uploads\/2020\/08\/Duuri_uusi-logo.png\",\"width\":242,\"height\":91,\"caption\":\"Duuri Oy\"},\"image\":{\"@id\":\"https:\/\/www.duuri.fi\/sv\/#\/schema\/logo\/image\/\"}}]}<\/script>\n<!-- \/ Yoast SEO plugin. -->","yoast_head_json":{"title":"GBS UGUNSDRO\u0160A INSPEKCIJAS L\u016aKA 500X500MM D\u016aMU NECAURLAID\u012aGA F30\/EI30 - Duuri Oy","robots":{"index":"index","follow":"follow","max-snippet":"max-snippet:-1","max-image-preview":"max-image-preview:large","max-video-preview":"max-video-preview:-1"},"canonical":"https:\/\/www.duuri.fi\/gbs-hiussaumaluukku-500x500mm-savu-ilma-ja-polytiivis-f30-ei30\/","og_locale":"lv_LV","og_type":"article","og_title":"GBS UGUNSDRO\u0160A INSPEKCIJAS L\u016aKA 500X500MM D\u016aMU NECAURLAID\u012aGA F30\/EI30 - Duuri Oy","og_description":"Ugunsdro\u0161a alum\u012bnija l\u016bka ar ugunsdro\u0161u apmetuma pl\u0101ksnes ieliktni. Uz v\u0101ka ir redzamas skr\u016bvju galvas. D\u016bmu, gaisa un putek\u013cu necaurlaid\u012bga. Nov\u0113r\u0161 ar\u012b aukstu d\u016bmu iek\u013c\u016b\u0161anu. Ska\u0146as necaurlaid\u012bga l\u012bdz 30\u00a0dB. Uzst\u0101d\u012b\u0161anai sien\u0101 un griestos. Spie\u017eama sl\u0113dzene.","og_url":"https:\/\/www.duuri.fi\/gbs-hiussaumaluukku-500x500mm-savu-ilma-ja-polytiivis-f30-ei30\/","og_site_name":"Duuri Oy","article_modified_time":"2026-03-07T04:17:53+00:00","twitter_card":"summary_large_image","schema":{"@context":"https:\/\/schema.org","@graph":[{"@type":"WebPage","@id":"https:\/\/www.duuri.fi\/gbs-hiussaumaluukku-500x500mm-savu-ilma-ja-polytiivis-f30-ei30\/","url":"https:\/\/www.duuri.fi\/gbs-hiussaumaluukku-500x500mm-savu-ilma-ja-polytiivis-f30-ei30\/","name":"GBS UGUNSDRO\u0160A INSPEKCIJAS L\u016aKA 500X500MM D\u016aMU NECAURLAID\u012aGA F30\/EI30 - Duuri Oy","isPartOf":{"@id":"https:\/\/www.duuri.fi\/sv\/#website"},"datePublished":"2020-09-04T04:07:37+00:00","dateModified":"2026-03-07T04:17:53+00:00","breadcrumb":{"@id":"https:\/\/www.duuri.fi\/gbs-hiussaumaluukku-500x500mm-savu-ilma-ja-polytiivis-f30-ei30\/#breadcrumb"},"inLanguage":"lv-LV","potentialAction":[{"@type":"ReadAction","target":["https:\/\/www.duuri.fi\/gbs-hiussaumaluukku-500x500mm-savu-ilma-ja-polytiivis-f30-ei30\/"]}]},{"@type":"BreadcrumbList","@id":"https:\/\/www.duuri.fi\/gbs-hiussaumaluukku-500x500mm-savu-ilma-ja-polytiivis-f30-ei30\/#breadcrumb","itemListElement":[{"@type":"ListItem","position":1,"name":"Home","item":"https:\/\/www.duuri.fi\/lv\/"},{"@type":"ListItem","position":2,"name":"Produkter","item":"https:\/\/www.duuri.fi\/sv\/produkter\/"},{"@type":"ListItem","position":3,"name":"GBS UGUNSDRO\u0160A INSPEKCIJAS L\u016aKA 500X500MM D\u016aMU NECAURLAID\u012aGA F30\/EI30"}]},{"@type":"WebSite","@id":"https:\/\/www.duuri.fi\/sv\/#website","url":"https:\/\/www.duuri.fi\/sv\/","name":"Duuri Oy","description":"Tuotteet ja asiantuntijapalvelut kodin sisustuksen ja julkisten tilojen viimeistelyyn","publisher":{"@id":"https:\/\/www.duuri.fi\/sv\/#organization"},"potentialAction":[{"@type":"SearchAction","target":{"@type":"EntryPoint","urlTemplate":"https:\/\/www.duuri.fi\/sv\/?s={search_term_string}"},"query-input":{"@type":"PropertyValueSpecification","valueRequired":true,"valueName":"search_term_string"}}],"inLanguage":"lv-LV"},{"@type":"Organization","@id":"https:\/\/www.duuri.fi\/sv\/#organization","name":"Duuri Oy","url":"https:\/\/www.duuri.fi\/sv\/","logo":{"@type":"ImageObject","inLanguage":"lv-LV","@id":"https:\/\/www.duuri.fi\/sv\/#\/schema\/logo\/image\/","url":"https:\/\/www.duuri.fi\/wp-content\/uploads\/2020\/08\/Duuri_uusi-logo.png","contentUrl":"https:\/\/www.duuri.fi\/wp-content\/uploads\/2020\/08\/Duuri_uusi-logo.png","width":242,"height":91,"caption":"Duuri Oy"},"image":{"@id":"https:\/\/www.duuri.fi\/sv\/#\/schema\/logo\/image\/"}}]}},"_links":{"self":[{"href":"https:\/\/www.duuri.fi\/lv\/wp-json\/wp\/v2\/product\/19474","targetHints":{"allow":["GET"]}}],"collection":[{"href":"https:\/\/www.duuri.fi\/lv\/wp-json\/wp\/v2\/product"}],"about":[{"href":"https:\/\/www.duuri.fi\/lv\/wp-json\/wp\/v2\/types\/product"}],"replies":[{"embeddable":true,"href":"https:\/\/www.duuri.fi\/lv\/wp-json\/wp\/v2\/comments?post=19474"}],"wp:attachment":[{"href":"https:\/\/www.duuri.fi\/lv\/wp-json\/wp\/v2\/media?parent=19474"}],"wp:term":[{"taxonomy":"product_brand","embeddable":true,"href":"https:\/\/www.duuri.fi\/lv\/wp-json\/wp\/v2\/product_brand?post=19474"},{"taxonomy":"product_cat","embeddable":true,"href":"https:\/\/www.duuri.fi\/lv\/wp-json\/wp\/v2\/product_cat?post=19474"},{"taxonomy":"product_tag","embeddable":true,"href":"https:\/\/www.duuri.fi\/lv\/wp-json\/wp\/v2\/product_tag?post=19474"}],"curies":[{"name":"wp","href":"https:\/\/api.w.org\/{rel}","templated":true}]}}