{"id":19455,"date":"2020-09-04T07:07:28","date_gmt":"2020-09-04T04:07:28","guid":{"rendered":"https:\/\/www.duuri.fi\/hss2-hiussaumaluukku-400x400mm-vesi-savu-ilma-ja-polytiivis\/"},"modified":"2026-03-07T06:14:22","modified_gmt":"2026-03-07T04:14:22","slug":"hss2-inspekcijas-luka-gipskartonu-400x400mm-udens-un-dumu-necaurlaidiga","status":"publish","type":"product","link":"https:\/\/www.duuri.fi\/lv\/hss2-inspekcijas-luka-gipskartonu-400x400mm-udens-un-dumu-necaurlaidiga\/","title":{"rendered":"HSS2 INSPEKCIJAS L\u016aKA \u0122IP\u0160KARTONU 400X400MM \u016aDENS UN D\u016aMU NECAURLAID\u012aGA"},"content":{"rendered":"","protected":false},"excerpt":{"rendered":"<p>Rev\u012bzijas l\u016bka ar alum\u012bnija r\u0101mi un apmetuma pl\u0101ksnes ieliktni. Ieliktnis ar div\u0101m apmetuma pl\u0101ksn\u0113m, redzamas skr\u016bvju galvas. \u016adens, d\u016bmu, gaisa un putek\u013cu necaurlaid\u012bga. Ska\u0146as necaurlaid\u012bga. Uzst\u0101d\u012b\u0161anai sien\u0101 un griestos. Spie\u017eama sl\u0113dzene. Piem\u0113rota mitr\u0101m telp\u0101m.<\/p>\n","protected":false},"featured_media":0,"comment_status":"closed","ping_status":"closed","template":"","meta":{"_acf_changed":false},"product_brand":[],"product_cat":[4600,4541,4540],"product_tag":[],"class_list":{"0":"post-19455","1":"product","2":"type-product","3":"status-publish","5":"product_cat-kattoluukut-lv","6":"product_cat-tarkastusluukut-lv","7":"product_cat-mittatilaus-tarkastusluukut-lv","9":"first","10":"instock","11":"shipping-taxable","12":"product-type-simple"},"acf":[],"yoast_head":"<!-- This site is optimized with the Yoast SEO plugin v25.5 - https:\/\/yoast.com\/wordpress\/plugins\/seo\/ -->\n<title>HSS2 INSPEKCIJAS L\u016aKA \u0122IP\u0160KARTONU 400X400MM \u016aDENS UN D\u016aMU NECAURLAID\u012aGA - Duuri Oy<\/title>\n<meta name=\"robots\" content=\"index, follow, max-snippet:-1, max-image-preview:large, max-video-preview:-1\" \/>\n<link rel=\"canonical\" href=\"https:\/\/www.duuri.fi\/hss2-hiussaumaluukku-400x400mm-vesi-savu-ilma-ja-polytiivis\/\" \/>\n<meta property=\"og:locale\" content=\"lv_LV\" \/>\n<meta property=\"og:type\" content=\"article\" \/>\n<meta property=\"og:title\" content=\"HSS2 INSPEKCIJAS L\u016aKA \u0122IP\u0160KARTONU 400X400MM \u016aDENS UN D\u016aMU NECAURLAID\u012aGA - Duuri Oy\" \/>\n<meta property=\"og:description\" content=\"Rev\u012bzijas l\u016bka ar alum\u012bnija r\u0101mi un apmetuma pl\u0101ksnes ieliktni. Ieliktnis ar div\u0101m apmetuma pl\u0101ksn\u0113m, redzamas skr\u016bvju galvas. \u016adens, d\u016bmu, gaisa un putek\u013cu necaurlaid\u012bga. Ska\u0146as necaurlaid\u012bga. Uzst\u0101d\u012b\u0161anai sien\u0101 un griestos. Spie\u017eama sl\u0113dzene. Piem\u0113rota mitr\u0101m telp\u0101m.\" \/>\n<meta property=\"og:url\" content=\"https:\/\/www.duuri.fi\/hss2-hiussaumaluukku-400x400mm-vesi-savu-ilma-ja-polytiivis\/\" \/>\n<meta property=\"og:site_name\" content=\"Duuri Oy\" \/>\n<meta property=\"article:modified_time\" content=\"2026-03-07T04:14:22+00:00\" \/>\n<meta name=\"twitter:card\" content=\"summary_large_image\" \/>\n<script type=\"application\/ld+json\" class=\"yoast-schema-graph\">{\"@context\":\"https:\/\/schema.org\",\"@graph\":[{\"@type\":\"WebPage\",\"@id\":\"https:\/\/www.duuri.fi\/hss2-hiussaumaluukku-400x400mm-vesi-savu-ilma-ja-polytiivis\/\",\"url\":\"https:\/\/www.duuri.fi\/hss2-hiussaumaluukku-400x400mm-vesi-savu-ilma-ja-polytiivis\/\",\"name\":\"HSS2 INSPEKCIJAS L\u016aKA \u0122IP\u0160KARTONU 400X400MM \u016aDENS UN D\u016aMU NECAURLAID\u012aGA - Duuri Oy\",\"isPartOf\":{\"@id\":\"https:\/\/www.duuri.fi\/sv\/#website\"},\"datePublished\":\"2020-09-04T04:07:28+00:00\",\"dateModified\":\"2026-03-07T04:14:22+00:00\",\"breadcrumb\":{\"@id\":\"https:\/\/www.duuri.fi\/hss2-hiussaumaluukku-400x400mm-vesi-savu-ilma-ja-polytiivis\/#breadcrumb\"},\"inLanguage\":\"lv-LV\",\"potentialAction\":[{\"@type\":\"ReadAction\",\"target\":[\"https:\/\/www.duuri.fi\/hss2-hiussaumaluukku-400x400mm-vesi-savu-ilma-ja-polytiivis\/\"]}]},{\"@type\":\"BreadcrumbList\",\"@id\":\"https:\/\/www.duuri.fi\/hss2-hiussaumaluukku-400x400mm-vesi-savu-ilma-ja-polytiivis\/#breadcrumb\",\"itemListElement\":[{\"@type\":\"ListItem\",\"position\":1,\"name\":\"Home\",\"item\":\"https:\/\/www.duuri.fi\/lv\/\"},{\"@type\":\"ListItem\",\"position\":2,\"name\":\"Produkter\",\"item\":\"https:\/\/www.duuri.fi\/sv\/produkter\/\"},{\"@type\":\"ListItem\",\"position\":3,\"name\":\"HSS2 INSPEKCIJAS L\u016aKA \u0122IP\u0160KARTONU 400X400MM \u016aDENS UN D\u016aMU NECAURLAID\u012aGA\"}]},{\"@type\":\"WebSite\",\"@id\":\"https:\/\/www.duuri.fi\/sv\/#website\",\"url\":\"https:\/\/www.duuri.fi\/sv\/\",\"name\":\"Duuri Oy\",\"description\":\"Tuotteet ja asiantuntijapalvelut kodin sisustuksen ja julkisten tilojen viimeistelyyn\",\"publisher\":{\"@id\":\"https:\/\/www.duuri.fi\/sv\/#organization\"},\"potentialAction\":[{\"@type\":\"SearchAction\",\"target\":{\"@type\":\"EntryPoint\",\"urlTemplate\":\"https:\/\/www.duuri.fi\/sv\/?s={search_term_string}\"},\"query-input\":{\"@type\":\"PropertyValueSpecification\",\"valueRequired\":true,\"valueName\":\"search_term_string\"}}],\"inLanguage\":\"lv-LV\"},{\"@type\":\"Organization\",\"@id\":\"https:\/\/www.duuri.fi\/sv\/#organization\",\"name\":\"Duuri Oy\",\"url\":\"https:\/\/www.duuri.fi\/sv\/\",\"logo\":{\"@type\":\"ImageObject\",\"inLanguage\":\"lv-LV\",\"@id\":\"https:\/\/www.duuri.fi\/sv\/#\/schema\/logo\/image\/\",\"url\":\"https:\/\/www.duuri.fi\/wp-content\/uploads\/2020\/08\/Duuri_uusi-logo.png\",\"contentUrl\":\"https:\/\/www.duuri.fi\/wp-content\/uploads\/2020\/08\/Duuri_uusi-logo.png\",\"width\":242,\"height\":91,\"caption\":\"Duuri Oy\"},\"image\":{\"@id\":\"https:\/\/www.duuri.fi\/sv\/#\/schema\/logo\/image\/\"}}]}<\/script>\n<!-- \/ Yoast SEO plugin. -->","yoast_head_json":{"title":"HSS2 INSPEKCIJAS L\u016aKA \u0122IP\u0160KARTONU 400X400MM \u016aDENS UN D\u016aMU NECAURLAID\u012aGA - Duuri Oy","robots":{"index":"index","follow":"follow","max-snippet":"max-snippet:-1","max-image-preview":"max-image-preview:large","max-video-preview":"max-video-preview:-1"},"canonical":"https:\/\/www.duuri.fi\/hss2-hiussaumaluukku-400x400mm-vesi-savu-ilma-ja-polytiivis\/","og_locale":"lv_LV","og_type":"article","og_title":"HSS2 INSPEKCIJAS L\u016aKA \u0122IP\u0160KARTONU 400X400MM \u016aDENS UN D\u016aMU NECAURLAID\u012aGA - Duuri Oy","og_description":"Rev\u012bzijas l\u016bka ar alum\u012bnija r\u0101mi un apmetuma pl\u0101ksnes ieliktni. Ieliktnis ar div\u0101m apmetuma pl\u0101ksn\u0113m, redzamas skr\u016bvju galvas. \u016adens, d\u016bmu, gaisa un putek\u013cu necaurlaid\u012bga. Ska\u0146as necaurlaid\u012bga. Uzst\u0101d\u012b\u0161anai sien\u0101 un griestos. Spie\u017eama sl\u0113dzene. Piem\u0113rota mitr\u0101m telp\u0101m.","og_url":"https:\/\/www.duuri.fi\/hss2-hiussaumaluukku-400x400mm-vesi-savu-ilma-ja-polytiivis\/","og_site_name":"Duuri Oy","article_modified_time":"2026-03-07T04:14:22+00:00","twitter_card":"summary_large_image","schema":{"@context":"https:\/\/schema.org","@graph":[{"@type":"WebPage","@id":"https:\/\/www.duuri.fi\/hss2-hiussaumaluukku-400x400mm-vesi-savu-ilma-ja-polytiivis\/","url":"https:\/\/www.duuri.fi\/hss2-hiussaumaluukku-400x400mm-vesi-savu-ilma-ja-polytiivis\/","name":"HSS2 INSPEKCIJAS L\u016aKA \u0122IP\u0160KARTONU 400X400MM \u016aDENS UN D\u016aMU NECAURLAID\u012aGA - Duuri Oy","isPartOf":{"@id":"https:\/\/www.duuri.fi\/sv\/#website"},"datePublished":"2020-09-04T04:07:28+00:00","dateModified":"2026-03-07T04:14:22+00:00","breadcrumb":{"@id":"https:\/\/www.duuri.fi\/hss2-hiussaumaluukku-400x400mm-vesi-savu-ilma-ja-polytiivis\/#breadcrumb"},"inLanguage":"lv-LV","potentialAction":[{"@type":"ReadAction","target":["https:\/\/www.duuri.fi\/hss2-hiussaumaluukku-400x400mm-vesi-savu-ilma-ja-polytiivis\/"]}]},{"@type":"BreadcrumbList","@id":"https:\/\/www.duuri.fi\/hss2-hiussaumaluukku-400x400mm-vesi-savu-ilma-ja-polytiivis\/#breadcrumb","itemListElement":[{"@type":"ListItem","position":1,"name":"Home","item":"https:\/\/www.duuri.fi\/lv\/"},{"@type":"ListItem","position":2,"name":"Produkter","item":"https:\/\/www.duuri.fi\/sv\/produkter\/"},{"@type":"ListItem","position":3,"name":"HSS2 INSPEKCIJAS L\u016aKA \u0122IP\u0160KARTONU 400X400MM \u016aDENS UN D\u016aMU NECAURLAID\u012aGA"}]},{"@type":"WebSite","@id":"https:\/\/www.duuri.fi\/sv\/#website","url":"https:\/\/www.duuri.fi\/sv\/","name":"Duuri Oy","description":"Tuotteet ja asiantuntijapalvelut kodin sisustuksen ja julkisten tilojen viimeistelyyn","publisher":{"@id":"https:\/\/www.duuri.fi\/sv\/#organization"},"potentialAction":[{"@type":"SearchAction","target":{"@type":"EntryPoint","urlTemplate":"https:\/\/www.duuri.fi\/sv\/?s={search_term_string}"},"query-input":{"@type":"PropertyValueSpecification","valueRequired":true,"valueName":"search_term_string"}}],"inLanguage":"lv-LV"},{"@type":"Organization","@id":"https:\/\/www.duuri.fi\/sv\/#organization","name":"Duuri Oy","url":"https:\/\/www.duuri.fi\/sv\/","logo":{"@type":"ImageObject","inLanguage":"lv-LV","@id":"https:\/\/www.duuri.fi\/sv\/#\/schema\/logo\/image\/","url":"https:\/\/www.duuri.fi\/wp-content\/uploads\/2020\/08\/Duuri_uusi-logo.png","contentUrl":"https:\/\/www.duuri.fi\/wp-content\/uploads\/2020\/08\/Duuri_uusi-logo.png","width":242,"height":91,"caption":"Duuri Oy"},"image":{"@id":"https:\/\/www.duuri.fi\/sv\/#\/schema\/logo\/image\/"}}]}},"_links":{"self":[{"href":"https:\/\/www.duuri.fi\/lv\/wp-json\/wp\/v2\/product\/19455","targetHints":{"allow":["GET"]}}],"collection":[{"href":"https:\/\/www.duuri.fi\/lv\/wp-json\/wp\/v2\/product"}],"about":[{"href":"https:\/\/www.duuri.fi\/lv\/wp-json\/wp\/v2\/types\/product"}],"replies":[{"embeddable":true,"href":"https:\/\/www.duuri.fi\/lv\/wp-json\/wp\/v2\/comments?post=19455"}],"wp:attachment":[{"href":"https:\/\/www.duuri.fi\/lv\/wp-json\/wp\/v2\/media?parent=19455"}],"wp:term":[{"taxonomy":"product_brand","embeddable":true,"href":"https:\/\/www.duuri.fi\/lv\/wp-json\/wp\/v2\/product_brand?post=19455"},{"taxonomy":"product_cat","embeddable":true,"href":"https:\/\/www.duuri.fi\/lv\/wp-json\/wp\/v2\/product_cat?post=19455"},{"taxonomy":"product_tag","embeddable":true,"href":"https:\/\/www.duuri.fi\/lv\/wp-json\/wp\/v2\/product_tag?post=19455"}],"curies":[{"name":"wp","href":"https:\/\/api.w.org\/{rel}","templated":true}]}}