{"id":19442,"date":"2020-09-04T07:07:21","date_gmt":"2020-09-04T04:07:21","guid":{"rendered":"https:\/\/www.duuri.fi\/hsl21-hiussaumaluukku-600x600mm-yhdella-kipsilevylla\/"},"modified":"2026-03-06T06:58:32","modified_gmt":"2026-03-06T04:58:32","slug":"hsl21-inspekcijas-luka-ar-gipskartonu-600x600mm","status":"publish","type":"product","link":"https:\/\/www.duuri.fi\/lv\/hsl21-inspekcijas-luka-ar-gipskartonu-600x600mm\/","title":{"rendered":"HSL21 INSPEKCIJAS L\u016aKA AR \u0122IP\u0160KARTONU 600X600MM"},"content":{"rendered":"","protected":false},"excerpt":{"rendered":"<p>Rev\u012bzijas l\u016bka ar alum\u012bnija r\u0101mi un apmetuma pl\u0101ksnes ieliktni. Ieliktnis ar div\u0101m apmetuma pl\u0101ksn\u0113m, redzamas skr\u016bvju galvas. Virs\u0113jo pl\u0101ksni var nomain\u012bt, lai atbilstu sienas virsmai. Gaisa un putek\u013cu necaurlaid\u012bga. Ska\u0146as necaurlaid\u012bga. Uzst\u0101d\u012b\u0161anai sien\u0101 un griestos. Spie\u017eama sl\u0113dzene. Piem\u0113rota mitr\u0101m telp\u0101m.<\/p>\n","protected":false},"featured_media":0,"comment_status":"closed","ping_status":"closed","template":"","meta":{"_acf_changed":false},"product_brand":[],"product_cat":[4600,4541,4540],"product_tag":[],"class_list":{"0":"post-19442","1":"product","2":"type-product","3":"status-publish","5":"product_cat-kattoluukut-lv","6":"product_cat-tarkastusluukut-lv","7":"product_cat-mittatilaus-tarkastusluukut-lv","9":"first","10":"instock","11":"shipping-taxable","12":"product-type-simple"},"acf":[],"yoast_head":"<!-- This site is optimized with the Yoast SEO plugin v25.5 - https:\/\/yoast.com\/wordpress\/plugins\/seo\/ -->\n<title>HSL21 INSPEKCIJAS L\u016aKA AR \u0122IP\u0160KARTONU 600X600MM - Duuri Oy<\/title>\n<meta name=\"robots\" content=\"index, follow, max-snippet:-1, max-image-preview:large, max-video-preview:-1\" \/>\n<link rel=\"canonical\" href=\"https:\/\/www.duuri.fi\/hsl21-hiussaumaluukku-600x600mm-kahdella-kipsilevylla\/\" \/>\n<meta property=\"og:locale\" content=\"lv_LV\" \/>\n<meta property=\"og:type\" content=\"article\" \/>\n<meta property=\"og:title\" content=\"HSL21 INSPEKCIJAS L\u016aKA AR \u0122IP\u0160KARTONU 600X600MM - Duuri Oy\" \/>\n<meta property=\"og:description\" content=\"Rev\u012bzijas l\u016bka ar alum\u012bnija r\u0101mi un apmetuma pl\u0101ksnes ieliktni. Ieliktnis ar div\u0101m apmetuma pl\u0101ksn\u0113m, redzamas skr\u016bvju galvas. Virs\u0113jo pl\u0101ksni var nomain\u012bt, lai atbilstu sienas virsmai. Gaisa un putek\u013cu necaurlaid\u012bga. Ska\u0146as necaurlaid\u012bga. Uzst\u0101d\u012b\u0161anai sien\u0101 un griestos. Spie\u017eama sl\u0113dzene. Piem\u0113rota mitr\u0101m telp\u0101m.\" \/>\n<meta property=\"og:url\" content=\"https:\/\/www.duuri.fi\/hsl21-hiussaumaluukku-600x600mm-kahdella-kipsilevylla\/\" \/>\n<meta property=\"og:site_name\" content=\"Duuri Oy\" \/>\n<meta property=\"article:modified_time\" content=\"2026-03-06T04:58:32+00:00\" \/>\n<meta name=\"twitter:card\" content=\"summary_large_image\" \/>\n<script type=\"application\/ld+json\" class=\"yoast-schema-graph\">{\"@context\":\"https:\/\/schema.org\",\"@graph\":[{\"@type\":\"WebPage\",\"@id\":\"https:\/\/www.duuri.fi\/hsl21-hiussaumaluukku-600x600mm-kahdella-kipsilevylla\/\",\"url\":\"https:\/\/www.duuri.fi\/hsl21-hiussaumaluukku-600x600mm-kahdella-kipsilevylla\/\",\"name\":\"HSL21 INSPEKCIJAS L\u016aKA AR \u0122IP\u0160KARTONU 600X600MM - Duuri Oy\",\"isPartOf\":{\"@id\":\"https:\/\/www.duuri.fi\/sv\/#website\"},\"datePublished\":\"2020-09-04T04:07:21+00:00\",\"dateModified\":\"2026-03-06T04:58:32+00:00\",\"breadcrumb\":{\"@id\":\"https:\/\/www.duuri.fi\/hsl21-hiussaumaluukku-600x600mm-kahdella-kipsilevylla\/#breadcrumb\"},\"inLanguage\":\"lv-LV\",\"potentialAction\":[{\"@type\":\"ReadAction\",\"target\":[\"https:\/\/www.duuri.fi\/hsl21-hiussaumaluukku-600x600mm-kahdella-kipsilevylla\/\"]}]},{\"@type\":\"BreadcrumbList\",\"@id\":\"https:\/\/www.duuri.fi\/hsl21-hiussaumaluukku-600x600mm-kahdella-kipsilevylla\/#breadcrumb\",\"itemListElement\":[{\"@type\":\"ListItem\",\"position\":1,\"name\":\"Home\",\"item\":\"https:\/\/www.duuri.fi\/lv\/\"},{\"@type\":\"ListItem\",\"position\":2,\"name\":\"Produkter\",\"item\":\"https:\/\/www.duuri.fi\/sv\/produkter\/\"},{\"@type\":\"ListItem\",\"position\":3,\"name\":\"HSL21 INSPEKCIJAS L\u016aKA AR \u0122IP\u0160KARTONU 600X600MM\"}]},{\"@type\":\"WebSite\",\"@id\":\"https:\/\/www.duuri.fi\/sv\/#website\",\"url\":\"https:\/\/www.duuri.fi\/sv\/\",\"name\":\"Duuri Oy\",\"description\":\"Tuotteet ja asiantuntijapalvelut kodin sisustuksen ja julkisten tilojen viimeistelyyn\",\"publisher\":{\"@id\":\"https:\/\/www.duuri.fi\/sv\/#organization\"},\"potentialAction\":[{\"@type\":\"SearchAction\",\"target\":{\"@type\":\"EntryPoint\",\"urlTemplate\":\"https:\/\/www.duuri.fi\/sv\/?s={search_term_string}\"},\"query-input\":{\"@type\":\"PropertyValueSpecification\",\"valueRequired\":true,\"valueName\":\"search_term_string\"}}],\"inLanguage\":\"lv-LV\"},{\"@type\":\"Organization\",\"@id\":\"https:\/\/www.duuri.fi\/sv\/#organization\",\"name\":\"Duuri Oy\",\"url\":\"https:\/\/www.duuri.fi\/sv\/\",\"logo\":{\"@type\":\"ImageObject\",\"inLanguage\":\"lv-LV\",\"@id\":\"https:\/\/www.duuri.fi\/sv\/#\/schema\/logo\/image\/\",\"url\":\"https:\/\/www.duuri.fi\/wp-content\/uploads\/2020\/08\/Duuri_uusi-logo.png\",\"contentUrl\":\"https:\/\/www.duuri.fi\/wp-content\/uploads\/2020\/08\/Duuri_uusi-logo.png\",\"width\":242,\"height\":91,\"caption\":\"Duuri Oy\"},\"image\":{\"@id\":\"https:\/\/www.duuri.fi\/sv\/#\/schema\/logo\/image\/\"}}]}<\/script>\n<!-- \/ Yoast SEO plugin. -->","yoast_head_json":{"title":"HSL21 INSPEKCIJAS L\u016aKA AR \u0122IP\u0160KARTONU 600X600MM - Duuri Oy","robots":{"index":"index","follow":"follow","max-snippet":"max-snippet:-1","max-image-preview":"max-image-preview:large","max-video-preview":"max-video-preview:-1"},"canonical":"https:\/\/www.duuri.fi\/hsl21-hiussaumaluukku-600x600mm-kahdella-kipsilevylla\/","og_locale":"lv_LV","og_type":"article","og_title":"HSL21 INSPEKCIJAS L\u016aKA AR \u0122IP\u0160KARTONU 600X600MM - Duuri Oy","og_description":"Rev\u012bzijas l\u016bka ar alum\u012bnija r\u0101mi un apmetuma pl\u0101ksnes ieliktni. Ieliktnis ar div\u0101m apmetuma pl\u0101ksn\u0113m, redzamas skr\u016bvju galvas. Virs\u0113jo pl\u0101ksni var nomain\u012bt, lai atbilstu sienas virsmai. Gaisa un putek\u013cu necaurlaid\u012bga. Ska\u0146as necaurlaid\u012bga. Uzst\u0101d\u012b\u0161anai sien\u0101 un griestos. Spie\u017eama sl\u0113dzene. Piem\u0113rota mitr\u0101m telp\u0101m.","og_url":"https:\/\/www.duuri.fi\/hsl21-hiussaumaluukku-600x600mm-kahdella-kipsilevylla\/","og_site_name":"Duuri Oy","article_modified_time":"2026-03-06T04:58:32+00:00","twitter_card":"summary_large_image","schema":{"@context":"https:\/\/schema.org","@graph":[{"@type":"WebPage","@id":"https:\/\/www.duuri.fi\/hsl21-hiussaumaluukku-600x600mm-kahdella-kipsilevylla\/","url":"https:\/\/www.duuri.fi\/hsl21-hiussaumaluukku-600x600mm-kahdella-kipsilevylla\/","name":"HSL21 INSPEKCIJAS L\u016aKA AR \u0122IP\u0160KARTONU 600X600MM - Duuri Oy","isPartOf":{"@id":"https:\/\/www.duuri.fi\/sv\/#website"},"datePublished":"2020-09-04T04:07:21+00:00","dateModified":"2026-03-06T04:58:32+00:00","breadcrumb":{"@id":"https:\/\/www.duuri.fi\/hsl21-hiussaumaluukku-600x600mm-kahdella-kipsilevylla\/#breadcrumb"},"inLanguage":"lv-LV","potentialAction":[{"@type":"ReadAction","target":["https:\/\/www.duuri.fi\/hsl21-hiussaumaluukku-600x600mm-kahdella-kipsilevylla\/"]}]},{"@type":"BreadcrumbList","@id":"https:\/\/www.duuri.fi\/hsl21-hiussaumaluukku-600x600mm-kahdella-kipsilevylla\/#breadcrumb","itemListElement":[{"@type":"ListItem","position":1,"name":"Home","item":"https:\/\/www.duuri.fi\/lv\/"},{"@type":"ListItem","position":2,"name":"Produkter","item":"https:\/\/www.duuri.fi\/sv\/produkter\/"},{"@type":"ListItem","position":3,"name":"HSL21 INSPEKCIJAS L\u016aKA AR \u0122IP\u0160KARTONU 600X600MM"}]},{"@type":"WebSite","@id":"https:\/\/www.duuri.fi\/sv\/#website","url":"https:\/\/www.duuri.fi\/sv\/","name":"Duuri Oy","description":"Tuotteet ja asiantuntijapalvelut kodin sisustuksen ja julkisten tilojen viimeistelyyn","publisher":{"@id":"https:\/\/www.duuri.fi\/sv\/#organization"},"potentialAction":[{"@type":"SearchAction","target":{"@type":"EntryPoint","urlTemplate":"https:\/\/www.duuri.fi\/sv\/?s={search_term_string}"},"query-input":{"@type":"PropertyValueSpecification","valueRequired":true,"valueName":"search_term_string"}}],"inLanguage":"lv-LV"},{"@type":"Organization","@id":"https:\/\/www.duuri.fi\/sv\/#organization","name":"Duuri Oy","url":"https:\/\/www.duuri.fi\/sv\/","logo":{"@type":"ImageObject","inLanguage":"lv-LV","@id":"https:\/\/www.duuri.fi\/sv\/#\/schema\/logo\/image\/","url":"https:\/\/www.duuri.fi\/wp-content\/uploads\/2020\/08\/Duuri_uusi-logo.png","contentUrl":"https:\/\/www.duuri.fi\/wp-content\/uploads\/2020\/08\/Duuri_uusi-logo.png","width":242,"height":91,"caption":"Duuri Oy"},"image":{"@id":"https:\/\/www.duuri.fi\/sv\/#\/schema\/logo\/image\/"}}]}},"_links":{"self":[{"href":"https:\/\/www.duuri.fi\/lv\/wp-json\/wp\/v2\/product\/19442","targetHints":{"allow":["GET"]}}],"collection":[{"href":"https:\/\/www.duuri.fi\/lv\/wp-json\/wp\/v2\/product"}],"about":[{"href":"https:\/\/www.duuri.fi\/lv\/wp-json\/wp\/v2\/types\/product"}],"replies":[{"embeddable":true,"href":"https:\/\/www.duuri.fi\/lv\/wp-json\/wp\/v2\/comments?post=19442"}],"wp:attachment":[{"href":"https:\/\/www.duuri.fi\/lv\/wp-json\/wp\/v2\/media?parent=19442"}],"wp:term":[{"taxonomy":"product_brand","embeddable":true,"href":"https:\/\/www.duuri.fi\/lv\/wp-json\/wp\/v2\/product_brand?post=19442"},{"taxonomy":"product_cat","embeddable":true,"href":"https:\/\/www.duuri.fi\/lv\/wp-json\/wp\/v2\/product_cat?post=19442"},{"taxonomy":"product_tag","embeddable":true,"href":"https:\/\/www.duuri.fi\/lv\/wp-json\/wp\/v2\/product_tag?post=19442"}],"curies":[{"name":"wp","href":"https:\/\/api.w.org\/{rel}","templated":true}]}}