{"id":19434,"date":"2020-09-04T07:07:17","date_gmt":"2020-09-04T04:07:17","guid":{"rendered":"https:\/\/www.duuri.fi\/hsh2-hiussaumaluukku-400x400mm-ilma-polytiivis-33db\/"},"modified":"2026-03-07T06:12:16","modified_gmt":"2026-03-07T04:12:16","slug":"hsh2-inspekcijas-luka-ar-gipskartonu-400x400mm-gaisa-un-puteklu-necaurlaidiga-33db","status":"publish","type":"product","link":"https:\/\/www.duuri.fi\/lv\/hsh2-inspekcijas-luka-ar-gipskartonu-400x400mm-gaisa-un-puteklu-necaurlaidiga-33db\/","title":{"rendered":"HSH2 INSPEKCIJAS L\u016aKA AR \u0122IP\u0160KARTONU 400X400MM GAISA UN PUTEK\u013bU NECAURLAID\u012aGA 33DB"},"content":{"rendered":"","protected":false},"excerpt":{"rendered":"<p>Rev\u012bzijas l\u016bka ar alum\u012bnija r\u0101mi un apmetuma pl\u0101ksnes ieliktni. Ieliktnis ar div\u0101m apmetuma pl\u0101ksn\u0113m, redzamas skr\u016bvju galvas. Gaisa un putek\u013cu necaurlaid\u012bga. Ska\u0146as necaurlaid\u012bga. Uzst\u0101d\u012b\u0161anai sien\u0101 un griestos. Spie\u017eama sl\u0113dzene. Piem\u0113rota mitr\u0101m telp\u0101m.<\/p>\n","protected":false},"featured_media":0,"comment_status":"closed","ping_status":"closed","template":"","meta":{"_acf_changed":false},"product_brand":[],"product_cat":[4600,4541,4540],"product_tag":[],"class_list":{"0":"post-19434","1":"product","2":"type-product","3":"status-publish","5":"product_cat-kattoluukut-lv","6":"product_cat-tarkastusluukut-lv","7":"product_cat-mittatilaus-tarkastusluukut-lv","9":"first","10":"instock","11":"shipping-taxable","12":"product-type-simple"},"acf":[],"yoast_head":"<!-- This site is optimized with the Yoast SEO plugin v25.5 - https:\/\/yoast.com\/wordpress\/plugins\/seo\/ -->\n<title>HSH2 INSPEKCIJAS L\u016aKA AR \u0122IP\u0160KARTONU 400X400MM GAISA UN PUTEK\u013bU NECAURLAID\u012aGA 33DB - Duuri Oy<\/title>\n<meta name=\"robots\" content=\"index, follow, max-snippet:-1, max-image-preview:large, max-video-preview:-1\" \/>\n<link rel=\"canonical\" href=\"https:\/\/www.duuri.fi\/hsh2-hiussaumaluukku-400x400mm-ilma-polytiivis-33db\/\" \/>\n<meta property=\"og:locale\" content=\"lv_LV\" \/>\n<meta property=\"og:type\" content=\"article\" \/>\n<meta property=\"og:title\" content=\"HSH2 INSPEKCIJAS L\u016aKA AR \u0122IP\u0160KARTONU 400X400MM GAISA UN PUTEK\u013bU NECAURLAID\u012aGA 33DB - Duuri Oy\" \/>\n<meta property=\"og:description\" content=\"Rev\u012bzijas l\u016bka ar alum\u012bnija r\u0101mi un apmetuma pl\u0101ksnes ieliktni. Ieliktnis ar div\u0101m apmetuma pl\u0101ksn\u0113m, redzamas skr\u016bvju galvas. Gaisa un putek\u013cu necaurlaid\u012bga. Ska\u0146as necaurlaid\u012bga. Uzst\u0101d\u012b\u0161anai sien\u0101 un griestos. Spie\u017eama sl\u0113dzene. Piem\u0113rota mitr\u0101m telp\u0101m.\" \/>\n<meta property=\"og:url\" content=\"https:\/\/www.duuri.fi\/hsh2-hiussaumaluukku-400x400mm-ilma-polytiivis-33db\/\" \/>\n<meta property=\"og:site_name\" content=\"Duuri Oy\" \/>\n<meta property=\"article:modified_time\" content=\"2026-03-07T04:12:16+00:00\" \/>\n<meta name=\"twitter:card\" content=\"summary_large_image\" \/>\n<script type=\"application\/ld+json\" class=\"yoast-schema-graph\">{\"@context\":\"https:\/\/schema.org\",\"@graph\":[{\"@type\":\"WebPage\",\"@id\":\"https:\/\/www.duuri.fi\/hsh2-hiussaumaluukku-400x400mm-ilma-polytiivis-33db\/\",\"url\":\"https:\/\/www.duuri.fi\/hsh2-hiussaumaluukku-400x400mm-ilma-polytiivis-33db\/\",\"name\":\"HSH2 INSPEKCIJAS L\u016aKA AR \u0122IP\u0160KARTONU 400X400MM GAISA UN PUTEK\u013bU NECAURLAID\u012aGA 33DB - Duuri Oy\",\"isPartOf\":{\"@id\":\"https:\/\/www.duuri.fi\/sv\/#website\"},\"datePublished\":\"2020-09-04T04:07:17+00:00\",\"dateModified\":\"2026-03-07T04:12:16+00:00\",\"breadcrumb\":{\"@id\":\"https:\/\/www.duuri.fi\/hsh2-hiussaumaluukku-400x400mm-ilma-polytiivis-33db\/#breadcrumb\"},\"inLanguage\":\"lv-LV\",\"potentialAction\":[{\"@type\":\"ReadAction\",\"target\":[\"https:\/\/www.duuri.fi\/hsh2-hiussaumaluukku-400x400mm-ilma-polytiivis-33db\/\"]}]},{\"@type\":\"BreadcrumbList\",\"@id\":\"https:\/\/www.duuri.fi\/hsh2-hiussaumaluukku-400x400mm-ilma-polytiivis-33db\/#breadcrumb\",\"itemListElement\":[{\"@type\":\"ListItem\",\"position\":1,\"name\":\"Home\",\"item\":\"https:\/\/www.duuri.fi\/lv\/\"},{\"@type\":\"ListItem\",\"position\":2,\"name\":\"Produkter\",\"item\":\"https:\/\/www.duuri.fi\/sv\/produkter\/\"},{\"@type\":\"ListItem\",\"position\":3,\"name\":\"HSH2 INSPEKCIJAS L\u016aKA AR \u0122IP\u0160KARTONU 400X400MM GAISA UN PUTEK\u013bU NECAURLAID\u012aGA 33DB\"}]},{\"@type\":\"WebSite\",\"@id\":\"https:\/\/www.duuri.fi\/sv\/#website\",\"url\":\"https:\/\/www.duuri.fi\/sv\/\",\"name\":\"Duuri Oy\",\"description\":\"Tuotteet ja asiantuntijapalvelut kodin sisustuksen ja julkisten tilojen viimeistelyyn\",\"publisher\":{\"@id\":\"https:\/\/www.duuri.fi\/sv\/#organization\"},\"potentialAction\":[{\"@type\":\"SearchAction\",\"target\":{\"@type\":\"EntryPoint\",\"urlTemplate\":\"https:\/\/www.duuri.fi\/sv\/?s={search_term_string}\"},\"query-input\":{\"@type\":\"PropertyValueSpecification\",\"valueRequired\":true,\"valueName\":\"search_term_string\"}}],\"inLanguage\":\"lv-LV\"},{\"@type\":\"Organization\",\"@id\":\"https:\/\/www.duuri.fi\/sv\/#organization\",\"name\":\"Duuri Oy\",\"url\":\"https:\/\/www.duuri.fi\/sv\/\",\"logo\":{\"@type\":\"ImageObject\",\"inLanguage\":\"lv-LV\",\"@id\":\"https:\/\/www.duuri.fi\/sv\/#\/schema\/logo\/image\/\",\"url\":\"https:\/\/www.duuri.fi\/wp-content\/uploads\/2020\/08\/Duuri_uusi-logo.png\",\"contentUrl\":\"https:\/\/www.duuri.fi\/wp-content\/uploads\/2020\/08\/Duuri_uusi-logo.png\",\"width\":242,\"height\":91,\"caption\":\"Duuri Oy\"},\"image\":{\"@id\":\"https:\/\/www.duuri.fi\/sv\/#\/schema\/logo\/image\/\"}}]}<\/script>\n<!-- \/ Yoast SEO plugin. -->","yoast_head_json":{"title":"HSH2 INSPEKCIJAS L\u016aKA AR \u0122IP\u0160KARTONU 400X400MM GAISA UN PUTEK\u013bU NECAURLAID\u012aGA 33DB - Duuri Oy","robots":{"index":"index","follow":"follow","max-snippet":"max-snippet:-1","max-image-preview":"max-image-preview:large","max-video-preview":"max-video-preview:-1"},"canonical":"https:\/\/www.duuri.fi\/hsh2-hiussaumaluukku-400x400mm-ilma-polytiivis-33db\/","og_locale":"lv_LV","og_type":"article","og_title":"HSH2 INSPEKCIJAS L\u016aKA AR \u0122IP\u0160KARTONU 400X400MM GAISA UN PUTEK\u013bU NECAURLAID\u012aGA 33DB - Duuri Oy","og_description":"Rev\u012bzijas l\u016bka ar alum\u012bnija r\u0101mi un apmetuma pl\u0101ksnes ieliktni. Ieliktnis ar div\u0101m apmetuma pl\u0101ksn\u0113m, redzamas skr\u016bvju galvas. Gaisa un putek\u013cu necaurlaid\u012bga. Ska\u0146as necaurlaid\u012bga. Uzst\u0101d\u012b\u0161anai sien\u0101 un griestos. Spie\u017eama sl\u0113dzene. Piem\u0113rota mitr\u0101m telp\u0101m.","og_url":"https:\/\/www.duuri.fi\/hsh2-hiussaumaluukku-400x400mm-ilma-polytiivis-33db\/","og_site_name":"Duuri Oy","article_modified_time":"2026-03-07T04:12:16+00:00","twitter_card":"summary_large_image","schema":{"@context":"https:\/\/schema.org","@graph":[{"@type":"WebPage","@id":"https:\/\/www.duuri.fi\/hsh2-hiussaumaluukku-400x400mm-ilma-polytiivis-33db\/","url":"https:\/\/www.duuri.fi\/hsh2-hiussaumaluukku-400x400mm-ilma-polytiivis-33db\/","name":"HSH2 INSPEKCIJAS L\u016aKA AR \u0122IP\u0160KARTONU 400X400MM GAISA UN PUTEK\u013bU NECAURLAID\u012aGA 33DB - Duuri Oy","isPartOf":{"@id":"https:\/\/www.duuri.fi\/sv\/#website"},"datePublished":"2020-09-04T04:07:17+00:00","dateModified":"2026-03-07T04:12:16+00:00","breadcrumb":{"@id":"https:\/\/www.duuri.fi\/hsh2-hiussaumaluukku-400x400mm-ilma-polytiivis-33db\/#breadcrumb"},"inLanguage":"lv-LV","potentialAction":[{"@type":"ReadAction","target":["https:\/\/www.duuri.fi\/hsh2-hiussaumaluukku-400x400mm-ilma-polytiivis-33db\/"]}]},{"@type":"BreadcrumbList","@id":"https:\/\/www.duuri.fi\/hsh2-hiussaumaluukku-400x400mm-ilma-polytiivis-33db\/#breadcrumb","itemListElement":[{"@type":"ListItem","position":1,"name":"Home","item":"https:\/\/www.duuri.fi\/lv\/"},{"@type":"ListItem","position":2,"name":"Produkter","item":"https:\/\/www.duuri.fi\/sv\/produkter\/"},{"@type":"ListItem","position":3,"name":"HSH2 INSPEKCIJAS L\u016aKA AR \u0122IP\u0160KARTONU 400X400MM GAISA UN PUTEK\u013bU NECAURLAID\u012aGA 33DB"}]},{"@type":"WebSite","@id":"https:\/\/www.duuri.fi\/sv\/#website","url":"https:\/\/www.duuri.fi\/sv\/","name":"Duuri Oy","description":"Tuotteet ja asiantuntijapalvelut kodin sisustuksen ja julkisten tilojen viimeistelyyn","publisher":{"@id":"https:\/\/www.duuri.fi\/sv\/#organization"},"potentialAction":[{"@type":"SearchAction","target":{"@type":"EntryPoint","urlTemplate":"https:\/\/www.duuri.fi\/sv\/?s={search_term_string}"},"query-input":{"@type":"PropertyValueSpecification","valueRequired":true,"valueName":"search_term_string"}}],"inLanguage":"lv-LV"},{"@type":"Organization","@id":"https:\/\/www.duuri.fi\/sv\/#organization","name":"Duuri Oy","url":"https:\/\/www.duuri.fi\/sv\/","logo":{"@type":"ImageObject","inLanguage":"lv-LV","@id":"https:\/\/www.duuri.fi\/sv\/#\/schema\/logo\/image\/","url":"https:\/\/www.duuri.fi\/wp-content\/uploads\/2020\/08\/Duuri_uusi-logo.png","contentUrl":"https:\/\/www.duuri.fi\/wp-content\/uploads\/2020\/08\/Duuri_uusi-logo.png","width":242,"height":91,"caption":"Duuri Oy"},"image":{"@id":"https:\/\/www.duuri.fi\/sv\/#\/schema\/logo\/image\/"}}]}},"_links":{"self":[{"href":"https:\/\/www.duuri.fi\/lv\/wp-json\/wp\/v2\/product\/19434","targetHints":{"allow":["GET"]}}],"collection":[{"href":"https:\/\/www.duuri.fi\/lv\/wp-json\/wp\/v2\/product"}],"about":[{"href":"https:\/\/www.duuri.fi\/lv\/wp-json\/wp\/v2\/types\/product"}],"replies":[{"embeddable":true,"href":"https:\/\/www.duuri.fi\/lv\/wp-json\/wp\/v2\/comments?post=19434"}],"wp:attachment":[{"href":"https:\/\/www.duuri.fi\/lv\/wp-json\/wp\/v2\/media?parent=19434"}],"wp:term":[{"taxonomy":"product_brand","embeddable":true,"href":"https:\/\/www.duuri.fi\/lv\/wp-json\/wp\/v2\/product_brand?post=19434"},{"taxonomy":"product_cat","embeddable":true,"href":"https:\/\/www.duuri.fi\/lv\/wp-json\/wp\/v2\/product_cat?post=19434"},{"taxonomy":"product_tag","embeddable":true,"href":"https:\/\/www.duuri.fi\/lv\/wp-json\/wp\/v2\/product_tag?post=19434"}],"curies":[{"name":"wp","href":"https:\/\/api.w.org\/{rel}","templated":true}]}}