{"id":19380,"date":"2020-09-04T07:06:49","date_gmt":"2020-09-04T04:06:49","guid":{"rendered":"https:\/\/www.duuri.fi\/lattialuukku-sinkitty-teras-500x500mm-kyynelkuvioitu-kansi\/"},"modified":"2026-03-06T06:37:24","modified_gmt":"2026-03-06T04:37:24","slug":"gridas-luka-cinkots-terauds-500x500mm-rievota-virsma","status":"publish","type":"product","link":"https:\/\/www.duuri.fi\/lv\/gridas-luka-cinkots-terauds-500x500mm-rievota-virsma\/","title":{"rendered":"GR\u012aDAS L\u016aKA CINKOTS T\u0112RAUDS 500X500MM RIEVOTA VIRSMA"},"content":{"rendered":"<p>Rev\u012bzijas l\u016bka, izgatavota no cinkota t\u0113rauda. R\u0101mis ir izgatavots no 2\u00a0mm bieza cinkota t\u0113rauda un v\u0101ks\u00a0\u2013 no 3\u00a0mm alum\u012bnija ar r\u016btainu rakstu. T\u0101 ir apr\u012bkota ar bl\u012bv\u0113jumu, bet nav piln\u012bb\u0101 g\u0101zu un \u016bdensdro\u0161a. L\u016bka ir apr\u012bkota ar fiks\u0101cijas skr\u016bv\u0113m, un l\u016bku var atv\u0113rt, atskr\u016bv\u0113jot skr\u016bves un noce\u013cot l\u016bku no t\u0101m. Piem\u0113rota uzst\u0101d\u012b\u0161anai telp\u0101s un \u0101r\u0101 viet\u0101s, kur nepiecie\u0161ama rev\u012bzijas l\u016bka ar loksnes p\u0101rkl\u0101jumu vai ner\u016bs\u0113jo\u0161\u0101 t\u0113rauda l\u016bka ar p\u0101rkl\u0101jumu. L\u016bka tiek uzst\u0101d\u012bta atverei un nostiprin\u0101ta, to pieskr\u016bv\u0113jot caurum\u0101 atveres vertik\u0101l\u0101s malas apak\u0161da\u013c\u0101. Ja nepiecie\u0161ams, l\u016bkas r\u0101mi var piestiprin\u0101t pie gr\u012bdas, izmantojot l\u012bmi vai javu. Celtsp\u0113ja: 15\u00a0kN.<\/p>\n","protected":false},"excerpt":{"rendered":"<p>Rev\u012bzijas l\u016bka, izgatavota no cinkota t\u0113rauda. L\u016bkas v\u0101ks ir ar r\u016btainu rakstu, lai mazin\u0101tu sl\u012bdam\u012bbu. L\u016bkai ir bl\u012bv\u0113jums, bet t\u0101 nav piln\u012bb\u0101 g\u0101zu un \u016bdensdro\u0161a. Lieto\u0161anai telp\u0101s. Celtsp\u0113ja: 15\u00a0kN.<\/p>\n","protected":false},"featured_media":51268,"comment_status":"closed","ping_status":"closed","template":"","meta":{"_acf_changed":false},"product_brand":[5406],"product_cat":[4472,4473],"product_tag":[],"class_list":{"0":"post-19380","1":"product","2":"type-product","3":"status-publish","4":"has-post-thumbnail","6":"product_brand-duuripro","7":"product_cat-lattialuukut-lv","8":"product_cat-mittatilaus-lattialuukut-lv","10":"first","11":"instock","12":"shipping-taxable","13":"product-type-simple"},"acf":[],"yoast_head":"<!-- This site is optimized with the Yoast SEO plugin v25.5 - https:\/\/yoast.com\/wordpress\/plugins\/seo\/ -->\n<title>GR\u012aDAS L\u016aKA CINKOTS T\u0112RAUDS 500X500MM RIEVOTA VIRSMA - Duuri Oy<\/title>\n<meta name=\"robots\" content=\"index, follow, max-snippet:-1, max-image-preview:large, max-video-preview:-1\" \/>\n<link rel=\"canonical\" href=\"https:\/\/www.duuri.fi\/lv\/gridas-luka-cinkots-terauds-500x500mm-rievota-virsma\/\" \/>\n<meta property=\"og:locale\" content=\"lv_LV\" \/>\n<meta property=\"og:type\" content=\"article\" \/>\n<meta property=\"og:title\" content=\"GR\u012aDAS L\u016aKA CINKOTS T\u0112RAUDS 500X500MM RIEVOTA VIRSMA - Duuri Oy\" \/>\n<meta property=\"og:description\" content=\"Rev\u012bzijas l\u016bka, izgatavota no cinkota t\u0113rauda. L\u016bkas v\u0101ks ir ar r\u016btainu rakstu, lai mazin\u0101tu sl\u012bdam\u012bbu. L\u016bkai ir bl\u012bv\u0113jums, bet t\u0101 nav piln\u012bb\u0101 g\u0101zu un \u016bdensdro\u0161a. Lieto\u0161anai telp\u0101s. Celtsp\u0113ja: 15\u00a0kN.\" \/>\n<meta property=\"og:url\" content=\"https:\/\/www.duuri.fi\/lv\/gridas-luka-cinkots-terauds-500x500mm-rievota-virsma\/\" \/>\n<meta property=\"og:site_name\" content=\"Duuri Oy\" \/>\n<meta property=\"article:modified_time\" content=\"2026-03-06T04:37:24+00:00\" \/>\n<meta property=\"og:image\" content=\"https:\/\/www.duuri.fi\/wp-content\/uploads\/2020\/08\/T1_HL-TL-55.jpg\" \/>\n\t<meta property=\"og:image:width\" content=\"1432\" \/>\n\t<meta property=\"og:image:height\" content=\"1036\" \/>\n\t<meta property=\"og:image:type\" content=\"image\/jpeg\" \/>\n<meta name=\"twitter:card\" content=\"summary_large_image\" \/>\n<meta name=\"twitter:label1\" content=\"Est. reading time\" \/>\n\t<meta name=\"twitter:data1\" content=\"1 minute\" \/>\n<script type=\"application\/ld+json\" class=\"yoast-schema-graph\">{\"@context\":\"https:\/\/schema.org\",\"@graph\":[{\"@type\":\"WebPage\",\"@id\":\"https:\/\/www.duuri.fi\/lv\/gridas-luka-cinkots-terauds-500x500mm-rievota-virsma\/\",\"url\":\"https:\/\/www.duuri.fi\/lv\/gridas-luka-cinkots-terauds-500x500mm-rievota-virsma\/\",\"name\":\"GR\u012aDAS L\u016aKA CINKOTS T\u0112RAUDS 500X500MM RIEVOTA VIRSMA - Duuri Oy\",\"isPartOf\":{\"@id\":\"https:\/\/www.duuri.fi\/sv\/#website\"},\"primaryImageOfPage\":{\"@id\":\"https:\/\/www.duuri.fi\/lv\/gridas-luka-cinkots-terauds-500x500mm-rievota-virsma\/#primaryimage\"},\"image\":{\"@id\":\"https:\/\/www.duuri.fi\/lv\/gridas-luka-cinkots-terauds-500x500mm-rievota-virsma\/#primaryimage\"},\"thumbnailUrl\":\"https:\/\/www.duuri.fi\/wp-content\/uploads\/2022\/10\/T1_HL-TL-55.jpg\",\"datePublished\":\"2020-09-04T04:06:49+00:00\",\"dateModified\":\"2026-03-06T04:37:24+00:00\",\"breadcrumb\":{\"@id\":\"https:\/\/www.duuri.fi\/lv\/gridas-luka-cinkots-terauds-500x500mm-rievota-virsma\/#breadcrumb\"},\"inLanguage\":\"lv-LV\",\"potentialAction\":[{\"@type\":\"ReadAction\",\"target\":[\"https:\/\/www.duuri.fi\/lv\/gridas-luka-cinkots-terauds-500x500mm-rievota-virsma\/\"]}]},{\"@type\":\"ImageObject\",\"inLanguage\":\"lv-LV\",\"@id\":\"https:\/\/www.duuri.fi\/lv\/gridas-luka-cinkots-terauds-500x500mm-rievota-virsma\/#primaryimage\",\"url\":\"https:\/\/www.duuri.fi\/wp-content\/uploads\/2022\/10\/T1_HL-TL-55.jpg\",\"contentUrl\":\"https:\/\/www.duuri.fi\/wp-content\/uploads\/2022\/10\/T1_HL-TL-55.jpg\",\"width\":1432,\"height\":1036},{\"@type\":\"BreadcrumbList\",\"@id\":\"https:\/\/www.duuri.fi\/lv\/gridas-luka-cinkots-terauds-500x500mm-rievota-virsma\/#breadcrumb\",\"itemListElement\":[{\"@type\":\"ListItem\",\"position\":1,\"name\":\"Home\",\"item\":\"https:\/\/www.duuri.fi\/lv\/\"},{\"@type\":\"ListItem\",\"position\":2,\"name\":\"Produkter\",\"item\":\"https:\/\/www.duuri.fi\/sv\/produkter\/\"},{\"@type\":\"ListItem\",\"position\":3,\"name\":\"GR\u012aDAS L\u016aKA CINKOTS T\u0112RAUDS 500X500MM RIEVOTA VIRSMA\"}]},{\"@type\":\"WebSite\",\"@id\":\"https:\/\/www.duuri.fi\/sv\/#website\",\"url\":\"https:\/\/www.duuri.fi\/sv\/\",\"name\":\"Duuri Oy\",\"description\":\"Tuotteet ja asiantuntijapalvelut kodin sisustuksen ja julkisten tilojen viimeistelyyn\",\"publisher\":{\"@id\":\"https:\/\/www.duuri.fi\/sv\/#organization\"},\"potentialAction\":[{\"@type\":\"SearchAction\",\"target\":{\"@type\":\"EntryPoint\",\"urlTemplate\":\"https:\/\/www.duuri.fi\/sv\/?s={search_term_string}\"},\"query-input\":{\"@type\":\"PropertyValueSpecification\",\"valueRequired\":true,\"valueName\":\"search_term_string\"}}],\"inLanguage\":\"lv-LV\"},{\"@type\":\"Organization\",\"@id\":\"https:\/\/www.duuri.fi\/sv\/#organization\",\"name\":\"Duuri Oy\",\"url\":\"https:\/\/www.duuri.fi\/sv\/\",\"logo\":{\"@type\":\"ImageObject\",\"inLanguage\":\"lv-LV\",\"@id\":\"https:\/\/www.duuri.fi\/sv\/#\/schema\/logo\/image\/\",\"url\":\"https:\/\/www.duuri.fi\/wp-content\/uploads\/2020\/08\/Duuri_uusi-logo.png\",\"contentUrl\":\"https:\/\/www.duuri.fi\/wp-content\/uploads\/2020\/08\/Duuri_uusi-logo.png\",\"width\":242,\"height\":91,\"caption\":\"Duuri Oy\"},\"image\":{\"@id\":\"https:\/\/www.duuri.fi\/sv\/#\/schema\/logo\/image\/\"}}]}<\/script>\n<!-- \/ Yoast SEO plugin. -->","yoast_head_json":{"title":"GR\u012aDAS L\u016aKA CINKOTS T\u0112RAUDS 500X500MM RIEVOTA VIRSMA - Duuri Oy","robots":{"index":"index","follow":"follow","max-snippet":"max-snippet:-1","max-image-preview":"max-image-preview:large","max-video-preview":"max-video-preview:-1"},"canonical":"https:\/\/www.duuri.fi\/lv\/gridas-luka-cinkots-terauds-500x500mm-rievota-virsma\/","og_locale":"lv_LV","og_type":"article","og_title":"GR\u012aDAS L\u016aKA CINKOTS T\u0112RAUDS 500X500MM RIEVOTA VIRSMA - Duuri Oy","og_description":"Rev\u012bzijas l\u016bka, izgatavota no cinkota t\u0113rauda. L\u016bkas v\u0101ks ir ar r\u016btainu rakstu, lai mazin\u0101tu sl\u012bdam\u012bbu. L\u016bkai ir bl\u012bv\u0113jums, bet t\u0101 nav piln\u012bb\u0101 g\u0101zu un \u016bdensdro\u0161a. Lieto\u0161anai telp\u0101s. Celtsp\u0113ja: 15\u00a0kN.","og_url":"https:\/\/www.duuri.fi\/lv\/gridas-luka-cinkots-terauds-500x500mm-rievota-virsma\/","og_site_name":"Duuri Oy","article_modified_time":"2026-03-06T04:37:24+00:00","og_image":[{"width":1432,"height":1036,"url":"https:\/\/www.duuri.fi\/wp-content\/uploads\/2020\/08\/T1_HL-TL-55.jpg","type":"image\/jpeg"}],"twitter_card":"summary_large_image","twitter_misc":{"Est. reading time":"1 minute"},"schema":{"@context":"https:\/\/schema.org","@graph":[{"@type":"WebPage","@id":"https:\/\/www.duuri.fi\/lv\/gridas-luka-cinkots-terauds-500x500mm-rievota-virsma\/","url":"https:\/\/www.duuri.fi\/lv\/gridas-luka-cinkots-terauds-500x500mm-rievota-virsma\/","name":"GR\u012aDAS L\u016aKA CINKOTS T\u0112RAUDS 500X500MM RIEVOTA VIRSMA - Duuri Oy","isPartOf":{"@id":"https:\/\/www.duuri.fi\/sv\/#website"},"primaryImageOfPage":{"@id":"https:\/\/www.duuri.fi\/lv\/gridas-luka-cinkots-terauds-500x500mm-rievota-virsma\/#primaryimage"},"image":{"@id":"https:\/\/www.duuri.fi\/lv\/gridas-luka-cinkots-terauds-500x500mm-rievota-virsma\/#primaryimage"},"thumbnailUrl":"https:\/\/www.duuri.fi\/wp-content\/uploads\/2022\/10\/T1_HL-TL-55.jpg","datePublished":"2020-09-04T04:06:49+00:00","dateModified":"2026-03-06T04:37:24+00:00","breadcrumb":{"@id":"https:\/\/www.duuri.fi\/lv\/gridas-luka-cinkots-terauds-500x500mm-rievota-virsma\/#breadcrumb"},"inLanguage":"lv-LV","potentialAction":[{"@type":"ReadAction","target":["https:\/\/www.duuri.fi\/lv\/gridas-luka-cinkots-terauds-500x500mm-rievota-virsma\/"]}]},{"@type":"ImageObject","inLanguage":"lv-LV","@id":"https:\/\/www.duuri.fi\/lv\/gridas-luka-cinkots-terauds-500x500mm-rievota-virsma\/#primaryimage","url":"https:\/\/www.duuri.fi\/wp-content\/uploads\/2022\/10\/T1_HL-TL-55.jpg","contentUrl":"https:\/\/www.duuri.fi\/wp-content\/uploads\/2022\/10\/T1_HL-TL-55.jpg","width":1432,"height":1036},{"@type":"BreadcrumbList","@id":"https:\/\/www.duuri.fi\/lv\/gridas-luka-cinkots-terauds-500x500mm-rievota-virsma\/#breadcrumb","itemListElement":[{"@type":"ListItem","position":1,"name":"Home","item":"https:\/\/www.duuri.fi\/lv\/"},{"@type":"ListItem","position":2,"name":"Produkter","item":"https:\/\/www.duuri.fi\/sv\/produkter\/"},{"@type":"ListItem","position":3,"name":"GR\u012aDAS L\u016aKA CINKOTS T\u0112RAUDS 500X500MM RIEVOTA VIRSMA"}]},{"@type":"WebSite","@id":"https:\/\/www.duuri.fi\/sv\/#website","url":"https:\/\/www.duuri.fi\/sv\/","name":"Duuri Oy","description":"Tuotteet ja asiantuntijapalvelut kodin sisustuksen ja julkisten tilojen viimeistelyyn","publisher":{"@id":"https:\/\/www.duuri.fi\/sv\/#organization"},"potentialAction":[{"@type":"SearchAction","target":{"@type":"EntryPoint","urlTemplate":"https:\/\/www.duuri.fi\/sv\/?s={search_term_string}"},"query-input":{"@type":"PropertyValueSpecification","valueRequired":true,"valueName":"search_term_string"}}],"inLanguage":"lv-LV"},{"@type":"Organization","@id":"https:\/\/www.duuri.fi\/sv\/#organization","name":"Duuri Oy","url":"https:\/\/www.duuri.fi\/sv\/","logo":{"@type":"ImageObject","inLanguage":"lv-LV","@id":"https:\/\/www.duuri.fi\/sv\/#\/schema\/logo\/image\/","url":"https:\/\/www.duuri.fi\/wp-content\/uploads\/2020\/08\/Duuri_uusi-logo.png","contentUrl":"https:\/\/www.duuri.fi\/wp-content\/uploads\/2020\/08\/Duuri_uusi-logo.png","width":242,"height":91,"caption":"Duuri Oy"},"image":{"@id":"https:\/\/www.duuri.fi\/sv\/#\/schema\/logo\/image\/"}}]}},"_links":{"self":[{"href":"https:\/\/www.duuri.fi\/lv\/wp-json\/wp\/v2\/product\/19380","targetHints":{"allow":["GET"]}}],"collection":[{"href":"https:\/\/www.duuri.fi\/lv\/wp-json\/wp\/v2\/product"}],"about":[{"href":"https:\/\/www.duuri.fi\/lv\/wp-json\/wp\/v2\/types\/product"}],"replies":[{"embeddable":true,"href":"https:\/\/www.duuri.fi\/lv\/wp-json\/wp\/v2\/comments?post=19380"}],"wp:featuredmedia":[{"embeddable":true,"href":"https:\/\/www.duuri.fi\/lv\/wp-json\/wp\/v2\/media\/51268"}],"wp:attachment":[{"href":"https:\/\/www.duuri.fi\/lv\/wp-json\/wp\/v2\/media?parent=19380"}],"wp:term":[{"taxonomy":"product_brand","embeddable":true,"href":"https:\/\/www.duuri.fi\/lv\/wp-json\/wp\/v2\/product_brand?post=19380"},{"taxonomy":"product_cat","embeddable":true,"href":"https:\/\/www.duuri.fi\/lv\/wp-json\/wp\/v2\/product_cat?post=19380"},{"taxonomy":"product_tag","embeddable":true,"href":"https:\/\/www.duuri.fi\/lv\/wp-json\/wp\/v2\/product_tag?post=19380"}],"curies":[{"name":"wp","href":"https:\/\/api.w.org\/{rel}","templated":true}]}}