{"id":19354,"date":"2020-09-04T07:06:39","date_gmt":"2020-09-04T04:06:39","guid":{"rendered":"https:\/\/www.duuri.fi\/lattialuukku-sinkitty-teras-570x570mm-kyynelkuvioitu-kansi-valettava\/"},"modified":"2026-03-06T06:30:47","modified_gmt":"2026-03-06T04:30:47","slug":"gridas-luka-cinkots-terauds-570x570mm-ar-rievotu-vaku-ugunsizturiga","status":"publish","type":"product","link":"https:\/\/www.duuri.fi\/lv\/gridas-luka-cinkots-terauds-570x570mm-ar-rievotu-vaku-ugunsizturiga\/","title":{"rendered":"GR\u012aDAS L\u016aKA CINKOTS T\u0112RAUDS 570X570MM AR RIEVOTU V\u0100KU UGUNSIZTUR\u012aGA"},"content":{"rendered":"<p>Rev\u012bzijas l\u016bka, izgatavota no cinkota t\u0113rauda. Konstrukcija ir cinkota p\u0113c metin\u0101\u0161anas. L\u016bkas v\u0101ks ir ar r\u016btainu rakstu, lai mazin\u0101tu sl\u012bdam\u012bbu. Plakana konstrukcija. Pieg\u0101des komplekt\u0101cij\u0101 ir iek\u013cauts atv\u0113r\u0161anas r\u012bks. Piem\u0113rota k\u0101 vienk\u0101r\u0161s v\u0101ks pak\u0101rtot\u0101 sist\u0113m\u0101. Celtsp\u0113ja: 15\u00a0kN.<\/p>\n","protected":false},"excerpt":{"rendered":"<p>Rev\u012bzijas l\u016bka, izgatavota no cinkota t\u0113rauda. L\u016bkas v\u0101ks ir ar r\u016btainu rakstu, lai mazin\u0101tu sl\u012bdam\u012bbu. Lieto\u0161anai telp\u0101s un \u0101r\u0101. Celtsp\u0113ja: 15\u00a0kN.<\/p>\n","protected":false},"featured_media":0,"comment_status":"closed","ping_status":"closed","template":"","meta":{"_acf_changed":false},"product_brand":[5402],"product_cat":[4472,4473],"product_tag":[],"class_list":{"0":"post-19354","1":"product","2":"type-product","3":"status-publish","5":"product_brand-hago","6":"product_cat-lattialuukut-lv","7":"product_cat-mittatilaus-lattialuukut-lv","9":"first","10":"instock","11":"shipping-taxable","12":"product-type-simple"},"acf":[],"yoast_head":"<!-- This site is optimized with the Yoast SEO plugin v25.5 - https:\/\/yoast.com\/wordpress\/plugins\/seo\/ -->\n<title>GR\u012aDAS L\u016aKA CINKOTS T\u0112RAUDS 570X570MM AR RIEVOTU V\u0100KU UGUNSIZTUR\u012aGA - Duuri Oy<\/title>\n<meta name=\"robots\" content=\"index, follow, max-snippet:-1, max-image-preview:large, max-video-preview:-1\" \/>\n<link rel=\"canonical\" href=\"https:\/\/www.duuri.fi\/lv\/gridas-luka-cinkots-terauds-570x570mm-ar-rievotu-vaku-ugunsizturiga\/\" \/>\n<meta property=\"og:locale\" content=\"lv_LV\" \/>\n<meta property=\"og:type\" content=\"article\" \/>\n<meta property=\"og:title\" content=\"GR\u012aDAS L\u016aKA CINKOTS T\u0112RAUDS 570X570MM AR RIEVOTU V\u0100KU UGUNSIZTUR\u012aGA - Duuri Oy\" \/>\n<meta property=\"og:description\" content=\"Rev\u012bzijas l\u016bka, izgatavota no cinkota t\u0113rauda. L\u016bkas v\u0101ks ir ar r\u016btainu rakstu, lai mazin\u0101tu sl\u012bdam\u012bbu. Lieto\u0161anai telp\u0101s un \u0101r\u0101. Celtsp\u0113ja: 15\u00a0kN.\" \/>\n<meta property=\"og:url\" content=\"https:\/\/www.duuri.fi\/lv\/gridas-luka-cinkots-terauds-570x570mm-ar-rievotu-vaku-ugunsizturiga\/\" \/>\n<meta property=\"og:site_name\" content=\"Duuri Oy\" \/>\n<meta property=\"article:modified_time\" content=\"2026-03-06T04:30:47+00:00\" \/>\n<meta name=\"twitter:card\" content=\"summary_large_image\" \/>\n<script type=\"application\/ld+json\" class=\"yoast-schema-graph\">{\"@context\":\"https:\/\/schema.org\",\"@graph\":[{\"@type\":\"WebPage\",\"@id\":\"https:\/\/www.duuri.fi\/lv\/gridas-luka-cinkots-terauds-570x570mm-ar-rievotu-vaku-ugunsizturiga\/\",\"url\":\"https:\/\/www.duuri.fi\/lv\/gridas-luka-cinkots-terauds-570x570mm-ar-rievotu-vaku-ugunsizturiga\/\",\"name\":\"GR\u012aDAS L\u016aKA CINKOTS T\u0112RAUDS 570X570MM AR RIEVOTU V\u0100KU UGUNSIZTUR\u012aGA - Duuri Oy\",\"isPartOf\":{\"@id\":\"https:\/\/www.duuri.fi\/sv\/#website\"},\"datePublished\":\"2020-09-04T04:06:39+00:00\",\"dateModified\":\"2026-03-06T04:30:47+00:00\",\"breadcrumb\":{\"@id\":\"https:\/\/www.duuri.fi\/lv\/gridas-luka-cinkots-terauds-570x570mm-ar-rievotu-vaku-ugunsizturiga\/#breadcrumb\"},\"inLanguage\":\"lv-LV\",\"potentialAction\":[{\"@type\":\"ReadAction\",\"target\":[\"https:\/\/www.duuri.fi\/lv\/gridas-luka-cinkots-terauds-570x570mm-ar-rievotu-vaku-ugunsizturiga\/\"]}]},{\"@type\":\"BreadcrumbList\",\"@id\":\"https:\/\/www.duuri.fi\/lv\/gridas-luka-cinkots-terauds-570x570mm-ar-rievotu-vaku-ugunsizturiga\/#breadcrumb\",\"itemListElement\":[{\"@type\":\"ListItem\",\"position\":1,\"name\":\"Home\",\"item\":\"https:\/\/www.duuri.fi\/lv\/\"},{\"@type\":\"ListItem\",\"position\":2,\"name\":\"Produkter\",\"item\":\"https:\/\/www.duuri.fi\/sv\/produkter\/\"},{\"@type\":\"ListItem\",\"position\":3,\"name\":\"GR\u012aDAS L\u016aKA CINKOTS T\u0112RAUDS 570X570MM AR RIEVOTU V\u0100KU UGUNSIZTUR\u012aGA\"}]},{\"@type\":\"WebSite\",\"@id\":\"https:\/\/www.duuri.fi\/sv\/#website\",\"url\":\"https:\/\/www.duuri.fi\/sv\/\",\"name\":\"Duuri Oy\",\"description\":\"Tuotteet ja asiantuntijapalvelut kodin sisustuksen ja julkisten tilojen viimeistelyyn\",\"publisher\":{\"@id\":\"https:\/\/www.duuri.fi\/sv\/#organization\"},\"potentialAction\":[{\"@type\":\"SearchAction\",\"target\":{\"@type\":\"EntryPoint\",\"urlTemplate\":\"https:\/\/www.duuri.fi\/sv\/?s={search_term_string}\"},\"query-input\":{\"@type\":\"PropertyValueSpecification\",\"valueRequired\":true,\"valueName\":\"search_term_string\"}}],\"inLanguage\":\"lv-LV\"},{\"@type\":\"Organization\",\"@id\":\"https:\/\/www.duuri.fi\/sv\/#organization\",\"name\":\"Duuri Oy\",\"url\":\"https:\/\/www.duuri.fi\/sv\/\",\"logo\":{\"@type\":\"ImageObject\",\"inLanguage\":\"lv-LV\",\"@id\":\"https:\/\/www.duuri.fi\/sv\/#\/schema\/logo\/image\/\",\"url\":\"https:\/\/www.duuri.fi\/wp-content\/uploads\/2020\/08\/Duuri_uusi-logo.png\",\"contentUrl\":\"https:\/\/www.duuri.fi\/wp-content\/uploads\/2020\/08\/Duuri_uusi-logo.png\",\"width\":242,\"height\":91,\"caption\":\"Duuri Oy\"},\"image\":{\"@id\":\"https:\/\/www.duuri.fi\/sv\/#\/schema\/logo\/image\/\"}}]}<\/script>\n<!-- \/ Yoast SEO plugin. -->","yoast_head_json":{"title":"GR\u012aDAS L\u016aKA CINKOTS T\u0112RAUDS 570X570MM AR RIEVOTU V\u0100KU UGUNSIZTUR\u012aGA - Duuri Oy","robots":{"index":"index","follow":"follow","max-snippet":"max-snippet:-1","max-image-preview":"max-image-preview:large","max-video-preview":"max-video-preview:-1"},"canonical":"https:\/\/www.duuri.fi\/lv\/gridas-luka-cinkots-terauds-570x570mm-ar-rievotu-vaku-ugunsizturiga\/","og_locale":"lv_LV","og_type":"article","og_title":"GR\u012aDAS L\u016aKA CINKOTS T\u0112RAUDS 570X570MM AR RIEVOTU V\u0100KU UGUNSIZTUR\u012aGA - Duuri Oy","og_description":"Rev\u012bzijas l\u016bka, izgatavota no cinkota t\u0113rauda. L\u016bkas v\u0101ks ir ar r\u016btainu rakstu, lai mazin\u0101tu sl\u012bdam\u012bbu. Lieto\u0161anai telp\u0101s un \u0101r\u0101. Celtsp\u0113ja: 15\u00a0kN.","og_url":"https:\/\/www.duuri.fi\/lv\/gridas-luka-cinkots-terauds-570x570mm-ar-rievotu-vaku-ugunsizturiga\/","og_site_name":"Duuri Oy","article_modified_time":"2026-03-06T04:30:47+00:00","twitter_card":"summary_large_image","schema":{"@context":"https:\/\/schema.org","@graph":[{"@type":"WebPage","@id":"https:\/\/www.duuri.fi\/lv\/gridas-luka-cinkots-terauds-570x570mm-ar-rievotu-vaku-ugunsizturiga\/","url":"https:\/\/www.duuri.fi\/lv\/gridas-luka-cinkots-terauds-570x570mm-ar-rievotu-vaku-ugunsizturiga\/","name":"GR\u012aDAS L\u016aKA CINKOTS T\u0112RAUDS 570X570MM AR RIEVOTU V\u0100KU UGUNSIZTUR\u012aGA - Duuri Oy","isPartOf":{"@id":"https:\/\/www.duuri.fi\/sv\/#website"},"datePublished":"2020-09-04T04:06:39+00:00","dateModified":"2026-03-06T04:30:47+00:00","breadcrumb":{"@id":"https:\/\/www.duuri.fi\/lv\/gridas-luka-cinkots-terauds-570x570mm-ar-rievotu-vaku-ugunsizturiga\/#breadcrumb"},"inLanguage":"lv-LV","potentialAction":[{"@type":"ReadAction","target":["https:\/\/www.duuri.fi\/lv\/gridas-luka-cinkots-terauds-570x570mm-ar-rievotu-vaku-ugunsizturiga\/"]}]},{"@type":"BreadcrumbList","@id":"https:\/\/www.duuri.fi\/lv\/gridas-luka-cinkots-terauds-570x570mm-ar-rievotu-vaku-ugunsizturiga\/#breadcrumb","itemListElement":[{"@type":"ListItem","position":1,"name":"Home","item":"https:\/\/www.duuri.fi\/lv\/"},{"@type":"ListItem","position":2,"name":"Produkter","item":"https:\/\/www.duuri.fi\/sv\/produkter\/"},{"@type":"ListItem","position":3,"name":"GR\u012aDAS L\u016aKA CINKOTS T\u0112RAUDS 570X570MM AR RIEVOTU V\u0100KU UGUNSIZTUR\u012aGA"}]},{"@type":"WebSite","@id":"https:\/\/www.duuri.fi\/sv\/#website","url":"https:\/\/www.duuri.fi\/sv\/","name":"Duuri Oy","description":"Tuotteet ja asiantuntijapalvelut kodin sisustuksen ja julkisten tilojen viimeistelyyn","publisher":{"@id":"https:\/\/www.duuri.fi\/sv\/#organization"},"potentialAction":[{"@type":"SearchAction","target":{"@type":"EntryPoint","urlTemplate":"https:\/\/www.duuri.fi\/sv\/?s={search_term_string}"},"query-input":{"@type":"PropertyValueSpecification","valueRequired":true,"valueName":"search_term_string"}}],"inLanguage":"lv-LV"},{"@type":"Organization","@id":"https:\/\/www.duuri.fi\/sv\/#organization","name":"Duuri Oy","url":"https:\/\/www.duuri.fi\/sv\/","logo":{"@type":"ImageObject","inLanguage":"lv-LV","@id":"https:\/\/www.duuri.fi\/sv\/#\/schema\/logo\/image\/","url":"https:\/\/www.duuri.fi\/wp-content\/uploads\/2020\/08\/Duuri_uusi-logo.png","contentUrl":"https:\/\/www.duuri.fi\/wp-content\/uploads\/2020\/08\/Duuri_uusi-logo.png","width":242,"height":91,"caption":"Duuri Oy"},"image":{"@id":"https:\/\/www.duuri.fi\/sv\/#\/schema\/logo\/image\/"}}]}},"_links":{"self":[{"href":"https:\/\/www.duuri.fi\/lv\/wp-json\/wp\/v2\/product\/19354","targetHints":{"allow":["GET"]}}],"collection":[{"href":"https:\/\/www.duuri.fi\/lv\/wp-json\/wp\/v2\/product"}],"about":[{"href":"https:\/\/www.duuri.fi\/lv\/wp-json\/wp\/v2\/types\/product"}],"replies":[{"embeddable":true,"href":"https:\/\/www.duuri.fi\/lv\/wp-json\/wp\/v2\/comments?post=19354"}],"wp:attachment":[{"href":"https:\/\/www.duuri.fi\/lv\/wp-json\/wp\/v2\/media?parent=19354"}],"wp:term":[{"taxonomy":"product_brand","embeddable":true,"href":"https:\/\/www.duuri.fi\/lv\/wp-json\/wp\/v2\/product_brand?post=19354"},{"taxonomy":"product_cat","embeddable":true,"href":"https:\/\/www.duuri.fi\/lv\/wp-json\/wp\/v2\/product_cat?post=19354"},{"taxonomy":"product_tag","embeddable":true,"href":"https:\/\/www.duuri.fi\/lv\/wp-json\/wp\/v2\/product_tag?post=19354"}],"curies":[{"name":"wp","href":"https:\/\/api.w.org\/{rel}","templated":true}]}}