{"id":19344,"date":"2020-09-04T07:06:33","date_gmt":"2020-09-04T04:06:33","guid":{"rendered":"https:\/\/www.duuri.fi\/lattialuukku-sinkitty-teras-800x800mm-lampoeristetty-valettava\/"},"modified":"2026-03-06T06:28:22","modified_gmt":"2026-03-06T04:28:22","slug":"gridas-luka-cinkots-terauds-800x800mm-ar-siltinajumu-ugunsizturiga","status":"publish","type":"product","link":"https:\/\/www.duuri.fi\/lv\/gridas-luka-cinkots-terauds-800x800mm-ar-siltinajumu-ugunsizturiga\/","title":{"rendered":"GR\u012aDAS L\u016aKA CINKOTS T\u0112RAUDS 800X800MM AR SILTIN\u0100JUMU UGUNSIZTUR\u012aGA"},"content":{"rendered":"<p>No cinkota t\u0113rauda izgatavota rev\u012bzijas l\u016bka. Konstrukcijas cinko\u0161ana ir veikta p\u0113c metin\u0101\u0161anas. L\u016bkai ir no\u0146emama ar alum\u012bniju kl\u0101ta termoizol\u0101cijas pl\u0101tne. L\u016bka ir g\u0101zu un \u016bdensdro\u0161a. \u012apa\u0161ais bl\u012bv\u0113jums ir iztur\u012bgs pret \u0137imik\u0101lij\u0101m. Koniskais dizains un pace\u013cam\u0101 atsl\u0113ga atvieglo l\u016bkas atv\u0113r\u0161anu. Mazo le\u0146\u0137u un prec\u012bzo izm\u0113ru malu konstrukcijas d\u0113\u013c l\u016bka p\u0113c uzst\u0101d\u012b\u0161anas gr\u012bd\u0101 ir teju nepaman\u0101ma. V\u0101ks ir apr\u012bkots ar iek\u0161\u0113ju armat\u016bru, kas uzlabo t\u0101 celtsp\u0113ju. L\u016bka ir piem\u0113rota projektiem telp\u0101s un \u0101rpus telp\u0101m, kur rev\u012bzijas l\u016bk\u0101m ir j\u0101b\u016bt g\u0101zu un \u016bdensdro\u0161\u0101m un ar \u012bpa\u0161u termoizol\u0101cijas sp\u0113ju. Celtsp\u0113ja: 125\u00a0kN. Ugunsiztur\u012bba: EI37.<\/p>\n","protected":false},"excerpt":{"rendered":"<p>Rev\u012bzijas l\u016bka, izgatavota no cinkota t\u0113rauda. Apr\u012bkota ar termoizol\u0101cijas paneli. G\u0101zu un \u016bdensdro\u0161a. Lieto\u0161anai telp\u0101s un \u0101r\u0101. Celtsp\u0113ja: 125\u00a0kN. EI30.<\/p>\n","protected":false},"featured_media":14935,"comment_status":"closed","ping_status":"closed","template":"","meta":{"_acf_changed":false},"product_brand":[5402],"product_cat":[4472,4473],"product_tag":[],"class_list":{"0":"post-19344","1":"product","2":"type-product","3":"status-publish","4":"has-post-thumbnail","6":"product_brand-hago","7":"product_cat-lattialuukut-lv","8":"product_cat-mittatilaus-lattialuukut-lv","10":"first","11":"instock","12":"shipping-taxable","13":"product-type-simple"},"acf":[],"yoast_head":"<!-- This site is optimized with the Yoast SEO plugin v25.5 - https:\/\/yoast.com\/wordpress\/plugins\/seo\/ -->\n<title>GR\u012aDAS L\u016aKA CINKOTS T\u0112RAUDS 800X800MM AR SILTIN\u0100JUMU UGUNSIZTUR\u012aGA - Duuri Oy<\/title>\n<meta name=\"robots\" content=\"index, follow, max-snippet:-1, max-image-preview:large, max-video-preview:-1\" \/>\n<link rel=\"canonical\" href=\"https:\/\/www.duuri.fi\/lv\/gridas-luka-cinkots-terauds-800x800mm-ar-siltinajumu-ugunsizturiga\/\" \/>\n<meta property=\"og:locale\" content=\"lv_LV\" \/>\n<meta property=\"og:type\" content=\"article\" \/>\n<meta property=\"og:title\" content=\"GR\u012aDAS L\u016aKA CINKOTS T\u0112RAUDS 800X800MM AR SILTIN\u0100JUMU UGUNSIZTUR\u012aGA - Duuri Oy\" \/>\n<meta property=\"og:description\" content=\"Rev\u012bzijas l\u016bka, izgatavota no cinkota t\u0113rauda. Apr\u012bkota ar termoizol\u0101cijas paneli. G\u0101zu un \u016bdensdro\u0161a. Lieto\u0161anai telp\u0101s un \u0101r\u0101. Celtsp\u0113ja: 125\u00a0kN. EI30.\" \/>\n<meta property=\"og:url\" content=\"https:\/\/www.duuri.fi\/lv\/gridas-luka-cinkots-terauds-800x800mm-ar-siltinajumu-ugunsizturiga\/\" \/>\n<meta property=\"og:site_name\" content=\"Duuri Oy\" \/>\n<meta property=\"article:modified_time\" content=\"2026-03-06T04:28:22+00:00\" \/>\n<meta property=\"og:image\" content=\"https:\/\/www.duuri.fi\/wp-content\/uploads\/2020\/08\/T1_BV-THERMO-88.jpg\" \/>\n\t<meta property=\"og:image:width\" content=\"1417\" \/>\n\t<meta property=\"og:image:height\" content=\"1148\" \/>\n\t<meta property=\"og:image:type\" content=\"image\/jpeg\" \/>\n<meta name=\"twitter:card\" content=\"summary_large_image\" \/>\n<meta name=\"twitter:label1\" content=\"Est. reading time\" \/>\n\t<meta name=\"twitter:data1\" content=\"1 minute\" \/>\n<script type=\"application\/ld+json\" class=\"yoast-schema-graph\">{\"@context\":\"https:\/\/schema.org\",\"@graph\":[{\"@type\":\"WebPage\",\"@id\":\"https:\/\/www.duuri.fi\/lv\/gridas-luka-cinkots-terauds-800x800mm-ar-siltinajumu-ugunsizturiga\/\",\"url\":\"https:\/\/www.duuri.fi\/lv\/gridas-luka-cinkots-terauds-800x800mm-ar-siltinajumu-ugunsizturiga\/\",\"name\":\"GR\u012aDAS L\u016aKA CINKOTS T\u0112RAUDS 800X800MM AR SILTIN\u0100JUMU UGUNSIZTUR\u012aGA - Duuri Oy\",\"isPartOf\":{\"@id\":\"https:\/\/www.duuri.fi\/sv\/#website\"},\"primaryImageOfPage\":{\"@id\":\"https:\/\/www.duuri.fi\/lv\/gridas-luka-cinkots-terauds-800x800mm-ar-siltinajumu-ugunsizturiga\/#primaryimage\"},\"image\":{\"@id\":\"https:\/\/www.duuri.fi\/lv\/gridas-luka-cinkots-terauds-800x800mm-ar-siltinajumu-ugunsizturiga\/#primaryimage\"},\"thumbnailUrl\":\"https:\/\/www.duuri.fi\/wp-content\/uploads\/2020\/08\/T1_BV-THERMO-88.jpg\",\"datePublished\":\"2020-09-04T04:06:33+00:00\",\"dateModified\":\"2026-03-06T04:28:22+00:00\",\"breadcrumb\":{\"@id\":\"https:\/\/www.duuri.fi\/lv\/gridas-luka-cinkots-terauds-800x800mm-ar-siltinajumu-ugunsizturiga\/#breadcrumb\"},\"inLanguage\":\"lv-LV\",\"potentialAction\":[{\"@type\":\"ReadAction\",\"target\":[\"https:\/\/www.duuri.fi\/lv\/gridas-luka-cinkots-terauds-800x800mm-ar-siltinajumu-ugunsizturiga\/\"]}]},{\"@type\":\"ImageObject\",\"inLanguage\":\"lv-LV\",\"@id\":\"https:\/\/www.duuri.fi\/lv\/gridas-luka-cinkots-terauds-800x800mm-ar-siltinajumu-ugunsizturiga\/#primaryimage\",\"url\":\"https:\/\/www.duuri.fi\/wp-content\/uploads\/2020\/08\/T1_BV-THERMO-88.jpg\",\"contentUrl\":\"https:\/\/www.duuri.fi\/wp-content\/uploads\/2020\/08\/T1_BV-THERMO-88.jpg\",\"width\":1417,\"height\":1148},{\"@type\":\"BreadcrumbList\",\"@id\":\"https:\/\/www.duuri.fi\/lv\/gridas-luka-cinkots-terauds-800x800mm-ar-siltinajumu-ugunsizturiga\/#breadcrumb\",\"itemListElement\":[{\"@type\":\"ListItem\",\"position\":1,\"name\":\"Home\",\"item\":\"https:\/\/www.duuri.fi\/lv\/\"},{\"@type\":\"ListItem\",\"position\":2,\"name\":\"Produkter\",\"item\":\"https:\/\/www.duuri.fi\/sv\/produkter\/\"},{\"@type\":\"ListItem\",\"position\":3,\"name\":\"GR\u012aDAS L\u016aKA CINKOTS T\u0112RAUDS 800X800MM AR SILTIN\u0100JUMU UGUNSIZTUR\u012aGA\"}]},{\"@type\":\"WebSite\",\"@id\":\"https:\/\/www.duuri.fi\/sv\/#website\",\"url\":\"https:\/\/www.duuri.fi\/sv\/\",\"name\":\"Duuri Oy\",\"description\":\"Tuotteet ja asiantuntijapalvelut kodin sisustuksen ja julkisten tilojen viimeistelyyn\",\"publisher\":{\"@id\":\"https:\/\/www.duuri.fi\/sv\/#organization\"},\"potentialAction\":[{\"@type\":\"SearchAction\",\"target\":{\"@type\":\"EntryPoint\",\"urlTemplate\":\"https:\/\/www.duuri.fi\/sv\/?s={search_term_string}\"},\"query-input\":{\"@type\":\"PropertyValueSpecification\",\"valueRequired\":true,\"valueName\":\"search_term_string\"}}],\"inLanguage\":\"lv-LV\"},{\"@type\":\"Organization\",\"@id\":\"https:\/\/www.duuri.fi\/sv\/#organization\",\"name\":\"Duuri Oy\",\"url\":\"https:\/\/www.duuri.fi\/sv\/\",\"logo\":{\"@type\":\"ImageObject\",\"inLanguage\":\"lv-LV\",\"@id\":\"https:\/\/www.duuri.fi\/sv\/#\/schema\/logo\/image\/\",\"url\":\"https:\/\/www.duuri.fi\/wp-content\/uploads\/2020\/08\/Duuri_uusi-logo.png\",\"contentUrl\":\"https:\/\/www.duuri.fi\/wp-content\/uploads\/2020\/08\/Duuri_uusi-logo.png\",\"width\":242,\"height\":91,\"caption\":\"Duuri Oy\"},\"image\":{\"@id\":\"https:\/\/www.duuri.fi\/sv\/#\/schema\/logo\/image\/\"}}]}<\/script>\n<!-- \/ Yoast SEO plugin. -->","yoast_head_json":{"title":"GR\u012aDAS L\u016aKA CINKOTS T\u0112RAUDS 800X800MM AR SILTIN\u0100JUMU UGUNSIZTUR\u012aGA - Duuri Oy","robots":{"index":"index","follow":"follow","max-snippet":"max-snippet:-1","max-image-preview":"max-image-preview:large","max-video-preview":"max-video-preview:-1"},"canonical":"https:\/\/www.duuri.fi\/lv\/gridas-luka-cinkots-terauds-800x800mm-ar-siltinajumu-ugunsizturiga\/","og_locale":"lv_LV","og_type":"article","og_title":"GR\u012aDAS L\u016aKA CINKOTS T\u0112RAUDS 800X800MM AR SILTIN\u0100JUMU UGUNSIZTUR\u012aGA - Duuri Oy","og_description":"Rev\u012bzijas l\u016bka, izgatavota no cinkota t\u0113rauda. Apr\u012bkota ar termoizol\u0101cijas paneli. G\u0101zu un \u016bdensdro\u0161a. Lieto\u0161anai telp\u0101s un \u0101r\u0101. Celtsp\u0113ja: 125\u00a0kN. EI30.","og_url":"https:\/\/www.duuri.fi\/lv\/gridas-luka-cinkots-terauds-800x800mm-ar-siltinajumu-ugunsizturiga\/","og_site_name":"Duuri Oy","article_modified_time":"2026-03-06T04:28:22+00:00","og_image":[{"width":1417,"height":1148,"url":"https:\/\/www.duuri.fi\/wp-content\/uploads\/2020\/08\/T1_BV-THERMO-88.jpg","type":"image\/jpeg"}],"twitter_card":"summary_large_image","twitter_misc":{"Est. reading time":"1 minute"},"schema":{"@context":"https:\/\/schema.org","@graph":[{"@type":"WebPage","@id":"https:\/\/www.duuri.fi\/lv\/gridas-luka-cinkots-terauds-800x800mm-ar-siltinajumu-ugunsizturiga\/","url":"https:\/\/www.duuri.fi\/lv\/gridas-luka-cinkots-terauds-800x800mm-ar-siltinajumu-ugunsizturiga\/","name":"GR\u012aDAS L\u016aKA CINKOTS T\u0112RAUDS 800X800MM AR SILTIN\u0100JUMU UGUNSIZTUR\u012aGA - Duuri Oy","isPartOf":{"@id":"https:\/\/www.duuri.fi\/sv\/#website"},"primaryImageOfPage":{"@id":"https:\/\/www.duuri.fi\/lv\/gridas-luka-cinkots-terauds-800x800mm-ar-siltinajumu-ugunsizturiga\/#primaryimage"},"image":{"@id":"https:\/\/www.duuri.fi\/lv\/gridas-luka-cinkots-terauds-800x800mm-ar-siltinajumu-ugunsizturiga\/#primaryimage"},"thumbnailUrl":"https:\/\/www.duuri.fi\/wp-content\/uploads\/2020\/08\/T1_BV-THERMO-88.jpg","datePublished":"2020-09-04T04:06:33+00:00","dateModified":"2026-03-06T04:28:22+00:00","breadcrumb":{"@id":"https:\/\/www.duuri.fi\/lv\/gridas-luka-cinkots-terauds-800x800mm-ar-siltinajumu-ugunsizturiga\/#breadcrumb"},"inLanguage":"lv-LV","potentialAction":[{"@type":"ReadAction","target":["https:\/\/www.duuri.fi\/lv\/gridas-luka-cinkots-terauds-800x800mm-ar-siltinajumu-ugunsizturiga\/"]}]},{"@type":"ImageObject","inLanguage":"lv-LV","@id":"https:\/\/www.duuri.fi\/lv\/gridas-luka-cinkots-terauds-800x800mm-ar-siltinajumu-ugunsizturiga\/#primaryimage","url":"https:\/\/www.duuri.fi\/wp-content\/uploads\/2020\/08\/T1_BV-THERMO-88.jpg","contentUrl":"https:\/\/www.duuri.fi\/wp-content\/uploads\/2020\/08\/T1_BV-THERMO-88.jpg","width":1417,"height":1148},{"@type":"BreadcrumbList","@id":"https:\/\/www.duuri.fi\/lv\/gridas-luka-cinkots-terauds-800x800mm-ar-siltinajumu-ugunsizturiga\/#breadcrumb","itemListElement":[{"@type":"ListItem","position":1,"name":"Home","item":"https:\/\/www.duuri.fi\/lv\/"},{"@type":"ListItem","position":2,"name":"Produkter","item":"https:\/\/www.duuri.fi\/sv\/produkter\/"},{"@type":"ListItem","position":3,"name":"GR\u012aDAS L\u016aKA CINKOTS T\u0112RAUDS 800X800MM AR SILTIN\u0100JUMU UGUNSIZTUR\u012aGA"}]},{"@type":"WebSite","@id":"https:\/\/www.duuri.fi\/sv\/#website","url":"https:\/\/www.duuri.fi\/sv\/","name":"Duuri Oy","description":"Tuotteet ja asiantuntijapalvelut kodin sisustuksen ja julkisten tilojen viimeistelyyn","publisher":{"@id":"https:\/\/www.duuri.fi\/sv\/#organization"},"potentialAction":[{"@type":"SearchAction","target":{"@type":"EntryPoint","urlTemplate":"https:\/\/www.duuri.fi\/sv\/?s={search_term_string}"},"query-input":{"@type":"PropertyValueSpecification","valueRequired":true,"valueName":"search_term_string"}}],"inLanguage":"lv-LV"},{"@type":"Organization","@id":"https:\/\/www.duuri.fi\/sv\/#organization","name":"Duuri Oy","url":"https:\/\/www.duuri.fi\/sv\/","logo":{"@type":"ImageObject","inLanguage":"lv-LV","@id":"https:\/\/www.duuri.fi\/sv\/#\/schema\/logo\/image\/","url":"https:\/\/www.duuri.fi\/wp-content\/uploads\/2020\/08\/Duuri_uusi-logo.png","contentUrl":"https:\/\/www.duuri.fi\/wp-content\/uploads\/2020\/08\/Duuri_uusi-logo.png","width":242,"height":91,"caption":"Duuri Oy"},"image":{"@id":"https:\/\/www.duuri.fi\/sv\/#\/schema\/logo\/image\/"}}]}},"_links":{"self":[{"href":"https:\/\/www.duuri.fi\/lv\/wp-json\/wp\/v2\/product\/19344","targetHints":{"allow":["GET"]}}],"collection":[{"href":"https:\/\/www.duuri.fi\/lv\/wp-json\/wp\/v2\/product"}],"about":[{"href":"https:\/\/www.duuri.fi\/lv\/wp-json\/wp\/v2\/types\/product"}],"replies":[{"embeddable":true,"href":"https:\/\/www.duuri.fi\/lv\/wp-json\/wp\/v2\/comments?post=19344"}],"wp:featuredmedia":[{"embeddable":true,"href":"https:\/\/www.duuri.fi\/lv\/wp-json\/wp\/v2\/media\/14935"}],"wp:attachment":[{"href":"https:\/\/www.duuri.fi\/lv\/wp-json\/wp\/v2\/media?parent=19344"}],"wp:term":[{"taxonomy":"product_brand","embeddable":true,"href":"https:\/\/www.duuri.fi\/lv\/wp-json\/wp\/v2\/product_brand?post=19344"},{"taxonomy":"product_cat","embeddable":true,"href":"https:\/\/www.duuri.fi\/lv\/wp-json\/wp\/v2\/product_cat?post=19344"},{"taxonomy":"product_tag","embeddable":true,"href":"https:\/\/www.duuri.fi\/lv\/wp-json\/wp\/v2\/product_tag?post=19344"}],"curies":[{"name":"wp","href":"https:\/\/api.w.org\/{rel}","templated":true}]}}