{"id":19204,"date":"2020-09-04T07:04:13","date_gmt":"2020-09-04T04:04:13","guid":{"rendered":"https:\/\/www.duuri.fi\/lattialuukku-ruostumaton-teras-800x600mm-kyynelkuvioitu-kansi-valettava\/"},"modified":"2026-03-06T06:47:25","modified_gmt":"2026-03-06T04:47:25","slug":"gridas-luka-nerusejosais-terauds-800x600mm-aluminija-rievots-vaks","status":"publish","type":"product","link":"https:\/\/www.duuri.fi\/lv\/gridas-luka-nerusejosais-terauds-800x600mm-aluminija-rievots-vaks\/","title":{"rendered":"GR\u012aDAS L\u016aKA NER\u016aS\u0112JO\u0160AIS T\u0112RAUDS 800X600MM ALUM\u012aNIJA RIEVOTS V\u0100KS"},"content":{"rendered":"<p>Rev\u012bzijas l\u016bka, izgatavota no ner\u016bs\u0113jo\u0161\u0101 t\u0113rauda, klase\u00a0304. R\u0101mis, v\u0101ks un armat\u016bra ir izgatavota no ner\u016bs\u0113jo\u0161\u0101 t\u0113rauda. L\u016bkas v\u0101ks ir ar r\u016btainu rakstu, lai mazin\u0101tu sl\u012bdam\u012bbu. G\u0101zu un \u016bdensdro\u0161s modelis ar plakanu konstrukciju. \u012apa\u0161ais bl\u012bv\u0113jums ir iztur\u012bgs pret \u0137imik\u0101lij\u0101m. Pieg\u0101des komplekt\u0101cij\u0101 ir iek\u013cauts atv\u0113r\u0161anas r\u012bks. Piem\u0113rota uzst\u0101d\u012b\u0161anai uz ak\u0101m g\u0101j\u0113ju zon\u0101s \u0113k\u0101s vai to apkaim\u0113, \u012bpa\u0161i objektos, kur nepiecie\u0161ama izcila korozijiztur\u012bba. Celtsp\u0113ja: 15\u00a0kN.<\/p>\n","protected":false},"excerpt":{"rendered":"<p>Rev\u012bzijas l\u016bka, izgatavota no ner\u016bs\u0113jo\u0161\u0101 t\u0113rauda\u00a0AISI304. L\u016bkas v\u0101ks ir ar r\u016btainu rakstu, lai mazin\u0101tu sl\u012bdam\u012bbu. G\u0101zu un \u016bdensdro\u0161a. Lieto\u0161anai telp\u0101s un \u0101r\u0101. Celtsp\u0113ja: 15\u00a0kN. EI30.<\/p>\n","protected":false},"featured_media":14447,"comment_status":"closed","ping_status":"closed","template":"","meta":{"_acf_changed":false},"product_brand":[5402],"product_cat":[4472,4473],"product_tag":[],"class_list":{"0":"post-19204","1":"product","2":"type-product","3":"status-publish","4":"has-post-thumbnail","6":"product_brand-hago","7":"product_cat-lattialuukut-lv","8":"product_cat-mittatilaus-lattialuukut-lv","10":"first","11":"instock","12":"shipping-taxable","13":"product-type-simple"},"acf":[],"yoast_head":"<!-- This site is optimized with the Yoast SEO plugin v25.5 - https:\/\/yoast.com\/wordpress\/plugins\/seo\/ -->\n<title>GR\u012aDAS L\u016aKA NER\u016aS\u0112JO\u0160AIS T\u0112RAUDS 800X600MM ALUM\u012aNIJA RIEVOTS V\u0100KS - Duuri Oy<\/title>\n<meta name=\"robots\" content=\"index, follow, max-snippet:-1, max-image-preview:large, max-video-preview:-1\" \/>\n<link rel=\"canonical\" href=\"https:\/\/www.duuri.fi\/lattialuukku-ruostumaton-teras-800x600mm-kyynelkuvioitu-kansi\/\" \/>\n<meta property=\"og:locale\" content=\"lv_LV\" \/>\n<meta property=\"og:type\" content=\"article\" \/>\n<meta property=\"og:title\" content=\"GR\u012aDAS L\u016aKA NER\u016aS\u0112JO\u0160AIS T\u0112RAUDS 800X600MM ALUM\u012aNIJA RIEVOTS V\u0100KS - Duuri Oy\" \/>\n<meta property=\"og:description\" content=\"Rev\u012bzijas l\u016bka, izgatavota no ner\u016bs\u0113jo\u0161\u0101 t\u0113rauda\u00a0AISI304. L\u016bkas v\u0101ks ir ar r\u016btainu rakstu, lai mazin\u0101tu sl\u012bdam\u012bbu. G\u0101zu un \u016bdensdro\u0161a. Lieto\u0161anai telp\u0101s un \u0101r\u0101. Celtsp\u0113ja: 15\u00a0kN. EI30.\" \/>\n<meta property=\"og:url\" content=\"https:\/\/www.duuri.fi\/lattialuukku-ruostumaton-teras-800x600mm-kyynelkuvioitu-kansi\/\" \/>\n<meta property=\"og:site_name\" content=\"Duuri Oy\" \/>\n<meta property=\"article:modified_time\" content=\"2026-03-06T04:47:25+00:00\" \/>\n<meta property=\"og:image\" content=\"https:\/\/www.duuri.fi\/wp-content\/uploads\/2020\/08\/T1_RVE86.jpg\" \/>\n\t<meta property=\"og:image:width\" content=\"1948\" \/>\n\t<meta property=\"og:image:height\" content=\"1845\" \/>\n\t<meta property=\"og:image:type\" content=\"image\/jpeg\" \/>\n<meta name=\"twitter:card\" content=\"summary_large_image\" \/>\n<meta name=\"twitter:label1\" content=\"Est. reading time\" \/>\n\t<meta name=\"twitter:data1\" content=\"1 minute\" \/>\n<script type=\"application\/ld+json\" class=\"yoast-schema-graph\">{\"@context\":\"https:\/\/schema.org\",\"@graph\":[{\"@type\":\"WebPage\",\"@id\":\"https:\/\/www.duuri.fi\/lattialuukku-ruostumaton-teras-800x600mm-kyynelkuvioitu-kansi\/\",\"url\":\"https:\/\/www.duuri.fi\/lattialuukku-ruostumaton-teras-800x600mm-kyynelkuvioitu-kansi\/\",\"name\":\"GR\u012aDAS L\u016aKA NER\u016aS\u0112JO\u0160AIS T\u0112RAUDS 800X600MM ALUM\u012aNIJA RIEVOTS V\u0100KS - Duuri Oy\",\"isPartOf\":{\"@id\":\"https:\/\/www.duuri.fi\/sv\/#website\"},\"primaryImageOfPage\":{\"@id\":\"https:\/\/www.duuri.fi\/lattialuukku-ruostumaton-teras-800x600mm-kyynelkuvioitu-kansi\/#primaryimage\"},\"image\":{\"@id\":\"https:\/\/www.duuri.fi\/lattialuukku-ruostumaton-teras-800x600mm-kyynelkuvioitu-kansi\/#primaryimage\"},\"thumbnailUrl\":\"https:\/\/www.duuri.fi\/wp-content\/uploads\/2020\/08\/T1_RVE86.jpg\",\"datePublished\":\"2020-09-04T04:04:13+00:00\",\"dateModified\":\"2026-03-06T04:47:25+00:00\",\"breadcrumb\":{\"@id\":\"https:\/\/www.duuri.fi\/lattialuukku-ruostumaton-teras-800x600mm-kyynelkuvioitu-kansi\/#breadcrumb\"},\"inLanguage\":\"lv-LV\",\"potentialAction\":[{\"@type\":\"ReadAction\",\"target\":[\"https:\/\/www.duuri.fi\/lattialuukku-ruostumaton-teras-800x600mm-kyynelkuvioitu-kansi\/\"]}]},{\"@type\":\"ImageObject\",\"inLanguage\":\"lv-LV\",\"@id\":\"https:\/\/www.duuri.fi\/lattialuukku-ruostumaton-teras-800x600mm-kyynelkuvioitu-kansi\/#primaryimage\",\"url\":\"https:\/\/www.duuri.fi\/wp-content\/uploads\/2020\/08\/T1_RVE86.jpg\",\"contentUrl\":\"https:\/\/www.duuri.fi\/wp-content\/uploads\/2020\/08\/T1_RVE86.jpg\",\"width\":1948,\"height\":1845},{\"@type\":\"BreadcrumbList\",\"@id\":\"https:\/\/www.duuri.fi\/lattialuukku-ruostumaton-teras-800x600mm-kyynelkuvioitu-kansi\/#breadcrumb\",\"itemListElement\":[{\"@type\":\"ListItem\",\"position\":1,\"name\":\"Home\",\"item\":\"https:\/\/www.duuri.fi\/lv\/\"},{\"@type\":\"ListItem\",\"position\":2,\"name\":\"Produkter\",\"item\":\"https:\/\/www.duuri.fi\/sv\/produkter\/\"},{\"@type\":\"ListItem\",\"position\":3,\"name\":\"GR\u012aDAS L\u016aKA NER\u016aS\u0112JO\u0160AIS T\u0112RAUDS 800X600MM ALUM\u012aNIJA RIEVOTS V\u0100KS\"}]},{\"@type\":\"WebSite\",\"@id\":\"https:\/\/www.duuri.fi\/sv\/#website\",\"url\":\"https:\/\/www.duuri.fi\/sv\/\",\"name\":\"Duuri Oy\",\"description\":\"Tuotteet ja asiantuntijapalvelut kodin sisustuksen ja julkisten tilojen viimeistelyyn\",\"publisher\":{\"@id\":\"https:\/\/www.duuri.fi\/sv\/#organization\"},\"potentialAction\":[{\"@type\":\"SearchAction\",\"target\":{\"@type\":\"EntryPoint\",\"urlTemplate\":\"https:\/\/www.duuri.fi\/sv\/?s={search_term_string}\"},\"query-input\":{\"@type\":\"PropertyValueSpecification\",\"valueRequired\":true,\"valueName\":\"search_term_string\"}}],\"inLanguage\":\"lv-LV\"},{\"@type\":\"Organization\",\"@id\":\"https:\/\/www.duuri.fi\/sv\/#organization\",\"name\":\"Duuri Oy\",\"url\":\"https:\/\/www.duuri.fi\/sv\/\",\"logo\":{\"@type\":\"ImageObject\",\"inLanguage\":\"lv-LV\",\"@id\":\"https:\/\/www.duuri.fi\/sv\/#\/schema\/logo\/image\/\",\"url\":\"https:\/\/www.duuri.fi\/wp-content\/uploads\/2020\/08\/Duuri_uusi-logo.png\",\"contentUrl\":\"https:\/\/www.duuri.fi\/wp-content\/uploads\/2020\/08\/Duuri_uusi-logo.png\",\"width\":242,\"height\":91,\"caption\":\"Duuri Oy\"},\"image\":{\"@id\":\"https:\/\/www.duuri.fi\/sv\/#\/schema\/logo\/image\/\"}}]}<\/script>\n<!-- \/ Yoast SEO plugin. -->","yoast_head_json":{"title":"GR\u012aDAS L\u016aKA NER\u016aS\u0112JO\u0160AIS T\u0112RAUDS 800X600MM ALUM\u012aNIJA RIEVOTS V\u0100KS - Duuri Oy","robots":{"index":"index","follow":"follow","max-snippet":"max-snippet:-1","max-image-preview":"max-image-preview:large","max-video-preview":"max-video-preview:-1"},"canonical":"https:\/\/www.duuri.fi\/lattialuukku-ruostumaton-teras-800x600mm-kyynelkuvioitu-kansi\/","og_locale":"lv_LV","og_type":"article","og_title":"GR\u012aDAS L\u016aKA NER\u016aS\u0112JO\u0160AIS T\u0112RAUDS 800X600MM ALUM\u012aNIJA RIEVOTS V\u0100KS - Duuri Oy","og_description":"Rev\u012bzijas l\u016bka, izgatavota no ner\u016bs\u0113jo\u0161\u0101 t\u0113rauda\u00a0AISI304. L\u016bkas v\u0101ks ir ar r\u016btainu rakstu, lai mazin\u0101tu sl\u012bdam\u012bbu. G\u0101zu un \u016bdensdro\u0161a. Lieto\u0161anai telp\u0101s un \u0101r\u0101. Celtsp\u0113ja: 15\u00a0kN. EI30.","og_url":"https:\/\/www.duuri.fi\/lattialuukku-ruostumaton-teras-800x600mm-kyynelkuvioitu-kansi\/","og_site_name":"Duuri Oy","article_modified_time":"2026-03-06T04:47:25+00:00","og_image":[{"width":1948,"height":1845,"url":"https:\/\/www.duuri.fi\/wp-content\/uploads\/2020\/08\/T1_RVE86.jpg","type":"image\/jpeg"}],"twitter_card":"summary_large_image","twitter_misc":{"Est. reading time":"1 minute"},"schema":{"@context":"https:\/\/schema.org","@graph":[{"@type":"WebPage","@id":"https:\/\/www.duuri.fi\/lattialuukku-ruostumaton-teras-800x600mm-kyynelkuvioitu-kansi\/","url":"https:\/\/www.duuri.fi\/lattialuukku-ruostumaton-teras-800x600mm-kyynelkuvioitu-kansi\/","name":"GR\u012aDAS L\u016aKA NER\u016aS\u0112JO\u0160AIS T\u0112RAUDS 800X600MM ALUM\u012aNIJA RIEVOTS V\u0100KS - Duuri Oy","isPartOf":{"@id":"https:\/\/www.duuri.fi\/sv\/#website"},"primaryImageOfPage":{"@id":"https:\/\/www.duuri.fi\/lattialuukku-ruostumaton-teras-800x600mm-kyynelkuvioitu-kansi\/#primaryimage"},"image":{"@id":"https:\/\/www.duuri.fi\/lattialuukku-ruostumaton-teras-800x600mm-kyynelkuvioitu-kansi\/#primaryimage"},"thumbnailUrl":"https:\/\/www.duuri.fi\/wp-content\/uploads\/2020\/08\/T1_RVE86.jpg","datePublished":"2020-09-04T04:04:13+00:00","dateModified":"2026-03-06T04:47:25+00:00","breadcrumb":{"@id":"https:\/\/www.duuri.fi\/lattialuukku-ruostumaton-teras-800x600mm-kyynelkuvioitu-kansi\/#breadcrumb"},"inLanguage":"lv-LV","potentialAction":[{"@type":"ReadAction","target":["https:\/\/www.duuri.fi\/lattialuukku-ruostumaton-teras-800x600mm-kyynelkuvioitu-kansi\/"]}]},{"@type":"ImageObject","inLanguage":"lv-LV","@id":"https:\/\/www.duuri.fi\/lattialuukku-ruostumaton-teras-800x600mm-kyynelkuvioitu-kansi\/#primaryimage","url":"https:\/\/www.duuri.fi\/wp-content\/uploads\/2020\/08\/T1_RVE86.jpg","contentUrl":"https:\/\/www.duuri.fi\/wp-content\/uploads\/2020\/08\/T1_RVE86.jpg","width":1948,"height":1845},{"@type":"BreadcrumbList","@id":"https:\/\/www.duuri.fi\/lattialuukku-ruostumaton-teras-800x600mm-kyynelkuvioitu-kansi\/#breadcrumb","itemListElement":[{"@type":"ListItem","position":1,"name":"Home","item":"https:\/\/www.duuri.fi\/lv\/"},{"@type":"ListItem","position":2,"name":"Produkter","item":"https:\/\/www.duuri.fi\/sv\/produkter\/"},{"@type":"ListItem","position":3,"name":"GR\u012aDAS L\u016aKA NER\u016aS\u0112JO\u0160AIS T\u0112RAUDS 800X600MM ALUM\u012aNIJA RIEVOTS V\u0100KS"}]},{"@type":"WebSite","@id":"https:\/\/www.duuri.fi\/sv\/#website","url":"https:\/\/www.duuri.fi\/sv\/","name":"Duuri Oy","description":"Tuotteet ja asiantuntijapalvelut kodin sisustuksen ja julkisten tilojen viimeistelyyn","publisher":{"@id":"https:\/\/www.duuri.fi\/sv\/#organization"},"potentialAction":[{"@type":"SearchAction","target":{"@type":"EntryPoint","urlTemplate":"https:\/\/www.duuri.fi\/sv\/?s={search_term_string}"},"query-input":{"@type":"PropertyValueSpecification","valueRequired":true,"valueName":"search_term_string"}}],"inLanguage":"lv-LV"},{"@type":"Organization","@id":"https:\/\/www.duuri.fi\/sv\/#organization","name":"Duuri Oy","url":"https:\/\/www.duuri.fi\/sv\/","logo":{"@type":"ImageObject","inLanguage":"lv-LV","@id":"https:\/\/www.duuri.fi\/sv\/#\/schema\/logo\/image\/","url":"https:\/\/www.duuri.fi\/wp-content\/uploads\/2020\/08\/Duuri_uusi-logo.png","contentUrl":"https:\/\/www.duuri.fi\/wp-content\/uploads\/2020\/08\/Duuri_uusi-logo.png","width":242,"height":91,"caption":"Duuri Oy"},"image":{"@id":"https:\/\/www.duuri.fi\/sv\/#\/schema\/logo\/image\/"}}]}},"_links":{"self":[{"href":"https:\/\/www.duuri.fi\/lv\/wp-json\/wp\/v2\/product\/19204","targetHints":{"allow":["GET"]}}],"collection":[{"href":"https:\/\/www.duuri.fi\/lv\/wp-json\/wp\/v2\/product"}],"about":[{"href":"https:\/\/www.duuri.fi\/lv\/wp-json\/wp\/v2\/types\/product"}],"replies":[{"embeddable":true,"href":"https:\/\/www.duuri.fi\/lv\/wp-json\/wp\/v2\/comments?post=19204"}],"wp:featuredmedia":[{"embeddable":true,"href":"https:\/\/www.duuri.fi\/lv\/wp-json\/wp\/v2\/media\/14447"}],"wp:attachment":[{"href":"https:\/\/www.duuri.fi\/lv\/wp-json\/wp\/v2\/media?parent=19204"}],"wp:term":[{"taxonomy":"product_brand","embeddable":true,"href":"https:\/\/www.duuri.fi\/lv\/wp-json\/wp\/v2\/product_brand?post=19204"},{"taxonomy":"product_cat","embeddable":true,"href":"https:\/\/www.duuri.fi\/lv\/wp-json\/wp\/v2\/product_cat?post=19204"},{"taxonomy":"product_tag","embeddable":true,"href":"https:\/\/www.duuri.fi\/lv\/wp-json\/wp\/v2\/product_tag?post=19204"}],"curies":[{"name":"wp","href":"https:\/\/api.w.org\/{rel}","templated":true}]}}