{"id":19132,"date":"2020-09-04T07:01:54","date_gmt":"2020-09-04T04:01:54","guid":{"rendered":"https:\/\/www.duuri.fi\/fr30-paloluukku-500x500mm-ei30-valkoinen-ral9016\/"},"modified":"2026-03-06T06:55:49","modified_gmt":"2026-03-06T04:55:49","slug":"fr30-ugunsiszturiga-luka-500x500mm-ei30-balta-ral9016","status":"publish","type":"product","link":"https:\/\/www.duuri.fi\/lv\/fr30-ugunsiszturiga-luka-500x500mm-ei30-balta-ral9016\/","title":{"rendered":"FR30 UGUNSISZTUR\u012aGA L\u016aKA 500X500MM EI30 BALTA RAL9016"},"content":{"rendered":"","protected":false},"excerpt":{"rendered":"<p>No cinkota t\u0113rauda izgatavota rev\u012bzijas l\u016bka, balta\u00a0RAL9016. Uzst\u0101d\u012b\u0161anai sien\u0101 un griestos. Aizsl\u0113dzama ar kvadr\u0101tveida atsl\u0113gu. Ugunsiztur\u012bba: EI30.<\/p>\n","protected":false},"featured_media":740,"comment_status":"closed","ping_status":"closed","template":"","meta":{"_acf_changed":false},"product_brand":[],"product_cat":[4600,4541],"product_tag":[],"class_list":{"0":"post-19132","1":"product","2":"type-product","3":"status-publish","4":"has-post-thumbnail","6":"product_cat-kattoluukut-lv","7":"product_cat-tarkastusluukut-lv","9":"first","10":"instock","11":"shipping-taxable","12":"product-type-simple"},"acf":[],"yoast_head":"<!-- This site is optimized with the Yoast SEO plugin v25.5 - https:\/\/yoast.com\/wordpress\/plugins\/seo\/ -->\n<title>FR30 UGUNSISZTUR\u012aGA L\u016aKA 500X500MM EI30 BALTA RAL9016 - Duuri Oy<\/title>\n<meta name=\"robots\" content=\"index, follow, max-snippet:-1, max-image-preview:large, max-video-preview:-1\" \/>\n<link rel=\"canonical\" href=\"https:\/\/www.duuri.fi\/fr30-paloluukku-500x500mm-ei30-valkoinen-ral9016\/\" \/>\n<meta property=\"og:locale\" content=\"lv_LV\" \/>\n<meta property=\"og:type\" content=\"article\" \/>\n<meta property=\"og:title\" content=\"FR30 UGUNSISZTUR\u012aGA L\u016aKA 500X500MM EI30 BALTA RAL9016 - Duuri Oy\" \/>\n<meta property=\"og:description\" content=\"No cinkota t\u0113rauda izgatavota rev\u012bzijas l\u016bka, balta\u00a0RAL9016. Uzst\u0101d\u012b\u0161anai sien\u0101 un griestos. Aizsl\u0113dzama ar kvadr\u0101tveida atsl\u0113gu. Ugunsiztur\u012bba: EI30.\" \/>\n<meta property=\"og:url\" content=\"https:\/\/www.duuri.fi\/fr30-paloluukku-500x500mm-ei30-valkoinen-ral9016\/\" \/>\n<meta property=\"og:site_name\" content=\"Duuri Oy\" \/>\n<meta property=\"article:modified_time\" content=\"2026-03-06T04:55:49+00:00\" \/>\n<meta property=\"og:image\" content=\"https:\/\/www.duuri.fi\/wp-content\/uploads\/2020\/08\/T1_FR30-500-scaled.jpg\" \/>\n\t<meta property=\"og:image:width\" content=\"2560\" \/>\n\t<meta property=\"og:image:height\" content=\"1998\" \/>\n\t<meta property=\"og:image:type\" content=\"image\/jpeg\" \/>\n<meta name=\"twitter:card\" content=\"summary_large_image\" \/>\n<script type=\"application\/ld+json\" class=\"yoast-schema-graph\">{\"@context\":\"https:\/\/schema.org\",\"@graph\":[{\"@type\":\"WebPage\",\"@id\":\"https:\/\/www.duuri.fi\/fr30-paloluukku-500x500mm-ei30-valkoinen-ral9016\/\",\"url\":\"https:\/\/www.duuri.fi\/fr30-paloluukku-500x500mm-ei30-valkoinen-ral9016\/\",\"name\":\"FR30 UGUNSISZTUR\u012aGA L\u016aKA 500X500MM EI30 BALTA RAL9016 - Duuri Oy\",\"isPartOf\":{\"@id\":\"https:\/\/www.duuri.fi\/sv\/#website\"},\"primaryImageOfPage\":{\"@id\":\"https:\/\/www.duuri.fi\/fr30-paloluukku-500x500mm-ei30-valkoinen-ral9016\/#primaryimage\"},\"image\":{\"@id\":\"https:\/\/www.duuri.fi\/fr30-paloluukku-500x500mm-ei30-valkoinen-ral9016\/#primaryimage\"},\"thumbnailUrl\":\"https:\/\/www.duuri.fi\/wp-content\/uploads\/2020\/08\/T1_FR30-500-scaled.jpg\",\"datePublished\":\"2020-09-04T04:01:54+00:00\",\"dateModified\":\"2026-03-06T04:55:49+00:00\",\"breadcrumb\":{\"@id\":\"https:\/\/www.duuri.fi\/fr30-paloluukku-500x500mm-ei30-valkoinen-ral9016\/#breadcrumb\"},\"inLanguage\":\"lv-LV\",\"potentialAction\":[{\"@type\":\"ReadAction\",\"target\":[\"https:\/\/www.duuri.fi\/fr30-paloluukku-500x500mm-ei30-valkoinen-ral9016\/\"]}]},{\"@type\":\"ImageObject\",\"inLanguage\":\"lv-LV\",\"@id\":\"https:\/\/www.duuri.fi\/fr30-paloluukku-500x500mm-ei30-valkoinen-ral9016\/#primaryimage\",\"url\":\"https:\/\/www.duuri.fi\/wp-content\/uploads\/2020\/08\/T1_FR30-500-scaled.jpg\",\"contentUrl\":\"https:\/\/www.duuri.fi\/wp-content\/uploads\/2020\/08\/T1_FR30-500-scaled.jpg\",\"width\":2560,\"height\":1998},{\"@type\":\"BreadcrumbList\",\"@id\":\"https:\/\/www.duuri.fi\/fr30-paloluukku-500x500mm-ei30-valkoinen-ral9016\/#breadcrumb\",\"itemListElement\":[{\"@type\":\"ListItem\",\"position\":1,\"name\":\"Home\",\"item\":\"https:\/\/www.duuri.fi\/lv\/\"},{\"@type\":\"ListItem\",\"position\":2,\"name\":\"Produkter\",\"item\":\"https:\/\/www.duuri.fi\/sv\/produkter\/\"},{\"@type\":\"ListItem\",\"position\":3,\"name\":\"FR30 UGUNSISZTUR\u012aGA L\u016aKA 500X500MM EI30 BALTA RAL9016\"}]},{\"@type\":\"WebSite\",\"@id\":\"https:\/\/www.duuri.fi\/sv\/#website\",\"url\":\"https:\/\/www.duuri.fi\/sv\/\",\"name\":\"Duuri Oy\",\"description\":\"Tuotteet ja asiantuntijapalvelut kodin sisustuksen ja julkisten tilojen viimeistelyyn\",\"publisher\":{\"@id\":\"https:\/\/www.duuri.fi\/sv\/#organization\"},\"potentialAction\":[{\"@type\":\"SearchAction\",\"target\":{\"@type\":\"EntryPoint\",\"urlTemplate\":\"https:\/\/www.duuri.fi\/sv\/?s={search_term_string}\"},\"query-input\":{\"@type\":\"PropertyValueSpecification\",\"valueRequired\":true,\"valueName\":\"search_term_string\"}}],\"inLanguage\":\"lv-LV\"},{\"@type\":\"Organization\",\"@id\":\"https:\/\/www.duuri.fi\/sv\/#organization\",\"name\":\"Duuri Oy\",\"url\":\"https:\/\/www.duuri.fi\/sv\/\",\"logo\":{\"@type\":\"ImageObject\",\"inLanguage\":\"lv-LV\",\"@id\":\"https:\/\/www.duuri.fi\/sv\/#\/schema\/logo\/image\/\",\"url\":\"https:\/\/www.duuri.fi\/wp-content\/uploads\/2020\/08\/Duuri_uusi-logo.png\",\"contentUrl\":\"https:\/\/www.duuri.fi\/wp-content\/uploads\/2020\/08\/Duuri_uusi-logo.png\",\"width\":242,\"height\":91,\"caption\":\"Duuri Oy\"},\"image\":{\"@id\":\"https:\/\/www.duuri.fi\/sv\/#\/schema\/logo\/image\/\"}}]}<\/script>\n<!-- \/ Yoast SEO plugin. -->","yoast_head_json":{"title":"FR30 UGUNSISZTUR\u012aGA L\u016aKA 500X500MM EI30 BALTA RAL9016 - Duuri Oy","robots":{"index":"index","follow":"follow","max-snippet":"max-snippet:-1","max-image-preview":"max-image-preview:large","max-video-preview":"max-video-preview:-1"},"canonical":"https:\/\/www.duuri.fi\/fr30-paloluukku-500x500mm-ei30-valkoinen-ral9016\/","og_locale":"lv_LV","og_type":"article","og_title":"FR30 UGUNSISZTUR\u012aGA L\u016aKA 500X500MM EI30 BALTA RAL9016 - Duuri Oy","og_description":"No cinkota t\u0113rauda izgatavota rev\u012bzijas l\u016bka, balta\u00a0RAL9016. Uzst\u0101d\u012b\u0161anai sien\u0101 un griestos. Aizsl\u0113dzama ar kvadr\u0101tveida atsl\u0113gu. Ugunsiztur\u012bba: EI30.","og_url":"https:\/\/www.duuri.fi\/fr30-paloluukku-500x500mm-ei30-valkoinen-ral9016\/","og_site_name":"Duuri Oy","article_modified_time":"2026-03-06T04:55:49+00:00","og_image":[{"width":2560,"height":1998,"url":"https:\/\/www.duuri.fi\/wp-content\/uploads\/2020\/08\/T1_FR30-500-scaled.jpg","type":"image\/jpeg"}],"twitter_card":"summary_large_image","schema":{"@context":"https:\/\/schema.org","@graph":[{"@type":"WebPage","@id":"https:\/\/www.duuri.fi\/fr30-paloluukku-500x500mm-ei30-valkoinen-ral9016\/","url":"https:\/\/www.duuri.fi\/fr30-paloluukku-500x500mm-ei30-valkoinen-ral9016\/","name":"FR30 UGUNSISZTUR\u012aGA L\u016aKA 500X500MM EI30 BALTA RAL9016 - Duuri Oy","isPartOf":{"@id":"https:\/\/www.duuri.fi\/sv\/#website"},"primaryImageOfPage":{"@id":"https:\/\/www.duuri.fi\/fr30-paloluukku-500x500mm-ei30-valkoinen-ral9016\/#primaryimage"},"image":{"@id":"https:\/\/www.duuri.fi\/fr30-paloluukku-500x500mm-ei30-valkoinen-ral9016\/#primaryimage"},"thumbnailUrl":"https:\/\/www.duuri.fi\/wp-content\/uploads\/2020\/08\/T1_FR30-500-scaled.jpg","datePublished":"2020-09-04T04:01:54+00:00","dateModified":"2026-03-06T04:55:49+00:00","breadcrumb":{"@id":"https:\/\/www.duuri.fi\/fr30-paloluukku-500x500mm-ei30-valkoinen-ral9016\/#breadcrumb"},"inLanguage":"lv-LV","potentialAction":[{"@type":"ReadAction","target":["https:\/\/www.duuri.fi\/fr30-paloluukku-500x500mm-ei30-valkoinen-ral9016\/"]}]},{"@type":"ImageObject","inLanguage":"lv-LV","@id":"https:\/\/www.duuri.fi\/fr30-paloluukku-500x500mm-ei30-valkoinen-ral9016\/#primaryimage","url":"https:\/\/www.duuri.fi\/wp-content\/uploads\/2020\/08\/T1_FR30-500-scaled.jpg","contentUrl":"https:\/\/www.duuri.fi\/wp-content\/uploads\/2020\/08\/T1_FR30-500-scaled.jpg","width":2560,"height":1998},{"@type":"BreadcrumbList","@id":"https:\/\/www.duuri.fi\/fr30-paloluukku-500x500mm-ei30-valkoinen-ral9016\/#breadcrumb","itemListElement":[{"@type":"ListItem","position":1,"name":"Home","item":"https:\/\/www.duuri.fi\/lv\/"},{"@type":"ListItem","position":2,"name":"Produkter","item":"https:\/\/www.duuri.fi\/sv\/produkter\/"},{"@type":"ListItem","position":3,"name":"FR30 UGUNSISZTUR\u012aGA L\u016aKA 500X500MM EI30 BALTA RAL9016"}]},{"@type":"WebSite","@id":"https:\/\/www.duuri.fi\/sv\/#website","url":"https:\/\/www.duuri.fi\/sv\/","name":"Duuri Oy","description":"Tuotteet ja asiantuntijapalvelut kodin sisustuksen ja julkisten tilojen viimeistelyyn","publisher":{"@id":"https:\/\/www.duuri.fi\/sv\/#organization"},"potentialAction":[{"@type":"SearchAction","target":{"@type":"EntryPoint","urlTemplate":"https:\/\/www.duuri.fi\/sv\/?s={search_term_string}"},"query-input":{"@type":"PropertyValueSpecification","valueRequired":true,"valueName":"search_term_string"}}],"inLanguage":"lv-LV"},{"@type":"Organization","@id":"https:\/\/www.duuri.fi\/sv\/#organization","name":"Duuri Oy","url":"https:\/\/www.duuri.fi\/sv\/","logo":{"@type":"ImageObject","inLanguage":"lv-LV","@id":"https:\/\/www.duuri.fi\/sv\/#\/schema\/logo\/image\/","url":"https:\/\/www.duuri.fi\/wp-content\/uploads\/2020\/08\/Duuri_uusi-logo.png","contentUrl":"https:\/\/www.duuri.fi\/wp-content\/uploads\/2020\/08\/Duuri_uusi-logo.png","width":242,"height":91,"caption":"Duuri Oy"},"image":{"@id":"https:\/\/www.duuri.fi\/sv\/#\/schema\/logo\/image\/"}}]}},"_links":{"self":[{"href":"https:\/\/www.duuri.fi\/lv\/wp-json\/wp\/v2\/product\/19132","targetHints":{"allow":["GET"]}}],"collection":[{"href":"https:\/\/www.duuri.fi\/lv\/wp-json\/wp\/v2\/product"}],"about":[{"href":"https:\/\/www.duuri.fi\/lv\/wp-json\/wp\/v2\/types\/product"}],"replies":[{"embeddable":true,"href":"https:\/\/www.duuri.fi\/lv\/wp-json\/wp\/v2\/comments?post=19132"}],"wp:featuredmedia":[{"embeddable":true,"href":"https:\/\/www.duuri.fi\/lv\/wp-json\/wp\/v2\/media\/740"}],"wp:attachment":[{"href":"https:\/\/www.duuri.fi\/lv\/wp-json\/wp\/v2\/media?parent=19132"}],"wp:term":[{"taxonomy":"product_brand","embeddable":true,"href":"https:\/\/www.duuri.fi\/lv\/wp-json\/wp\/v2\/product_brand?post=19132"},{"taxonomy":"product_cat","embeddable":true,"href":"https:\/\/www.duuri.fi\/lv\/wp-json\/wp\/v2\/product_cat?post=19132"},{"taxonomy":"product_tag","embeddable":true,"href":"https:\/\/www.duuri.fi\/lv\/wp-json\/wp\/v2\/product_tag?post=19132"}],"curies":[{"name":"wp","href":"https:\/\/api.w.org\/{rel}","templated":true}]}}