{"id":19105,"date":"2020-09-04T07:01:41","date_gmt":"2020-09-04T04:01:41","guid":{"rendered":"https:\/\/www.duuri.fi\/ach-tarkastusluukku-150x150mm-valkoinen-ral9016\/"},"modified":"2026-03-06T06:49:00","modified_gmt":"2026-03-06T04:49:00","slug":"ach-inspekcijas-luka-150x150mm-balta-ral9016","status":"publish","type":"product","link":"https:\/\/www.duuri.fi\/lv\/ach-inspekcijas-luka-150x150mm-balta-ral9016\/","title":{"rendered":"ACH INSPEKCIJAS L\u016aKA 150X150MM BALTA RAL9016"},"content":{"rendered":"<p>Standarta rev\u012bzijas l\u016bka, ko var atv\u0113rt ar kvadr\u0101tveida atsl\u0113gu. Materi\u0101ls: cinkots t\u0113rauds. Baltas dedzin\u0101tas emaljas apdare, kr\u0101sas tonis\u00a0RAL9016. Uzst\u0101d\u012b\u0161anai sien\u0101 un griestos. L\u016bka ir no\u0146emama, un to var uzst\u0101d\u012bt atv\u0113r\u0161anai uz labo pusi vai uz kreiso pusi. Piel\u0101goti izm\u0113ri l\u012bdz 1600\u00a0x\u00a01200\u00a0mm. Pieejama ar\u012b ar cilindrisku atsl\u0113gu. Ja l\u016bkas augstums p\u0101rsniedz 600\u00a0mm, l\u016bkai ir divi aizsl\u0113gi.<\/p>\n","protected":false},"excerpt":{"rendered":"<p>No cinkota t\u0113rauda izgatavota rev\u012bzijas l\u016bka, balta\u00a0RAL9016. Uzst\u0101d\u012b\u0161anai sien\u0101 un griestos. Aizsl\u0113dzama ar kvadr\u0101tveida atsl\u0113gu.<\/p>\n","protected":false},"featured_media":614,"comment_status":"closed","ping_status":"closed","template":"","meta":{"_acf_changed":false},"product_brand":[],"product_cat":[4541,4540],"product_tag":[],"class_list":{"0":"post-19105","1":"product","2":"type-product","3":"status-publish","4":"has-post-thumbnail","6":"product_cat-tarkastusluukut-lv","7":"product_cat-mittatilaus-tarkastusluukut-lv","9":"first","10":"instock","11":"shipping-taxable","12":"product-type-simple"},"acf":[],"yoast_head":"<!-- This site is optimized with the Yoast SEO plugin v25.5 - https:\/\/yoast.com\/wordpress\/plugins\/seo\/ -->\n<title>ACH INSPEKCIJAS L\u016aKA 150X150MM BALTA RAL9016 - Duuri Oy<\/title>\n<meta name=\"robots\" content=\"index, follow, max-snippet:-1, max-image-preview:large, max-video-preview:-1\" \/>\n<link rel=\"canonical\" href=\"https:\/\/www.duuri.fi\/lv\/ach-inspekcijas-luka-150x150mm-balta-ral9016\/\" \/>\n<meta property=\"og:locale\" content=\"lv_LV\" \/>\n<meta property=\"og:type\" content=\"article\" \/>\n<meta property=\"og:title\" content=\"ACH INSPEKCIJAS L\u016aKA 150X150MM BALTA RAL9016 - Duuri Oy\" \/>\n<meta property=\"og:description\" content=\"No cinkota t\u0113rauda izgatavota rev\u012bzijas l\u016bka, balta\u00a0RAL9016. Uzst\u0101d\u012b\u0161anai sien\u0101 un griestos. Aizsl\u0113dzama ar kvadr\u0101tveida atsl\u0113gu.\" \/>\n<meta property=\"og:url\" content=\"https:\/\/www.duuri.fi\/lv\/ach-inspekcijas-luka-150x150mm-balta-ral9016\/\" \/>\n<meta property=\"og:site_name\" content=\"Duuri Oy\" \/>\n<meta property=\"article:modified_time\" content=\"2026-03-06T04:49:00+00:00\" \/>\n<meta property=\"og:image\" content=\"https:\/\/www.duuri.fi\/wp-content\/uploads\/2020\/08\/T1_ACH-150.jpg\" \/>\n\t<meta property=\"og:image:width\" content=\"2126\" \/>\n\t<meta property=\"og:image:height\" content=\"1882\" \/>\n\t<meta property=\"og:image:type\" content=\"image\/jpeg\" \/>\n<meta name=\"twitter:card\" content=\"summary_large_image\" \/>\n<script type=\"application\/ld+json\" class=\"yoast-schema-graph\">{\"@context\":\"https:\/\/schema.org\",\"@graph\":[{\"@type\":\"WebPage\",\"@id\":\"https:\/\/www.duuri.fi\/lv\/ach-inspekcijas-luka-150x150mm-balta-ral9016\/\",\"url\":\"https:\/\/www.duuri.fi\/lv\/ach-inspekcijas-luka-150x150mm-balta-ral9016\/\",\"name\":\"ACH INSPEKCIJAS L\u016aKA 150X150MM BALTA RAL9016 - Duuri Oy\",\"isPartOf\":{\"@id\":\"https:\/\/www.duuri.fi\/sv\/#website\"},\"primaryImageOfPage\":{\"@id\":\"https:\/\/www.duuri.fi\/lv\/ach-inspekcijas-luka-150x150mm-balta-ral9016\/#primaryimage\"},\"image\":{\"@id\":\"https:\/\/www.duuri.fi\/lv\/ach-inspekcijas-luka-150x150mm-balta-ral9016\/#primaryimage\"},\"thumbnailUrl\":\"https:\/\/www.duuri.fi\/wp-content\/uploads\/2020\/08\/T1_ACH-150.jpg\",\"datePublished\":\"2020-09-04T04:01:41+00:00\",\"dateModified\":\"2026-03-06T04:49:00+00:00\",\"breadcrumb\":{\"@id\":\"https:\/\/www.duuri.fi\/lv\/ach-inspekcijas-luka-150x150mm-balta-ral9016\/#breadcrumb\"},\"inLanguage\":\"lv-LV\",\"potentialAction\":[{\"@type\":\"ReadAction\",\"target\":[\"https:\/\/www.duuri.fi\/lv\/ach-inspekcijas-luka-150x150mm-balta-ral9016\/\"]}]},{\"@type\":\"ImageObject\",\"inLanguage\":\"lv-LV\",\"@id\":\"https:\/\/www.duuri.fi\/lv\/ach-inspekcijas-luka-150x150mm-balta-ral9016\/#primaryimage\",\"url\":\"https:\/\/www.duuri.fi\/wp-content\/uploads\/2020\/08\/T1_ACH-150.jpg\",\"contentUrl\":\"https:\/\/www.duuri.fi\/wp-content\/uploads\/2020\/08\/T1_ACH-150.jpg\",\"width\":2126,\"height\":1882},{\"@type\":\"BreadcrumbList\",\"@id\":\"https:\/\/www.duuri.fi\/lv\/ach-inspekcijas-luka-150x150mm-balta-ral9016\/#breadcrumb\",\"itemListElement\":[{\"@type\":\"ListItem\",\"position\":1,\"name\":\"Home\",\"item\":\"https:\/\/www.duuri.fi\/lv\/\"},{\"@type\":\"ListItem\",\"position\":2,\"name\":\"Produkter\",\"item\":\"https:\/\/www.duuri.fi\/sv\/produkter\/\"},{\"@type\":\"ListItem\",\"position\":3,\"name\":\"ACH INSPEKCIJAS L\u016aKA 150X150MM BALTA RAL9016\"}]},{\"@type\":\"WebSite\",\"@id\":\"https:\/\/www.duuri.fi\/sv\/#website\",\"url\":\"https:\/\/www.duuri.fi\/sv\/\",\"name\":\"Duuri Oy\",\"description\":\"Tuotteet ja asiantuntijapalvelut kodin sisustuksen ja julkisten tilojen viimeistelyyn\",\"publisher\":{\"@id\":\"https:\/\/www.duuri.fi\/sv\/#organization\"},\"potentialAction\":[{\"@type\":\"SearchAction\",\"target\":{\"@type\":\"EntryPoint\",\"urlTemplate\":\"https:\/\/www.duuri.fi\/sv\/?s={search_term_string}\"},\"query-input\":{\"@type\":\"PropertyValueSpecification\",\"valueRequired\":true,\"valueName\":\"search_term_string\"}}],\"inLanguage\":\"lv-LV\"},{\"@type\":\"Organization\",\"@id\":\"https:\/\/www.duuri.fi\/sv\/#organization\",\"name\":\"Duuri Oy\",\"url\":\"https:\/\/www.duuri.fi\/sv\/\",\"logo\":{\"@type\":\"ImageObject\",\"inLanguage\":\"lv-LV\",\"@id\":\"https:\/\/www.duuri.fi\/sv\/#\/schema\/logo\/image\/\",\"url\":\"https:\/\/www.duuri.fi\/wp-content\/uploads\/2020\/08\/Duuri_uusi-logo.png\",\"contentUrl\":\"https:\/\/www.duuri.fi\/wp-content\/uploads\/2020\/08\/Duuri_uusi-logo.png\",\"width\":242,\"height\":91,\"caption\":\"Duuri Oy\"},\"image\":{\"@id\":\"https:\/\/www.duuri.fi\/sv\/#\/schema\/logo\/image\/\"}}]}<\/script>\n<!-- \/ Yoast SEO plugin. -->","yoast_head_json":{"title":"ACH INSPEKCIJAS L\u016aKA 150X150MM BALTA RAL9016 - Duuri Oy","robots":{"index":"index","follow":"follow","max-snippet":"max-snippet:-1","max-image-preview":"max-image-preview:large","max-video-preview":"max-video-preview:-1"},"canonical":"https:\/\/www.duuri.fi\/lv\/ach-inspekcijas-luka-150x150mm-balta-ral9016\/","og_locale":"lv_LV","og_type":"article","og_title":"ACH INSPEKCIJAS L\u016aKA 150X150MM BALTA RAL9016 - Duuri Oy","og_description":"No cinkota t\u0113rauda izgatavota rev\u012bzijas l\u016bka, balta\u00a0RAL9016. Uzst\u0101d\u012b\u0161anai sien\u0101 un griestos. Aizsl\u0113dzama ar kvadr\u0101tveida atsl\u0113gu.","og_url":"https:\/\/www.duuri.fi\/lv\/ach-inspekcijas-luka-150x150mm-balta-ral9016\/","og_site_name":"Duuri Oy","article_modified_time":"2026-03-06T04:49:00+00:00","og_image":[{"width":2126,"height":1882,"url":"https:\/\/www.duuri.fi\/wp-content\/uploads\/2020\/08\/T1_ACH-150.jpg","type":"image\/jpeg"}],"twitter_card":"summary_large_image","schema":{"@context":"https:\/\/schema.org","@graph":[{"@type":"WebPage","@id":"https:\/\/www.duuri.fi\/lv\/ach-inspekcijas-luka-150x150mm-balta-ral9016\/","url":"https:\/\/www.duuri.fi\/lv\/ach-inspekcijas-luka-150x150mm-balta-ral9016\/","name":"ACH INSPEKCIJAS L\u016aKA 150X150MM BALTA RAL9016 - Duuri Oy","isPartOf":{"@id":"https:\/\/www.duuri.fi\/sv\/#website"},"primaryImageOfPage":{"@id":"https:\/\/www.duuri.fi\/lv\/ach-inspekcijas-luka-150x150mm-balta-ral9016\/#primaryimage"},"image":{"@id":"https:\/\/www.duuri.fi\/lv\/ach-inspekcijas-luka-150x150mm-balta-ral9016\/#primaryimage"},"thumbnailUrl":"https:\/\/www.duuri.fi\/wp-content\/uploads\/2020\/08\/T1_ACH-150.jpg","datePublished":"2020-09-04T04:01:41+00:00","dateModified":"2026-03-06T04:49:00+00:00","breadcrumb":{"@id":"https:\/\/www.duuri.fi\/lv\/ach-inspekcijas-luka-150x150mm-balta-ral9016\/#breadcrumb"},"inLanguage":"lv-LV","potentialAction":[{"@type":"ReadAction","target":["https:\/\/www.duuri.fi\/lv\/ach-inspekcijas-luka-150x150mm-balta-ral9016\/"]}]},{"@type":"ImageObject","inLanguage":"lv-LV","@id":"https:\/\/www.duuri.fi\/lv\/ach-inspekcijas-luka-150x150mm-balta-ral9016\/#primaryimage","url":"https:\/\/www.duuri.fi\/wp-content\/uploads\/2020\/08\/T1_ACH-150.jpg","contentUrl":"https:\/\/www.duuri.fi\/wp-content\/uploads\/2020\/08\/T1_ACH-150.jpg","width":2126,"height":1882},{"@type":"BreadcrumbList","@id":"https:\/\/www.duuri.fi\/lv\/ach-inspekcijas-luka-150x150mm-balta-ral9016\/#breadcrumb","itemListElement":[{"@type":"ListItem","position":1,"name":"Home","item":"https:\/\/www.duuri.fi\/lv\/"},{"@type":"ListItem","position":2,"name":"Produkter","item":"https:\/\/www.duuri.fi\/sv\/produkter\/"},{"@type":"ListItem","position":3,"name":"ACH INSPEKCIJAS L\u016aKA 150X150MM BALTA RAL9016"}]},{"@type":"WebSite","@id":"https:\/\/www.duuri.fi\/sv\/#website","url":"https:\/\/www.duuri.fi\/sv\/","name":"Duuri Oy","description":"Tuotteet ja asiantuntijapalvelut kodin sisustuksen ja julkisten tilojen viimeistelyyn","publisher":{"@id":"https:\/\/www.duuri.fi\/sv\/#organization"},"potentialAction":[{"@type":"SearchAction","target":{"@type":"EntryPoint","urlTemplate":"https:\/\/www.duuri.fi\/sv\/?s={search_term_string}"},"query-input":{"@type":"PropertyValueSpecification","valueRequired":true,"valueName":"search_term_string"}}],"inLanguage":"lv-LV"},{"@type":"Organization","@id":"https:\/\/www.duuri.fi\/sv\/#organization","name":"Duuri Oy","url":"https:\/\/www.duuri.fi\/sv\/","logo":{"@type":"ImageObject","inLanguage":"lv-LV","@id":"https:\/\/www.duuri.fi\/sv\/#\/schema\/logo\/image\/","url":"https:\/\/www.duuri.fi\/wp-content\/uploads\/2020\/08\/Duuri_uusi-logo.png","contentUrl":"https:\/\/www.duuri.fi\/wp-content\/uploads\/2020\/08\/Duuri_uusi-logo.png","width":242,"height":91,"caption":"Duuri Oy"},"image":{"@id":"https:\/\/www.duuri.fi\/sv\/#\/schema\/logo\/image\/"}}]}},"_links":{"self":[{"href":"https:\/\/www.duuri.fi\/lv\/wp-json\/wp\/v2\/product\/19105","targetHints":{"allow":["GET"]}}],"collection":[{"href":"https:\/\/www.duuri.fi\/lv\/wp-json\/wp\/v2\/product"}],"about":[{"href":"https:\/\/www.duuri.fi\/lv\/wp-json\/wp\/v2\/types\/product"}],"replies":[{"embeddable":true,"href":"https:\/\/www.duuri.fi\/lv\/wp-json\/wp\/v2\/comments?post=19105"}],"wp:featuredmedia":[{"embeddable":true,"href":"https:\/\/www.duuri.fi\/lv\/wp-json\/wp\/v2\/media\/614"}],"wp:attachment":[{"href":"https:\/\/www.duuri.fi\/lv\/wp-json\/wp\/v2\/media?parent=19105"}],"wp:term":[{"taxonomy":"product_brand","embeddable":true,"href":"https:\/\/www.duuri.fi\/lv\/wp-json\/wp\/v2\/product_brand?post=19105"},{"taxonomy":"product_cat","embeddable":true,"href":"https:\/\/www.duuri.fi\/lv\/wp-json\/wp\/v2\/product_cat?post=19105"},{"taxonomy":"product_tag","embeddable":true,"href":"https:\/\/www.duuri.fi\/lv\/wp-json\/wp\/v2\/product_tag?post=19105"}],"curies":[{"name":"wp","href":"https:\/\/api.w.org\/{rel}","templated":true}]}}