{"id":18753,"date":"2020-08-05T13:23:34","date_gmt":"2020-08-05T10:23:34","guid":{"rendered":"https:\/\/www.duuri.fi\/askelkulmalista-30x30mm-hopea-anodisoitu-uritettu-900mm\/"},"modified":"2026-03-04T06:13:00","modified_gmt":"2026-03-04T04:13:00","slug":"kapnu-profils-30x30mm-sudrabs-rievots-900mm","status":"publish","type":"product","link":"https:\/\/www.duuri.fi\/lv\/kapnu-profils-30x30mm-sudrabs-rievots-900mm\/","title":{"rendered":"K\u0100P\u0145U PROFILS 30X30MM SUDRABS RIEVOTS 900MM"},"content":{"rendered":"","protected":false},"excerpt":{"rendered":"<p>K\u0101p\u0146u st\u016bra profils Dione ar l\u012bmes stiprin\u0101jumu. Ar rievotu virsmu. Sudraba kr\u0101s\u0101 anod\u0113ta alum\u012bnija. Platums: 30\u00a0mm. Augstums: 30\u00a0mm. Garums: 900\u00a0mm.<\/p>\n","protected":false},"featured_media":18754,"comment_status":"closed","ping_status":"closed","template":"","meta":{"_acf_changed":false},"product_brand":[],"product_cat":[4327,4324],"product_tag":[],"class_list":{"0":"post-18753","1":"product","2":"type-product","3":"status-publish","4":"has-post-thumbnail","6":"product_cat-lattialistat-lv","7":"product_cat-askelkulmalistat-lv","9":"first","10":"instock","11":"shipping-taxable","12":"product-type-simple"},"acf":[],"yoast_head":"<!-- This site is optimized with the Yoast SEO plugin v25.5 - https:\/\/yoast.com\/wordpress\/plugins\/seo\/ -->\n<title>K\u0100P\u0145U PROFILS 30X30MM SUDRABS RIEVOTS 900MM - Duuri Oy<\/title>\n<meta name=\"robots\" content=\"index, follow, max-snippet:-1, max-image-preview:large, max-video-preview:-1\" \/>\n<link rel=\"canonical\" href=\"https:\/\/www.duuri.fi\/askelkulmalista-30x30mm-hopea-anodisoitu-uritettu-900mm\/\" \/>\n<meta property=\"og:locale\" content=\"lv_LV\" \/>\n<meta property=\"og:type\" content=\"article\" \/>\n<meta property=\"og:title\" content=\"K\u0100P\u0145U PROFILS 30X30MM SUDRABS RIEVOTS 900MM - Duuri Oy\" \/>\n<meta property=\"og:description\" content=\"K\u0101p\u0146u st\u016bra profils Dione ar l\u012bmes stiprin\u0101jumu. Ar rievotu virsmu. Sudraba kr\u0101s\u0101 anod\u0113ta alum\u012bnija. Platums: 30\u00a0mm. Augstums: 30\u00a0mm. Garums: 900\u00a0mm.\" \/>\n<meta property=\"og:url\" content=\"https:\/\/www.duuri.fi\/askelkulmalista-30x30mm-hopea-anodisoitu-uritettu-900mm\/\" \/>\n<meta property=\"og:site_name\" content=\"Duuri Oy\" \/>\n<meta property=\"article:modified_time\" content=\"2026-03-04T04:13:00+00:00\" \/>\n<meta property=\"og:image\" content=\"https:\/\/www.duuri.fi\/wp-content\/uploads\/2020\/08\/T1_D8-HE-90-R.jpg\" \/>\n\t<meta property=\"og:image:width\" content=\"2375\" \/>\n\t<meta property=\"og:image:height\" content=\"1583\" \/>\n\t<meta property=\"og:image:type\" content=\"image\/jpeg\" \/>\n<meta name=\"twitter:card\" content=\"summary_large_image\" \/>\n<script type=\"application\/ld+json\" class=\"yoast-schema-graph\">{\"@context\":\"https:\/\/schema.org\",\"@graph\":[{\"@type\":\"WebPage\",\"@id\":\"https:\/\/www.duuri.fi\/askelkulmalista-30x30mm-hopea-anodisoitu-uritettu-900mm\/\",\"url\":\"https:\/\/www.duuri.fi\/askelkulmalista-30x30mm-hopea-anodisoitu-uritettu-900mm\/\",\"name\":\"K\u0100P\u0145U PROFILS 30X30MM SUDRABS RIEVOTS 900MM - Duuri Oy\",\"isPartOf\":{\"@id\":\"https:\/\/www.duuri.fi\/sv\/#website\"},\"primaryImageOfPage\":{\"@id\":\"https:\/\/www.duuri.fi\/askelkulmalista-30x30mm-hopea-anodisoitu-uritettu-900mm\/#primaryimage\"},\"image\":{\"@id\":\"https:\/\/www.duuri.fi\/askelkulmalista-30x30mm-hopea-anodisoitu-uritettu-900mm\/#primaryimage\"},\"thumbnailUrl\":\"https:\/\/www.duuri.fi\/wp-content\/uploads\/2020\/08\/T1_D8-HE-90-R.jpg\",\"datePublished\":\"2020-08-05T10:23:34+00:00\",\"dateModified\":\"2026-03-04T04:13:00+00:00\",\"breadcrumb\":{\"@id\":\"https:\/\/www.duuri.fi\/askelkulmalista-30x30mm-hopea-anodisoitu-uritettu-900mm\/#breadcrumb\"},\"inLanguage\":\"lv-LV\",\"potentialAction\":[{\"@type\":\"ReadAction\",\"target\":[\"https:\/\/www.duuri.fi\/askelkulmalista-30x30mm-hopea-anodisoitu-uritettu-900mm\/\"]}]},{\"@type\":\"ImageObject\",\"inLanguage\":\"lv-LV\",\"@id\":\"https:\/\/www.duuri.fi\/askelkulmalista-30x30mm-hopea-anodisoitu-uritettu-900mm\/#primaryimage\",\"url\":\"https:\/\/www.duuri.fi\/wp-content\/uploads\/2020\/08\/T1_D8-HE-90-R.jpg\",\"contentUrl\":\"https:\/\/www.duuri.fi\/wp-content\/uploads\/2020\/08\/T1_D8-HE-90-R.jpg\",\"width\":2375,\"height\":1583},{\"@type\":\"BreadcrumbList\",\"@id\":\"https:\/\/www.duuri.fi\/askelkulmalista-30x30mm-hopea-anodisoitu-uritettu-900mm\/#breadcrumb\",\"itemListElement\":[{\"@type\":\"ListItem\",\"position\":1,\"name\":\"Home\",\"item\":\"https:\/\/www.duuri.fi\/lv\/\"},{\"@type\":\"ListItem\",\"position\":2,\"name\":\"Produkter\",\"item\":\"https:\/\/www.duuri.fi\/sv\/produkter\/\"},{\"@type\":\"ListItem\",\"position\":3,\"name\":\"K\u0100P\u0145U PROFILS 30X30MM SUDRABS RIEVOTS 900MM\"}]},{\"@type\":\"WebSite\",\"@id\":\"https:\/\/www.duuri.fi\/sv\/#website\",\"url\":\"https:\/\/www.duuri.fi\/sv\/\",\"name\":\"Duuri Oy\",\"description\":\"Tuotteet ja asiantuntijapalvelut kodin sisustuksen ja julkisten tilojen viimeistelyyn\",\"publisher\":{\"@id\":\"https:\/\/www.duuri.fi\/sv\/#organization\"},\"potentialAction\":[{\"@type\":\"SearchAction\",\"target\":{\"@type\":\"EntryPoint\",\"urlTemplate\":\"https:\/\/www.duuri.fi\/sv\/?s={search_term_string}\"},\"query-input\":{\"@type\":\"PropertyValueSpecification\",\"valueRequired\":true,\"valueName\":\"search_term_string\"}}],\"inLanguage\":\"lv-LV\"},{\"@type\":\"Organization\",\"@id\":\"https:\/\/www.duuri.fi\/sv\/#organization\",\"name\":\"Duuri Oy\",\"url\":\"https:\/\/www.duuri.fi\/sv\/\",\"logo\":{\"@type\":\"ImageObject\",\"inLanguage\":\"lv-LV\",\"@id\":\"https:\/\/www.duuri.fi\/sv\/#\/schema\/logo\/image\/\",\"url\":\"https:\/\/www.duuri.fi\/wp-content\/uploads\/2020\/08\/Duuri_uusi-logo.png\",\"contentUrl\":\"https:\/\/www.duuri.fi\/wp-content\/uploads\/2020\/08\/Duuri_uusi-logo.png\",\"width\":242,\"height\":91,\"caption\":\"Duuri Oy\"},\"image\":{\"@id\":\"https:\/\/www.duuri.fi\/sv\/#\/schema\/logo\/image\/\"}}]}<\/script>\n<!-- \/ Yoast SEO plugin. -->","yoast_head_json":{"title":"K\u0100P\u0145U PROFILS 30X30MM SUDRABS RIEVOTS 900MM - Duuri Oy","robots":{"index":"index","follow":"follow","max-snippet":"max-snippet:-1","max-image-preview":"max-image-preview:large","max-video-preview":"max-video-preview:-1"},"canonical":"https:\/\/www.duuri.fi\/askelkulmalista-30x30mm-hopea-anodisoitu-uritettu-900mm\/","og_locale":"lv_LV","og_type":"article","og_title":"K\u0100P\u0145U PROFILS 30X30MM SUDRABS RIEVOTS 900MM - Duuri Oy","og_description":"K\u0101p\u0146u st\u016bra profils Dione ar l\u012bmes stiprin\u0101jumu. Ar rievotu virsmu. Sudraba kr\u0101s\u0101 anod\u0113ta alum\u012bnija. Platums: 30\u00a0mm. Augstums: 30\u00a0mm. Garums: 900\u00a0mm.","og_url":"https:\/\/www.duuri.fi\/askelkulmalista-30x30mm-hopea-anodisoitu-uritettu-900mm\/","og_site_name":"Duuri Oy","article_modified_time":"2026-03-04T04:13:00+00:00","og_image":[{"width":2375,"height":1583,"url":"https:\/\/www.duuri.fi\/wp-content\/uploads\/2020\/08\/T1_D8-HE-90-R.jpg","type":"image\/jpeg"}],"twitter_card":"summary_large_image","schema":{"@context":"https:\/\/schema.org","@graph":[{"@type":"WebPage","@id":"https:\/\/www.duuri.fi\/askelkulmalista-30x30mm-hopea-anodisoitu-uritettu-900mm\/","url":"https:\/\/www.duuri.fi\/askelkulmalista-30x30mm-hopea-anodisoitu-uritettu-900mm\/","name":"K\u0100P\u0145U PROFILS 30X30MM SUDRABS RIEVOTS 900MM - Duuri Oy","isPartOf":{"@id":"https:\/\/www.duuri.fi\/sv\/#website"},"primaryImageOfPage":{"@id":"https:\/\/www.duuri.fi\/askelkulmalista-30x30mm-hopea-anodisoitu-uritettu-900mm\/#primaryimage"},"image":{"@id":"https:\/\/www.duuri.fi\/askelkulmalista-30x30mm-hopea-anodisoitu-uritettu-900mm\/#primaryimage"},"thumbnailUrl":"https:\/\/www.duuri.fi\/wp-content\/uploads\/2020\/08\/T1_D8-HE-90-R.jpg","datePublished":"2020-08-05T10:23:34+00:00","dateModified":"2026-03-04T04:13:00+00:00","breadcrumb":{"@id":"https:\/\/www.duuri.fi\/askelkulmalista-30x30mm-hopea-anodisoitu-uritettu-900mm\/#breadcrumb"},"inLanguage":"lv-LV","potentialAction":[{"@type":"ReadAction","target":["https:\/\/www.duuri.fi\/askelkulmalista-30x30mm-hopea-anodisoitu-uritettu-900mm\/"]}]},{"@type":"ImageObject","inLanguage":"lv-LV","@id":"https:\/\/www.duuri.fi\/askelkulmalista-30x30mm-hopea-anodisoitu-uritettu-900mm\/#primaryimage","url":"https:\/\/www.duuri.fi\/wp-content\/uploads\/2020\/08\/T1_D8-HE-90-R.jpg","contentUrl":"https:\/\/www.duuri.fi\/wp-content\/uploads\/2020\/08\/T1_D8-HE-90-R.jpg","width":2375,"height":1583},{"@type":"BreadcrumbList","@id":"https:\/\/www.duuri.fi\/askelkulmalista-30x30mm-hopea-anodisoitu-uritettu-900mm\/#breadcrumb","itemListElement":[{"@type":"ListItem","position":1,"name":"Home","item":"https:\/\/www.duuri.fi\/lv\/"},{"@type":"ListItem","position":2,"name":"Produkter","item":"https:\/\/www.duuri.fi\/sv\/produkter\/"},{"@type":"ListItem","position":3,"name":"K\u0100P\u0145U PROFILS 30X30MM SUDRABS RIEVOTS 900MM"}]},{"@type":"WebSite","@id":"https:\/\/www.duuri.fi\/sv\/#website","url":"https:\/\/www.duuri.fi\/sv\/","name":"Duuri Oy","description":"Tuotteet ja asiantuntijapalvelut kodin sisustuksen ja julkisten tilojen viimeistelyyn","publisher":{"@id":"https:\/\/www.duuri.fi\/sv\/#organization"},"potentialAction":[{"@type":"SearchAction","target":{"@type":"EntryPoint","urlTemplate":"https:\/\/www.duuri.fi\/sv\/?s={search_term_string}"},"query-input":{"@type":"PropertyValueSpecification","valueRequired":true,"valueName":"search_term_string"}}],"inLanguage":"lv-LV"},{"@type":"Organization","@id":"https:\/\/www.duuri.fi\/sv\/#organization","name":"Duuri Oy","url":"https:\/\/www.duuri.fi\/sv\/","logo":{"@type":"ImageObject","inLanguage":"lv-LV","@id":"https:\/\/www.duuri.fi\/sv\/#\/schema\/logo\/image\/","url":"https:\/\/www.duuri.fi\/wp-content\/uploads\/2020\/08\/Duuri_uusi-logo.png","contentUrl":"https:\/\/www.duuri.fi\/wp-content\/uploads\/2020\/08\/Duuri_uusi-logo.png","width":242,"height":91,"caption":"Duuri Oy"},"image":{"@id":"https:\/\/www.duuri.fi\/sv\/#\/schema\/logo\/image\/"}}]}},"_links":{"self":[{"href":"https:\/\/www.duuri.fi\/lv\/wp-json\/wp\/v2\/product\/18753","targetHints":{"allow":["GET"]}}],"collection":[{"href":"https:\/\/www.duuri.fi\/lv\/wp-json\/wp\/v2\/product"}],"about":[{"href":"https:\/\/www.duuri.fi\/lv\/wp-json\/wp\/v2\/types\/product"}],"replies":[{"embeddable":true,"href":"https:\/\/www.duuri.fi\/lv\/wp-json\/wp\/v2\/comments?post=18753"}],"wp:featuredmedia":[{"embeddable":true,"href":"https:\/\/www.duuri.fi\/lv\/wp-json\/wp\/v2\/media\/18754"}],"wp:attachment":[{"href":"https:\/\/www.duuri.fi\/lv\/wp-json\/wp\/v2\/media?parent=18753"}],"wp:term":[{"taxonomy":"product_brand","embeddable":true,"href":"https:\/\/www.duuri.fi\/lv\/wp-json\/wp\/v2\/product_brand?post=18753"},{"taxonomy":"product_cat","embeddable":true,"href":"https:\/\/www.duuri.fi\/lv\/wp-json\/wp\/v2\/product_cat?post=18753"},{"taxonomy":"product_tag","embeddable":true,"href":"https:\/\/www.duuri.fi\/lv\/wp-json\/wp\/v2\/product_tag?post=18753"}],"curies":[{"name":"wp","href":"https:\/\/api.w.org\/{rel}","templated":true}]}}