{"id":38150,"date":"2021-10-19T16:33:18","date_gmt":"2021-10-19T13:33:18","guid":{"rendered":"https:\/\/www.duuri.fi\/?page_id=38150"},"modified":"2023-09-20T20:01:09","modified_gmt":"2023-09-20T17:01:09","slug":"produktu-katalogi","status":"publish","type":"page","link":"https:\/\/www.duuri.fi\/lv\/materialu-banka\/produktu-katalogi\/","title":{"rendered":"Produktu katalogi"},"content":{"rendered":"<div class=\"row\"  id=\"row-1398168187\">\n\n\t<div id=\"col-150156779\" class=\"col small-12 large-12\"  >\n\t\t\t\t<div class=\"col-inner\"  >\n\t\t\t\n\t\t\t\n<h1>Produktu katalogi<\/h1>\n<p class=\"lead\">J\u016bs varat p\u0101rl\u016bkot m\u016bsu bro\u0161\u016bras un lejupiel\u0101d\u0113t PDF failus sav\u0101 dator\u0101.<\/p>\n\t\t<\/div>\n\t\t\t\t\t<\/div>\n\n\t\n\n\t<div id=\"col-2102917032\" class=\"col small-12 large-12\"  >\n\t\t\t\t<div class=\"col-inner\"  >\n\t\t\t\n\t\t\t\r\n<div class=\"row\" id=\"row-737741057-custom\">\r\n        <div class=\"col medium-6 small-12 large-3\">\r\n        <div class=\"col-inner text-left\">\r\n\r\n\r\n            <div class=\"box has-hover   has-hover box-text-bottom\">\r\n\r\n                <div class=\"box-image\">\r\n                    <div class=\"image-cover\" style=\"padding-top:125%;\">\r\n                                                <img loading=\"lazy\" decoding=\"async\" width=\"744\" height=\"1088\" src=\"https:\/\/www.duuri.fi\/wp-content\/uploads\/2021\/10\/Dione_new_products_2021_cover-e1634649200603.jpg\" sizes=\"auto, (max-width: 744px) 100vw, 744px\">\r\n                                            <\/div>\r\n                <\/div>\r\n\r\n                <div class=\"box-text text-left\" style=\"background-color:rgb(242, 242, 242);padding:10px 10px 10px 10px;\">\r\n                    <div class=\"box-text-inner\">\r\n                                                <h3>Dione New Products 2021<\/h3>\r\n                        \r\n                                                <p>New decoration trims and profiles.<\/p>\r\n                        \r\n                                                <a href=\"#lightbox-reader-0\" target=\"_self\" class=\"button primary is-outline\">\r\n                            <span>Las\u012bt<\/span>\r\n                        <\/a>\r\n                        \r\n                                                <a href=\"https:\/\/www.duuri.fi\/wp-content\/uploads\/2021\/04\/UUTUUSESITE_2021_web.pdf\" download=\"\" class=\"button primary is-outline\">\r\n                            <span>Lejupiel\u0101d\u0113t<\/span>\r\n                        <\/a>\r\n                        \r\n                                                <div id=\"lightbox-reader-0\" class=\"lightbox-by-id lightbox-content mfp-hide lightbox-white \" style=\"max-width:1200px ;padding:20px\">\r\n                            <iframe style=\"border: none; width: 100%; height: 640px;\" src=\"\/\/e.issuu.com\/embed.html?d=uutuusesite_2021_web&amp;hideIssuuLogo=true&amp;hideShareButton=true&amp;u=duuri0\r\n\"allowfullscreen=\"allowfullscreen\"><\/iframe>                        <\/div>\r\n                                            <\/div>\r\n                <\/div>\r\n            <\/div>\r\n        <\/div>\r\n    <\/div>\r\n        <div class=\"col medium-6 small-12 large-3\">\r\n        <div class=\"col-inner text-left\">\r\n\r\n\r\n            <div class=\"box has-hover   has-hover box-text-bottom\">\r\n\r\n                <div class=\"box-image\">\r\n                    <div class=\"image-cover\" style=\"padding-top:125%;\">\r\n                                            <\/div>\r\n                <\/div>\r\n\r\n                <div class=\"box-text text-left\" style=\"background-color:rgb(242, 242, 242);padding:10px 10px 10px 10px;\">\r\n                    <div class=\"box-text-inner\">\r\n                        \r\n                        \r\n                        \r\n                        \r\n                                            <\/div>\r\n                <\/div>\r\n            <\/div>\r\n        <\/div>\r\n    <\/div>\r\n    <\/div>\n\n\t\t<\/div>\n\t\t\t\t\t<\/div>\n\n\t\n<\/div>\n","protected":false},"excerpt":{"rendered":"","protected":false},"author":12,"featured_media":0,"parent":36880,"menu_order":0,"comment_status":"closed","ping_status":"closed","template":"","meta":{"_acf_changed":false,"footnotes":""},"class_list":["post-38150","page","type-page","status-publish","hentry"],"acf":[],"yoast_head":"<!-- This site is optimized with the Yoast SEO plugin v25.5 - https:\/\/yoast.com\/wordpress\/plugins\/seo\/ -->\n<title>Produktu katalogi - Duuri Oy<\/title>\n<meta name=\"robots\" content=\"index, follow, max-snippet:-1, max-image-preview:large, max-video-preview:-1\" \/>\n<link rel=\"canonical\" href=\"https:\/\/www.duuri.fi\/lv\/materialu-banka\/produktu-katalogi\/\" \/>\n<meta property=\"og:locale\" content=\"lv_LV\" \/>\n<meta property=\"og:type\" content=\"article\" \/>\n<meta property=\"og:title\" content=\"Produktu katalogi - Duuri Oy\" \/>\n<meta property=\"og:url\" content=\"https:\/\/www.duuri.fi\/lv\/materialu-banka\/produktu-katalogi\/\" \/>\n<meta property=\"og:site_name\" content=\"Duuri Oy\" \/>\n<meta property=\"article:modified_time\" content=\"2023-09-20T17:01:09+00:00\" \/>\n<meta name=\"twitter:card\" content=\"summary_large_image\" \/>\n<meta name=\"twitter:label1\" content=\"Est. reading time\" \/>\n\t<meta name=\"twitter:data1\" content=\"1 minute\" \/>\n<script type=\"application\/ld+json\" class=\"yoast-schema-graph\">{\"@context\":\"https:\/\/schema.org\",\"@graph\":[{\"@type\":\"WebPage\",\"@id\":\"https:\/\/www.duuri.fi\/lv\/materialu-banka\/produktu-katalogi\/\",\"url\":\"https:\/\/www.duuri.fi\/lv\/materialu-banka\/produktu-katalogi\/\",\"name\":\"Produktu katalogi - Duuri Oy\",\"isPartOf\":{\"@id\":\"https:\/\/www.duuri.fi\/sv\/#website\"},\"datePublished\":\"2021-10-19T13:33:18+00:00\",\"dateModified\":\"2023-09-20T17:01:09+00:00\",\"breadcrumb\":{\"@id\":\"https:\/\/www.duuri.fi\/lv\/materialu-banka\/produktu-katalogi\/#breadcrumb\"},\"inLanguage\":\"lv-LV\",\"potentialAction\":[{\"@type\":\"ReadAction\",\"target\":[\"https:\/\/www.duuri.fi\/lv\/materialu-banka\/produktu-katalogi\/\"]}]},{\"@type\":\"BreadcrumbList\",\"@id\":\"https:\/\/www.duuri.fi\/lv\/materialu-banka\/produktu-katalogi\/#breadcrumb\",\"itemListElement\":[{\"@type\":\"ListItem\",\"position\":1,\"name\":\"Home\",\"item\":\"https:\/\/www.duuri.fi\/lv\/\"},{\"@type\":\"ListItem\",\"position\":2,\"name\":\"Materi\u0101lu banka\",\"item\":\"https:\/\/www.duuri.fi\/lv\/materialu-banka\/\"},{\"@type\":\"ListItem\",\"position\":3,\"name\":\"Produktu katalogi\"}]},{\"@type\":\"WebSite\",\"@id\":\"https:\/\/www.duuri.fi\/sv\/#website\",\"url\":\"https:\/\/www.duuri.fi\/sv\/\",\"name\":\"Duuri Oy\",\"description\":\"Tuotteet ja asiantuntijapalvelut kodin sisustuksen ja julkisten tilojen viimeistelyyn\",\"publisher\":{\"@id\":\"https:\/\/www.duuri.fi\/sv\/#organization\"},\"potentialAction\":[{\"@type\":\"SearchAction\",\"target\":{\"@type\":\"EntryPoint\",\"urlTemplate\":\"https:\/\/www.duuri.fi\/sv\/?s={search_term_string}\"},\"query-input\":{\"@type\":\"PropertyValueSpecification\",\"valueRequired\":true,\"valueName\":\"search_term_string\"}}],\"inLanguage\":\"lv-LV\"},{\"@type\":\"Organization\",\"@id\":\"https:\/\/www.duuri.fi\/sv\/#organization\",\"name\":\"Duuri Oy\",\"url\":\"https:\/\/www.duuri.fi\/sv\/\",\"logo\":{\"@type\":\"ImageObject\",\"inLanguage\":\"lv-LV\",\"@id\":\"https:\/\/www.duuri.fi\/sv\/#\/schema\/logo\/image\/\",\"url\":\"https:\/\/www.duuri.fi\/wp-content\/uploads\/2020\/08\/Duuri_uusi-logo.png\",\"contentUrl\":\"https:\/\/www.duuri.fi\/wp-content\/uploads\/2020\/08\/Duuri_uusi-logo.png\",\"width\":242,\"height\":91,\"caption\":\"Duuri Oy\"},\"image\":{\"@id\":\"https:\/\/www.duuri.fi\/sv\/#\/schema\/logo\/image\/\"}}]}<\/script>\n<!-- \/ Yoast SEO plugin. -->","yoast_head_json":{"title":"Produktu katalogi - Duuri Oy","robots":{"index":"index","follow":"follow","max-snippet":"max-snippet:-1","max-image-preview":"max-image-preview:large","max-video-preview":"max-video-preview:-1"},"canonical":"https:\/\/www.duuri.fi\/lv\/materialu-banka\/produktu-katalogi\/","og_locale":"lv_LV","og_type":"article","og_title":"Produktu katalogi - Duuri Oy","og_url":"https:\/\/www.duuri.fi\/lv\/materialu-banka\/produktu-katalogi\/","og_site_name":"Duuri Oy","article_modified_time":"2023-09-20T17:01:09+00:00","twitter_card":"summary_large_image","twitter_misc":{"Est. reading time":"1 minute"},"schema":{"@context":"https:\/\/schema.org","@graph":[{"@type":"WebPage","@id":"https:\/\/www.duuri.fi\/lv\/materialu-banka\/produktu-katalogi\/","url":"https:\/\/www.duuri.fi\/lv\/materialu-banka\/produktu-katalogi\/","name":"Produktu katalogi - Duuri Oy","isPartOf":{"@id":"https:\/\/www.duuri.fi\/sv\/#website"},"datePublished":"2021-10-19T13:33:18+00:00","dateModified":"2023-09-20T17:01:09+00:00","breadcrumb":{"@id":"https:\/\/www.duuri.fi\/lv\/materialu-banka\/produktu-katalogi\/#breadcrumb"},"inLanguage":"lv-LV","potentialAction":[{"@type":"ReadAction","target":["https:\/\/www.duuri.fi\/lv\/materialu-banka\/produktu-katalogi\/"]}]},{"@type":"BreadcrumbList","@id":"https:\/\/www.duuri.fi\/lv\/materialu-banka\/produktu-katalogi\/#breadcrumb","itemListElement":[{"@type":"ListItem","position":1,"name":"Home","item":"https:\/\/www.duuri.fi\/lv\/"},{"@type":"ListItem","position":2,"name":"Materi\u0101lu banka","item":"https:\/\/www.duuri.fi\/lv\/materialu-banka\/"},{"@type":"ListItem","position":3,"name":"Produktu katalogi"}]},{"@type":"WebSite","@id":"https:\/\/www.duuri.fi\/sv\/#website","url":"https:\/\/www.duuri.fi\/sv\/","name":"Duuri Oy","description":"Tuotteet ja asiantuntijapalvelut kodin sisustuksen ja julkisten tilojen viimeistelyyn","publisher":{"@id":"https:\/\/www.duuri.fi\/sv\/#organization"},"potentialAction":[{"@type":"SearchAction","target":{"@type":"EntryPoint","urlTemplate":"https:\/\/www.duuri.fi\/sv\/?s={search_term_string}"},"query-input":{"@type":"PropertyValueSpecification","valueRequired":true,"valueName":"search_term_string"}}],"inLanguage":"lv-LV"},{"@type":"Organization","@id":"https:\/\/www.duuri.fi\/sv\/#organization","name":"Duuri Oy","url":"https:\/\/www.duuri.fi\/sv\/","logo":{"@type":"ImageObject","inLanguage":"lv-LV","@id":"https:\/\/www.duuri.fi\/sv\/#\/schema\/logo\/image\/","url":"https:\/\/www.duuri.fi\/wp-content\/uploads\/2020\/08\/Duuri_uusi-logo.png","contentUrl":"https:\/\/www.duuri.fi\/wp-content\/uploads\/2020\/08\/Duuri_uusi-logo.png","width":242,"height":91,"caption":"Duuri Oy"},"image":{"@id":"https:\/\/www.duuri.fi\/sv\/#\/schema\/logo\/image\/"}}]}},"_links":{"self":[{"href":"https:\/\/www.duuri.fi\/lv\/wp-json\/wp\/v2\/pages\/38150","targetHints":{"allow":["GET"]}}],"collection":[{"href":"https:\/\/www.duuri.fi\/lv\/wp-json\/wp\/v2\/pages"}],"about":[{"href":"https:\/\/www.duuri.fi\/lv\/wp-json\/wp\/v2\/types\/page"}],"author":[{"embeddable":true,"href":"https:\/\/www.duuri.fi\/lv\/wp-json\/wp\/v2\/users\/12"}],"replies":[{"embeddable":true,"href":"https:\/\/www.duuri.fi\/lv\/wp-json\/wp\/v2\/comments?post=38150"}],"version-history":[{"count":29,"href":"https:\/\/www.duuri.fi\/lv\/wp-json\/wp\/v2\/pages\/38150\/revisions"}],"predecessor-version":[{"id":53755,"href":"https:\/\/www.duuri.fi\/lv\/wp-json\/wp\/v2\/pages\/38150\/revisions\/53755"}],"up":[{"embeddable":true,"href":"https:\/\/www.duuri.fi\/lv\/wp-json\/wp\/v2\/pages\/36880"}],"wp:attachment":[{"href":"https:\/\/www.duuri.fi\/lv\/wp-json\/wp\/v2\/media?parent=38150"}],"curies":[{"name":"wp","href":"https:\/\/api.w.org\/{rel}","templated":true}]}}