{"id":31038,"date":"2020-12-14T14:22:04","date_gmt":"2020-12-14T12:22:04","guid":{"rendered":"https:\/\/www.duuri.fi\/?page_id=31038"},"modified":"2022-03-03T09:45:30","modified_gmt":"2022-03-03T07:45:30","slug":"sia-d-profile","status":"publish","type":"page","link":"https:\/\/www.duuri.fi\/lv\/sia-d-profile\/","title":{"rendered":"SIA-D Profile"},"content":{"rendered":"\n\t<section class=\"section\" id=\"section_1199122773\">\n\t\t<div class=\"section-bg fill\" >\n\t\t\t\t\t\t\t\t\t\n\t\t\t\n\n\t\t<\/div>\n\n\t\t\n\n\t\t<div class=\"section-content relative\">\n\t\t\t\n<div class=\"row align-center\"  id=\"row-1167796942\">\n\n\t<div id=\"col-117834861\" class=\"col small-12 large-12\"  >\n\t\t\t\t<div class=\"col-inner text-center\"  >\n\t\t\t\n\t\t\t\n<h1>SIA-D Profile<\/h1>\n\t\t<\/div>\n\t\t\t\t\t<\/div>\n\n\t\n<\/div>\n\t\t<\/div>\n\n\t\t\n<style>\n#section_1199122773 {\n  padding-top: 30px;\n  padding-bottom: 30px;\n  margin-bottom: 160px;\n}\n<\/style>\n\t<\/section>\n\t\n\n\t<section class=\"section\" id=\"section_881695064\">\n\t\t<div class=\"section-bg fill\" >\n\t\t\t\t\t\t\t\t\t\n\t\t\t\n\n\t\t<\/div>\n\n\t\t\n\n\t\t<div class=\"section-content relative\">\n\t\t\t\n<div class=\"row align-center\"  id=\"row-1865037876\">\n\n\t<div id=\"col-2006210400\" class=\"col medium-8 small-12 large-8\"  >\n\t\t\t\t<div class=\"col-inner text-center\"  >\n\t\t\t\n\t\t\t\n\t<div class=\"img has-hover x md-x lg-x y md-y lg-y\" id=\"image_1279139122\">\n\t\t\t\t\t\t\t\t<div class=\"img-inner image-cover dark\" style=\"padding-top:50%;\">\n\t\t\t<img loading=\"lazy\" decoding=\"async\" width=\"899\" height=\"462\" src=\"https:\/\/www.duuri.fi\/wp-content\/uploads\/2020\/06\/12a102_092_1.jpg\" class=\"attachment-large size-large\" alt=\"duuri toimipiste\" srcset=\"https:\/\/www.duuri.fi\/wp-content\/uploads\/2020\/06\/12a102_092_1.jpg 899w, https:\/\/www.duuri.fi\/wp-content\/uploads\/2020\/06\/12a102_092_1-300x154.jpg 300w, https:\/\/www.duuri.fi\/wp-content\/uploads\/2020\/06\/12a102_092_1-768x395.jpg 768w, https:\/\/www.duuri.fi\/wp-content\/uploads\/2020\/06\/12a102_092_1-60x31.jpg 60w, https:\/\/www.duuri.fi\/wp-content\/uploads\/2020\/06\/12a102_092_1-600x308.jpg 600w\" sizes=\"auto, (max-width: 899px) 100vw, 899px\" \/>\t\t\t\t\t\t\n\t\t\t\t\t<\/div>\n\t\t\t\t\t\t\t\t\n<style>\n#image_1279139122 {\n  width: 100%;\n}\n<\/style>\n\t<\/div>\n\t\n<h2>STARPTAUTISKA\u00a0PIEREDZE<\/h2>\n<p><span style=\"font-size: 100%;\">Duuri Oy ir starptautisks \u0123imenes uz\u0146\u0113mums, kas p\u0113rst\u0101v\u0113ts Zieme\u013cvalst\u012bs un Baltijas valst\u012bs. Balstoties uz m\u016bsu speci\u0101listu \u010detrdesmit gadu pieredzi, varam saukt sevi par pionieriem m\u0101jas dekorat\u012bvo l\u012bstu jom\u0101. M\u0113s nep\u0101rtraukti turpin\u0101m att\u012bst\u012bt m\u016bsu produktu sortimentu un pied\u0101v\u0101t m\u016bsu klientiem inovat\u012bvus un iedvesmojo\u0161us risin\u0101jumus gan m\u0101jok\u013ca, gan publisko projektu apdar\u0113.<\/span><\/p>\n\t\t<\/div>\n\t\t\t\t\n<style>\n#col-2006210400 > .col-inner {\n  margin: -200px 0px 0px 0px;\n}\n<\/style>\n\t<\/div>\n\n\t\n<\/div>\n\t\t<\/div>\n\n\t\t\n<style>\n#section_881695064 {\n  padding-top: 0px;\n  padding-bottom: 0px;\n  margin-bottom: 0px;\n  background-color: #f2f2f2;\n}\n<\/style>\n\t<\/section>\n\t\n\n\t<section class=\"section\" id=\"section_62509340\">\n\t\t<div class=\"section-bg fill\" >\n\t\t\t\t\t\t\t\t\t\n\t\t\t\n\n\t\t<\/div>\n\n\t\t\n\n\t\t<div class=\"section-content relative\">\n\t\t\t\n<div class=\"row\"  id=\"row-1899254153\">\n\n\t<div id=\"col-1362846315\" class=\"col medium-6 small-12 large-6\"  >\n\t\t\t\t<div class=\"col-inner\"  >\n\t\t\t\n\t\t\t\n\t<div class=\"img has-hover x md-x lg-x y md-y lg-y\" id=\"image_989097080\">\n\t\t\t\t\t\t\t\t<div class=\"img-inner dark\" >\n\t\t\t<img loading=\"lazy\" decoding=\"async\" width=\"400\" height=\"230\" src=\"https:\/\/www.duuri.fi\/wp-content\/uploads\/2020\/06\/duuri_2.jpg\" class=\"attachment-large size-large\" alt=\"\" srcset=\"https:\/\/www.duuri.fi\/wp-content\/uploads\/2020\/06\/duuri_2.jpg 400w, https:\/\/www.duuri.fi\/wp-content\/uploads\/2020\/06\/duuri_2-300x173.jpg 300w, https:\/\/www.duuri.fi\/wp-content\/uploads\/2020\/06\/duuri_2-60x35.jpg 60w\" sizes=\"auto, (max-width: 400px) 100vw, 400px\" \/>\t\t\t\t\t\t\n\t\t\t\t\t<\/div>\n\t\t\t\t\t\t\t\t\n<style>\n#image_989097080 {\n  width: 100%;\n}\n<\/style>\n\t<\/div>\n\t\n<div>\n<h2>KVALIT\u0100TE M\u0100JOKLIM UN PUBLISKIEM PROJEKTIEM<\/h2>\n<\/div>\n<div>\n<p>M\u016bsu pla\u0161ais sortiments ar vair\u0101k k\u0101 t\u016bkstots da\u017e\u0101du dekorat\u012bvo l\u012bstu produktu tiek \u0101tri pieg\u0101d\u0101ts no centr\u0101l\u0101s noliktavas Helsinkos. Papildus tiek pied\u0101v\u0101ts PRO produktu sortiments priek\u0161 profesion\u0101\u013ciem, kas iek\u013cauj profilus publiskiem projektiem, gr\u012bdas l\u016bkas un sienu inspekcijas l\u016bkas, aizsargprofilus un da\u017e\u0101dus produktus izgatavotus p\u0113c klientu pas\u016bt\u012bjuma.<\/p>\n<\/div>\n\t\t<\/div>\n\t\t\t\t\t<\/div>\n\n\t\n\n\t<div id=\"col-1763156152\" class=\"col medium-6 small-12 large-6\"  >\n\t\t\t\t<div class=\"col-inner\"  >\n\t\t\t\n\t\t\t\n\t<div class=\"img has-hover x md-x lg-x y md-y lg-y\" id=\"image_2002558306\">\n\t\t\t\t\t\t\t\t<div class=\"img-inner dark\" >\n\t\t\t<img loading=\"lazy\" decoding=\"async\" width=\"400\" height=\"230\" src=\"https:\/\/www.duuri.fi\/wp-content\/uploads\/2020\/06\/duuri_3.jpg\" class=\"attachment-large size-large\" alt=\"\" srcset=\"https:\/\/www.duuri.fi\/wp-content\/uploads\/2020\/06\/duuri_3.jpg 400w, https:\/\/www.duuri.fi\/wp-content\/uploads\/2020\/06\/duuri_3-300x173.jpg 300w, https:\/\/www.duuri.fi\/wp-content\/uploads\/2020\/06\/duuri_3-60x35.jpg 60w\" sizes=\"auto, (max-width: 400px) 100vw, 400px\" \/>\t\t\t\t\t\t\n\t\t\t\t\t<\/div>\n\t\t\t\t\t\t\t\t\n<style>\n#image_2002558306 {\n  width: 100%;\n}\n<\/style>\n\t<\/div>\n\t\n<div>\n<h2>\u0100TRS APKALPO\u0160ANAS SERVISS<\/h2>\n<\/div>\n<div>\n<p>T\u0101pat k\u0101 m\u016bsu inovat\u012bvie un jaunie risin\u0101jumi produktu jom\u0101, lieliska ir m\u016bsu pieredze un \u0101trums pre\u010du pieg\u0101d\u0113, kas \u013cauj Duuri veidot stipras un ilgsto\u0161as partnerattiec\u012bbas ar m\u016bsu patst\u0101v\u012bgi augo\u0161o klientu loku. Baltij\u0101 un Skandin\u0101vij\u0101 m\u016bsu premium-kvalit\u0101tes Dione dekorat\u012bv\u0101s l\u012bstes var ieg\u0101d\u0101ties vado\u0161ajos b\u016bvniec\u012bbas materi\u0101lu veikalos, kas pieg\u0101d\u0101ti no m\u016bsu Helsinku noliktavas.<\/p>\n<\/div>\n\t\t<\/div>\n\t\t\t\t\t<\/div>\n\n\t\n<\/div>\n\t\t<\/div>\n\n\t\t\n<style>\n#section_62509340 {\n  padding-top: 30px;\n  padding-bottom: 30px;\n}\n<\/style>\n\t<\/section>\n\t\n\n\t<section class=\"section\" id=\"section_1105141377\">\n\t\t<div class=\"section-bg fill\" >\n\t\t\t\t\t\t\t\t\t\n\t\t\t\n\n\t\t<\/div>\n\n\t\t\n\n\t\t<div class=\"section-content relative\">\n\t\t\t\n<div class=\"row align-middle align-center\"  id=\"row-594957774\">\n\n\t<div id=\"col-1108401489\" class=\"col medium-5 small-12 large-5\"  >\n\t\t\t\t<div class=\"col-inner\"  >\n\t\t\t\n\t\t\t\n\t<div class=\"img has-hover x md-x lg-x y md-y lg-y\" id=\"image_808485549\">\n\t\t\t\t\t\t\t\t<div class=\"img-inner dark\" >\n\t\t\t<img loading=\"lazy\" decoding=\"async\" width=\"870\" height=\"1024\" src=\"https:\/\/www.duuri.fi\/wp-content\/uploads\/2022\/03\/Duuri_kartta_LV-870x1024.jpg\" class=\"attachment-large size-large\" alt=\"\" srcset=\"https:\/\/www.duuri.fi\/wp-content\/uploads\/2022\/03\/Duuri_kartta_LV-870x1024.jpg 870w, https:\/\/www.duuri.fi\/wp-content\/uploads\/2022\/03\/Duuri_kartta_LV-255x300.jpg 255w, https:\/\/www.duuri.fi\/wp-content\/uploads\/2022\/03\/Duuri_kartta_LV-768x904.jpg 768w, https:\/\/www.duuri.fi\/wp-content\/uploads\/2022\/03\/Duuri_kartta_LV-51x60.jpg 51w, https:\/\/www.duuri.fi\/wp-content\/uploads\/2022\/03\/Duuri_kartta_LV-600x706.jpg 600w, https:\/\/www.duuri.fi\/wp-content\/uploads\/2022\/03\/Duuri_kartta_LV.jpg 1275w\" sizes=\"auto, (max-width: 870px) 100vw, 870px\" \/>\t\t\t\t\t\t\n\t\t\t\t\t<\/div>\n\t\t\t\t\t\t\t\t\n<style>\n#image_808485549 {\n  width: 100%;\n}\n<\/style>\n\t<\/div>\n\t\n\t\t<\/div>\n\t\t\t\t\t<\/div>\n\n\t\n\n\t<div id=\"col-461205301\" class=\"col medium-5 small-12 large-5\"  >\n\t\t\t\t<div class=\"col-inner\"  >\n\t\t\t\n\t\t\t\n<div>\n<h2>DUURI PASAUL\u0112<\/h2>\n<\/div>\n<div>\n<p><span lang=\"EN-GB\">Duuri Oy ir p\u0101rst\u0101v\u0113ts Skandin\u0101vij\u0101 un Baltijas valst\u012bs. Galven\u0101 m\u012btne atrodas Helsinkos, bet komp\u0101nijas p\u0101rst\u0101vniec\u012bbas atrodas: Zviedrij\u0101, Norv\u0113\u0123ij\u0101 un Latvij\u0101.<\/span><\/p>\n<\/div>\n<a href=\"https:\/\/duurigroup.com\/language\/fi\/\" class=\"button primary is-outline\"  style=\"border-radius:99px;\">\n\t\t<span>Duuri Group<\/span>\n\t<i class=\"icon-angle-right\" aria-hidden=\"true\" ><\/i><\/a>\n\n\t\t<\/div>\n\t\t\t\t\t<\/div>\n\n\t\n<\/div>\n\t\t<\/div>\n\n\t\t\n<style>\n#section_1105141377 {\n  padding-top: 30px;\n  padding-bottom: 30px;\n  background-color: rgb(242, 242, 242);\n}\n<\/style>\n\t<\/section>\n\t\n","protected":false},"excerpt":{"rendered":"","protected":false},"author":12,"featured_media":0,"parent":0,"menu_order":0,"comment_status":"closed","ping_status":"closed","template":"page-blank-title-center.php","meta":{"_acf_changed":false,"footnotes":""},"class_list":["post-31038","page","type-page","status-publish","hentry"],"acf":[],"yoast_head":"<!-- This site is optimized with the Yoast SEO plugin v25.5 - https:\/\/yoast.com\/wordpress\/plugins\/seo\/ -->\n<title>SIA-D Profile - Duuri Oy<\/title>\n<meta name=\"robots\" content=\"index, follow, max-snippet:-1, max-image-preview:large, max-video-preview:-1\" \/>\n<link rel=\"canonical\" href=\"https:\/\/www.duuri.fi\/lv\/sia-d-profile\/\" \/>\n<meta property=\"og:locale\" content=\"lv_LV\" \/>\n<meta property=\"og:type\" content=\"article\" \/>\n<meta property=\"og:title\" content=\"SIA-D Profile - Duuri Oy\" \/>\n<meta property=\"og:url\" content=\"https:\/\/www.duuri.fi\/lv\/sia-d-profile\/\" \/>\n<meta property=\"og:site_name\" content=\"Duuri Oy\" \/>\n<meta property=\"article:modified_time\" content=\"2022-03-03T07:45:30+00:00\" \/>\n<meta name=\"twitter:card\" content=\"summary_large_image\" \/>\n<meta name=\"twitter:label1\" content=\"Est. reading time\" \/>\n\t<meta name=\"twitter:data1\" content=\"2 minutes\" \/>\n<script type=\"application\/ld+json\" class=\"yoast-schema-graph\">{\"@context\":\"https:\/\/schema.org\",\"@graph\":[{\"@type\":\"WebPage\",\"@id\":\"https:\/\/www.duuri.fi\/lv\/sia-d-profile\/\",\"url\":\"https:\/\/www.duuri.fi\/lv\/sia-d-profile\/\",\"name\":\"SIA-D Profile - Duuri Oy\",\"isPartOf\":{\"@id\":\"https:\/\/www.duuri.fi\/sv\/#website\"},\"datePublished\":\"2020-12-14T12:22:04+00:00\",\"dateModified\":\"2022-03-03T07:45:30+00:00\",\"breadcrumb\":{\"@id\":\"https:\/\/www.duuri.fi\/lv\/sia-d-profile\/#breadcrumb\"},\"inLanguage\":\"lv-LV\",\"potentialAction\":[{\"@type\":\"ReadAction\",\"target\":[\"https:\/\/www.duuri.fi\/lv\/sia-d-profile\/\"]}]},{\"@type\":\"BreadcrumbList\",\"@id\":\"https:\/\/www.duuri.fi\/lv\/sia-d-profile\/#breadcrumb\",\"itemListElement\":[{\"@type\":\"ListItem\",\"position\":1,\"name\":\"Home\",\"item\":\"https:\/\/www.duuri.fi\/lv\/\"},{\"@type\":\"ListItem\",\"position\":2,\"name\":\"SIA-D Profile\"}]},{\"@type\":\"WebSite\",\"@id\":\"https:\/\/www.duuri.fi\/sv\/#website\",\"url\":\"https:\/\/www.duuri.fi\/sv\/\",\"name\":\"Duuri Oy\",\"description\":\"Tuotteet ja asiantuntijapalvelut kodin sisustuksen ja julkisten tilojen viimeistelyyn\",\"publisher\":{\"@id\":\"https:\/\/www.duuri.fi\/sv\/#organization\"},\"potentialAction\":[{\"@type\":\"SearchAction\",\"target\":{\"@type\":\"EntryPoint\",\"urlTemplate\":\"https:\/\/www.duuri.fi\/sv\/?s={search_term_string}\"},\"query-input\":{\"@type\":\"PropertyValueSpecification\",\"valueRequired\":true,\"valueName\":\"search_term_string\"}}],\"inLanguage\":\"lv-LV\"},{\"@type\":\"Organization\",\"@id\":\"https:\/\/www.duuri.fi\/sv\/#organization\",\"name\":\"Duuri Oy\",\"url\":\"https:\/\/www.duuri.fi\/sv\/\",\"logo\":{\"@type\":\"ImageObject\",\"inLanguage\":\"lv-LV\",\"@id\":\"https:\/\/www.duuri.fi\/sv\/#\/schema\/logo\/image\/\",\"url\":\"https:\/\/www.duuri.fi\/wp-content\/uploads\/2020\/08\/Duuri_uusi-logo.png\",\"contentUrl\":\"https:\/\/www.duuri.fi\/wp-content\/uploads\/2020\/08\/Duuri_uusi-logo.png\",\"width\":242,\"height\":91,\"caption\":\"Duuri Oy\"},\"image\":{\"@id\":\"https:\/\/www.duuri.fi\/sv\/#\/schema\/logo\/image\/\"}}]}<\/script>\n<!-- \/ Yoast SEO plugin. -->","yoast_head_json":{"title":"SIA-D Profile - Duuri Oy","robots":{"index":"index","follow":"follow","max-snippet":"max-snippet:-1","max-image-preview":"max-image-preview:large","max-video-preview":"max-video-preview:-1"},"canonical":"https:\/\/www.duuri.fi\/lv\/sia-d-profile\/","og_locale":"lv_LV","og_type":"article","og_title":"SIA-D Profile - Duuri Oy","og_url":"https:\/\/www.duuri.fi\/lv\/sia-d-profile\/","og_site_name":"Duuri Oy","article_modified_time":"2022-03-03T07:45:30+00:00","twitter_card":"summary_large_image","twitter_misc":{"Est. reading time":"2 minutes"},"schema":{"@context":"https:\/\/schema.org","@graph":[{"@type":"WebPage","@id":"https:\/\/www.duuri.fi\/lv\/sia-d-profile\/","url":"https:\/\/www.duuri.fi\/lv\/sia-d-profile\/","name":"SIA-D Profile - Duuri Oy","isPartOf":{"@id":"https:\/\/www.duuri.fi\/sv\/#website"},"datePublished":"2020-12-14T12:22:04+00:00","dateModified":"2022-03-03T07:45:30+00:00","breadcrumb":{"@id":"https:\/\/www.duuri.fi\/lv\/sia-d-profile\/#breadcrumb"},"inLanguage":"lv-LV","potentialAction":[{"@type":"ReadAction","target":["https:\/\/www.duuri.fi\/lv\/sia-d-profile\/"]}]},{"@type":"BreadcrumbList","@id":"https:\/\/www.duuri.fi\/lv\/sia-d-profile\/#breadcrumb","itemListElement":[{"@type":"ListItem","position":1,"name":"Home","item":"https:\/\/www.duuri.fi\/lv\/"},{"@type":"ListItem","position":2,"name":"SIA-D Profile"}]},{"@type":"WebSite","@id":"https:\/\/www.duuri.fi\/sv\/#website","url":"https:\/\/www.duuri.fi\/sv\/","name":"Duuri Oy","description":"Tuotteet ja asiantuntijapalvelut kodin sisustuksen ja julkisten tilojen viimeistelyyn","publisher":{"@id":"https:\/\/www.duuri.fi\/sv\/#organization"},"potentialAction":[{"@type":"SearchAction","target":{"@type":"EntryPoint","urlTemplate":"https:\/\/www.duuri.fi\/sv\/?s={search_term_string}"},"query-input":{"@type":"PropertyValueSpecification","valueRequired":true,"valueName":"search_term_string"}}],"inLanguage":"lv-LV"},{"@type":"Organization","@id":"https:\/\/www.duuri.fi\/sv\/#organization","name":"Duuri Oy","url":"https:\/\/www.duuri.fi\/sv\/","logo":{"@type":"ImageObject","inLanguage":"lv-LV","@id":"https:\/\/www.duuri.fi\/sv\/#\/schema\/logo\/image\/","url":"https:\/\/www.duuri.fi\/wp-content\/uploads\/2020\/08\/Duuri_uusi-logo.png","contentUrl":"https:\/\/www.duuri.fi\/wp-content\/uploads\/2020\/08\/Duuri_uusi-logo.png","width":242,"height":91,"caption":"Duuri Oy"},"image":{"@id":"https:\/\/www.duuri.fi\/sv\/#\/schema\/logo\/image\/"}}]}},"_links":{"self":[{"href":"https:\/\/www.duuri.fi\/lv\/wp-json\/wp\/v2\/pages\/31038","targetHints":{"allow":["GET"]}}],"collection":[{"href":"https:\/\/www.duuri.fi\/lv\/wp-json\/wp\/v2\/pages"}],"about":[{"href":"https:\/\/www.duuri.fi\/lv\/wp-json\/wp\/v2\/types\/page"}],"author":[{"embeddable":true,"href":"https:\/\/www.duuri.fi\/lv\/wp-json\/wp\/v2\/users\/12"}],"replies":[{"embeddable":true,"href":"https:\/\/www.duuri.fi\/lv\/wp-json\/wp\/v2\/comments?post=31038"}],"version-history":[{"count":6,"href":"https:\/\/www.duuri.fi\/lv\/wp-json\/wp\/v2\/pages\/31038\/revisions"}],"predecessor-version":[{"id":42564,"href":"https:\/\/www.duuri.fi\/lv\/wp-json\/wp\/v2\/pages\/31038\/revisions\/42564"}],"wp:attachment":[{"href":"https:\/\/www.duuri.fi\/lv\/wp-json\/wp\/v2\/media?parent=31038"}],"curies":[{"name":"wp","href":"https:\/\/api.w.org\/{rel}","templated":true}]}}