{"id":21179,"date":"2020-11-11T10:28:51","date_gmt":"2020-11-11T08:28:51","guid":{"rendered":"https:\/\/www.duuri.fi\/?page_id=21179"},"modified":"2024-11-15T12:25:53","modified_gmt":"2024-11-15T10:25:53","slug":"galvena","status":"publish","type":"page","link":"https:\/\/www.duuri.fi\/lv\/","title":{"rendered":"Galven\u0101"},"content":{"rendered":"<div class=\"slider-wrapper relative show-for-small\" id=\"slider-353820905\" >\n    <div class=\"slider slider-nav-circle slider-nav-large slider-nav-light slider-style-normal\"\n        data-flickity-options='{\n            \"cellAlign\": \"center\",\n            \"imagesLoaded\": true,\n            \"lazyLoad\": 1,\n            \"freeScroll\": false,\n            \"wrapAround\": true,\n            \"autoPlay\": 6000,\n            \"pauseAutoPlayOnHover\" : true,\n            \"prevNextButtons\": true,\n            \"contain\" : true,\n            \"adaptiveHeight\" : true,\n            \"dragThreshold\" : 10,\n            \"percentPosition\": true,\n            \"pageDots\": true,\n            \"rightToLeft\": false,\n            \"draggable\": true,\n            \"selectedAttraction\": 0.1,\n            \"parallax\" : 0,\n            \"friction\": 0.6        }'\n        >\n        \n\n\t<section class=\"section\" id=\"section_1100247023\">\n\t\t<div class=\"section-bg fill\" >\n\t\t\t<img loading=\"lazy\" decoding=\"async\" width=\"1318\" height=\"1700\" src=\"https:\/\/www.duuri.fi\/wp-content\/uploads\/2024\/11\/etusivu_kuva_mobile.jpg\" class=\"bg attachment-original size-original\" alt=\"\" \/>\t\t\t\t\t\t\n\t\t\t\n\n\t\t<\/div>\n\n\t\t\n\n\t\t<div class=\"section-content relative\">\n\t\t\t\n<div class=\"row\" style=\"max-width:1200px\" id=\"row-660049983\">\n\n\t<div id=\"col-143978533\" class=\"col medium-6 small-12 large-6\"  >\n\t\t\t\t<div class=\"col-inner text-left\"  >\n\t\t\t\n\t<div class=\"is-border\"\n\t\tstyle=\"border-width:0px 0px 0px 0px;\">\n\t<\/div>\n\t\t\t\n\t<div id=\"text-3799744707\" class=\"text\">\n\t\t\n<h4><strong><span style=\"font-size: 160%;\" data-line-height=\"m\">APDARES NOBEIGUMA PRODUKTUS B\u016aVNIEC\u012aBAI UN RENOV\u0100CIJAI<\/span><\/strong><\/h4>\n\t\t\n<style>\n#text-3799744707 {\n  font-size: 0.95rem;\n  color: rgb(255,255,255);\n}\n#text-3799744707 > * {\n  color: rgb(255,255,255);\n}\n@media (min-width:550px) {\n  #text-3799744707 {\n    font-size: 1.4rem;\n  }\n}\n<\/style>\n\t<\/div>\n\t\n\t\t<\/div>\n\t\t\t\t\t<\/div>\n\n\t\n\n<style>\n#row-660049983 > .col > .col-inner {\n  padding: 25px 25px 25px 25px;\n}\n<\/style>\n<\/div>\n\t\t<\/div>\n\n\t\t\n<style>\n#section_1100247023 {\n  padding-top: 0px;\n  padding-bottom: 0px;\n  min-height: 500px;\n  background-color: rgb(40, 40, 40);\n}\n#section_1100247023 .section-bg img {\n  object-position: 0% 95%;\n}\n@media (min-width:550px) {\n  #section_1100247023 {\n    padding-top: 30px;\n    padding-bottom: 30px;\n    min-height: 600px;\n  }\n}\n<\/style>\n\t<\/section>\n\t\n     <\/div>\n\n     <div class=\"loading-spin dark large centered\"><\/div>\n\n\t<\/div>\n\n\n<div class=\"slider-wrapper relative hide-for-small\" id=\"slider-691540286\" >\n    <div class=\"slider slider-nav-circle slider-nav-large slider-nav-light slider-style-normal\"\n        data-flickity-options='{\n            \"cellAlign\": \"center\",\n            \"imagesLoaded\": true,\n            \"lazyLoad\": 1,\n            \"freeScroll\": false,\n            \"wrapAround\": true,\n            \"autoPlay\": 6000,\n            \"pauseAutoPlayOnHover\" : true,\n            \"prevNextButtons\": true,\n            \"contain\" : true,\n            \"adaptiveHeight\" : true,\n            \"dragThreshold\" : 10,\n            \"percentPosition\": true,\n            \"pageDots\": true,\n            \"rightToLeft\": false,\n            \"draggable\": true,\n            \"selectedAttraction\": 0.1,\n            \"parallax\" : 0,\n            \"friction\": 0.6        }'\n        >\n        \n\n\t<section class=\"section\" id=\"section_830814749\">\n\t\t<div class=\"section-bg fill\" >\n\t\t\t<img loading=\"lazy\" decoding=\"async\" width=\"2560\" height=\"1189\" src=\"https:\/\/www.duuri.fi\/wp-content\/uploads\/2024\/11\/etusivu_kuva2500_L2-scaled.jpg\" class=\"bg attachment-original size-original\" alt=\"\" \/>\t\t\t\t\t\t\n\t\t\t\n\n\t\t<\/div>\n\n\t\t\n\n\t\t<div class=\"section-content relative\">\n\t\t\t\n<div class=\"row\" style=\"max-width:1200px\" id=\"row-1767800422\">\n\n\t<div id=\"col-1762696796\" class=\"col medium-6 small-12 large-6\"  >\n\t\t\t\t<div class=\"col-inner text-left\"  >\n\t\t\t\n\t<div class=\"is-border\"\n\t\tstyle=\"border-width:0px 0px 0px 0px;\">\n\t<\/div>\n\t\t\t\n\t<div id=\"text-2917271453\" class=\"text\">\n\t\t\n<h4><strong><span style=\"font-size: 160%;\" data-line-height=\"m\">APDARES NOBEIGUMA PRODUKTUS B\u016aVNIEC\u012aBAI UN RENOV\u0100CIJAI<\/span><\/strong><\/h4>\n\t\t\n<style>\n#text-2917271453 {\n  font-size: 0.95rem;\n  color: rgb(255,255,255);\n}\n#text-2917271453 > * {\n  color: rgb(255,255,255);\n}\n@media (min-width:550px) {\n  #text-2917271453 {\n    font-size: 1.4rem;\n  }\n}\n<\/style>\n\t<\/div>\n\t\n\t\t<\/div>\n\t\t\t\t\t<\/div>\n\n\t\n\n<style>\n#row-1767800422 > .col > .col-inner {\n  padding: 25px 25px 25px 25px;\n}\n<\/style>\n<\/div>\n\t\t<\/div>\n\n\t\t\n<style>\n#section_830814749 {\n  padding-top: 0px;\n  padding-bottom: 0px;\n  min-height: 500px;\n  background-color: rgb(40, 40, 40);\n}\n#section_830814749 .section-bg img {\n  object-position: 0% 43%;\n}\n@media (min-width:550px) {\n  #section_830814749 {\n    padding-top: 30px;\n    padding-bottom: 30px;\n    min-height: 600px;\n  }\n}\n<\/style>\n\t<\/section>\n\t\n     <\/div>\n\n     <div class=\"loading-spin dark large centered\"><\/div>\n\n\t<\/div>\n\n\n\n\n\t<section class=\"section\" id=\"section_2000253000\">\n\t\t<div class=\"section-bg fill\" >\n\t\t\t\t\t\t\t\t\t\n\t\t\t\n\n\t\t<\/div>\n\n\t\t\n\n\t\t<div class=\"section-content relative\">\n\t\t\t\n<div class=\"row align-center\"  id=\"row-1076380919\">\n\n\t<div id=\"col-101663709\" class=\"col medium-8 small-12 large-8\"  >\n\t\t\t\t<div class=\"col-inner text-center\"  >\n\t\t\t\n\t\t\t\n<h1>Duuri pied\u0101v\u0101 apdares nobeiguma produktus b\u016bvniec\u012bbai un renov\u0101cijai, k\u0101 priv\u0101t\u0101m t\u0101 publisk\u0101m telp\u0101m<\/h1>\n\t\t<\/div>\n\t\t\t\t\t<\/div>\n\n\t\n\n\t<div id=\"col-1806383831\" class=\"col medium-5 small-12 large-5\"  >\n\t\t\t\t<div class=\"col-inner\"  >\n\t\t\t\n\t\t\t\n<p>Duuri pied\u0101v\u0101 apdares nobeiguma produktus b\u016bvniec\u012bbai un renov\u0101cijai, k\u0101 priv\u0101t\u0101m t\u0101 publisk\u0101m telp\u0101m.<\/p>\n<p>Ja b\u016bv\u0113 pats sev, vai esi profesion\u0101ls b\u016bvnieks, vai izcils dizaineris, vienm\u0113r atrad\u012bsi lielisku risin\u0101jumu sav\u0101m specifiskaj\u0101m vajadz\u012bb\u0101m no m\u016bsu top kvalit\u0101tes Dione dekorat\u012bvo apdares l\u012bstu kl\u0101sta. Duuri ir pieejama ar\u012b PRO l\u012bnija, kas izveidota tie\u0161i profesion\u0101liem b\u016bvniekiem.<\/p>\n<p>No m\u016bsu pla\u0161\u0101 kl\u0101sta varat izv\u0113l\u0113ties iztur\u012bgus un izcilas kvalit\u0101tes Dione profilus da\u017e\u0101d\u0101s kr\u0101s\u0101s, veidos un izm\u0113ros. Ar nosegl\u012bst\u0113m var \u0101tri pabeigt gr\u012bdu virsmas un ar da\u017e\u0101du l\u012bme\u0146u l\u012bst\u0113m var viegli savienot da\u017e\u0101du gr\u012bdas materi\u0101lu virsmas da\u017e\u0101dos l\u012bme\u0146os.<\/p>\n<p>Dione fl\u012b\u017eu l\u012bstes efekt\u012bvi aizsarg\u0101 vannas istabu fl\u012b\u017eu st\u016brus un ner\u016bs\u0113jo\u0161\u0101 t\u0113rauda sliek\u0161\u0146i nodro\u0161in\u0101s funkcionalit\u0101ti mitr\u0101s telp\u0101s.<\/p>\n\t\t<\/div>\n\t\t\t\t\t<\/div>\n\n\t\n\n\t<div id=\"col-1829082665\" class=\"col medium-5 small-12 large-5\"  >\n\t\t\t\t<div class=\"col-inner\"  >\n\t\t\t\n\t\t\t\n<p>Ar Hobby alum\u012bnija profiliem varat \u013cauties da\u017e\u0101d\u0101m idej\u0101m un izveidot unik\u0101lus risin\u0101jumus vai atrast kaut ko piln\u012bgi jaunu savam projektam.<\/p>\n<p>Inspekcijas l\u016bkas un nosegpl\u0101ksnes no PRO kl\u0101sta ir ide\u0101li piem\u0113rotas jebkurai sienai vai grietiem. PRO l\u012bnij\u0101 ir ar\u012b gr\u012bdu l\u016bkas \u013coti pla\u0161\u0101 kl\u0101st\u0101, kas piem\u0113rotas lielai slodzei un notur\u012bbai. Standarta l\u016bkas ir gaisa un \u016bdens necaurlaid\u012bgas.<\/p>\n<p>Ner\u016bs\u0113jo\u0161\u0101 t\u0113rauda l\u016bkas dom\u0101tas \u012bpa\u0161\u0101m vajadz\u012bb\u0101m, t\u0101d\u0101m k\u0101 slimn\u012bcas un ra\u017eo\u0161anas telpas p\u0101rtikas industrij\u0101. PRO inspekcijas l\u016bkas iesp\u0113jams izgatavot p\u0113c vajadz\u012bg\u0101 izm\u0113ra.<\/p>\n<p>M\u016bsu produktu pied\u0101v\u0101jum\u0101 pieejami ar\u012b piek\u013cuves un pal\u012bgl\u012bdzek\u013cu produktus- gr\u012bdu taktilas, sienu aizsargbarjeras, rokturus un margas.<\/p>\n\t\t<\/div>\n\t\t\t\t\t<\/div>\n\n\t\n\n\t<div id=\"col-897993443\" class=\"col medium-10 small-12 large-10\"  >\n\t\t\t\t<div class=\"col-inner text-center\"  >\n\t\t\t\n\t\t\t\n\t\t<\/div>\n\t\t\t\t\t<\/div>\n\n\t\n<\/div>\n\t\t<\/div>\n\n\t\t\n<style>\n#section_2000253000 {\n  padding-top: 30px;\n  padding-bottom: 30px;\n}\n<\/style>\n\t<\/section>\n\t\n\n\t<section class=\"section\" id=\"section_353151793\">\n\t\t<div class=\"section-bg fill\" >\n\t\t\t\t\t\t\t\t\t\n\t\t\t\n\n\t\t<\/div>\n\n\t\t\n\n\t\t<div class=\"section-content relative\">\n\t\t\t\n<div class=\"row row-full-width align-middle\"  id=\"row-289044037\">\n\n\t<div id=\"col-731136673\" class=\"col medium-6 small-12 large-6\"  >\n\t\t\t\t<div class=\"col-inner\"  >\n\t\t\t\n\t\t\t\n<h2><strong>M\u016bsu sortiment\u0101 ir viss nepiecie\u0161amais dro\u0161ai t<\/strong><strong>aktilai vad\u012bbai<\/strong><\/h2>\n<p>Ar Dione Pro taktil\u0101s vad\u012bbas produktiem j\u016bs varat izveidot iztur\u012bgu, dro\u0161u un stil\u012bgu gr\u012bdas mar\u0161ruta vad\u012bbu gan iek\u0161telp\u0101s, gan \u0101r\u0101, k\u0101 ar\u012b uz visa veida gr\u012bdas materi\u0101liem. M\u0113s pied\u0101v\u0101jam vair\u0101kas seguma iesp\u0113jas, lai vislab\u0101k apmierin\u0101tu g\u0101j\u0113ju vajadz\u012bbas visa veida vid\u0113s.<\/p>\n<p>Taktil\u0101s vad\u012bbas izstr\u0101d\u0101jumi tiek fiks\u0113ti ar l\u012bmi vai l\u012bmes un gr\u012bdas enkura kombin\u0101ciju<\/p>\n<p>Vair\u0101k par m\u016bsu sortimentu lasiet <a href=\"https:\/\/www.duuri.fi\/lv\/taktilas-izstradajumi\/\">\u0161eit<\/a>.<\/p>\n<a href=\"https:\/\/www.duuri.fi\/lv\/drosas-piekluves-produkti\/\" class=\"button primary is-outline\"  >\n\t\t<span>Apskatiet pre\u010du kl\u0101stu<\/span>\n\t<\/a>\n\n\t\t<\/div>\n\t\t\t\t\t<\/div>\n\n\t\n\n\t<div id=\"col-802052986\" class=\"col medium-6 small-12 large-6\"  >\n\t\t\t\t<div class=\"col-inner\"  >\n\t\t\t\n\t\t\t\n\t<div class=\"img has-hover x md-x lg-x y md-y lg-y\" id=\"image_1031057226\">\n\t\t\t\t\t\t\t\t<div class=\"img-inner dark\" >\n\t\t\t<img loading=\"lazy\" decoding=\"async\" width=\"1020\" height=\"768\" src=\"https:\/\/www.duuri.fi\/wp-content\/uploads\/2022\/03\/majakkas-26-2-scaled-e1646295926311-1024x771.jpg\" class=\"attachment-large size-large\" alt=\"\" srcset=\"https:\/\/www.duuri.fi\/wp-content\/uploads\/2022\/03\/majakkas-26-2-scaled-e1646295926311-1024x771.jpg 1024w, https:\/\/www.duuri.fi\/wp-content\/uploads\/2022\/03\/majakkas-26-2-scaled-e1646295926311-300x226.jpg 300w, https:\/\/www.duuri.fi\/wp-content\/uploads\/2022\/03\/majakkas-26-2-scaled-e1646295926311-768x578.jpg 768w, https:\/\/www.duuri.fi\/wp-content\/uploads\/2022\/03\/majakkas-26-2-scaled-e1646295926311-1536x1157.jpg 1536w, https:\/\/www.duuri.fi\/wp-content\/uploads\/2022\/03\/majakkas-26-2-scaled-e1646295926311-60x45.jpg 60w, https:\/\/www.duuri.fi\/wp-content\/uploads\/2022\/03\/majakkas-26-2-scaled-e1646295926311-600x452.jpg 600w, https:\/\/www.duuri.fi\/wp-content\/uploads\/2022\/03\/majakkas-26-2-scaled-e1646295926311.jpg 1920w\" sizes=\"auto, (max-width: 1020px) 100vw, 1020px\" \/>\t\t\t\t\t\t\n\t\t\t\t\t<\/div>\n\t\t\t\t\t\t\t\t\n<style>\n#image_1031057226 {\n  width: 100%;\n}\n<\/style>\n\t<\/div>\n\t\n\t\t<\/div>\n\t\t\t\t\t<\/div>\n\n\t\n<\/div>\n\t\t<\/div>\n\n\t\t\n<style>\n#section_353151793 {\n  padding-top: 0px;\n  padding-bottom: 0px;\n}\n<\/style>\n\t<\/section>\n\t\n\n\t<section class=\"section\" id=\"section_290612438\">\n\t\t<div class=\"section-bg fill\" >\n\t\t\t\t\t\t\t\t\t\n\t\t\t\n\n\t\t<\/div>\n\n\t\t\n\n\t\t<div class=\"section-content relative\">\n\t\t\t\n<div class=\"row\"  id=\"row-325375036\">\n\n\t<div id=\"col-128216034\" class=\"col medium-4 small-12 large-4\"  >\n\t\t\t\t<div class=\"col-inner\"  >\n\t\t\t\n\t\t\t\n\t<div class=\"box has-hover   has-hover box-shadow-1 box-shadow-3-hover box-overlay dark box-text-bottom\" >\n\n\t\t<div class=\"box-image\" >\n\t\t\t\t\t\t<div class=\"image-overlay-remove image-color image-cover\" style=\"padding-top:100%;\">\n\t\t\t\t<img loading=\"lazy\" decoding=\"async\" width=\"2500\" height=\"2083\" src=\"https:\/\/www.duuri.fi\/wp-content\/uploads\/2020\/06\/Kulmasuojalistat-fiiliskuva_FB.jpg\" class=\"attachment- size-\" alt=\"\" srcset=\"https:\/\/www.duuri.fi\/wp-content\/uploads\/2020\/06\/Kulmasuojalistat-fiiliskuva_FB.jpg 2500w, https:\/\/www.duuri.fi\/wp-content\/uploads\/2020\/06\/Kulmasuojalistat-fiiliskuva_FB-300x250.jpg 300w, https:\/\/www.duuri.fi\/wp-content\/uploads\/2020\/06\/Kulmasuojalistat-fiiliskuva_FB-1024x853.jpg 1024w, https:\/\/www.duuri.fi\/wp-content\/uploads\/2020\/06\/Kulmasuojalistat-fiiliskuva_FB-768x640.jpg 768w, https:\/\/www.duuri.fi\/wp-content\/uploads\/2020\/06\/Kulmasuojalistat-fiiliskuva_FB-1536x1280.jpg 1536w, https:\/\/www.duuri.fi\/wp-content\/uploads\/2020\/06\/Kulmasuojalistat-fiiliskuva_FB-2048x1706.jpg 2048w, https:\/\/www.duuri.fi\/wp-content\/uploads\/2020\/06\/Kulmasuojalistat-fiiliskuva_FB-60x50.jpg 60w, https:\/\/www.duuri.fi\/wp-content\/uploads\/2020\/06\/Kulmasuojalistat-fiiliskuva_FB-600x500.jpg 600w\" sizes=\"auto, (max-width: 2500px) 100vw, 2500px\" \/>\t\t\t\t<div class=\"overlay\" style=\"background-color:rgba(199, 0, 62, 0.5)\"><\/div>\t\t\t\t\t\t\t<\/div>\n\t\t\t\t\t<\/div>\n\n\t\t<div class=\"box-text text-center\" >\n\t\t\t<div class=\"box-text-inner\">\n\t\t\t\t\n<a href=\"https:\/\/www.duuri.fi\/lv\/materialu-banka\/produktu-katalogi\/\" class=\"button white is-outline expand\"  style=\"border-radius:99px;\">\n\t\t<span>Katalogi<\/span>\n\t<i class=\"icon-angle-right\" aria-hidden=\"true\" ><\/i><\/a>\n\n\t\t\t<\/div>\n\t\t<\/div>\n\t<\/div>\n\t\n\t\t<\/div>\n\t\t\t\t\t<\/div>\n\n\t\n\n\t<div id=\"col-1558222391\" class=\"col medium-4 small-12 large-4\"  >\n\t\t\t\t<div class=\"col-inner\"  >\n\t\t\t\n\t\t\t\n\t<div class=\"box has-hover   has-hover box-shadow-1 box-shadow-3-hover box-overlay dark box-text-bottom\" >\n\n\t\t<div class=\"box-image\" >\n\t\t\t\t\t\t<div class=\"image-overlay-remove image-color image-cover\" style=\"padding-top:100%;\">\n\t\t\t\t<img loading=\"lazy\" decoding=\"async\" width=\"900\" height=\"600\" src=\"https:\/\/www.duuri.fi\/wp-content\/uploads\/2020\/08\/oro_v_onerva_0096.jpg\" class=\"attachment- size-\" alt=\"\" srcset=\"https:\/\/www.duuri.fi\/wp-content\/uploads\/2020\/08\/oro_v_onerva_0096.jpg 900w, https:\/\/www.duuri.fi\/wp-content\/uploads\/2020\/08\/oro_v_onerva_0096-300x200.jpg 300w, https:\/\/www.duuri.fi\/wp-content\/uploads\/2020\/08\/oro_v_onerva_0096-768x512.jpg 768w, https:\/\/www.duuri.fi\/wp-content\/uploads\/2020\/08\/oro_v_onerva_0096-60x40.jpg 60w, https:\/\/www.duuri.fi\/wp-content\/uploads\/2020\/08\/oro_v_onerva_0096-600x400.jpg 600w\" sizes=\"auto, (max-width: 900px) 100vw, 900px\" \/>\t\t\t\t<div class=\"overlay\" style=\"background-color:rgba(199, 0, 62, 0.5)\"><\/div>\t\t\t\t\t\t\t<\/div>\n\t\t\t\t\t<\/div>\n\n\t\t<div class=\"box-text text-center\" >\n\t\t\t<div class=\"box-text-inner\">\n\t\t\t\t\n<a href=\"https:\/\/www.duuri.fi\/materiaalipankki\/referenssit\/\" class=\"button white is-outline expand\"  style=\"border-radius:99px;\">\n\t\t<span>Atsauksmes<\/span>\n\t<i class=\"icon-angle-right\" aria-hidden=\"true\" ><\/i><\/a>\n\n\t\t\t<\/div>\n\t\t<\/div>\n\t<\/div>\n\t\n\t\t<\/div>\n\t\t\t\t\t<\/div>\n\n\t\n\n\t<div id=\"col-35930622\" class=\"col medium-4 small-12 large-4\"  >\n\t\t\t\t<div class=\"col-inner\"  >\n\t\t\t\n\t\t\t\n\t<div class=\"box has-hover   has-hover box-shadow-1 box-shadow-3-hover box-overlay dark box-text-bottom\" >\n\n\t\t<div class=\"box-image\" >\n\t\t\t\t\t\t<div class=\"image-overlay-remove image-color image-cover\" style=\"padding-top:100%;\">\n\t\t\t\t<img loading=\"lazy\" decoding=\"async\" width=\"711\" height=\"470\" src=\"https:\/\/www.duuri.fi\/wp-content\/uploads\/2021\/05\/Varikartta-img2.png\" class=\"attachment- size-\" alt=\"\" srcset=\"https:\/\/www.duuri.fi\/wp-content\/uploads\/2021\/05\/Varikartta-img2.png 711w, https:\/\/www.duuri.fi\/wp-content\/uploads\/2021\/05\/Varikartta-img2-300x198.png 300w, https:\/\/www.duuri.fi\/wp-content\/uploads\/2021\/05\/Varikartta-img2-60x40.png 60w, https:\/\/www.duuri.fi\/wp-content\/uploads\/2021\/05\/Varikartta-img2-600x397.png 600w\" sizes=\"auto, (max-width: 711px) 100vw, 711px\" \/>\t\t\t\t<div class=\"overlay\" style=\"background-color:rgba(199, 0, 62, 0.5)\"><\/div>\t\t\t\t\t\t\t<\/div>\n\t\t\t\t\t<\/div>\n\n\t\t<div class=\"box-text text-center\" >\n\t\t\t<div class=\"box-text-inner\">\n\t\t\t\t\n<a href=\"https:\/\/www.duuri.fi\/materiaalipankki\/varikartta\/\" class=\"button white is-outline expand\"  style=\"border-radius:99px;\">\n\t\t<span>Kr\u0101su palete<\/span>\n\t<i class=\"icon-angle-right\" aria-hidden=\"true\" ><\/i><\/a>\n\n\t\t\t<\/div>\n\t\t<\/div>\n\t<\/div>\n\t\n\t\t<\/div>\n\t\t\t\t\t<\/div>\n\n\t\n<\/div>\n\t\t<\/div>\n\n\t\t\n<style>\n#section_290612438 {\n  padding-top: 30px;\n  padding-bottom: 30px;\n  background-color: #f2f2f2;\n}\n<\/style>\n\t<\/section>\n\t\n\n","protected":false},"excerpt":{"rendered":"","protected":false},"author":12,"featured_media":0,"parent":0,"menu_order":0,"comment_status":"closed","ping_status":"closed","template":"page-blank.php","meta":{"_acf_changed":false,"footnotes":""},"class_list":["post-21179","page","type-page","status-publish","hentry"],"acf":[],"yoast_head":"<!-- This site is optimized with the Yoast SEO plugin v25.5 - https:\/\/yoast.com\/wordpress\/plugins\/seo\/ -->\n<title>Galven\u0101 - Duuri Oy<\/title>\n<meta name=\"robots\" content=\"index, follow, max-snippet:-1, max-image-preview:large, max-video-preview:-1\" \/>\n<link rel=\"canonical\" href=\"https:\/\/www.duuri.fi\/lv\/\" \/>\n<meta property=\"og:locale\" content=\"lv_LV\" \/>\n<meta property=\"og:type\" content=\"article\" \/>\n<meta property=\"og:title\" content=\"Galven\u0101 - Duuri Oy\" \/>\n<meta property=\"og:url\" content=\"https:\/\/www.duuri.fi\/lv\/\" \/>\n<meta property=\"og:site_name\" content=\"Duuri Oy\" \/>\n<meta property=\"article:modified_time\" content=\"2024-11-15T10:25:53+00:00\" \/>\n<meta name=\"twitter:card\" content=\"summary_large_image\" \/>\n<meta name=\"twitter:label1\" content=\"Est. reading time\" \/>\n\t<meta name=\"twitter:data1\" content=\"3 minutes\" \/>\n<script type=\"application\/ld+json\" class=\"yoast-schema-graph\">{\"@context\":\"https:\/\/schema.org\",\"@graph\":[{\"@type\":\"WebPage\",\"@id\":\"https:\/\/www.duuri.fi\/lv\/\",\"url\":\"https:\/\/www.duuri.fi\/lv\/\",\"name\":\"Galven\u0101 - Duuri Oy\",\"isPartOf\":{\"@id\":\"https:\/\/www.duuri.fi\/sv\/#website\"},\"datePublished\":\"2020-11-11T08:28:51+00:00\",\"dateModified\":\"2024-11-15T10:25:53+00:00\",\"breadcrumb\":{\"@id\":\"https:\/\/www.duuri.fi\/lv\/#breadcrumb\"},\"inLanguage\":\"lv-LV\",\"potentialAction\":[{\"@type\":\"ReadAction\",\"target\":[\"https:\/\/www.duuri.fi\/lv\/\"]}]},{\"@type\":\"BreadcrumbList\",\"@id\":\"https:\/\/www.duuri.fi\/lv\/#breadcrumb\",\"itemListElement\":[{\"@type\":\"ListItem\",\"position\":1,\"name\":\"Home\",\"item\":\"https:\/\/www.duuri.fi\/lv\/\"},{\"@type\":\"ListItem\",\"position\":2,\"name\":\"Galven\u0101\"}]},{\"@type\":\"WebSite\",\"@id\":\"https:\/\/www.duuri.fi\/sv\/#website\",\"url\":\"https:\/\/www.duuri.fi\/sv\/\",\"name\":\"Duuri Oy\",\"description\":\"Tuotteet ja asiantuntijapalvelut kodin sisustuksen ja julkisten tilojen viimeistelyyn\",\"publisher\":{\"@id\":\"https:\/\/www.duuri.fi\/sv\/#organization\"},\"potentialAction\":[{\"@type\":\"SearchAction\",\"target\":{\"@type\":\"EntryPoint\",\"urlTemplate\":\"https:\/\/www.duuri.fi\/sv\/?s={search_term_string}\"},\"query-input\":{\"@type\":\"PropertyValueSpecification\",\"valueRequired\":true,\"valueName\":\"search_term_string\"}}],\"inLanguage\":\"lv-LV\"},{\"@type\":\"Organization\",\"@id\":\"https:\/\/www.duuri.fi\/sv\/#organization\",\"name\":\"Duuri Oy\",\"url\":\"https:\/\/www.duuri.fi\/sv\/\",\"logo\":{\"@type\":\"ImageObject\",\"inLanguage\":\"lv-LV\",\"@id\":\"https:\/\/www.duuri.fi\/sv\/#\/schema\/logo\/image\/\",\"url\":\"https:\/\/www.duuri.fi\/wp-content\/uploads\/2020\/08\/Duuri_uusi-logo.png\",\"contentUrl\":\"https:\/\/www.duuri.fi\/wp-content\/uploads\/2020\/08\/Duuri_uusi-logo.png\",\"width\":242,\"height\":91,\"caption\":\"Duuri Oy\"},\"image\":{\"@id\":\"https:\/\/www.duuri.fi\/sv\/#\/schema\/logo\/image\/\"}}]}<\/script>\n<!-- \/ Yoast SEO plugin. -->","yoast_head_json":{"title":"Galven\u0101 - Duuri Oy","robots":{"index":"index","follow":"follow","max-snippet":"max-snippet:-1","max-image-preview":"max-image-preview:large","max-video-preview":"max-video-preview:-1"},"canonical":"https:\/\/www.duuri.fi\/lv\/","og_locale":"lv_LV","og_type":"article","og_title":"Galven\u0101 - Duuri Oy","og_url":"https:\/\/www.duuri.fi\/lv\/","og_site_name":"Duuri Oy","article_modified_time":"2024-11-15T10:25:53+00:00","twitter_card":"summary_large_image","twitter_misc":{"Est. reading time":"3 minutes"},"schema":{"@context":"https:\/\/schema.org","@graph":[{"@type":"WebPage","@id":"https:\/\/www.duuri.fi\/lv\/","url":"https:\/\/www.duuri.fi\/lv\/","name":"Galven\u0101 - Duuri Oy","isPartOf":{"@id":"https:\/\/www.duuri.fi\/sv\/#website"},"datePublished":"2020-11-11T08:28:51+00:00","dateModified":"2024-11-15T10:25:53+00:00","breadcrumb":{"@id":"https:\/\/www.duuri.fi\/lv\/#breadcrumb"},"inLanguage":"lv-LV","potentialAction":[{"@type":"ReadAction","target":["https:\/\/www.duuri.fi\/lv\/"]}]},{"@type":"BreadcrumbList","@id":"https:\/\/www.duuri.fi\/lv\/#breadcrumb","itemListElement":[{"@type":"ListItem","position":1,"name":"Home","item":"https:\/\/www.duuri.fi\/lv\/"},{"@type":"ListItem","position":2,"name":"Galven\u0101"}]},{"@type":"WebSite","@id":"https:\/\/www.duuri.fi\/sv\/#website","url":"https:\/\/www.duuri.fi\/sv\/","name":"Duuri Oy","description":"Tuotteet ja asiantuntijapalvelut kodin sisustuksen ja julkisten tilojen viimeistelyyn","publisher":{"@id":"https:\/\/www.duuri.fi\/sv\/#organization"},"potentialAction":[{"@type":"SearchAction","target":{"@type":"EntryPoint","urlTemplate":"https:\/\/www.duuri.fi\/sv\/?s={search_term_string}"},"query-input":{"@type":"PropertyValueSpecification","valueRequired":true,"valueName":"search_term_string"}}],"inLanguage":"lv-LV"},{"@type":"Organization","@id":"https:\/\/www.duuri.fi\/sv\/#organization","name":"Duuri Oy","url":"https:\/\/www.duuri.fi\/sv\/","logo":{"@type":"ImageObject","inLanguage":"lv-LV","@id":"https:\/\/www.duuri.fi\/sv\/#\/schema\/logo\/image\/","url":"https:\/\/www.duuri.fi\/wp-content\/uploads\/2020\/08\/Duuri_uusi-logo.png","contentUrl":"https:\/\/www.duuri.fi\/wp-content\/uploads\/2020\/08\/Duuri_uusi-logo.png","width":242,"height":91,"caption":"Duuri Oy"},"image":{"@id":"https:\/\/www.duuri.fi\/sv\/#\/schema\/logo\/image\/"}}]}},"_links":{"self":[{"href":"https:\/\/www.duuri.fi\/lv\/wp-json\/wp\/v2\/pages\/21179","targetHints":{"allow":["GET"]}}],"collection":[{"href":"https:\/\/www.duuri.fi\/lv\/wp-json\/wp\/v2\/pages"}],"about":[{"href":"https:\/\/www.duuri.fi\/lv\/wp-json\/wp\/v2\/types\/page"}],"author":[{"embeddable":true,"href":"https:\/\/www.duuri.fi\/lv\/wp-json\/wp\/v2\/users\/12"}],"replies":[{"embeddable":true,"href":"https:\/\/www.duuri.fi\/lv\/wp-json\/wp\/v2\/comments?post=21179"}],"version-history":[{"count":38,"href":"https:\/\/www.duuri.fi\/lv\/wp-json\/wp\/v2\/pages\/21179\/revisions"}],"predecessor-version":[{"id":59777,"href":"https:\/\/www.duuri.fi\/lv\/wp-json\/wp\/v2\/pages\/21179\/revisions\/59777"}],"wp:attachment":[{"href":"https:\/\/www.duuri.fi\/lv\/wp-json\/wp\/v2\/media?parent=21179"}],"curies":[{"name":"wp","href":"https:\/\/api.w.org\/{rel}","templated":true}]}}